{"id":656,"date":"2020-01-02T12:57:53","date_gmt":"2020-01-02T12:57:53","guid":{"rendered":"https:\/\/www.myst.gr\/?post_type=product&#038;p=656"},"modified":"2025-02-20T08:23:20","modified_gmt":"2025-02-20T08:23:20","slug":"myst-bio","status":"publish","type":"product","link":"https:\/\/www.myst.gr\/sv\/product\/myst-bio\/","title":{"rendered":"Ekologisk Extra Virgin Olivolja \u2013 BIO"},"content":{"rendered":"<h3>Erh\u00e5lls fr\u00e5n foten av Olympus<\/h3>\n<p>MYST\u00ae extra virgin olivolja inneh\u00e5ller aromer av \u00f6rter, citrusfrukter och blommiga inslag med anm\u00e4rkningsv\u00e4rd l\u00e4ngd, exceptionellt balanserade.<\/p>\n<div class=\"page\" title=\"Page 6\">\n<div class=\"layoutArea\">\n<div class=\"column\">\n<p>V\u00e5r organiska extra virgin olivolja produceras med metoden av f\u00f6rsta kall extraktion vid l\u00e5ga temperaturer under noggrant \u00f6vervakade hygieniska f\u00f6rh\u00e5llanden.<\/p>\n<p>Vi f\u00f6rblev trogna mot orden \u201dextra virgin\u201d genom att styra bort fr\u00e5n att anv\u00e4nda kemiska g\u00f6dningsmedel eller bek\u00e4mpningsmedel i n\u00e5got produktionsstadium.<\/p>\n<\/div>\n<\/div>\n<\/div>\n<h3>Detaljer<\/h3>\n<p>Greklands produkt - EL40678<br \/>\nF\u00f6rvaras p\u00e5 sval och m\u00f6rk plats<\/p>\n<p><img decoding=\"async\" class=\"alignnone wp-image-1583\" src=\"https:\/\/www.myst.gr\/wp-content\/uploads\/2020\/01\/Untitled-2-300x286.png\" alt=\"\" width=\"63\" height=\"60\" srcset=\"https:\/\/www.myst.gr\/wp-content\/uploads\/2020\/01\/Untitled-2-300x286.png 300w, https:\/\/www.myst.gr\/wp-content\/uploads\/2020\/01\/Untitled-2.png 325w\" sizes=\"(max-width: 63px) 100vw, 63px\" \/> <img decoding=\"async\" class=\"alignnone wp-image-8157\" src=\"https:\/\/www.myst.gr\/wp-content\/uploads\/2020\/11\/isoFoo-1.svg\" alt=\"\" width=\"66\" height=\"66\" \/><\/p>","protected":false},"excerpt":{"rendered":"<h2>En organisk resa<\/h2>\n<p>MYST\u00ae BIO inneh\u00e5ller 500 ml ekologisk extra virgin olivolja som framst\u00e4lls fr\u00e5n oliver odlade i de historiska olivlundarna vid Olympus.<\/p>\n<p><a href=\"https:\/\/store.myst.gr\/en\/product\/organic-extra-virgin-olive-oil-bio\/\" target=\"_blank\" rel=\"noopener\"><img decoding=\"async\" class=\"alignnone wp-image-11129 size-full\" src=\"https:\/\/www.myst.gr\/wp-content\/uploads\/2021\/08\/Untitled-2.svg\" alt=\"\" width=\"200\" height=\"70\" \/><\/a><a href=\"https:\/\/www.myst.gr\/sv\/wholesale-dashboard\/\"><img loading=\"lazy\" decoding=\"async\" class=\"alignnone wp-image-11130 size-full\" src=\"https:\/\/www.myst.gr\/wp-content\/uploads\/2021\/08\/Untitled-3.svg\" alt=\"\" width=\"200\" height=\"70\" \/><\/a><\/p>\n<p><img loading=\"lazy\" decoding=\"async\" class=\"alignnone wp-image-14195\" style=\"color: var(--body-color); font-family: var(--body-font-family),sans-serif; font-size: 1.125rem; font-weight: var(--body-font-weight);\" src=\"https:\/\/www.myst.gr\/wp-content\/uploads\/2021\/12\/leaf2-Converted.svg\" alt=\"\" width=\"60\" height=\"60\" \/><img loading=\"lazy\" decoding=\"async\" class=\"alignnone wp-image-14191\" src=\"https:\/\/www.myst.gr\/wp-content\/uploads\/2021\/12\/BIO-2-Converted.svg\" alt=\"\" width=\"65\" height=\"150\" \/><img loading=\"lazy\" decoding=\"async\" class=\"alignnone wp-image-14194\" style=\"color: var(--body-color); font-family: var(--body-font-family),sans-serif; font-size: 1.125rem; font-weight: var(--body-font-weight);\" src=\"https:\/\/www.myst.gr\/wp-content\/uploads\/2021\/12\/united-states-department-of-agriculture-usda-organic-vector-logo.svg\" alt=\"\" width=\"65\" height=\"150\" \/><img decoding=\"async\" class=\"alignnone wp-image-14220\" src=\"https:\/\/www.myst.gr\/wp-content\/uploads\/2020\/01\/karv-2.svg\" alt=\"\" width=\"85\" \/><\/p>","protected":false},"featured_media":16929,"template":"","meta":[],"product_cat":[54],"product_tag":[],"class_list":{"0":"post-656","1":"product","2":"type-product","3":"status-publish","4":"has-post-thumbnail","6":"product_cat-olive-oil","8":"first","9":"instock","10":"product-type-simple","swatches":"rey-swatches","show_selected":""},"yoast_head":"<!-- This site is optimized with the Yoast SEO plugin v27.4 - https:\/\/yoast.com\/product\/yoast-seo-wordpress\/ -->\n<title>Organic Extra Virgin Olive Oil - BIO - MYST<\/title>\n<meta name=\"robots\" content=\"index, follow, max-snippet:-1, max-image-preview:large, max-video-preview:-1\" \/>\n<link rel=\"canonical\" href=\"https:\/\/www.myst.gr\/sv\/produkt\/myst-bio\/\" \/>\n<meta property=\"og:locale\" content=\"sv_SE\" \/>\n<meta property=\"og:type\" content=\"article\" \/>\n<meta property=\"og:title\" content=\"Organic Extra Virgin Olive Oil - BIO - MYST\" \/>\n<meta property=\"og:description\" content=\"An organic journey MYST\u00ae BIO contains 500 ml Greek organic gourmet extra virgin olive oil, sustainably cultivated in the historic olive groves of Olympus.\" \/>\n<meta property=\"og:url\" content=\"https:\/\/www.myst.gr\/sv\/produkt\/myst-bio\/\" \/>\n<meta property=\"og:site_name\" content=\"MYST\" \/>\n<meta property=\"article:modified_time\" content=\"2025-02-20T08:23:20+00:00\" \/>\n<meta property=\"og:image\" content=\"https:\/\/www.myst.gr\/wp-content\/uploads\/2020\/01\/kkkk-1485x1536-1.webp\" \/>\n\t<meta property=\"og:image:width\" content=\"1200\" \/>\n\t<meta property=\"og:image:height\" content=\"1241\" \/>\n\t<meta property=\"og:image:type\" content=\"image\/webp\" \/>\n<meta name=\"twitter:card\" content=\"summary_large_image\" \/>\n<meta name=\"twitter:label1\" content=\"Ber\u00e4knad l\u00e4stid\" \/>\n\t<meta name=\"twitter:data1\" content=\"1 minut\" \/>\n<script type=\"application\/ld+json\" class=\"yoast-schema-graph\">{\"@context\":\"https:\\\/\\\/schema.org\",\"@graph\":[{\"@type\":\"WebPage\",\"@id\":\"https:\\\/\\\/www.myst.gr\\\/product\\\/myst-bio\\\/\",\"url\":\"https:\\\/\\\/www.myst.gr\\\/product\\\/myst-bio\\\/\",\"name\":\"Organic Extra Virgin Olive Oil - BIO - MYST\",\"isPartOf\":{\"@id\":\"https:\\\/\\\/www.myst.gr\\\/#website\"},\"primaryImageOfPage\":{\"@id\":\"https:\\\/\\\/www.myst.gr\\\/product\\\/myst-bio\\\/#primaryimage\"},\"image\":{\"@id\":\"https:\\\/\\\/www.myst.gr\\\/product\\\/myst-bio\\\/#primaryimage\"},\"thumbnailUrl\":\"https:\\\/\\\/www.myst.gr\\\/wp-content\\\/uploads\\\/2020\\\/01\\\/kkkk-1485x1536-1.webp\",\"datePublished\":\"2020-01-02T12:57:53+00:00\",\"dateModified\":\"2025-02-20T08:23:20+00:00\",\"breadcrumb\":{\"@id\":\"https:\\\/\\\/www.myst.gr\\\/product\\\/myst-bio\\\/#breadcrumb\"},\"inLanguage\":\"sv-SE\",\"potentialAction\":[{\"@type\":\"ReadAction\",\"target\":[\"https:\\\/\\\/www.myst.gr\\\/product\\\/myst-bio\\\/\"]}]},{\"@type\":\"ImageObject\",\"inLanguage\":\"sv-SE\",\"@id\":\"https:\\\/\\\/www.myst.gr\\\/product\\\/myst-bio\\\/#primaryimage\",\"url\":\"https:\\\/\\\/www.myst.gr\\\/wp-content\\\/uploads\\\/2020\\\/01\\\/kkkk-1485x1536-1.webp\",\"contentUrl\":\"https:\\\/\\\/www.myst.gr\\\/wp-content\\\/uploads\\\/2020\\\/01\\\/kkkk-1485x1536-1.webp\",\"width\":1200,\"height\":1241},{\"@type\":\"BreadcrumbList\",\"@id\":\"https:\\\/\\\/www.myst.gr\\\/product\\\/myst-bio\\\/#breadcrumb\",\"itemListElement\":[{\"@type\":\"ListItem\",\"position\":1,\"name\":\"Home\",\"item\":\"https:\\\/\\\/www.myst.gr\\\/\"},{\"@type\":\"ListItem\",\"position\":2,\"name\":\"Shop\",\"item\":\"https:\\\/\\\/www.myst.gr\\\/?page_id=628\"},{\"@type\":\"ListItem\",\"position\":3,\"name\":\"Organic Extra Virgin Olive Oil &#8211; BIO\"}]},{\"@type\":\"WebSite\",\"@id\":\"https:\\\/\\\/www.myst.gr\\\/#website\",\"url\":\"https:\\\/\\\/www.myst.gr\\\/\",\"name\":\"MYST\",\"description\":\"| Discover the Taste of Greece\",\"publisher\":{\"@id\":\"https:\\\/\\\/www.myst.gr\\\/#organization\"},\"potentialAction\":[{\"@type\":\"SearchAction\",\"target\":{\"@type\":\"EntryPoint\",\"urlTemplate\":\"https:\\\/\\\/www.myst.gr\\\/?s={search_term_string}\"},\"query-input\":{\"@type\":\"PropertyValueSpecification\",\"valueRequired\":true,\"valueName\":\"search_term_string\"}}],\"inLanguage\":\"sv-SE\"},{\"@type\":\"Organization\",\"@id\":\"https:\\\/\\\/www.myst.gr\\\/#organization\",\"name\":\"MYST\",\"url\":\"https:\\\/\\\/www.myst.gr\\\/\",\"logo\":{\"@type\":\"ImageObject\",\"inLanguage\":\"sv-SE\",\"@id\":\"https:\\\/\\\/www.myst.gr\\\/#\\\/schema\\\/logo\\\/image\\\/\",\"url\":\"https:\\\/\\\/www.myst.gr\\\/wp-content\\\/uploads\\\/2023\\\/01\\\/cropped-logomini.png\",\"contentUrl\":\"https:\\\/\\\/www.myst.gr\\\/wp-content\\\/uploads\\\/2023\\\/01\\\/cropped-logomini.png\",\"width\":780,\"height\":780,\"caption\":\"MYST\"},\"image\":{\"@id\":\"https:\\\/\\\/www.myst.gr\\\/#\\\/schema\\\/logo\\\/image\\\/\"}}]}<\/script>\n<!-- \/ Yoast SEO plugin. -->","yoast_head_json":{"title":"Organic Extra Virgin Olive Oil - BIO - MYST","robots":{"index":"index","follow":"follow","max-snippet":"max-snippet:-1","max-image-preview":"max-image-preview:large","max-video-preview":"max-video-preview:-1"},"canonical":"https:\/\/www.myst.gr\/sv\/produkt\/myst-bio\/","og_locale":"sv_SE","og_type":"article","og_title":"Organic Extra Virgin Olive Oil - BIO - MYST","og_description":"An organic journey MYST\u00ae BIO contains 500 ml Greek organic gourmet extra virgin olive oil, sustainably cultivated in the historic olive groves of Olympus.","og_url":"https:\/\/www.myst.gr\/sv\/produkt\/myst-bio\/","og_site_name":"MYST","article_modified_time":"2025-02-20T08:23:20+00:00","og_image":[{"width":1200,"height":1241,"url":"https:\/\/www.myst.gr\/wp-content\/uploads\/2020\/01\/kkkk-1485x1536-1.webp","type":"image\/webp"}],"twitter_card":"summary_large_image","twitter_misc":{"Ber\u00e4knad l\u00e4stid":"1 minut"},"schema":{"@context":"https:\/\/schema.org","@graph":[{"@type":"WebPage","@id":"https:\/\/www.myst.gr\/product\/myst-bio\/","url":"https:\/\/www.myst.gr\/product\/myst-bio\/","name":"Organic Extra Virgin Olive Oil - BIO - MYST","isPartOf":{"@id":"https:\/\/www.myst.gr\/#website"},"primaryImageOfPage":{"@id":"https:\/\/www.myst.gr\/product\/myst-bio\/#primaryimage"},"image":{"@id":"https:\/\/www.myst.gr\/product\/myst-bio\/#primaryimage"},"thumbnailUrl":"https:\/\/www.myst.gr\/wp-content\/uploads\/2020\/01\/kkkk-1485x1536-1.webp","datePublished":"2020-01-02T12:57:53+00:00","dateModified":"2025-02-20T08:23:20+00:00","breadcrumb":{"@id":"https:\/\/www.myst.gr\/product\/myst-bio\/#breadcrumb"},"inLanguage":"sv-SE","potentialAction":[{"@type":"ReadAction","target":["https:\/\/www.myst.gr\/product\/myst-bio\/"]}]},{"@type":"ImageObject","inLanguage":"sv-SE","@id":"https:\/\/www.myst.gr\/product\/myst-bio\/#primaryimage","url":"https:\/\/www.myst.gr\/wp-content\/uploads\/2020\/01\/kkkk-1485x1536-1.webp","contentUrl":"https:\/\/www.myst.gr\/wp-content\/uploads\/2020\/01\/kkkk-1485x1536-1.webp","width":1200,"height":1241},{"@type":"BreadcrumbList","@id":"https:\/\/www.myst.gr\/product\/myst-bio\/#breadcrumb","itemListElement":[{"@type":"ListItem","position":1,"name":"Home","item":"https:\/\/www.myst.gr\/"},{"@type":"ListItem","position":2,"name":"Shop","item":"https:\/\/www.myst.gr\/?page_id=628"},{"@type":"ListItem","position":3,"name":"Organic Extra Virgin Olive Oil &#8211; BIO"}]},{"@type":"WebSite","@id":"https:\/\/www.myst.gr\/#website","url":"https:\/\/www.myst.gr\/","name":"MYST","description":"| Discover the Taste of Greece","publisher":{"@id":"https:\/\/www.myst.gr\/#organization"},"potentialAction":[{"@type":"SearchAction","target":{"@type":"EntryPoint","urlTemplate":"https:\/\/www.myst.gr\/?s={search_term_string}"},"query-input":{"@type":"PropertyValueSpecification","valueRequired":true,"valueName":"search_term_string"}}],"inLanguage":"sv-SE"},{"@type":"Organization","@id":"https:\/\/www.myst.gr\/#organization","name":"MYST","url":"https:\/\/www.myst.gr\/","logo":{"@type":"ImageObject","inLanguage":"sv-SE","@id":"https:\/\/www.myst.gr\/#\/schema\/logo\/image\/","url":"https:\/\/www.myst.gr\/wp-content\/uploads\/2023\/01\/cropped-logomini.png","contentUrl":"https:\/\/www.myst.gr\/wp-content\/uploads\/2023\/01\/cropped-logomini.png","width":780,"height":780,"caption":"MYST"},"image":{"@id":"https:\/\/www.myst.gr\/#\/schema\/logo\/image\/"}}]}},"_links":{"self":[{"href":"https:\/\/www.myst.gr\/sv\/wp-json\/wp\/v2\/product\/656","targetHints":{"allow":["GET"]}}],"collection":[{"href":"https:\/\/www.myst.gr\/sv\/wp-json\/wp\/v2\/product"}],"about":[{"href":"https:\/\/www.myst.gr\/sv\/wp-json\/wp\/v2\/types\/product"}],"wp:featuredmedia":[{"embeddable":true,"href":"https:\/\/www.myst.gr\/sv\/wp-json\/wp\/v2\/media\/16929"}],"wp:attachment":[{"href":"https:\/\/www.myst.gr\/sv\/wp-json\/wp\/v2\/media?parent=656"}],"wp:term":[{"taxonomy":"product_cat","embeddable":true,"href":"https:\/\/www.myst.gr\/sv\/wp-json\/wp\/v2\/product_cat?post=656"},{"taxonomy":"product_tag","embeddable":true,"href":"https:\/\/www.myst.gr\/sv\/wp-json\/wp\/v2\/product_tag?post=656"}],"curies":[{"name":"wp","href":"https:\/\/api.w.org\/{rel}","templated":true}]}}