{"id":2609,"date":"2020-11-02T14:19:33","date_gmt":"2020-11-02T14:19:33","guid":{"rendered":"https:\/\/www.myst.gr\/?post_type=product&#038;p=2609"},"modified":"2026-02-27T13:56:02","modified_gmt":"2026-02-27T13:56:02","slug":"organic-mt-olympus-oregano","status":"publish","type":"product","link":"https:\/\/www.myst.gr\/sv\/product\/organic-mt-olympus-oregano\/","title":{"rendered":"Grekisk Ekologisk Torkad Oregano"},"content":{"rendered":"<p>MYST Organisk Oregano av Olympus (Origanum Vulgare) \u00e4r en blommande v\u00e4xt som \u00e4r full av h\u00e4lsof\u00f6rdelar. Det tillh\u00f6r mintfamiljen. Forskning visar att det \u00e4r inf\u00f6dd i tempererade v\u00e4stra och s\u00f6dra delen av Eurasien och Medelhavsomr\u00e5det. Oregano \u00e4r en fler\u00e5rig \u00f6rt som vanligtvis v\u00e4xer 20-80 cm l\u00e5ng och har motsatta blad. Medicinska experter s\u00e4ger att anv\u00e4ndning av oregano kan minska infektioner och ocks\u00e5 f\u00f6rhindra skador p\u00e5 celler.<\/p>\n<h3><b>BIO 100%<\/b><\/h3>\n<p>Organiskt \u00e4r det som definierar oss. Allt vi g\u00f6r, fr\u00e5n v\u00e5ra \u00e5krar till hyllan, \u00f6vervakas av organiska principer och f\u00f6ljer strikta riktlinjer.<\/p>\n<p><a href=\"https:\/\/www.myst.gr\/wp-content\/uploads\/2020\/01\/bio-1.png\">\u00a0\u00a0<\/a><img decoding=\"async\" class=\"alignnone wp-image-1584\" src=\"https:\/\/www.myst.gr\/wp-content\/uploads\/2020\/01\/Untitled-2-300x286.png\" alt=\"\" width=\"63\" height=\"60\" srcset=\"https:\/\/www.myst.gr\/wp-content\/uploads\/2020\/01\/Untitled-2-300x286.png 300w, https:\/\/www.myst.gr\/wp-content\/uploads\/2020\/01\/Untitled-2.png 325w\" sizes=\"(max-width: 63px) 100vw, 63px\" \/> <img decoding=\"async\" class=\"alignnone wp-image-8157\" src=\"https:\/\/www.myst.gr\/wp-content\/uploads\/2020\/11\/isoFoo-1.svg\" alt=\"\" width=\"66\" height=\"66\" \/> <img decoding=\"async\" class=\"alignnone wp-image-14830\" src=\"https:\/\/www.myst.gr\/wp-content\/uploads\/2023\/03\/Untitled-1-300x168.png\" alt=\"\" width=\"118\" height=\"66\" srcset=\"https:\/\/www.myst.gr\/wp-content\/uploads\/2023\/03\/Untitled-1-300x168.png 300w, https:\/\/www.myst.gr\/wp-content\/uploads\/2023\/03\/Untitled-1-1024x575.png 1024w, https:\/\/www.myst.gr\/wp-content\/uploads\/2023\/03\/Untitled-1-768x431.png 768w, https:\/\/www.myst.gr\/wp-content\/uploads\/2023\/03\/Untitled-1-18x10.png 18w, https:\/\/www.myst.gr\/wp-content\/uploads\/2023\/03\/Untitled-1-800x449.png 800w, https:\/\/www.myst.gr\/wp-content\/uploads\/2023\/03\/Untitled-1.png 1067w\" sizes=\"(max-width: 118px) 100vw, 118px\" \/><\/p>","protected":false},"excerpt":{"rendered":"<div class=\"page\" title=\"Page 5\">\n<div class=\"section\">\n<div class=\"layoutArea\">\n<div class=\"column\">\n<div class=\"page\" title=\"Page 6\">\n<div class=\"section\">\n<div class=\"layoutArea\">\n<div class=\"column\">\n<p>Oregano kan anv\u00e4ndas i r\u00e4tter som inneh\u00e5ller fj\u00e4derf\u00e4, br\u00f6d, potatis, fetaost, sallader, tomats\u00e5ser, pajer och kan \u00e4ven anv\u00e4ndas f\u00f6r att marinera k\u00f6tt och fisk.<\/p>\n<p>Oregano i antikens Grekland symboliserade gl\u00e4dje och lycka, och brudkransar gjordes av oreganogrenar. Oregano p\u00e5 forngrekiska kommer fr\u00e5n orden \u201doros\u201d och \u201dganos\u201d vilket betyder v\u00e4xten som lyser p\u00e5 berget.<span class=\"Apple-converted-space\">\u00a0<\/span><\/p>\n<\/div>\n<\/div>\n<\/div>\n<\/div>\n<\/div>\n<\/div>\n<\/div>\n<\/div>\n<div class=\"page\" title=\"Page 5\">\n<div class=\"section\">\n<div class=\"layoutArea\">\n<div class=\"column\">\n<p><img decoding=\"async\" class=\"alignnone wp-image-14830\" src=\"https:\/\/www.myst.gr\/wp-content\/uploads\/2023\/03\/Untitled-1-300x168.png\" alt=\"\" width=\"118\" height=\"66\" srcset=\"https:\/\/www.myst.gr\/wp-content\/uploads\/2023\/03\/Untitled-1-300x168.png 300w, https:\/\/www.myst.gr\/wp-content\/uploads\/2023\/03\/Untitled-1-1024x575.png 1024w, https:\/\/www.myst.gr\/wp-content\/uploads\/2023\/03\/Untitled-1-768x431.png 768w, https:\/\/www.myst.gr\/wp-content\/uploads\/2023\/03\/Untitled-1-18x10.png 18w, https:\/\/www.myst.gr\/wp-content\/uploads\/2023\/03\/Untitled-1-800x449.png 800w, https:\/\/www.myst.gr\/wp-content\/uploads\/2023\/03\/Untitled-1.png 1067w\" sizes=\"(max-width: 118px) 100vw, 118px\" \/><\/p>\n<p><strong>Burkkapacitet : e 30g<\/strong><\/p>\n<\/div>\n<\/div>\n<\/div>\n<\/div>\n<p><a href=\"https:\/\/store.myst.gr\/en\/product\/organic-oregano-of-olympus\/\" target=\"_blank\" rel=\"noopener\"><img loading=\"lazy\" decoding=\"async\" class=\"alignnone wp-image-11129 size-full\" src=\"https:\/\/www.myst.gr\/wp-content\/uploads\/2021\/08\/Untitled-2.svg\" alt=\"\" width=\"200\" height=\"70\" \/><\/a><a href=\"https:\/\/www.myst.gr\/sv\/wholesale-dashboard\/\"><img loading=\"lazy\" decoding=\"async\" class=\"alignnone wp-image-11130 size-full\" src=\"https:\/\/www.myst.gr\/wp-content\/uploads\/2021\/08\/Untitled-3.svg\" alt=\"\" width=\"200\" height=\"70\" \/><\/a><\/p>\n<p><img loading=\"lazy\" decoding=\"async\" class=\"alignnone wp-image-14195\" style=\"color: var(--body-color); font-family: var(--body-font-family),sans-serif; font-size: 1.125rem; font-weight: var(--body-font-weight);\" src=\"https:\/\/www.myst.gr\/wp-content\/uploads\/2021\/12\/leaf2-Converted.svg\" alt=\"\" width=\"60\" height=\"60\" \/><img loading=\"lazy\" decoding=\"async\" class=\"alignnone wp-image-14191\" src=\"https:\/\/www.myst.gr\/wp-content\/uploads\/2021\/12\/BIO-2-Converted.svg\" alt=\"\" width=\"65\" height=\"150\" \/><img loading=\"lazy\" decoding=\"async\" class=\"alignnone wp-image-14194\" style=\"color: var(--body-color); font-family: var(--body-font-family),sans-serif; font-size: 1.125rem; font-weight: var(--body-font-weight);\" src=\"https:\/\/www.myst.gr\/wp-content\/uploads\/2021\/12\/united-states-department-of-agriculture-usda-organic-vector-logo.svg\" alt=\"\" width=\"65\" height=\"150\" \/><img decoding=\"async\" class=\"alignnone wp-image-14220\" src=\"https:\/\/www.myst.gr\/wp-content\/uploads\/2020\/01\/karv-2.svg\" alt=\"\" width=\"85\" \/><\/p>","protected":false},"featured_media":20292,"template":"","meta":[],"product_cat":[127],"product_tag":[],"class_list":{"0":"post-2609","1":"product","2":"type-product","3":"status-publish","4":"has-post-thumbnail","6":"product_cat-aromatic-herbs","8":"first","9":"instock","10":"product-type-simple","swatches":"rey-swatches","show_selected":""},"yoast_head":"<!-- This site is optimized with the Yoast SEO plugin v27.4 - https:\/\/yoast.com\/product\/yoast-seo-wordpress\/ -->\n<title>Organic Dry Oregano Olympus - MYST<\/title>\n<meta name=\"description\" content=\"Oregano can be used in dishes containing poultry, bread, potatoes, feta cheese, salads, tomato sauces, pies and can also be used to marinate meats and fish.\" \/>\n<meta name=\"robots\" content=\"index, follow, max-snippet:-1, max-image-preview:large, max-video-preview:-1\" \/>\n<link rel=\"canonical\" href=\"https:\/\/www.myst.gr\/sv\/produkt\/organic-mt-olympus-oregano\/\" \/>\n<meta property=\"og:locale\" content=\"sv_SE\" \/>\n<meta property=\"og:type\" content=\"article\" \/>\n<meta property=\"og:title\" content=\"Organic Dry Oregano Olympus - MYST\" \/>\n<meta property=\"og:description\" content=\"Oregano can be used in dishes containing poultry, bread, potatoes, feta cheese, salads, tomato sauces, pies and can also be used to marinate meats and fish.\" \/>\n<meta property=\"og:url\" content=\"https:\/\/www.myst.gr\/sv\/produkt\/organic-mt-olympus-oregano\/\" \/>\n<meta property=\"og:site_name\" content=\"MYST\" \/>\n<meta property=\"article:modified_time\" content=\"2026-02-27T13:56:02+00:00\" \/>\n<meta property=\"og:image\" content=\"https:\/\/www.myst.gr\/wp-content\/uploads\/2025\/03\/Organic-Oregano.webp\" \/>\n\t<meta property=\"og:image:width\" content=\"1000\" \/>\n\t<meta property=\"og:image:height\" content=\"1000\" \/>\n\t<meta property=\"og:image:type\" content=\"image\/webp\" \/>\n<meta name=\"twitter:card\" content=\"summary_large_image\" \/>\n<meta name=\"twitter:label1\" content=\"Ber\u00e4knad l\u00e4stid\" \/>\n\t<meta name=\"twitter:data1\" content=\"2 minuter\" \/>\n<script type=\"application\/ld+json\" class=\"yoast-schema-graph\">{\"@context\":\"https:\\\/\\\/schema.org\",\"@graph\":[{\"@type\":\"WebPage\",\"@id\":\"https:\\\/\\\/www.myst.gr\\\/product\\\/organic-mt-olympus-oregano\\\/\",\"url\":\"https:\\\/\\\/www.myst.gr\\\/product\\\/organic-mt-olympus-oregano\\\/\",\"name\":\"Organic Dry Oregano Olympus - MYST\",\"isPartOf\":{\"@id\":\"https:\\\/\\\/www.myst.gr\\\/#website\"},\"primaryImageOfPage\":{\"@id\":\"https:\\\/\\\/www.myst.gr\\\/product\\\/organic-mt-olympus-oregano\\\/#primaryimage\"},\"image\":{\"@id\":\"https:\\\/\\\/www.myst.gr\\\/product\\\/organic-mt-olympus-oregano\\\/#primaryimage\"},\"thumbnailUrl\":\"https:\\\/\\\/www.myst.gr\\\/wp-content\\\/uploads\\\/2025\\\/03\\\/Organic-Oregano.webp\",\"datePublished\":\"2020-11-02T14:19:33+00:00\",\"dateModified\":\"2026-02-27T13:56:02+00:00\",\"description\":\"Oregano can be used in dishes containing poultry, bread, potatoes, feta cheese, salads, tomato sauces, pies and can also be used to marinate meats and fish.\",\"breadcrumb\":{\"@id\":\"https:\\\/\\\/www.myst.gr\\\/product\\\/organic-mt-olympus-oregano\\\/#breadcrumb\"},\"inLanguage\":\"sv-SE\",\"potentialAction\":[{\"@type\":\"ReadAction\",\"target\":[\"https:\\\/\\\/www.myst.gr\\\/product\\\/organic-mt-olympus-oregano\\\/\"]}]},{\"@type\":\"ImageObject\",\"inLanguage\":\"sv-SE\",\"@id\":\"https:\\\/\\\/www.myst.gr\\\/product\\\/organic-mt-olympus-oregano\\\/#primaryimage\",\"url\":\"https:\\\/\\\/www.myst.gr\\\/wp-content\\\/uploads\\\/2025\\\/03\\\/Organic-Oregano.webp\",\"contentUrl\":\"https:\\\/\\\/www.myst.gr\\\/wp-content\\\/uploads\\\/2025\\\/03\\\/Organic-Oregano.webp\",\"width\":1000,\"height\":1000},{\"@type\":\"BreadcrumbList\",\"@id\":\"https:\\\/\\\/www.myst.gr\\\/product\\\/organic-mt-olympus-oregano\\\/#breadcrumb\",\"itemListElement\":[{\"@type\":\"ListItem\",\"position\":1,\"name\":\"Home\",\"item\":\"https:\\\/\\\/www.myst.gr\\\/\"},{\"@type\":\"ListItem\",\"position\":2,\"name\":\"Shop\",\"item\":\"https:\\\/\\\/www.myst.gr\\\/?page_id=628\"},{\"@type\":\"ListItem\",\"position\":3,\"name\":\"Organic Dry Oregano Olympus\"}]},{\"@type\":\"WebSite\",\"@id\":\"https:\\\/\\\/www.myst.gr\\\/#website\",\"url\":\"https:\\\/\\\/www.myst.gr\\\/\",\"name\":\"MYST\",\"description\":\"| Discover the Taste of Greece\",\"publisher\":{\"@id\":\"https:\\\/\\\/www.myst.gr\\\/#organization\"},\"potentialAction\":[{\"@type\":\"SearchAction\",\"target\":{\"@type\":\"EntryPoint\",\"urlTemplate\":\"https:\\\/\\\/www.myst.gr\\\/?s={search_term_string}\"},\"query-input\":{\"@type\":\"PropertyValueSpecification\",\"valueRequired\":true,\"valueName\":\"search_term_string\"}}],\"inLanguage\":\"sv-SE\"},{\"@type\":\"Organization\",\"@id\":\"https:\\\/\\\/www.myst.gr\\\/#organization\",\"name\":\"MYST\",\"url\":\"https:\\\/\\\/www.myst.gr\\\/\",\"logo\":{\"@type\":\"ImageObject\",\"inLanguage\":\"sv-SE\",\"@id\":\"https:\\\/\\\/www.myst.gr\\\/#\\\/schema\\\/logo\\\/image\\\/\",\"url\":\"https:\\\/\\\/www.myst.gr\\\/wp-content\\\/uploads\\\/2023\\\/01\\\/cropped-logomini.png\",\"contentUrl\":\"https:\\\/\\\/www.myst.gr\\\/wp-content\\\/uploads\\\/2023\\\/01\\\/cropped-logomini.png\",\"width\":780,\"height\":780,\"caption\":\"MYST\"},\"image\":{\"@id\":\"https:\\\/\\\/www.myst.gr\\\/#\\\/schema\\\/logo\\\/image\\\/\"}}]}<\/script>\n<!-- \/ Yoast SEO plugin. -->","yoast_head_json":{"title":"Organic Dry Oregano Olympus - MYST","description":"Oregano can be used in dishes containing poultry, bread, potatoes, feta cheese, salads, tomato sauces, pies and can also be used to marinate meats and fish.","robots":{"index":"index","follow":"follow","max-snippet":"max-snippet:-1","max-image-preview":"max-image-preview:large","max-video-preview":"max-video-preview:-1"},"canonical":"https:\/\/www.myst.gr\/sv\/produkt\/organic-mt-olympus-oregano\/","og_locale":"sv_SE","og_type":"article","og_title":"Organic Dry Oregano Olympus - MYST","og_description":"Oregano can be used in dishes containing poultry, bread, potatoes, feta cheese, salads, tomato sauces, pies and can also be used to marinate meats and fish.","og_url":"https:\/\/www.myst.gr\/sv\/produkt\/organic-mt-olympus-oregano\/","og_site_name":"MYST","article_modified_time":"2026-02-27T13:56:02+00:00","og_image":[{"width":1000,"height":1000,"url":"https:\/\/www.myst.gr\/wp-content\/uploads\/2025\/03\/Organic-Oregano.webp","type":"image\/webp"}],"twitter_card":"summary_large_image","twitter_misc":{"Ber\u00e4knad l\u00e4stid":"2 minuter"},"schema":{"@context":"https:\/\/schema.org","@graph":[{"@type":"WebPage","@id":"https:\/\/www.myst.gr\/product\/organic-mt-olympus-oregano\/","url":"https:\/\/www.myst.gr\/product\/organic-mt-olympus-oregano\/","name":"Organic Dry Oregano Olympus - MYST","isPartOf":{"@id":"https:\/\/www.myst.gr\/#website"},"primaryImageOfPage":{"@id":"https:\/\/www.myst.gr\/product\/organic-mt-olympus-oregano\/#primaryimage"},"image":{"@id":"https:\/\/www.myst.gr\/product\/organic-mt-olympus-oregano\/#primaryimage"},"thumbnailUrl":"https:\/\/www.myst.gr\/wp-content\/uploads\/2025\/03\/Organic-Oregano.webp","datePublished":"2020-11-02T14:19:33+00:00","dateModified":"2026-02-27T13:56:02+00:00","description":"Oregano can be used in dishes containing poultry, bread, potatoes, feta cheese, salads, tomato sauces, pies and can also be used to marinate meats and fish.","breadcrumb":{"@id":"https:\/\/www.myst.gr\/product\/organic-mt-olympus-oregano\/#breadcrumb"},"inLanguage":"sv-SE","potentialAction":[{"@type":"ReadAction","target":["https:\/\/www.myst.gr\/product\/organic-mt-olympus-oregano\/"]}]},{"@type":"ImageObject","inLanguage":"sv-SE","@id":"https:\/\/www.myst.gr\/product\/organic-mt-olympus-oregano\/#primaryimage","url":"https:\/\/www.myst.gr\/wp-content\/uploads\/2025\/03\/Organic-Oregano.webp","contentUrl":"https:\/\/www.myst.gr\/wp-content\/uploads\/2025\/03\/Organic-Oregano.webp","width":1000,"height":1000},{"@type":"BreadcrumbList","@id":"https:\/\/www.myst.gr\/product\/organic-mt-olympus-oregano\/#breadcrumb","itemListElement":[{"@type":"ListItem","position":1,"name":"Home","item":"https:\/\/www.myst.gr\/"},{"@type":"ListItem","position":2,"name":"Shop","item":"https:\/\/www.myst.gr\/?page_id=628"},{"@type":"ListItem","position":3,"name":"Organic Dry Oregano Olympus"}]},{"@type":"WebSite","@id":"https:\/\/www.myst.gr\/#website","url":"https:\/\/www.myst.gr\/","name":"MYST","description":"| Discover the Taste of Greece","publisher":{"@id":"https:\/\/www.myst.gr\/#organization"},"potentialAction":[{"@type":"SearchAction","target":{"@type":"EntryPoint","urlTemplate":"https:\/\/www.myst.gr\/?s={search_term_string}"},"query-input":{"@type":"PropertyValueSpecification","valueRequired":true,"valueName":"search_term_string"}}],"inLanguage":"sv-SE"},{"@type":"Organization","@id":"https:\/\/www.myst.gr\/#organization","name":"MYST","url":"https:\/\/www.myst.gr\/","logo":{"@type":"ImageObject","inLanguage":"sv-SE","@id":"https:\/\/www.myst.gr\/#\/schema\/logo\/image\/","url":"https:\/\/www.myst.gr\/wp-content\/uploads\/2023\/01\/cropped-logomini.png","contentUrl":"https:\/\/www.myst.gr\/wp-content\/uploads\/2023\/01\/cropped-logomini.png","width":780,"height":780,"caption":"MYST"},"image":{"@id":"https:\/\/www.myst.gr\/#\/schema\/logo\/image\/"}}]}},"_links":{"self":[{"href":"https:\/\/www.myst.gr\/sv\/wp-json\/wp\/v2\/product\/2609","targetHints":{"allow":["GET"]}}],"collection":[{"href":"https:\/\/www.myst.gr\/sv\/wp-json\/wp\/v2\/product"}],"about":[{"href":"https:\/\/www.myst.gr\/sv\/wp-json\/wp\/v2\/types\/product"}],"wp:featuredmedia":[{"embeddable":true,"href":"https:\/\/www.myst.gr\/sv\/wp-json\/wp\/v2\/media\/20292"}],"wp:attachment":[{"href":"https:\/\/www.myst.gr\/sv\/wp-json\/wp\/v2\/media?parent=2609"}],"wp:term":[{"taxonomy":"product_cat","embeddable":true,"href":"https:\/\/www.myst.gr\/sv\/wp-json\/wp\/v2\/product_cat?post=2609"},{"taxonomy":"product_tag","embeddable":true,"href":"https:\/\/www.myst.gr\/sv\/wp-json\/wp\/v2\/product_tag?post=2609"}],"curies":[{"name":"wp","href":"https:\/\/api.w.org\/{rel}","templated":true}]}}