{"id":24322,"date":"2026-03-04T13:30:33","date_gmt":"2026-03-04T13:30:33","guid":{"rendered":"https:\/\/www.myst.gr\/?post_type=product&#038;p=24322"},"modified":"2026-04-14T10:48:42","modified_gmt":"2026-04-14T10:48:42","slug":"chives","status":"publish","type":"product","link":"https:\/\/www.myst.gr\/sv\/product\/chives\/","title":{"rendered":"Torkad Gr\u00e4sl\u00f6k (Chives)"},"content":{"rendered":"<p>Torkad gr\u00e4sl\u00f6k framst\u00e4lls av f\u00e4rsk, noggrant utvald gr\u00e4sl\u00f6k som varsamt sk\u00e4rs och torkas naturligt f\u00f6r att bevara sin karakteristiska arom och fr\u00e4scha, milda l\u00f6ksmak.<\/p>\n<p>Torkningsprocessen koncentrerar smaken samtidigt som den ger bekv\u00e4mlighet och j\u00e4mn kvalitet, utan behov av reng\u00f6ring eller hackning. Ett idealiskt val b\u00e5de f\u00f6r professionella k\u00f6k och f\u00f6r vardagsmatlagning d\u00e4r en mild arom och balanserad smak \u00f6nskas.<\/p>\n<p>\ud83c\udf73 Anv\u00e4ndning av torkad gr\u00e4sl\u00f6k<\/p>\n<p>Perfekt i sallader, dressingar, s\u00e5ser, yoghurtbaserade r\u00e4tter, f\u00e4rskost, smaksatt sm\u00f6r, potatisr\u00e4tter, \u00e4gg, omeletter, fisk, skaldjur och gr\u00f6nsaker. Den tillf\u00f6r fr\u00e4sch\u00f6r och arom utan att ta \u00f6ver andra ingredienser.<\/p>\n<p>Den anv\u00e4nds ofta som en avslutande \u00f6rt och \u00e4r idealisk i \u00f6rtblandningar och gourmetpresentationer, d\u00e4r den bidrar med f\u00e4rg, arom och en subtil smak.<\/p>\n<p><strong>\ud83e\ude7a Obs:<\/strong><\/p>\n<p>Informationen \u00e4r endast avsedd f\u00f6r allm\u00e4nt informationsbruk och utg\u00f6r inte medicinsk r\u00e5dgivning.<br \/>\nKontakta alltid l\u00e4kare eller nutritionist vid h\u00e4lsorelaterade fr\u00e5gor.<\/p>","protected":false},"excerpt":{"rendered":"<div class=\"page\" title=\"Page 5\">\n<div class=\"section\">\n<div class=\"layoutArea\">\n<div class=\"column\">\n<div class=\"page\" title=\"Page 6\">\n<div class=\"section\">\n<div class=\"layoutArea\">\n<div class=\"column\">\n<div class=\"page\" title=\"Page 5\">\n<div class=\"section\">\n<div class=\"layoutArea\">\n<div class=\"column\">\n<div class=\"page\" title=\"Page 6\">\n<div class=\"section\">\n<div class=\"layoutArea\">\n<div class=\"column\">\n<div class=\"page\" title=\"Page 14\">\n<div class=\"layoutArea\">\n<div class=\"column\">\n<div class=\"page\" title=\"Page 14\">\n<div class=\"layoutArea\">\n<div class=\"column\">\n<div class=\"page\" title=\"Page 5\">\n<div class=\"section\">\n<div class=\"layoutArea\">\n<div class=\"column\">\n<div class=\"page\" title=\"Page 6\">\n<div class=\"section\">\n<div class=\"layoutArea\">\n<div class=\"column\">\n<div class=\"page\" title=\"Page 5\">\n<div class=\"section\">\n<div class=\"layoutArea\">\n<div class=\"column\">\n<div class=\"page\" title=\"Page 6\">\n<div class=\"section\">\n<div class=\"layoutArea\">\n<div class=\"column\">\n<div class=\"page\" title=\"Page 5\">\n<div class=\"section\">\n<div class=\"layoutArea\">\n<div class=\"column\">\n<div class=\"page\" title=\"Page 6\">\n<div class=\"section\">\n<div class=\"layoutArea\">\n<div class=\"column\">\n<p data-start=\"1042\" data-end=\"1189\">Njut av den naturliga fr\u00e4sch\u00f6ren och den eleganta karakt\u00e4ren hos torkad gr\u00e4sl\u00f6k och lyft dina recept med precision och balans.<\/p>\n<p class=\"p1\">Utan konserveringsmedel eller tillsatser. 100% naturlig produkt.<\/p>\n<p><strong>Burkkapacitet : e 25g<\/strong><\/p>\n<\/div>\n<\/div>\n<\/div>\n<\/div>\n<\/div>\n<\/div>\n<\/div>\n<\/div>\n<\/div>\n<\/div>\n<\/div>\n<\/div>\n<\/div>\n<\/div>\n<\/div>\n<\/div>\n<\/div>\n<\/div>\n<\/div>\n<\/div>\n<\/div>\n<\/div>\n<\/div>\n<\/div>\n<p><a href=\"https:\/\/store.myst.gr\/en\/product\/chives-jar\/\" target=\"_blank\" rel=\"noopener\"><img decoding=\"async\" class=\"alignnone wp-image-11129 size-full\" src=\"https:\/\/www.myst.gr\/wp-content\/uploads\/2021\/08\/Untitled-2.svg\" alt=\"\" width=\"200\" height=\"70\" \/><\/a><a href=\"https:\/\/www.myst.gr\/sv\/wholesale-dashboard\/\"><img decoding=\"async\" class=\"alignnone wp-image-11130 size-full\" src=\"https:\/\/www.myst.gr\/wp-content\/uploads\/2021\/08\/Untitled-3.svg\" alt=\"\" width=\"200\" height=\"70\" \/><\/a><\/p>\n<\/div>\n<\/div>\n<\/div>\n<\/div>\n<\/div>\n<\/div>\n<\/div>\n<\/div>\n<\/div>\n<\/div>\n<\/div>\n<\/div>\n<\/div>\n<\/div>\n<\/div>\n<\/div>\n<\/div>\n<\/div>\n<\/div>\n<\/div>\n<\/div>\n<\/div>","protected":false},"featured_media":24157,"template":"","meta":[],"product_cat":[162,144],"product_tag":[],"class_list":{"0":"post-24322","1":"product","2":"type-product","3":"status-publish","4":"has-post-thumbnail","6":"product_cat-spices","7":"product_cat-saltsandspices","9":"first","10":"instock","11":"product-type-simple","swatches":"rey-swatches","show_selected":""},"yoast_head":"<!-- This site is optimized with the Yoast SEO plugin v27.4 - https:\/\/yoast.com\/product\/yoast-seo-wordpress\/ -->\n<title>Dried Chives<\/title>\n<meta name=\"description\" content=\"Enjoy the natural freshness and elegant character of dried chives and enhance your recipes with precision and balance. Perfect for salads, sauces,\" \/>\n<meta name=\"robots\" content=\"index, follow, max-snippet:-1, max-image-preview:large, max-video-preview:-1\" \/>\n<link rel=\"canonical\" href=\"https:\/\/www.myst.gr\/sv\/produkt\/chives\/\" \/>\n<meta property=\"og:locale\" content=\"sv_SE\" \/>\n<meta property=\"og:type\" content=\"article\" \/>\n<meta property=\"og:title\" content=\"Dried Chives\" \/>\n<meta property=\"og:description\" content=\"Enjoy the natural freshness and elegant character of dried chives and enhance your recipes with precision and balance. Perfect for salads, sauces,\" \/>\n<meta property=\"og:url\" content=\"https:\/\/www.myst.gr\/sv\/produkt\/chives\/\" \/>\n<meta property=\"og:site_name\" content=\"MYST\" \/>\n<meta property=\"article:modified_time\" content=\"2026-04-14T10:48:42+00:00\" \/>\n<meta property=\"og:image\" content=\"https:\/\/www.myst.gr\/wp-content\/uploads\/2026\/03\/Chives-dried-1.jpg\" \/>\n\t<meta property=\"og:image:width\" content=\"1000\" \/>\n\t<meta property=\"og:image:height\" content=\"1000\" \/>\n\t<meta property=\"og:image:type\" content=\"image\/jpeg\" \/>\n<meta name=\"twitter:card\" content=\"summary_large_image\" \/>\n<meta name=\"twitter:label1\" content=\"Ber\u00e4knad l\u00e4stid\" \/>\n\t<meta name=\"twitter:data1\" content=\"1 minut\" \/>\n<script type=\"application\/ld+json\" class=\"yoast-schema-graph\">{\"@context\":\"https:\\\/\\\/schema.org\",\"@graph\":[{\"@type\":\"WebPage\",\"@id\":\"https:\\\/\\\/www.myst.gr\\\/product\\\/chives\\\/\",\"url\":\"https:\\\/\\\/www.myst.gr\\\/product\\\/chives\\\/\",\"name\":\"Dried Chives\",\"isPartOf\":{\"@id\":\"https:\\\/\\\/www.myst.gr\\\/#website\"},\"primaryImageOfPage\":{\"@id\":\"https:\\\/\\\/www.myst.gr\\\/product\\\/chives\\\/#primaryimage\"},\"image\":{\"@id\":\"https:\\\/\\\/www.myst.gr\\\/product\\\/chives\\\/#primaryimage\"},\"thumbnailUrl\":\"https:\\\/\\\/www.myst.gr\\\/wp-content\\\/uploads\\\/2026\\\/03\\\/Chives-dried-1.jpg\",\"datePublished\":\"2026-03-04T13:30:33+00:00\",\"dateModified\":\"2026-04-14T10:48:42+00:00\",\"description\":\"Enjoy the natural freshness and elegant character of dried chives and enhance your recipes with precision and balance. Perfect for salads, sauces,\",\"breadcrumb\":{\"@id\":\"https:\\\/\\\/www.myst.gr\\\/product\\\/chives\\\/#breadcrumb\"},\"inLanguage\":\"sv-SE\",\"potentialAction\":[{\"@type\":\"ReadAction\",\"target\":[\"https:\\\/\\\/www.myst.gr\\\/product\\\/chives\\\/\"]}]},{\"@type\":\"ImageObject\",\"inLanguage\":\"sv-SE\",\"@id\":\"https:\\\/\\\/www.myst.gr\\\/product\\\/chives\\\/#primaryimage\",\"url\":\"https:\\\/\\\/www.myst.gr\\\/wp-content\\\/uploads\\\/2026\\\/03\\\/Chives-dried-1.jpg\",\"contentUrl\":\"https:\\\/\\\/www.myst.gr\\\/wp-content\\\/uploads\\\/2026\\\/03\\\/Chives-dried-1.jpg\",\"width\":1000,\"height\":1000},{\"@type\":\"BreadcrumbList\",\"@id\":\"https:\\\/\\\/www.myst.gr\\\/product\\\/chives\\\/#breadcrumb\",\"itemListElement\":[{\"@type\":\"ListItem\",\"position\":1,\"name\":\"Home\",\"item\":\"https:\\\/\\\/www.myst.gr\\\/\"},{\"@type\":\"ListItem\",\"position\":2,\"name\":\"Shop\",\"item\":\"https:\\\/\\\/www.myst.gr\\\/?page_id=628\"},{\"@type\":\"ListItem\",\"position\":3,\"name\":\"Dried Chives\"}]},{\"@type\":\"WebSite\",\"@id\":\"https:\\\/\\\/www.myst.gr\\\/#website\",\"url\":\"https:\\\/\\\/www.myst.gr\\\/\",\"name\":\"MYST\",\"description\":\"| Discover the Taste of Greece\",\"publisher\":{\"@id\":\"https:\\\/\\\/www.myst.gr\\\/#organization\"},\"potentialAction\":[{\"@type\":\"SearchAction\",\"target\":{\"@type\":\"EntryPoint\",\"urlTemplate\":\"https:\\\/\\\/www.myst.gr\\\/?s={search_term_string}\"},\"query-input\":{\"@type\":\"PropertyValueSpecification\",\"valueRequired\":true,\"valueName\":\"search_term_string\"}}],\"inLanguage\":\"sv-SE\"},{\"@type\":\"Organization\",\"@id\":\"https:\\\/\\\/www.myst.gr\\\/#organization\",\"name\":\"MYST\",\"url\":\"https:\\\/\\\/www.myst.gr\\\/\",\"logo\":{\"@type\":\"ImageObject\",\"inLanguage\":\"sv-SE\",\"@id\":\"https:\\\/\\\/www.myst.gr\\\/#\\\/schema\\\/logo\\\/image\\\/\",\"url\":\"https:\\\/\\\/www.myst.gr\\\/wp-content\\\/uploads\\\/2023\\\/01\\\/cropped-logomini.png\",\"contentUrl\":\"https:\\\/\\\/www.myst.gr\\\/wp-content\\\/uploads\\\/2023\\\/01\\\/cropped-logomini.png\",\"width\":780,\"height\":780,\"caption\":\"MYST\"},\"image\":{\"@id\":\"https:\\\/\\\/www.myst.gr\\\/#\\\/schema\\\/logo\\\/image\\\/\"}}]}<\/script>\n<!-- \/ Yoast SEO plugin. -->","yoast_head_json":{"title":"Torkad Gr\u00e4sl\u00f6k (Chives)","description":"Enjoy the natural freshness and elegant character of dried chives and enhance your recipes with precision and balance. Perfect for salads, sauces,","robots":{"index":"index","follow":"follow","max-snippet":"max-snippet:-1","max-image-preview":"max-image-preview:large","max-video-preview":"max-video-preview:-1"},"canonical":"https:\/\/www.myst.gr\/sv\/produkt\/chives\/","og_locale":"sv_SE","og_type":"article","og_title":"Dried Chives","og_description":"Enjoy the natural freshness and elegant character of dried chives and enhance your recipes with precision and balance. Perfect for salads, sauces,","og_url":"https:\/\/www.myst.gr\/sv\/produkt\/chives\/","og_site_name":"MYST","article_modified_time":"2026-04-14T10:48:42+00:00","og_image":[{"width":1000,"height":1000,"url":"https:\/\/www.myst.gr\/wp-content\/uploads\/2026\/03\/Chives-dried-1.jpg","type":"image\/jpeg"}],"twitter_card":"summary_large_image","twitter_misc":{"Ber\u00e4knad l\u00e4stid":"1 minut"},"schema":{"@context":"https:\/\/schema.org","@graph":[{"@type":"WebPage","@id":"https:\/\/www.myst.gr\/product\/chives\/","url":"https:\/\/www.myst.gr\/product\/chives\/","name":"Torkad Gr\u00e4sl\u00f6k (Chives)","isPartOf":{"@id":"https:\/\/www.myst.gr\/#website"},"primaryImageOfPage":{"@id":"https:\/\/www.myst.gr\/product\/chives\/#primaryimage"},"image":{"@id":"https:\/\/www.myst.gr\/product\/chives\/#primaryimage"},"thumbnailUrl":"https:\/\/www.myst.gr\/wp-content\/uploads\/2026\/03\/Chives-dried-1.jpg","datePublished":"2026-03-04T13:30:33+00:00","dateModified":"2026-04-14T10:48:42+00:00","description":"Enjoy the natural freshness and elegant character of dried chives and enhance your recipes with precision and balance. Perfect for salads, sauces,","breadcrumb":{"@id":"https:\/\/www.myst.gr\/product\/chives\/#breadcrumb"},"inLanguage":"sv-SE","potentialAction":[{"@type":"ReadAction","target":["https:\/\/www.myst.gr\/product\/chives\/"]}]},{"@type":"ImageObject","inLanguage":"sv-SE","@id":"https:\/\/www.myst.gr\/product\/chives\/#primaryimage","url":"https:\/\/www.myst.gr\/wp-content\/uploads\/2026\/03\/Chives-dried-1.jpg","contentUrl":"https:\/\/www.myst.gr\/wp-content\/uploads\/2026\/03\/Chives-dried-1.jpg","width":1000,"height":1000},{"@type":"BreadcrumbList","@id":"https:\/\/www.myst.gr\/product\/chives\/#breadcrumb","itemListElement":[{"@type":"ListItem","position":1,"name":"Home","item":"https:\/\/www.myst.gr\/"},{"@type":"ListItem","position":2,"name":"Shop","item":"https:\/\/www.myst.gr\/?page_id=628"},{"@type":"ListItem","position":3,"name":"Dried Chives"}]},{"@type":"WebSite","@id":"https:\/\/www.myst.gr\/#website","url":"https:\/\/www.myst.gr\/","name":"MYST","description":"| Discover the Taste of Greece","publisher":{"@id":"https:\/\/www.myst.gr\/#organization"},"potentialAction":[{"@type":"SearchAction","target":{"@type":"EntryPoint","urlTemplate":"https:\/\/www.myst.gr\/?s={search_term_string}"},"query-input":{"@type":"PropertyValueSpecification","valueRequired":true,"valueName":"search_term_string"}}],"inLanguage":"sv-SE"},{"@type":"Organization","@id":"https:\/\/www.myst.gr\/#organization","name":"MYST","url":"https:\/\/www.myst.gr\/","logo":{"@type":"ImageObject","inLanguage":"sv-SE","@id":"https:\/\/www.myst.gr\/#\/schema\/logo\/image\/","url":"https:\/\/www.myst.gr\/wp-content\/uploads\/2023\/01\/cropped-logomini.png","contentUrl":"https:\/\/www.myst.gr\/wp-content\/uploads\/2023\/01\/cropped-logomini.png","width":780,"height":780,"caption":"MYST"},"image":{"@id":"https:\/\/www.myst.gr\/#\/schema\/logo\/image\/"}}]}},"_links":{"self":[{"href":"https:\/\/www.myst.gr\/sv\/wp-json\/wp\/v2\/product\/24322","targetHints":{"allow":["GET"]}}],"collection":[{"href":"https:\/\/www.myst.gr\/sv\/wp-json\/wp\/v2\/product"}],"about":[{"href":"https:\/\/www.myst.gr\/sv\/wp-json\/wp\/v2\/types\/product"}],"wp:featuredmedia":[{"embeddable":true,"href":"https:\/\/www.myst.gr\/sv\/wp-json\/wp\/v2\/media\/24157"}],"wp:attachment":[{"href":"https:\/\/www.myst.gr\/sv\/wp-json\/wp\/v2\/media?parent=24322"}],"wp:term":[{"taxonomy":"product_cat","embeddable":true,"href":"https:\/\/www.myst.gr\/sv\/wp-json\/wp\/v2\/product_cat?post=24322"},{"taxonomy":"product_tag","embeddable":true,"href":"https:\/\/www.myst.gr\/sv\/wp-json\/wp\/v2\/product_tag?post=24322"}],"curies":[{"name":"wp","href":"https:\/\/api.w.org\/{rel}","templated":true}]}}