{"id":24292,"date":"2026-03-04T12:16:40","date_gmt":"2026-03-04T12:16:40","guid":{"rendered":"https:\/\/www.myst.gr\/?post_type=product&#038;p=24292"},"modified":"2026-04-14T10:48:16","modified_gmt":"2026-04-14T10:48:16","slug":"garlic-flakes","status":"publish","type":"product","link":"https:\/\/www.myst.gr\/sv\/product\/garlic-flakes\/","title":{"rendered":"Vitl\u00f6ksflingor"},"content":{"rendered":"<p>Vitl\u00f6ksflingor framst\u00e4lls av f\u00e4rsk vitl\u00f6k som torkas naturligt och sk\u00e4rs i tunna flingor, vilket bevarar dess karakteristiska smak och starka arom.<\/p>\n<p>De erbjuder bekv\u00e4mligheten av torkad vitl\u00f6k samtidigt som de beh\u00e5ller den naturliga smaken av f\u00e4rsk vitl\u00f6k, utan behov av att skala eller hacka. Under tillagningen \u00e5terfuktas flingorna l\u00e4tt och frig\u00f6r gradvis sin arom i r\u00e4tten.<\/p>\n<h3>\ud83c\udf73 Anv\u00e4ndning av vitl\u00f6ksflingor<\/h3>\n<p>Vitl\u00f6ksflingor \u00e4r perfekta i recept d\u00e4r man vill ha en n\u00e5got mer synlig vitl\u00f6ksstruktur.<\/p>\n<p>De kan anv\u00e4ndas i soppor, s\u00e5ser, marinader, baljv\u00e4xter, gr\u00f6nsaker, ugnsbakad potatis, risr\u00e4tter samt i r\u00e4tter med k\u00f6tt eller kyckling. De \u00e4r ocks\u00e5 utm\u00e4rkta i kryddblandningar, marinader och smaksatt olivolja.<\/p>\n<p>N\u00e4r de tillagas \u00e5terfuktas flingorna och ger maten en rik vitl\u00f6kssmak och naturlig arom.<\/p>\n<p><strong>\ud83e\ude7a Obs:<\/strong><\/p>\n<p>Informationen \u00e4r endast avsedd f\u00f6r allm\u00e4nt informationsbruk och utg\u00f6r inte medicinsk r\u00e5dgivning.<br \/>\nKontakta alltid l\u00e4kare eller nutritionist vid h\u00e4lsorelaterade fr\u00e5gor.<\/p>","protected":false},"excerpt":{"rendered":"<div class=\"page\" title=\"Page 5\">\n<div class=\"section\">\n<div class=\"layoutArea\">\n<div class=\"column\">\n<div class=\"page\" title=\"Page 6\">\n<div class=\"section\">\n<div class=\"layoutArea\">\n<div class=\"column\">\n<div class=\"page\" title=\"Page 5\">\n<div class=\"section\">\n<div class=\"layoutArea\">\n<div class=\"column\">\n<div class=\"page\" title=\"Page 6\">\n<div class=\"section\">\n<div class=\"layoutArea\">\n<div class=\"column\">\n<div class=\"page\" title=\"Page 14\">\n<div class=\"layoutArea\">\n<div class=\"column\">\n<div class=\"page\" title=\"Page 14\">\n<div class=\"layoutArea\">\n<div class=\"column\">\n<div class=\"page\" title=\"Page 5\">\n<div class=\"section\">\n<div class=\"layoutArea\">\n<div class=\"column\">\n<div class=\"page\" title=\"Page 6\">\n<div class=\"section\">\n<div class=\"layoutArea\">\n<div class=\"column\">\n<div class=\"page\" title=\"Page 5\">\n<div class=\"section\">\n<div class=\"layoutArea\">\n<div class=\"column\">\n<div class=\"page\" title=\"Page 6\">\n<div class=\"section\">\n<div class=\"layoutArea\">\n<div class=\"column\">\n<div class=\"page\" title=\"Page 5\">\n<div class=\"section\">\n<div class=\"layoutArea\">\n<div class=\"column\">\n<div class=\"page\" title=\"Page 6\">\n<div class=\"section\">\n<div class=\"layoutArea\">\n<div class=\"column\">\n<p class=\"p1\">Perfekt f\u00f6r att enkelt och rent tills\u00e4tta djup, arom och smak i alla r\u00e4tter.<\/p>\n<p class=\"p1\">Utan konserveringsmedel eller tillsatser. 100% naturlig produkt.<\/p>\n<p><strong>Inneh\u00e5ll: e 70g<\/strong><\/p>\n<\/div>\n<\/div>\n<\/div>\n<\/div>\n<\/div>\n<\/div>\n<\/div>\n<\/div>\n<\/div>\n<\/div>\n<\/div>\n<\/div>\n<\/div>\n<\/div>\n<\/div>\n<\/div>\n<\/div>\n<\/div>\n<\/div>\n<\/div>\n<\/div>\n<\/div>\n<\/div>\n<\/div>\n<p><a href=\"https:\/\/store.myst.gr\/en\/product\/garlic-flakes-jar\/\" target=\"_blank\" rel=\"noopener\"><img decoding=\"async\" class=\"alignnone wp-image-11129 size-full\" src=\"https:\/\/www.myst.gr\/wp-content\/uploads\/2021\/08\/Untitled-2.svg\" alt=\"\" width=\"200\" height=\"70\" \/><\/a><a href=\"https:\/\/www.myst.gr\/sv\/wholesale-dashboard\/\"><img decoding=\"async\" class=\"alignnone wp-image-11130 size-full\" src=\"https:\/\/www.myst.gr\/wp-content\/uploads\/2021\/08\/Untitled-3.svg\" alt=\"\" width=\"200\" height=\"70\" \/><\/a><\/p>\n<\/div>\n<\/div>\n<\/div>\n<\/div>\n<\/div>\n<\/div>\n<\/div>\n<\/div>\n<\/div>\n<\/div>\n<\/div>\n<\/div>\n<\/div>\n<\/div>\n<\/div>\n<\/div>\n<\/div>\n<\/div>\n<\/div>\n<\/div>\n<\/div>\n<\/div>","protected":false},"featured_media":24190,"template":"","meta":[],"product_cat":[162,144],"product_tag":[],"class_list":{"0":"post-24292","1":"product","2":"type-product","3":"status-publish","4":"has-post-thumbnail","6":"product_cat-spices","7":"product_cat-saltsandspices","9":"first","10":"instock","11":"product-type-simple","swatches":"rey-swatches","show_selected":""},"yoast_head":"<!-- This site is optimized with the Yoast SEO plugin v27.4 - https:\/\/yoast.com\/product\/yoast-seo-wordpress\/ -->\n<title>Garlic Flakes<\/title>\n<meta name=\"description\" content=\"They offer the convenience of dried garlic while maintaining the natural taste of fresh garlic, without the need for peeling or chopping. During cooking\" \/>\n<meta name=\"robots\" content=\"index, follow, max-snippet:-1, max-image-preview:large, max-video-preview:-1\" \/>\n<link rel=\"canonical\" href=\"https:\/\/www.myst.gr\/sv\/produkt\/garlic-flakes\/\" \/>\n<meta property=\"og:locale\" content=\"sv_SE\" \/>\n<meta property=\"og:type\" content=\"article\" \/>\n<meta property=\"og:title\" content=\"Garlic Flakes\" \/>\n<meta property=\"og:description\" content=\"They offer the convenience of dried garlic while maintaining the natural taste of fresh garlic, without the need for peeling or chopping. During cooking\" \/>\n<meta property=\"og:url\" content=\"https:\/\/www.myst.gr\/sv\/produkt\/garlic-flakes\/\" \/>\n<meta property=\"og:site_name\" content=\"MYST\" \/>\n<meta property=\"article:modified_time\" content=\"2026-04-14T10:48:16+00:00\" \/>\n<meta property=\"og:image\" content=\"https:\/\/www.myst.gr\/wp-content\/uploads\/2026\/03\/Garlic-flakes-1.jpg\" \/>\n\t<meta property=\"og:image:width\" content=\"1000\" \/>\n\t<meta property=\"og:image:height\" content=\"1000\" \/>\n\t<meta property=\"og:image:type\" content=\"image\/jpeg\" \/>\n<meta name=\"twitter:card\" content=\"summary_large_image\" \/>\n<meta name=\"twitter:label1\" content=\"Ber\u00e4knad l\u00e4stid\" \/>\n\t<meta name=\"twitter:data1\" content=\"1 minut\" \/>\n<script type=\"application\/ld+json\" class=\"yoast-schema-graph\">{\"@context\":\"https:\\\/\\\/schema.org\",\"@graph\":[{\"@type\":\"WebPage\",\"@id\":\"https:\\\/\\\/www.myst.gr\\\/product\\\/garlic-flakes\\\/\",\"url\":\"https:\\\/\\\/www.myst.gr\\\/product\\\/garlic-flakes\\\/\",\"name\":\"Garlic Flakes\",\"isPartOf\":{\"@id\":\"https:\\\/\\\/www.myst.gr\\\/#website\"},\"primaryImageOfPage\":{\"@id\":\"https:\\\/\\\/www.myst.gr\\\/product\\\/garlic-flakes\\\/#primaryimage\"},\"image\":{\"@id\":\"https:\\\/\\\/www.myst.gr\\\/product\\\/garlic-flakes\\\/#primaryimage\"},\"thumbnailUrl\":\"https:\\\/\\\/www.myst.gr\\\/wp-content\\\/uploads\\\/2026\\\/03\\\/Garlic-flakes-1.jpg\",\"datePublished\":\"2026-03-04T12:16:40+00:00\",\"dateModified\":\"2026-04-14T10:48:16+00:00\",\"description\":\"They offer the convenience of dried garlic while maintaining the natural taste of fresh garlic, without the need for peeling or chopping. During cooking\",\"breadcrumb\":{\"@id\":\"https:\\\/\\\/www.myst.gr\\\/product\\\/garlic-flakes\\\/#breadcrumb\"},\"inLanguage\":\"sv-SE\",\"potentialAction\":[{\"@type\":\"ReadAction\",\"target\":[\"https:\\\/\\\/www.myst.gr\\\/product\\\/garlic-flakes\\\/\"]}]},{\"@type\":\"ImageObject\",\"inLanguage\":\"sv-SE\",\"@id\":\"https:\\\/\\\/www.myst.gr\\\/product\\\/garlic-flakes\\\/#primaryimage\",\"url\":\"https:\\\/\\\/www.myst.gr\\\/wp-content\\\/uploads\\\/2026\\\/03\\\/Garlic-flakes-1.jpg\",\"contentUrl\":\"https:\\\/\\\/www.myst.gr\\\/wp-content\\\/uploads\\\/2026\\\/03\\\/Garlic-flakes-1.jpg\",\"width\":1000,\"height\":1000},{\"@type\":\"BreadcrumbList\",\"@id\":\"https:\\\/\\\/www.myst.gr\\\/product\\\/garlic-flakes\\\/#breadcrumb\",\"itemListElement\":[{\"@type\":\"ListItem\",\"position\":1,\"name\":\"Home\",\"item\":\"https:\\\/\\\/www.myst.gr\\\/\"},{\"@type\":\"ListItem\",\"position\":2,\"name\":\"Shop\",\"item\":\"https:\\\/\\\/www.myst.gr\\\/?page_id=628\"},{\"@type\":\"ListItem\",\"position\":3,\"name\":\"Garlic Flakes\"}]},{\"@type\":\"WebSite\",\"@id\":\"https:\\\/\\\/www.myst.gr\\\/#website\",\"url\":\"https:\\\/\\\/www.myst.gr\\\/\",\"name\":\"MYST\",\"description\":\"| Discover the Taste of Greece\",\"publisher\":{\"@id\":\"https:\\\/\\\/www.myst.gr\\\/#organization\"},\"potentialAction\":[{\"@type\":\"SearchAction\",\"target\":{\"@type\":\"EntryPoint\",\"urlTemplate\":\"https:\\\/\\\/www.myst.gr\\\/?s={search_term_string}\"},\"query-input\":{\"@type\":\"PropertyValueSpecification\",\"valueRequired\":true,\"valueName\":\"search_term_string\"}}],\"inLanguage\":\"sv-SE\"},{\"@type\":\"Organization\",\"@id\":\"https:\\\/\\\/www.myst.gr\\\/#organization\",\"name\":\"MYST\",\"url\":\"https:\\\/\\\/www.myst.gr\\\/\",\"logo\":{\"@type\":\"ImageObject\",\"inLanguage\":\"sv-SE\",\"@id\":\"https:\\\/\\\/www.myst.gr\\\/#\\\/schema\\\/logo\\\/image\\\/\",\"url\":\"https:\\\/\\\/www.myst.gr\\\/wp-content\\\/uploads\\\/2023\\\/01\\\/cropped-logomini.png\",\"contentUrl\":\"https:\\\/\\\/www.myst.gr\\\/wp-content\\\/uploads\\\/2023\\\/01\\\/cropped-logomini.png\",\"width\":780,\"height\":780,\"caption\":\"MYST\"},\"image\":{\"@id\":\"https:\\\/\\\/www.myst.gr\\\/#\\\/schema\\\/logo\\\/image\\\/\"}}]}<\/script>\n<!-- \/ Yoast SEO plugin. -->","yoast_head_json":{"title":"Vitl\u00f6ksflingor","description":"They offer the convenience of dried garlic while maintaining the natural taste of fresh garlic, without the need for peeling or chopping. During cooking","robots":{"index":"index","follow":"follow","max-snippet":"max-snippet:-1","max-image-preview":"max-image-preview:large","max-video-preview":"max-video-preview:-1"},"canonical":"https:\/\/www.myst.gr\/sv\/produkt\/garlic-flakes\/","og_locale":"sv_SE","og_type":"article","og_title":"Garlic Flakes","og_description":"They offer the convenience of dried garlic while maintaining the natural taste of fresh garlic, without the need for peeling or chopping. During cooking","og_url":"https:\/\/www.myst.gr\/sv\/produkt\/garlic-flakes\/","og_site_name":"MYST","article_modified_time":"2026-04-14T10:48:16+00:00","og_image":[{"width":1000,"height":1000,"url":"https:\/\/www.myst.gr\/wp-content\/uploads\/2026\/03\/Garlic-flakes-1.jpg","type":"image\/jpeg"}],"twitter_card":"summary_large_image","twitter_misc":{"Ber\u00e4knad l\u00e4stid":"1 minut"},"schema":{"@context":"https:\/\/schema.org","@graph":[{"@type":"WebPage","@id":"https:\/\/www.myst.gr\/product\/garlic-flakes\/","url":"https:\/\/www.myst.gr\/product\/garlic-flakes\/","name":"Vitl\u00f6ksflingor","isPartOf":{"@id":"https:\/\/www.myst.gr\/#website"},"primaryImageOfPage":{"@id":"https:\/\/www.myst.gr\/product\/garlic-flakes\/#primaryimage"},"image":{"@id":"https:\/\/www.myst.gr\/product\/garlic-flakes\/#primaryimage"},"thumbnailUrl":"https:\/\/www.myst.gr\/wp-content\/uploads\/2026\/03\/Garlic-flakes-1.jpg","datePublished":"2026-03-04T12:16:40+00:00","dateModified":"2026-04-14T10:48:16+00:00","description":"They offer the convenience of dried garlic while maintaining the natural taste of fresh garlic, without the need for peeling or chopping. During cooking","breadcrumb":{"@id":"https:\/\/www.myst.gr\/product\/garlic-flakes\/#breadcrumb"},"inLanguage":"sv-SE","potentialAction":[{"@type":"ReadAction","target":["https:\/\/www.myst.gr\/product\/garlic-flakes\/"]}]},{"@type":"ImageObject","inLanguage":"sv-SE","@id":"https:\/\/www.myst.gr\/product\/garlic-flakes\/#primaryimage","url":"https:\/\/www.myst.gr\/wp-content\/uploads\/2026\/03\/Garlic-flakes-1.jpg","contentUrl":"https:\/\/www.myst.gr\/wp-content\/uploads\/2026\/03\/Garlic-flakes-1.jpg","width":1000,"height":1000},{"@type":"BreadcrumbList","@id":"https:\/\/www.myst.gr\/product\/garlic-flakes\/#breadcrumb","itemListElement":[{"@type":"ListItem","position":1,"name":"Home","item":"https:\/\/www.myst.gr\/"},{"@type":"ListItem","position":2,"name":"Shop","item":"https:\/\/www.myst.gr\/?page_id=628"},{"@type":"ListItem","position":3,"name":"Garlic Flakes"}]},{"@type":"WebSite","@id":"https:\/\/www.myst.gr\/#website","url":"https:\/\/www.myst.gr\/","name":"MYST","description":"| Discover the Taste of Greece","publisher":{"@id":"https:\/\/www.myst.gr\/#organization"},"potentialAction":[{"@type":"SearchAction","target":{"@type":"EntryPoint","urlTemplate":"https:\/\/www.myst.gr\/?s={search_term_string}"},"query-input":{"@type":"PropertyValueSpecification","valueRequired":true,"valueName":"search_term_string"}}],"inLanguage":"sv-SE"},{"@type":"Organization","@id":"https:\/\/www.myst.gr\/#organization","name":"MYST","url":"https:\/\/www.myst.gr\/","logo":{"@type":"ImageObject","inLanguage":"sv-SE","@id":"https:\/\/www.myst.gr\/#\/schema\/logo\/image\/","url":"https:\/\/www.myst.gr\/wp-content\/uploads\/2023\/01\/cropped-logomini.png","contentUrl":"https:\/\/www.myst.gr\/wp-content\/uploads\/2023\/01\/cropped-logomini.png","width":780,"height":780,"caption":"MYST"},"image":{"@id":"https:\/\/www.myst.gr\/#\/schema\/logo\/image\/"}}]}},"_links":{"self":[{"href":"https:\/\/www.myst.gr\/sv\/wp-json\/wp\/v2\/product\/24292","targetHints":{"allow":["GET"]}}],"collection":[{"href":"https:\/\/www.myst.gr\/sv\/wp-json\/wp\/v2\/product"}],"about":[{"href":"https:\/\/www.myst.gr\/sv\/wp-json\/wp\/v2\/types\/product"}],"wp:featuredmedia":[{"embeddable":true,"href":"https:\/\/www.myst.gr\/sv\/wp-json\/wp\/v2\/media\/24190"}],"wp:attachment":[{"href":"https:\/\/www.myst.gr\/sv\/wp-json\/wp\/v2\/media?parent=24292"}],"wp:term":[{"taxonomy":"product_cat","embeddable":true,"href":"https:\/\/www.myst.gr\/sv\/wp-json\/wp\/v2\/product_cat?post=24292"},{"taxonomy":"product_tag","embeddable":true,"href":"https:\/\/www.myst.gr\/sv\/wp-json\/wp\/v2\/product_tag?post=24292"}],"curies":[{"name":"wp","href":"https:\/\/api.w.org\/{rel}","templated":true}]}}