{"id":24148,"date":"2026-03-04T11:10:34","date_gmt":"2026-03-04T11:10:34","guid":{"rendered":"https:\/\/www.myst.gr\/?post_type=product&#038;p=24148"},"modified":"2026-04-14T10:50:51","modified_gmt":"2026-04-14T10:50:51","slug":"sweet-chili-flakes","status":"publish","type":"product","link":"https:\/\/www.myst.gr\/sv\/product\/sweet-chili-flakes\/","title":{"rendered":"S\u00f6ta Chiliflingor"},"content":{"rendered":"<p>S\u00f6ta chiliflingor framst\u00e4lls av noggrant utvalda r\u00f6da paprikor som torkas naturligt och varsamt krossas, vilket bevarar deras livliga f\u00e4rg, rika arom och naturliga s\u00f6tma.<\/p>\n<p>Utan stark hetta men med fyllig smak och en mild arom \u00e4r de en viktig ingrediens i det medelhavska k\u00f6ket och ett perfekt val f\u00f6r dem som vill ha djup smak utan stark kryddighet.<\/p>\n<h3><b>Var du kan anv\u00e4nda s\u00f6ta chiliflingor<\/b><\/h3>\n<p>S\u00f6ta chiliflingor passar perfekt till baljv\u00e4xter och gr\u00f6nsaksgrytor, tomats\u00e5ser, pasta, ugnsbakad potatis, grillade gr\u00f6nsaker, k\u00f6tt och f\u00e5gel, skaldjur, soppor och traditionell trahana. De ger naturlig f\u00e4rg och balanserad smak utan att ta \u00f6ver andra ingredienser och lyfter varje recept p\u00e5 ett subtilt och autentiskt s\u00e4tt.<\/p>\n<h3><b>Kreativa anv\u00e4ndningsomr\u00e5den<\/b><\/h3>\n<p>Prova dem i hemgjorda marinader, salladsdressingar, kryddblandningar eller f\u00f6r att smaks\u00e4tta olivolja och skapa rik smak och naturlig arom i varje r\u00e4tt.<\/p>\n<p>De \u00e4r ocks\u00e5 perfekta till omeletter eller stekta \u00e4gg samt i hembakade pajer och degar och ger f\u00e4rg, mild s\u00f6tma och medelhavskarakt\u00e4r till b\u00e5de vardagliga och mer kreativa recept.<\/p>\n<p><strong>\ud83e\ude7a Obs:<\/strong><\/p>\n<p>Informationen \u00e4r endast avsedd f\u00f6r allm\u00e4nt informationsbruk och utg\u00f6r inte medicinsk r\u00e5dgivning.<br \/>\nKontakta alltid l\u00e4kare eller nutritionist vid h\u00e4lsorelaterade fr\u00e5gor.<\/p>","protected":false},"excerpt":{"rendered":"<div class=\"page\" title=\"Page 5\">\n<div class=\"section\">\n<div class=\"layoutArea\">\n<div class=\"column\">\n<div class=\"page\" title=\"Page 6\">\n<div class=\"section\">\n<div class=\"layoutArea\">\n<div class=\"column\">\n<div class=\"page\" title=\"Page 5\">\n<div class=\"section\">\n<div class=\"layoutArea\">\n<div class=\"column\">\n<div class=\"page\" title=\"Page 6\">\n<div class=\"section\">\n<div class=\"layoutArea\">\n<div class=\"column\">\n<div class=\"page\" title=\"Page 14\">\n<div class=\"layoutArea\">\n<div class=\"column\">\n<div class=\"page\" title=\"Page 14\">\n<div class=\"layoutArea\">\n<div class=\"column\">\n<div class=\"page\" title=\"Page 5\">\n<div class=\"section\">\n<div class=\"layoutArea\">\n<div class=\"column\">\n<div class=\"page\" title=\"Page 6\">\n<div class=\"section\">\n<div class=\"layoutArea\">\n<div class=\"column\">\n<div class=\"page\" title=\"Page 5\">\n<div class=\"section\">\n<div class=\"layoutArea\">\n<div class=\"column\">\n<div class=\"page\" title=\"Page 6\">\n<div class=\"section\">\n<div class=\"layoutArea\">\n<div class=\"column\">\n<div class=\"page\" title=\"Page 5\">\n<div class=\"section\">\n<div class=\"layoutArea\">\n<div class=\"column\">\n<div class=\"page\" title=\"Page 6\">\n<div class=\"section\">\n<div class=\"layoutArea\">\n<div class=\"column\">\n<p class=\"p1\">F\u00f6rh\u00f6j din matlagning med autentiska, h\u00f6gkvalitativa s\u00f6ta chiliflingor och ge dina r\u00e4tter den f\u00e4rg och arom de f\u00f6rtj\u00e4nar.<\/p>\n<p class=\"p1\">Utan konserveringsmedel eller tillsatser. 100% naturlig produkt.<\/p>\n<p><strong>Burkkapacitet : e 60g<\/strong><\/p>\n<\/div>\n<\/div>\n<\/div>\n<\/div>\n<\/div>\n<\/div>\n<\/div>\n<\/div>\n<\/div>\n<\/div>\n<\/div>\n<\/div>\n<\/div>\n<\/div>\n<\/div>\n<\/div>\n<\/div>\n<\/div>\n<\/div>\n<\/div>\n<\/div>\n<\/div>\n<\/div>\n<\/div>\n<p><a href=\"https:\/\/store.myst.gr\/en\/product\/sweet-chili-flakes\/\" target=\"_blank\" rel=\"noopener\"><img decoding=\"async\" class=\"alignnone wp-image-11129 size-full\" src=\"https:\/\/www.myst.gr\/wp-content\/uploads\/2021\/08\/Untitled-2.svg\" alt=\"\" width=\"200\" height=\"70\" \/><\/a><a href=\"https:\/\/www.myst.gr\/sv\/wholesale-dashboard\/\"><img decoding=\"async\" class=\"alignnone wp-image-11130 size-full\" src=\"https:\/\/www.myst.gr\/wp-content\/uploads\/2021\/08\/Untitled-3.svg\" alt=\"\" width=\"200\" height=\"70\" \/><\/a><\/p>\n<\/div>\n<\/div>\n<\/div>\n<\/div>\n<\/div>\n<\/div>\n<\/div>\n<\/div>\n<\/div>\n<\/div>\n<\/div>\n<\/div>\n<\/div>\n<\/div>\n<\/div>\n<\/div>\n<\/div>\n<\/div>\n<\/div>\n<\/div>\n<\/div>\n<\/div>","protected":false},"featured_media":24163,"template":"","meta":[],"product_cat":[162,144],"product_tag":[],"class_list":{"0":"post-24148","1":"product","2":"type-product","3":"status-publish","4":"has-post-thumbnail","6":"product_cat-spices","7":"product_cat-saltsandspices","9":"first","10":"instock","11":"product-type-simple","swatches":"rey-swatches","show_selected":""},"yoast_head":"<!-- This site is optimized with the Yoast SEO plugin v27.4 - https:\/\/yoast.com\/product\/yoast-seo-wordpress\/ -->\n<title>Sweet Chili Flakes - MYST<\/title>\n<meta name=\"description\" content=\"Enhance your cooking with authentic, high-quality Sweet Crushed Red Pepper and give your dishes the color and aroma they deserve.\" \/>\n<meta name=\"robots\" content=\"index, follow, max-snippet:-1, max-image-preview:large, max-video-preview:-1\" \/>\n<link rel=\"canonical\" href=\"https:\/\/www.myst.gr\/sv\/produkt\/sweet-chili-flakes\/\" \/>\n<meta property=\"og:locale\" content=\"sv_SE\" \/>\n<meta property=\"og:type\" content=\"article\" \/>\n<meta property=\"og:title\" content=\"Sweet Chili Flakes - MYST\" \/>\n<meta property=\"og:description\" content=\"Enhance your cooking with authentic, high-quality Sweet Crushed Red Pepper and give your dishes the color and aroma they deserve.\" \/>\n<meta property=\"og:url\" content=\"https:\/\/www.myst.gr\/sv\/produkt\/sweet-chili-flakes\/\" \/>\n<meta property=\"og:site_name\" content=\"MYST\" \/>\n<meta property=\"article:modified_time\" content=\"2026-04-14T10:50:51+00:00\" \/>\n<meta property=\"og:image\" content=\"https:\/\/www.myst.gr\/wp-content\/uploads\/2026\/03\/Sweet-bukovo-dried-1.jpg\" \/>\n\t<meta property=\"og:image:width\" content=\"1000\" \/>\n\t<meta property=\"og:image:height\" content=\"1000\" \/>\n\t<meta property=\"og:image:type\" content=\"image\/jpeg\" \/>\n<meta name=\"twitter:card\" content=\"summary_large_image\" \/>\n<meta name=\"twitter:label1\" content=\"Ber\u00e4knad l\u00e4stid\" \/>\n\t<meta name=\"twitter:data1\" content=\"2 minuter\" \/>\n<script type=\"application\/ld+json\" class=\"yoast-schema-graph\">{\"@context\":\"https:\\\/\\\/schema.org\",\"@graph\":[{\"@type\":\"WebPage\",\"@id\":\"https:\\\/\\\/www.myst.gr\\\/product\\\/sweet-chili-flakes\\\/\",\"url\":\"https:\\\/\\\/www.myst.gr\\\/product\\\/sweet-chili-flakes\\\/\",\"name\":\"Sweet Chili Flakes - MYST\",\"isPartOf\":{\"@id\":\"https:\\\/\\\/www.myst.gr\\\/#website\"},\"primaryImageOfPage\":{\"@id\":\"https:\\\/\\\/www.myst.gr\\\/product\\\/sweet-chili-flakes\\\/#primaryimage\"},\"image\":{\"@id\":\"https:\\\/\\\/www.myst.gr\\\/product\\\/sweet-chili-flakes\\\/#primaryimage\"},\"thumbnailUrl\":\"https:\\\/\\\/www.myst.gr\\\/wp-content\\\/uploads\\\/2026\\\/03\\\/Sweet-bukovo-dried-1.jpg\",\"datePublished\":\"2026-03-04T11:10:34+00:00\",\"dateModified\":\"2026-04-14T10:50:51+00:00\",\"description\":\"Enhance your cooking with authentic, high-quality Sweet Crushed Red Pepper and give your dishes the color and aroma they deserve.\",\"breadcrumb\":{\"@id\":\"https:\\\/\\\/www.myst.gr\\\/product\\\/sweet-chili-flakes\\\/#breadcrumb\"},\"inLanguage\":\"sv-SE\",\"potentialAction\":[{\"@type\":\"ReadAction\",\"target\":[\"https:\\\/\\\/www.myst.gr\\\/product\\\/sweet-chili-flakes\\\/\"]}]},{\"@type\":\"ImageObject\",\"inLanguage\":\"sv-SE\",\"@id\":\"https:\\\/\\\/www.myst.gr\\\/product\\\/sweet-chili-flakes\\\/#primaryimage\",\"url\":\"https:\\\/\\\/www.myst.gr\\\/wp-content\\\/uploads\\\/2026\\\/03\\\/Sweet-bukovo-dried-1.jpg\",\"contentUrl\":\"https:\\\/\\\/www.myst.gr\\\/wp-content\\\/uploads\\\/2026\\\/03\\\/Sweet-bukovo-dried-1.jpg\",\"width\":1000,\"height\":1000},{\"@type\":\"BreadcrumbList\",\"@id\":\"https:\\\/\\\/www.myst.gr\\\/product\\\/sweet-chili-flakes\\\/#breadcrumb\",\"itemListElement\":[{\"@type\":\"ListItem\",\"position\":1,\"name\":\"Home\",\"item\":\"https:\\\/\\\/www.myst.gr\\\/\"},{\"@type\":\"ListItem\",\"position\":2,\"name\":\"Shop\",\"item\":\"https:\\\/\\\/www.myst.gr\\\/?page_id=628\"},{\"@type\":\"ListItem\",\"position\":3,\"name\":\"Sweet Chili Flakes\"}]},{\"@type\":\"WebSite\",\"@id\":\"https:\\\/\\\/www.myst.gr\\\/#website\",\"url\":\"https:\\\/\\\/www.myst.gr\\\/\",\"name\":\"MYST\",\"description\":\"| Discover the Taste of Greece\",\"publisher\":{\"@id\":\"https:\\\/\\\/www.myst.gr\\\/#organization\"},\"potentialAction\":[{\"@type\":\"SearchAction\",\"target\":{\"@type\":\"EntryPoint\",\"urlTemplate\":\"https:\\\/\\\/www.myst.gr\\\/?s={search_term_string}\"},\"query-input\":{\"@type\":\"PropertyValueSpecification\",\"valueRequired\":true,\"valueName\":\"search_term_string\"}}],\"inLanguage\":\"sv-SE\"},{\"@type\":\"Organization\",\"@id\":\"https:\\\/\\\/www.myst.gr\\\/#organization\",\"name\":\"MYST\",\"url\":\"https:\\\/\\\/www.myst.gr\\\/\",\"logo\":{\"@type\":\"ImageObject\",\"inLanguage\":\"sv-SE\",\"@id\":\"https:\\\/\\\/www.myst.gr\\\/#\\\/schema\\\/logo\\\/image\\\/\",\"url\":\"https:\\\/\\\/www.myst.gr\\\/wp-content\\\/uploads\\\/2023\\\/01\\\/cropped-logomini.png\",\"contentUrl\":\"https:\\\/\\\/www.myst.gr\\\/wp-content\\\/uploads\\\/2023\\\/01\\\/cropped-logomini.png\",\"width\":780,\"height\":780,\"caption\":\"MYST\"},\"image\":{\"@id\":\"https:\\\/\\\/www.myst.gr\\\/#\\\/schema\\\/logo\\\/image\\\/\"}}]}<\/script>\n<!-- \/ Yoast SEO plugin. -->","yoast_head_json":{"title":"Sweet Chili Flakes - MYST","description":"F\u00f6rh\u00f6j din matlagning med autentiska, h\u00f6gkvalitativa s\u00f6ta chiliflingor och ge dina r\u00e4tter den f\u00e4rg och arom de f\u00f6rtj\u00e4nar.","robots":{"index":"index","follow":"follow","max-snippet":"max-snippet:-1","max-image-preview":"max-image-preview:large","max-video-preview":"max-video-preview:-1"},"canonical":"https:\/\/www.myst.gr\/sv\/produkt\/sweet-chili-flakes\/","og_locale":"sv_SE","og_type":"article","og_title":"Sweet Chili Flakes - MYST","og_description":"Enhance your cooking with authentic, high-quality Sweet Crushed Red Pepper and give your dishes the color and aroma they deserve.","og_url":"https:\/\/www.myst.gr\/sv\/produkt\/sweet-chili-flakes\/","og_site_name":"MYST","article_modified_time":"2026-04-14T10:50:51+00:00","og_image":[{"width":1000,"height":1000,"url":"https:\/\/www.myst.gr\/wp-content\/uploads\/2026\/03\/Sweet-bukovo-dried-1.jpg","type":"image\/jpeg"}],"twitter_card":"summary_large_image","twitter_misc":{"Ber\u00e4knad l\u00e4stid":"2 minuter"},"schema":{"@context":"https:\/\/schema.org","@graph":[{"@type":"WebPage","@id":"https:\/\/www.myst.gr\/product\/sweet-chili-flakes\/","url":"https:\/\/www.myst.gr\/product\/sweet-chili-flakes\/","name":"Sweet Chili Flakes - MYST","isPartOf":{"@id":"https:\/\/www.myst.gr\/#website"},"primaryImageOfPage":{"@id":"https:\/\/www.myst.gr\/product\/sweet-chili-flakes\/#primaryimage"},"image":{"@id":"https:\/\/www.myst.gr\/product\/sweet-chili-flakes\/#primaryimage"},"thumbnailUrl":"https:\/\/www.myst.gr\/wp-content\/uploads\/2026\/03\/Sweet-bukovo-dried-1.jpg","datePublished":"2026-03-04T11:10:34+00:00","dateModified":"2026-04-14T10:50:51+00:00","description":"F\u00f6rh\u00f6j din matlagning med autentiska, h\u00f6gkvalitativa s\u00f6ta chiliflingor och ge dina r\u00e4tter den f\u00e4rg och arom de f\u00f6rtj\u00e4nar.","breadcrumb":{"@id":"https:\/\/www.myst.gr\/product\/sweet-chili-flakes\/#breadcrumb"},"inLanguage":"sv-SE","potentialAction":[{"@type":"ReadAction","target":["https:\/\/www.myst.gr\/product\/sweet-chili-flakes\/"]}]},{"@type":"ImageObject","inLanguage":"sv-SE","@id":"https:\/\/www.myst.gr\/product\/sweet-chili-flakes\/#primaryimage","url":"https:\/\/www.myst.gr\/wp-content\/uploads\/2026\/03\/Sweet-bukovo-dried-1.jpg","contentUrl":"https:\/\/www.myst.gr\/wp-content\/uploads\/2026\/03\/Sweet-bukovo-dried-1.jpg","width":1000,"height":1000},{"@type":"BreadcrumbList","@id":"https:\/\/www.myst.gr\/product\/sweet-chili-flakes\/#breadcrumb","itemListElement":[{"@type":"ListItem","position":1,"name":"Home","item":"https:\/\/www.myst.gr\/"},{"@type":"ListItem","position":2,"name":"Shop","item":"https:\/\/www.myst.gr\/?page_id=628"},{"@type":"ListItem","position":3,"name":"Sweet Chili Flakes"}]},{"@type":"WebSite","@id":"https:\/\/www.myst.gr\/#website","url":"https:\/\/www.myst.gr\/","name":"MYST","description":"| Discover the Taste of Greece","publisher":{"@id":"https:\/\/www.myst.gr\/#organization"},"potentialAction":[{"@type":"SearchAction","target":{"@type":"EntryPoint","urlTemplate":"https:\/\/www.myst.gr\/?s={search_term_string}"},"query-input":{"@type":"PropertyValueSpecification","valueRequired":true,"valueName":"search_term_string"}}],"inLanguage":"sv-SE"},{"@type":"Organization","@id":"https:\/\/www.myst.gr\/#organization","name":"MYST","url":"https:\/\/www.myst.gr\/","logo":{"@type":"ImageObject","inLanguage":"sv-SE","@id":"https:\/\/www.myst.gr\/#\/schema\/logo\/image\/","url":"https:\/\/www.myst.gr\/wp-content\/uploads\/2023\/01\/cropped-logomini.png","contentUrl":"https:\/\/www.myst.gr\/wp-content\/uploads\/2023\/01\/cropped-logomini.png","width":780,"height":780,"caption":"MYST"},"image":{"@id":"https:\/\/www.myst.gr\/#\/schema\/logo\/image\/"}}]}},"_links":{"self":[{"href":"https:\/\/www.myst.gr\/sv\/wp-json\/wp\/v2\/product\/24148","targetHints":{"allow":["GET"]}}],"collection":[{"href":"https:\/\/www.myst.gr\/sv\/wp-json\/wp\/v2\/product"}],"about":[{"href":"https:\/\/www.myst.gr\/sv\/wp-json\/wp\/v2\/types\/product"}],"wp:featuredmedia":[{"embeddable":true,"href":"https:\/\/www.myst.gr\/sv\/wp-json\/wp\/v2\/media\/24163"}],"wp:attachment":[{"href":"https:\/\/www.myst.gr\/sv\/wp-json\/wp\/v2\/media?parent=24148"}],"wp:term":[{"taxonomy":"product_cat","embeddable":true,"href":"https:\/\/www.myst.gr\/sv\/wp-json\/wp\/v2\/product_cat?post=24148"},{"taxonomy":"product_tag","embeddable":true,"href":"https:\/\/www.myst.gr\/sv\/wp-json\/wp\/v2\/product_tag?post=24148"}],"curies":[{"name":"wp","href":"https:\/\/api.w.org\/{rel}","templated":true}]}}