{"id":23503,"date":"2026-02-16T13:58:52","date_gmt":"2026-02-16T13:58:52","guid":{"rendered":"https:\/\/www.myst.gr\/?post_type=product&#038;p=23503"},"modified":"2026-02-25T07:51:38","modified_gmt":"2026-02-25T07:51:38","slug":"dry-bee-pollen","status":"publish","type":"product","link":"https:\/\/www.myst.gr\/sv\/product\/dry-bee-pollen\/","title":{"rendered":"Torkat Bipollen"},"content":{"rendered":"<p data-start=\"243\" data-end=\"562\">Torkat bipollen \u00e4r en 100 % naturlig produkt fr\u00e5n bikupan, noggrant insamlad och varsamt torkad f\u00f6r att bevara sina v\u00e4rdefulla n\u00e4rings\u00e4mnen. Det betraktas som en naturlig superfood, rik p\u00e5 proteiner, aminosyror, vitaminer, mineraler och antioxidanter, och bidrar till naturlig vitalitet och balans som en del av den dagliga kosten.<\/p>\n<p data-start=\"564\" data-end=\"809\">Den skonsamma torkningsprocessen hj\u00e4lper till att bevara den naturliga smaken, aromen och n\u00e4ringsv\u00e4rdet, helt utan tillsatser eller konserveringsmedel. Den korniga strukturen och den milda, l\u00e4tt s\u00f6ta smaken g\u00f6r den enkel att anv\u00e4nda i vardagen.<\/p>\n<p data-start=\"811\" data-end=\"966\">Kan \u00e4tas som den \u00e4r eller tills\u00e4ttas i yoghurt, smoothies, juicer, fruktsallader eller flingor och fungerar som ett naturligt tillskott f\u00f6r energi och v\u00e4lbefinnande.<\/p>\n<p data-start=\"968\" data-end=\"1070\"><strong>Passar till:<\/strong> daglig vitalitet, naturligt energist\u00f6d, balanserad kost, idrottare och aktiva livsstilar.<\/p>\n<h3>Detaljer<\/h3>\n<p>Greklands produkt<br \/>\nF\u00f6rvaras p\u00e5 sval och m\u00f6rk plats<\/p>\n<p><img decoding=\"async\" class=\"alignnone wp-image-8157\" src=\"https:\/\/www.myst.gr\/wp-content\/uploads\/2020\/11\/isoFoo-1.svg\" alt=\"\" width=\"66\" height=\"66\" \/><\/p>","protected":false},"excerpt":{"rendered":"<p data-start=\"179\" data-end=\"241\"><strong data-start=\"179\" data-end=\"241\">Naturlig energi, n\u00e4ringsrikedom och dagligt v\u00e4lbefinnande<\/strong><\/p>\n<p data-start=\"811\" data-end=\"966\">Kan \u00e4tas som den \u00e4r eller tills\u00e4ttas i yoghurt, smoothies, juicer, fruktsallader eller flingor och fungerar som ett naturligt tillskott f\u00f6r energi och v\u00e4lbefinnande.<\/p>\n<div class=\"page\" title=\"Page 5\">\n<div class=\"section\">\n<div class=\"layoutArea\">\n<div class=\"column\">\n<div class=\"page\" title=\"Page 6\">\n<div class=\"section\">\n<div class=\"layoutArea\">\n<div class=\"column\">\n<div class=\"page\" title=\"Page 5\">\n<div class=\"section\">\n<div class=\"layoutArea\">\n<div class=\"column\">\n<div class=\"page\" title=\"Page 6\">\n<div class=\"section\">\n<div class=\"layoutArea\">\n<div class=\"column\">\n<div class=\"page\" title=\"Page 5\">\n<div class=\"section\">\n<div class=\"layoutArea\">\n<div class=\"column\">\n<div class=\"page\" title=\"Page 6\">\n<div class=\"section\">\n<div class=\"layoutArea\">\n<div class=\"column\">\n<p><strong>Burkkapacitet : e 120g<\/strong><\/p>\n<\/div>\n<\/div>\n<\/div>\n<\/div>\n<\/div>\n<\/div>\n<\/div>\n<\/div>\n<\/div>\n<\/div>\n<\/div>\n<\/div>\n<\/div>\n<\/div>\n<\/div>\n<\/div>\n<\/div>\n<\/div>\n<\/div>\n<\/div>\n<\/div>\n<\/div>\n<\/div>\n<\/div>\n<p><a href=\"https:\/\/store.myst.gr\/en\/product\/bee-pollen\/\" target=\"_blank\" rel=\"noopener\"><img decoding=\"async\" class=\"alignnone wp-image-11129 size-full\" src=\"https:\/\/www.myst.gr\/wp-content\/uploads\/2021\/08\/Untitled-2.svg\" alt=\"\" width=\"200\" height=\"70\" \/><\/a><a href=\"https:\/\/www.myst.gr\/sv\/wholesale-dashboard\/\"><img decoding=\"async\" class=\"alignnone wp-image-11130 size-full\" src=\"https:\/\/www.myst.gr\/wp-content\/uploads\/2021\/08\/Untitled-3.svg\" alt=\"\" width=\"200\" height=\"70\" \/><\/a><\/p>","protected":false},"featured_media":23447,"template":"","meta":[],"product_cat":[175],"product_tag":[],"class_list":{"0":"post-23503","1":"product","2":"type-product","3":"status-publish","4":"has-post-thumbnail","6":"product_cat-honey","8":"first","9":"instock","10":"product-type-simple","swatches":"rey-swatches","show_selected":""},"yoast_head":"<!-- This site is optimized with the Yoast SEO plugin v27.4 - https:\/\/yoast.com\/product\/yoast-seo-wordpress\/ -->\n<title>Dry Bee Pollen - MYST<\/title>\n<meta name=\"description\" content=\"The mild drying process helps maintain its natural flavor, aroma and nutritional value, without any additives or preservatives. Its granular texture\" \/>\n<meta name=\"robots\" content=\"index, follow, max-snippet:-1, max-image-preview:large, max-video-preview:-1\" \/>\n<link rel=\"canonical\" href=\"https:\/\/www.myst.gr\/sv\/produkt\/dry-bee-pollen\/\" \/>\n<meta property=\"og:locale\" content=\"sv_SE\" \/>\n<meta property=\"og:type\" content=\"article\" \/>\n<meta property=\"og:title\" content=\"Dry Bee Pollen - MYST\" \/>\n<meta property=\"og:description\" content=\"The mild drying process helps maintain its natural flavor, aroma and nutritional value, without any additives or preservatives. Its granular texture\" \/>\n<meta property=\"og:url\" content=\"https:\/\/www.myst.gr\/sv\/produkt\/dry-bee-pollen\/\" \/>\n<meta property=\"og:site_name\" content=\"MYST\" \/>\n<meta property=\"article:modified_time\" content=\"2026-02-25T07:51:38+00:00\" \/>\n<meta property=\"og:image\" content=\"https:\/\/www.myst.gr\/wp-content\/uploads\/2026\/02\/bee-pollen-1.jpg\" \/>\n\t<meta property=\"og:image:width\" content=\"1000\" \/>\n\t<meta property=\"og:image:height\" content=\"1000\" \/>\n\t<meta property=\"og:image:type\" content=\"image\/jpeg\" \/>\n<meta name=\"twitter:card\" content=\"summary_large_image\" \/>\n<meta name=\"twitter:label1\" content=\"Ber\u00e4knad l\u00e4stid\" \/>\n\t<meta name=\"twitter:data1\" content=\"1 minut\" \/>\n<script type=\"application\/ld+json\" class=\"yoast-schema-graph\">{\"@context\":\"https:\\\/\\\/schema.org\",\"@graph\":[{\"@type\":\"WebPage\",\"@id\":\"https:\\\/\\\/www.myst.gr\\\/product\\\/dry-bee-pollen\\\/\",\"url\":\"https:\\\/\\\/www.myst.gr\\\/product\\\/dry-bee-pollen\\\/\",\"name\":\"Dry Bee Pollen - MYST\",\"isPartOf\":{\"@id\":\"https:\\\/\\\/www.myst.gr\\\/#website\"},\"primaryImageOfPage\":{\"@id\":\"https:\\\/\\\/www.myst.gr\\\/product\\\/dry-bee-pollen\\\/#primaryimage\"},\"image\":{\"@id\":\"https:\\\/\\\/www.myst.gr\\\/product\\\/dry-bee-pollen\\\/#primaryimage\"},\"thumbnailUrl\":\"https:\\\/\\\/www.myst.gr\\\/wp-content\\\/uploads\\\/2026\\\/02\\\/bee-pollen-1.jpg\",\"datePublished\":\"2026-02-16T13:58:52+00:00\",\"dateModified\":\"2026-02-25T07:51:38+00:00\",\"description\":\"The mild drying process helps maintain its natural flavor, aroma and nutritional value, without any additives or preservatives. Its granular texture\",\"breadcrumb\":{\"@id\":\"https:\\\/\\\/www.myst.gr\\\/product\\\/dry-bee-pollen\\\/#breadcrumb\"},\"inLanguage\":\"sv-SE\",\"potentialAction\":[{\"@type\":\"ReadAction\",\"target\":[\"https:\\\/\\\/www.myst.gr\\\/product\\\/dry-bee-pollen\\\/\"]}]},{\"@type\":\"ImageObject\",\"inLanguage\":\"sv-SE\",\"@id\":\"https:\\\/\\\/www.myst.gr\\\/product\\\/dry-bee-pollen\\\/#primaryimage\",\"url\":\"https:\\\/\\\/www.myst.gr\\\/wp-content\\\/uploads\\\/2026\\\/02\\\/bee-pollen-1.jpg\",\"contentUrl\":\"https:\\\/\\\/www.myst.gr\\\/wp-content\\\/uploads\\\/2026\\\/02\\\/bee-pollen-1.jpg\",\"width\":1000,\"height\":1000},{\"@type\":\"BreadcrumbList\",\"@id\":\"https:\\\/\\\/www.myst.gr\\\/product\\\/dry-bee-pollen\\\/#breadcrumb\",\"itemListElement\":[{\"@type\":\"ListItem\",\"position\":1,\"name\":\"Home\",\"item\":\"https:\\\/\\\/www.myst.gr\\\/\"},{\"@type\":\"ListItem\",\"position\":2,\"name\":\"Shop\",\"item\":\"https:\\\/\\\/www.myst.gr\\\/?page_id=628\"},{\"@type\":\"ListItem\",\"position\":3,\"name\":\"Dry Bee Pollen\"}]},{\"@type\":\"WebSite\",\"@id\":\"https:\\\/\\\/www.myst.gr\\\/#website\",\"url\":\"https:\\\/\\\/www.myst.gr\\\/\",\"name\":\"MYST\",\"description\":\"| Discover the Taste of Greece\",\"publisher\":{\"@id\":\"https:\\\/\\\/www.myst.gr\\\/#organization\"},\"potentialAction\":[{\"@type\":\"SearchAction\",\"target\":{\"@type\":\"EntryPoint\",\"urlTemplate\":\"https:\\\/\\\/www.myst.gr\\\/?s={search_term_string}\"},\"query-input\":{\"@type\":\"PropertyValueSpecification\",\"valueRequired\":true,\"valueName\":\"search_term_string\"}}],\"inLanguage\":\"sv-SE\"},{\"@type\":\"Organization\",\"@id\":\"https:\\\/\\\/www.myst.gr\\\/#organization\",\"name\":\"MYST\",\"url\":\"https:\\\/\\\/www.myst.gr\\\/\",\"logo\":{\"@type\":\"ImageObject\",\"inLanguage\":\"sv-SE\",\"@id\":\"https:\\\/\\\/www.myst.gr\\\/#\\\/schema\\\/logo\\\/image\\\/\",\"url\":\"https:\\\/\\\/www.myst.gr\\\/wp-content\\\/uploads\\\/2023\\\/01\\\/cropped-logomini.png\",\"contentUrl\":\"https:\\\/\\\/www.myst.gr\\\/wp-content\\\/uploads\\\/2023\\\/01\\\/cropped-logomini.png\",\"width\":780,\"height\":780,\"caption\":\"MYST\"},\"image\":{\"@id\":\"https:\\\/\\\/www.myst.gr\\\/#\\\/schema\\\/logo\\\/image\\\/\"}}]}<\/script>\n<!-- \/ Yoast SEO plugin. -->","yoast_head_json":{"title":"Dry Bee Pollen - MYST","description":"The mild drying process helps maintain its natural flavor, aroma and nutritional value, without any additives or preservatives. Its granular texture","robots":{"index":"index","follow":"follow","max-snippet":"max-snippet:-1","max-image-preview":"max-image-preview:large","max-video-preview":"max-video-preview:-1"},"canonical":"https:\/\/www.myst.gr\/sv\/produkt\/dry-bee-pollen\/","og_locale":"sv_SE","og_type":"article","og_title":"Dry Bee Pollen - MYST","og_description":"The mild drying process helps maintain its natural flavor, aroma and nutritional value, without any additives or preservatives. Its granular texture","og_url":"https:\/\/www.myst.gr\/sv\/produkt\/dry-bee-pollen\/","og_site_name":"MYST","article_modified_time":"2026-02-25T07:51:38+00:00","og_image":[{"width":1000,"height":1000,"url":"https:\/\/www.myst.gr\/wp-content\/uploads\/2026\/02\/bee-pollen-1.jpg","type":"image\/jpeg"}],"twitter_card":"summary_large_image","twitter_misc":{"Ber\u00e4knad l\u00e4stid":"1 minut"},"schema":{"@context":"https:\/\/schema.org","@graph":[{"@type":"WebPage","@id":"https:\/\/www.myst.gr\/product\/dry-bee-pollen\/","url":"https:\/\/www.myst.gr\/product\/dry-bee-pollen\/","name":"Dry Bee Pollen - MYST","isPartOf":{"@id":"https:\/\/www.myst.gr\/#website"},"primaryImageOfPage":{"@id":"https:\/\/www.myst.gr\/product\/dry-bee-pollen\/#primaryimage"},"image":{"@id":"https:\/\/www.myst.gr\/product\/dry-bee-pollen\/#primaryimage"},"thumbnailUrl":"https:\/\/www.myst.gr\/wp-content\/uploads\/2026\/02\/bee-pollen-1.jpg","datePublished":"2026-02-16T13:58:52+00:00","dateModified":"2026-02-25T07:51:38+00:00","description":"The mild drying process helps maintain its natural flavor, aroma and nutritional value, without any additives or preservatives. Its granular texture","breadcrumb":{"@id":"https:\/\/www.myst.gr\/product\/dry-bee-pollen\/#breadcrumb"},"inLanguage":"sv-SE","potentialAction":[{"@type":"ReadAction","target":["https:\/\/www.myst.gr\/product\/dry-bee-pollen\/"]}]},{"@type":"ImageObject","inLanguage":"sv-SE","@id":"https:\/\/www.myst.gr\/product\/dry-bee-pollen\/#primaryimage","url":"https:\/\/www.myst.gr\/wp-content\/uploads\/2026\/02\/bee-pollen-1.jpg","contentUrl":"https:\/\/www.myst.gr\/wp-content\/uploads\/2026\/02\/bee-pollen-1.jpg","width":1000,"height":1000},{"@type":"BreadcrumbList","@id":"https:\/\/www.myst.gr\/product\/dry-bee-pollen\/#breadcrumb","itemListElement":[{"@type":"ListItem","position":1,"name":"Home","item":"https:\/\/www.myst.gr\/"},{"@type":"ListItem","position":2,"name":"Shop","item":"https:\/\/www.myst.gr\/?page_id=628"},{"@type":"ListItem","position":3,"name":"Dry Bee Pollen"}]},{"@type":"WebSite","@id":"https:\/\/www.myst.gr\/#website","url":"https:\/\/www.myst.gr\/","name":"MYST","description":"| Discover the Taste of Greece","publisher":{"@id":"https:\/\/www.myst.gr\/#organization"},"potentialAction":[{"@type":"SearchAction","target":{"@type":"EntryPoint","urlTemplate":"https:\/\/www.myst.gr\/?s={search_term_string}"},"query-input":{"@type":"PropertyValueSpecification","valueRequired":true,"valueName":"search_term_string"}}],"inLanguage":"sv-SE"},{"@type":"Organization","@id":"https:\/\/www.myst.gr\/#organization","name":"MYST","url":"https:\/\/www.myst.gr\/","logo":{"@type":"ImageObject","inLanguage":"sv-SE","@id":"https:\/\/www.myst.gr\/#\/schema\/logo\/image\/","url":"https:\/\/www.myst.gr\/wp-content\/uploads\/2023\/01\/cropped-logomini.png","contentUrl":"https:\/\/www.myst.gr\/wp-content\/uploads\/2023\/01\/cropped-logomini.png","width":780,"height":780,"caption":"MYST"},"image":{"@id":"https:\/\/www.myst.gr\/#\/schema\/logo\/image\/"}}]}},"_links":{"self":[{"href":"https:\/\/www.myst.gr\/sv\/wp-json\/wp\/v2\/product\/23503","targetHints":{"allow":["GET"]}}],"collection":[{"href":"https:\/\/www.myst.gr\/sv\/wp-json\/wp\/v2\/product"}],"about":[{"href":"https:\/\/www.myst.gr\/sv\/wp-json\/wp\/v2\/types\/product"}],"wp:featuredmedia":[{"embeddable":true,"href":"https:\/\/www.myst.gr\/sv\/wp-json\/wp\/v2\/media\/23447"}],"wp:attachment":[{"href":"https:\/\/www.myst.gr\/sv\/wp-json\/wp\/v2\/media?parent=23503"}],"wp:term":[{"taxonomy":"product_cat","embeddable":true,"href":"https:\/\/www.myst.gr\/sv\/wp-json\/wp\/v2\/product_cat?post=23503"},{"taxonomy":"product_tag","embeddable":true,"href":"https:\/\/www.myst.gr\/sv\/wp-json\/wp\/v2\/product_tag?post=23503"}],"curies":[{"name":"wp","href":"https:\/\/api.w.org\/{rel}","templated":true}]}}