{"id":22061,"date":"2025-12-04T13:12:51","date_gmt":"2025-12-04T13:12:51","guid":{"rendered":"https:\/\/www.myst.gr\/?post_type=product&#038;p=22061"},"modified":"2026-03-26T06:57:26","modified_gmt":"2026-03-26T06:57:26","slug":"relax-night","status":"publish","type":"product","link":"https:\/\/www.myst.gr\/sv\/product\/relax-night\/","title":{"rendered":"RELAX NIGHT | Naturlig Avslappning"},"content":{"rendered":"<p class=\"p1\"><span class=\"s1\"><b>RELAX NIGHT<\/b><\/span>\u00a0\u00e4r en lugnande botanisk blandning med citronmeliss, lavendel och \u00e4pple. Den \u00e4r skapad f\u00f6r att st\u00f6dja en stillsam kv\u00e4llsrutin och ger en mjuk, blommig arom, naturlig avslappning och en behaglig smak \u2013 perfekt f\u00f6r att varva ner efter en kr\u00e4vande dag. Idealisk f\u00f6r alla som vill ha ett fridfullt kv\u00e4llsritual.<\/p>\n<p><strong>F\u00f6rdelar:<\/strong><\/p>\n<p>\u2022 Naturlig avslappning &amp; kv\u00e4llskomfort<br \/>\n\u2022 Blommig, mild och lugnande smak<br \/>\n\u2022 Koffeinfri \u2022 100% botanisk<br \/>\n\u2022 St\u00f6djer en lugn kv\u00e4llsrutin<\/p>\n<p><strong>Smakprofil :\u00a0<\/strong>Mjuk, aromatisk, blommig med subtil naturlig s\u00f6tma fr\u00e5n \u00e4pple.<\/p>\n<p><strong>Anv\u00e4ndning :\u00a0<\/strong>Blanda\u00a0<span class=\"s1\"><b>5g<\/b><\/span>\u00a0i\u00a0<span class=\"s1\"><b>200ml vatten <\/b><\/span>och drick l\u00e5ngsamt.<\/p>\n<p><strong>Komponenten :<\/strong>\u00a0Citronmelisspulver, Lavendelpulver, \u00c4ppelpulver, Vaniljpulver, Rismj\u00f6l.<\/p>\n<p><strong><span class=\"s1\">Allergenuttalande<\/span><\/strong><\/p>\n<p><span class=\"s1\">Vi f\u00f6rst\u00e5r allvaret i livsmedelsallergier och k\u00e4nslighet och kommer alltid att ange dessa ingredienser p\u00e5 v\u00e5r etikett i ingrediensf\u00f6rklaringen - de kommer aldrig att d\u00f6ljas under orden \"kryddor\" eller \"naturliga smaker\":<\/span><\/p>\n<p><span class=\"s1\">F\u00f6r den senaste informationen om allergener och n\u00e4rings\u00e4mnen \u00e4r det viktigt att du l\u00e4ser ingrediensf\u00f6rklaringen p\u00e5 f\u00f6rpackningen vid k\u00f6ptillf\u00e4llet.<\/span><\/p>\n<p>&nbsp;<\/p>\n<p>&nbsp;<\/p>","protected":false},"excerpt":{"rendered":"<p>En rogivande blandning av citronmeliss, lavendel och vanilj. Hj\u00e4lper till att sl\u00e4ppa sp\u00e4nningar, lugna sinnena och f\u00f6rbereda kroppen f\u00f6r djup vila.<\/p>\n<p><strong>Nettovikt: e 70g \/ 14 portioner \u00e0 5g<\/strong><\/p>\n<p><a href=\"https:\/\/store.myst.gr\/en\/product\/relax-night\/\" target=\"_blank\" rel=\"noopener\"><img decoding=\"async\" class=\"alignnone wp-image-11129 size-full\" src=\"https:\/\/www.myst.gr\/wp-content\/uploads\/2021\/08\/Untitled-2.svg\" alt=\"\" width=\"200\" height=\"70\" \/><\/a><a href=\"https:\/\/www.myst.gr\/sv\/wholesale-dashboard\/\"><img decoding=\"async\" class=\"alignnone wp-image-11130 size-full\" src=\"https:\/\/www.myst.gr\/wp-content\/uploads\/2021\/08\/Untitled-3.svg\" alt=\"\" width=\"200\" height=\"70\" \/><\/a><\/p>","protected":false},"featured_media":22039,"template":"","meta":[],"product_cat":[173,144],"product_tag":[],"class_list":{"0":"post-22061","1":"product","2":"type-product","3":"status-publish","4":"has-post-thumbnail","6":"product_cat-shots-drinks","7":"product_cat-saltsandspices","9":"first","10":"instock","11":"product-type-simple","swatches":"rey-swatches","show_selected":""},"yoast_head":"<!-- This site is optimized with the Yoast SEO plugin v27.4 - https:\/\/yoast.com\/product\/yoast-seo-wordpress\/ -->\n<title>RELAX NIGHT | Natural Relaxation - MYST<\/title>\n<meta name=\"description\" content=\"A soothing blend of melissa, lavender, and vanilla. Helps unwind tension, calm the senses and prepare the body for deep rest.\" \/>\n<meta name=\"robots\" content=\"index, follow, max-snippet:-1, max-image-preview:large, max-video-preview:-1\" \/>\n<link rel=\"canonical\" href=\"https:\/\/www.myst.gr\/sv\/produkt\/relax-night\/\" \/>\n<meta property=\"og:locale\" content=\"sv_SE\" \/>\n<meta property=\"og:type\" content=\"article\" \/>\n<meta property=\"og:title\" content=\"RELAX NIGHT | Natural Relaxation - MYST\" \/>\n<meta property=\"og:description\" content=\"A soothing blend of melissa, lavender, and vanilla. Helps unwind tension, calm the senses and prepare the body for deep rest.\" \/>\n<meta property=\"og:url\" content=\"https:\/\/www.myst.gr\/sv\/produkt\/relax-night\/\" \/>\n<meta property=\"og:site_name\" content=\"MYST\" \/>\n<meta property=\"article:modified_time\" content=\"2026-03-26T06:57:26+00:00\" \/>\n<meta property=\"og:image\" content=\"https:\/\/www.myst.gr\/wp-content\/uploads\/2025\/12\/Relax-1.jpg\" \/>\n\t<meta property=\"og:image:width\" content=\"1000\" \/>\n\t<meta property=\"og:image:height\" content=\"1000\" \/>\n\t<meta property=\"og:image:type\" content=\"image\/jpeg\" \/>\n<meta name=\"twitter:card\" content=\"summary_large_image\" \/>\n<meta name=\"twitter:label1\" content=\"Ber\u00e4knad l\u00e4stid\" \/>\n\t<meta name=\"twitter:data1\" content=\"1 minut\" \/>\n<script type=\"application\/ld+json\" class=\"yoast-schema-graph\">{\"@context\":\"https:\\\/\\\/schema.org\",\"@graph\":[{\"@type\":\"WebPage\",\"@id\":\"https:\\\/\\\/www.myst.gr\\\/product\\\/relax-night\\\/\",\"url\":\"https:\\\/\\\/www.myst.gr\\\/product\\\/relax-night\\\/\",\"name\":\"RELAX NIGHT | Natural Relaxation - MYST\",\"isPartOf\":{\"@id\":\"https:\\\/\\\/www.myst.gr\\\/#website\"},\"primaryImageOfPage\":{\"@id\":\"https:\\\/\\\/www.myst.gr\\\/product\\\/relax-night\\\/#primaryimage\"},\"image\":{\"@id\":\"https:\\\/\\\/www.myst.gr\\\/product\\\/relax-night\\\/#primaryimage\"},\"thumbnailUrl\":\"https:\\\/\\\/www.myst.gr\\\/wp-content\\\/uploads\\\/2025\\\/12\\\/Relax-1.jpg\",\"datePublished\":\"2025-12-04T13:12:51+00:00\",\"dateModified\":\"2026-03-26T06:57:26+00:00\",\"description\":\"A soothing blend of melissa, lavender, and vanilla. Helps unwind tension, calm the senses and prepare the body for deep rest.\",\"breadcrumb\":{\"@id\":\"https:\\\/\\\/www.myst.gr\\\/product\\\/relax-night\\\/#breadcrumb\"},\"inLanguage\":\"sv-SE\",\"potentialAction\":[{\"@type\":\"ReadAction\",\"target\":[\"https:\\\/\\\/www.myst.gr\\\/product\\\/relax-night\\\/\"]}]},{\"@type\":\"ImageObject\",\"inLanguage\":\"sv-SE\",\"@id\":\"https:\\\/\\\/www.myst.gr\\\/product\\\/relax-night\\\/#primaryimage\",\"url\":\"https:\\\/\\\/www.myst.gr\\\/wp-content\\\/uploads\\\/2025\\\/12\\\/Relax-1.jpg\",\"contentUrl\":\"https:\\\/\\\/www.myst.gr\\\/wp-content\\\/uploads\\\/2025\\\/12\\\/Relax-1.jpg\",\"width\":1000,\"height\":1000},{\"@type\":\"BreadcrumbList\",\"@id\":\"https:\\\/\\\/www.myst.gr\\\/product\\\/relax-night\\\/#breadcrumb\",\"itemListElement\":[{\"@type\":\"ListItem\",\"position\":1,\"name\":\"Home\",\"item\":\"https:\\\/\\\/www.myst.gr\\\/\"},{\"@type\":\"ListItem\",\"position\":2,\"name\":\"Shop\",\"item\":\"https:\\\/\\\/www.myst.gr\\\/?page_id=628\"},{\"@type\":\"ListItem\",\"position\":3,\"name\":\"RELAX NIGHT | Natural Relaxation\"}]},{\"@type\":\"WebSite\",\"@id\":\"https:\\\/\\\/www.myst.gr\\\/#website\",\"url\":\"https:\\\/\\\/www.myst.gr\\\/\",\"name\":\"MYST\",\"description\":\"| Discover the Taste of Greece\",\"publisher\":{\"@id\":\"https:\\\/\\\/www.myst.gr\\\/#organization\"},\"potentialAction\":[{\"@type\":\"SearchAction\",\"target\":{\"@type\":\"EntryPoint\",\"urlTemplate\":\"https:\\\/\\\/www.myst.gr\\\/?s={search_term_string}\"},\"query-input\":{\"@type\":\"PropertyValueSpecification\",\"valueRequired\":true,\"valueName\":\"search_term_string\"}}],\"inLanguage\":\"sv-SE\"},{\"@type\":\"Organization\",\"@id\":\"https:\\\/\\\/www.myst.gr\\\/#organization\",\"name\":\"MYST\",\"url\":\"https:\\\/\\\/www.myst.gr\\\/\",\"logo\":{\"@type\":\"ImageObject\",\"inLanguage\":\"sv-SE\",\"@id\":\"https:\\\/\\\/www.myst.gr\\\/#\\\/schema\\\/logo\\\/image\\\/\",\"url\":\"https:\\\/\\\/www.myst.gr\\\/wp-content\\\/uploads\\\/2023\\\/01\\\/cropped-logomini.png\",\"contentUrl\":\"https:\\\/\\\/www.myst.gr\\\/wp-content\\\/uploads\\\/2023\\\/01\\\/cropped-logomini.png\",\"width\":780,\"height\":780,\"caption\":\"MYST\"},\"image\":{\"@id\":\"https:\\\/\\\/www.myst.gr\\\/#\\\/schema\\\/logo\\\/image\\\/\"}}]}<\/script>\n<!-- \/ Yoast SEO plugin. -->","yoast_head_json":{"title":"RELAX NIGHT | Natural Relaxation - MYST","description":"En rogivande blandning av citronmeliss, lavendel och vanilj. Hj\u00e4lper till att sl\u00e4ppa sp\u00e4nningar, lugna sinnena och f\u00f6rbereda kroppen f\u00f6r djup vila.","robots":{"index":"index","follow":"follow","max-snippet":"max-snippet:-1","max-image-preview":"max-image-preview:large","max-video-preview":"max-video-preview:-1"},"canonical":"https:\/\/www.myst.gr\/sv\/produkt\/relax-night\/","og_locale":"sv_SE","og_type":"article","og_title":"RELAX NIGHT | Natural Relaxation - MYST","og_description":"A soothing blend of melissa, lavender, and vanilla. Helps unwind tension, calm the senses and prepare the body for deep rest.","og_url":"https:\/\/www.myst.gr\/sv\/produkt\/relax-night\/","og_site_name":"MYST","article_modified_time":"2026-03-26T06:57:26+00:00","og_image":[{"width":1000,"height":1000,"url":"https:\/\/www.myst.gr\/wp-content\/uploads\/2025\/12\/Relax-1.jpg","type":"image\/jpeg"}],"twitter_card":"summary_large_image","twitter_misc":{"Ber\u00e4knad l\u00e4stid":"1 minut"},"schema":{"@context":"https:\/\/schema.org","@graph":[{"@type":"WebPage","@id":"https:\/\/www.myst.gr\/product\/relax-night\/","url":"https:\/\/www.myst.gr\/product\/relax-night\/","name":"RELAX NIGHT | Natural Relaxation - MYST","isPartOf":{"@id":"https:\/\/www.myst.gr\/#website"},"primaryImageOfPage":{"@id":"https:\/\/www.myst.gr\/product\/relax-night\/#primaryimage"},"image":{"@id":"https:\/\/www.myst.gr\/product\/relax-night\/#primaryimage"},"thumbnailUrl":"https:\/\/www.myst.gr\/wp-content\/uploads\/2025\/12\/Relax-1.jpg","datePublished":"2025-12-04T13:12:51+00:00","dateModified":"2026-03-26T06:57:26+00:00","description":"En rogivande blandning av citronmeliss, lavendel och vanilj. Hj\u00e4lper till att sl\u00e4ppa sp\u00e4nningar, lugna sinnena och f\u00f6rbereda kroppen f\u00f6r djup vila.","breadcrumb":{"@id":"https:\/\/www.myst.gr\/product\/relax-night\/#breadcrumb"},"inLanguage":"sv-SE","potentialAction":[{"@type":"ReadAction","target":["https:\/\/www.myst.gr\/product\/relax-night\/"]}]},{"@type":"ImageObject","inLanguage":"sv-SE","@id":"https:\/\/www.myst.gr\/product\/relax-night\/#primaryimage","url":"https:\/\/www.myst.gr\/wp-content\/uploads\/2025\/12\/Relax-1.jpg","contentUrl":"https:\/\/www.myst.gr\/wp-content\/uploads\/2025\/12\/Relax-1.jpg","width":1000,"height":1000},{"@type":"BreadcrumbList","@id":"https:\/\/www.myst.gr\/product\/relax-night\/#breadcrumb","itemListElement":[{"@type":"ListItem","position":1,"name":"Home","item":"https:\/\/www.myst.gr\/"},{"@type":"ListItem","position":2,"name":"Shop","item":"https:\/\/www.myst.gr\/?page_id=628"},{"@type":"ListItem","position":3,"name":"RELAX NIGHT | Natural Relaxation"}]},{"@type":"WebSite","@id":"https:\/\/www.myst.gr\/#website","url":"https:\/\/www.myst.gr\/","name":"MYST","description":"| Discover the Taste of Greece","publisher":{"@id":"https:\/\/www.myst.gr\/#organization"},"potentialAction":[{"@type":"SearchAction","target":{"@type":"EntryPoint","urlTemplate":"https:\/\/www.myst.gr\/?s={search_term_string}"},"query-input":{"@type":"PropertyValueSpecification","valueRequired":true,"valueName":"search_term_string"}}],"inLanguage":"sv-SE"},{"@type":"Organization","@id":"https:\/\/www.myst.gr\/#organization","name":"MYST","url":"https:\/\/www.myst.gr\/","logo":{"@type":"ImageObject","inLanguage":"sv-SE","@id":"https:\/\/www.myst.gr\/#\/schema\/logo\/image\/","url":"https:\/\/www.myst.gr\/wp-content\/uploads\/2023\/01\/cropped-logomini.png","contentUrl":"https:\/\/www.myst.gr\/wp-content\/uploads\/2023\/01\/cropped-logomini.png","width":780,"height":780,"caption":"MYST"},"image":{"@id":"https:\/\/www.myst.gr\/#\/schema\/logo\/image\/"}}]}},"_links":{"self":[{"href":"https:\/\/www.myst.gr\/sv\/wp-json\/wp\/v2\/product\/22061","targetHints":{"allow":["GET"]}}],"collection":[{"href":"https:\/\/www.myst.gr\/sv\/wp-json\/wp\/v2\/product"}],"about":[{"href":"https:\/\/www.myst.gr\/sv\/wp-json\/wp\/v2\/types\/product"}],"wp:featuredmedia":[{"embeddable":true,"href":"https:\/\/www.myst.gr\/sv\/wp-json\/wp\/v2\/media\/22039"}],"wp:attachment":[{"href":"https:\/\/www.myst.gr\/sv\/wp-json\/wp\/v2\/media?parent=22061"}],"wp:term":[{"taxonomy":"product_cat","embeddable":true,"href":"https:\/\/www.myst.gr\/sv\/wp-json\/wp\/v2\/product_cat?post=22061"},{"taxonomy":"product_tag","embeddable":true,"href":"https:\/\/www.myst.gr\/sv\/wp-json\/wp\/v2\/product_tag?post=22061"}],"curies":[{"name":"wp","href":"https:\/\/api.w.org\/{rel}","templated":true}]}}