{"id":22033,"date":"2025-12-04T11:21:12","date_gmt":"2025-12-04T11:21:12","guid":{"rendered":"https:\/\/www.myst.gr\/?post_type=product&#038;p=22033"},"modified":"2026-03-26T06:56:39","modified_gmt":"2026-03-26T06:56:39","slug":"pre-workout","status":"publish","type":"product","link":"https:\/\/www.myst.gr\/sv\/product\/pre-workout\/","title":{"rendered":"PRE-WORKOUT | Naturlig Fitness-Boost"},"content":{"rendered":"<p><b>PRE-WORKOUT ENERGY\u00a0<\/b>\u00e4r en ren, v\u00e4xtbaserad pre-workout-formula med apelsin, hibiskus, ingef\u00e4ra och mynta. Den ger naturlig, fr\u00e4sch aktivering utan koffein \u2013 perfekt f\u00f6r dig som vill ha l\u00e4tt, ren och upplyftande energi f\u00f6re tr\u00e4ning. Utvecklad f\u00f6r fokus, vitalitet och atletisk klarhet.<\/p>\n<p><strong>F\u00f6rdelar:<\/strong><\/p>\n<p class=\"p1\">\u2022 Naturlig aktivering f\u00f6re tr\u00e4ning\u2022 Nat\u00fcrliche Pre-Workout-Aktivierung<br \/>\n\u2022 St\u00f6djer energi &amp; sk\u00e4rpa<br \/>\n\u2022 Ingen koffein \u2022 Ingen socker<br \/>\n\u2022 Passar f\u00f6r dagliga tr\u00e4ningsrutiner<\/p>\n<p><strong>Smakprofil :<\/strong><\/p>\n<p class=\"p1\">Uppfriskande citrus med fruktiga toner av hibiskus och en mintig avslutning.<\/p>\n<p><strong>Anv\u00e4ndning :\u00a0<\/strong>Blanda\u00a0<span class=\"s1\"><b>5g<\/b><\/span>\u00a0i\u00a0<span class=\"s1\"><b>80ml vatten<\/b><\/span>, skaka v\u00e4l och drick f\u00f6re tr\u00e4ning.<\/p>\n<p><strong>Komponenten :<\/strong>\u00a0Apelsinpulver, Hibiskuspulver, Ingef\u00e4rspulver, Myntapulver, Rismj\u00f6l.<\/p>\n<p><strong><span class=\"s1\">Allergenuttalande<\/span><\/strong><\/p>\n<p><span class=\"s1\">Vi f\u00f6rst\u00e5r allvaret i livsmedelsallergier och k\u00e4nslighet och kommer alltid att ange dessa ingredienser p\u00e5 v\u00e5r etikett i ingrediensf\u00f6rklaringen - de kommer aldrig att d\u00f6ljas under orden \"kryddor\" eller \"naturliga smaker\":<\/span><\/p>\n<p><span class=\"s1\">F\u00f6r den senaste informationen om allergener och n\u00e4rings\u00e4mnen \u00e4r det viktigt att du l\u00e4ser ingrediensf\u00f6rklaringen p\u00e5 f\u00f6rpackningen vid k\u00f6ptillf\u00e4llet.<\/span><\/p>\n<p>&nbsp;<\/p>\n<p>&nbsp;<\/p>","protected":false},"excerpt":{"rendered":"<p>Ger en k\u00e4nsla av energi, sk\u00e4rpa och f\u00f6rberedelse f\u00f6re tr\u00e4ning, med en uppfriskande och uppiggande smak. Utformad f\u00f6r fokus, vitalitet och atletisk klarhet.<\/p>\n<p><strong>Nettovikt: e 90g \/ 18 portioner \u00e0 5g<\/strong><\/p>\n<p><a href=\"https:\/\/store.myst.gr\/en\/product\/preworkout\/\" target=\"_blank\" rel=\"noopener\"><img decoding=\"async\" class=\"alignnone wp-image-11129 size-full\" src=\"https:\/\/www.myst.gr\/wp-content\/uploads\/2021\/08\/Untitled-2.svg\" alt=\"\" width=\"200\" height=\"70\" \/><\/a><a href=\"https:\/\/www.myst.gr\/sv\/wholesale-dashboard\/\"><img decoding=\"async\" class=\"alignnone wp-image-11130 size-full\" src=\"https:\/\/www.myst.gr\/wp-content\/uploads\/2021\/08\/Untitled-3.svg\" alt=\"\" width=\"200\" height=\"70\" \/><\/a><\/p>","protected":false},"featured_media":22041,"template":"","meta":[],"product_cat":[173,144],"product_tag":[],"class_list":{"0":"post-22033","1":"product","2":"type-product","3":"status-publish","4":"has-post-thumbnail","6":"product_cat-shots-drinks","7":"product_cat-saltsandspices","9":"first","10":"instock","11":"product-type-simple","swatches":"rey-swatches","show_selected":""},"yoast_head":"<!-- This site is optimized with the Yoast SEO plugin v27.4 - https:\/\/yoast.com\/product\/yoast-seo-wordpress\/ -->\n<title>PRE-WORKOUT | Natural Fitness Boost - MYST<\/title>\n<meta name=\"description\" content=\"Provides a sense of energy, alertness and readiness before exercise, with a refreshing and invigorating taste. Designed for focus, vitality and athletic\" \/>\n<meta name=\"robots\" content=\"index, follow, max-snippet:-1, max-image-preview:large, max-video-preview:-1\" \/>\n<link rel=\"canonical\" href=\"https:\/\/www.myst.gr\/sv\/produkt\/pre-workout\/\" \/>\n<meta property=\"og:locale\" content=\"sv_SE\" \/>\n<meta property=\"og:type\" content=\"article\" \/>\n<meta property=\"og:title\" content=\"PRE-WORKOUT | Natural Fitness Boost - MYST\" \/>\n<meta property=\"og:description\" content=\"Provides a sense of energy, alertness and readiness before exercise, with a refreshing and invigorating taste. Designed for focus, vitality and athletic\" \/>\n<meta property=\"og:url\" content=\"https:\/\/www.myst.gr\/sv\/produkt\/pre-workout\/\" \/>\n<meta property=\"og:site_name\" content=\"MYST\" \/>\n<meta property=\"article:modified_time\" content=\"2026-03-26T06:56:39+00:00\" \/>\n<meta property=\"og:image\" content=\"https:\/\/www.myst.gr\/wp-content\/uploads\/2025\/12\/Preworkout-1.jpg\" \/>\n\t<meta property=\"og:image:width\" content=\"1000\" \/>\n\t<meta property=\"og:image:height\" content=\"1000\" \/>\n\t<meta property=\"og:image:type\" content=\"image\/jpeg\" \/>\n<meta name=\"twitter:card\" content=\"summary_large_image\" \/>\n<meta name=\"twitter:label1\" content=\"Ber\u00e4knad l\u00e4stid\" \/>\n\t<meta name=\"twitter:data1\" content=\"1 minut\" \/>\n<script type=\"application\/ld+json\" class=\"yoast-schema-graph\">{\"@context\":\"https:\\\/\\\/schema.org\",\"@graph\":[{\"@type\":\"WebPage\",\"@id\":\"https:\\\/\\\/www.myst.gr\\\/product\\\/pre-workout\\\/\",\"url\":\"https:\\\/\\\/www.myst.gr\\\/product\\\/pre-workout\\\/\",\"name\":\"PRE-WORKOUT | Natural Fitness Boost - MYST\",\"isPartOf\":{\"@id\":\"https:\\\/\\\/www.myst.gr\\\/#website\"},\"primaryImageOfPage\":{\"@id\":\"https:\\\/\\\/www.myst.gr\\\/product\\\/pre-workout\\\/#primaryimage\"},\"image\":{\"@id\":\"https:\\\/\\\/www.myst.gr\\\/product\\\/pre-workout\\\/#primaryimage\"},\"thumbnailUrl\":\"https:\\\/\\\/www.myst.gr\\\/wp-content\\\/uploads\\\/2025\\\/12\\\/Preworkout-1.jpg\",\"datePublished\":\"2025-12-04T11:21:12+00:00\",\"dateModified\":\"2026-03-26T06:56:39+00:00\",\"description\":\"Provides a sense of energy, alertness and readiness before exercise, with a refreshing and invigorating taste. Designed for focus, vitality and athletic\",\"breadcrumb\":{\"@id\":\"https:\\\/\\\/www.myst.gr\\\/product\\\/pre-workout\\\/#breadcrumb\"},\"inLanguage\":\"sv-SE\",\"potentialAction\":[{\"@type\":\"ReadAction\",\"target\":[\"https:\\\/\\\/www.myst.gr\\\/product\\\/pre-workout\\\/\"]}]},{\"@type\":\"ImageObject\",\"inLanguage\":\"sv-SE\",\"@id\":\"https:\\\/\\\/www.myst.gr\\\/product\\\/pre-workout\\\/#primaryimage\",\"url\":\"https:\\\/\\\/www.myst.gr\\\/wp-content\\\/uploads\\\/2025\\\/12\\\/Preworkout-1.jpg\",\"contentUrl\":\"https:\\\/\\\/www.myst.gr\\\/wp-content\\\/uploads\\\/2025\\\/12\\\/Preworkout-1.jpg\",\"width\":1000,\"height\":1000},{\"@type\":\"BreadcrumbList\",\"@id\":\"https:\\\/\\\/www.myst.gr\\\/product\\\/pre-workout\\\/#breadcrumb\",\"itemListElement\":[{\"@type\":\"ListItem\",\"position\":1,\"name\":\"Home\",\"item\":\"https:\\\/\\\/www.myst.gr\\\/\"},{\"@type\":\"ListItem\",\"position\":2,\"name\":\"Shop\",\"item\":\"https:\\\/\\\/www.myst.gr\\\/?page_id=628\"},{\"@type\":\"ListItem\",\"position\":3,\"name\":\"PRE-WORKOUT | Natural Fitness Boost\"}]},{\"@type\":\"WebSite\",\"@id\":\"https:\\\/\\\/www.myst.gr\\\/#website\",\"url\":\"https:\\\/\\\/www.myst.gr\\\/\",\"name\":\"MYST\",\"description\":\"| Discover the Taste of Greece\",\"publisher\":{\"@id\":\"https:\\\/\\\/www.myst.gr\\\/#organization\"},\"potentialAction\":[{\"@type\":\"SearchAction\",\"target\":{\"@type\":\"EntryPoint\",\"urlTemplate\":\"https:\\\/\\\/www.myst.gr\\\/?s={search_term_string}\"},\"query-input\":{\"@type\":\"PropertyValueSpecification\",\"valueRequired\":true,\"valueName\":\"search_term_string\"}}],\"inLanguage\":\"sv-SE\"},{\"@type\":\"Organization\",\"@id\":\"https:\\\/\\\/www.myst.gr\\\/#organization\",\"name\":\"MYST\",\"url\":\"https:\\\/\\\/www.myst.gr\\\/\",\"logo\":{\"@type\":\"ImageObject\",\"inLanguage\":\"sv-SE\",\"@id\":\"https:\\\/\\\/www.myst.gr\\\/#\\\/schema\\\/logo\\\/image\\\/\",\"url\":\"https:\\\/\\\/www.myst.gr\\\/wp-content\\\/uploads\\\/2023\\\/01\\\/cropped-logomini.png\",\"contentUrl\":\"https:\\\/\\\/www.myst.gr\\\/wp-content\\\/uploads\\\/2023\\\/01\\\/cropped-logomini.png\",\"width\":780,\"height\":780,\"caption\":\"MYST\"},\"image\":{\"@id\":\"https:\\\/\\\/www.myst.gr\\\/#\\\/schema\\\/logo\\\/image\\\/\"}}]}<\/script>\n<!-- \/ Yoast SEO plugin. -->","yoast_head_json":{"title":"PRE-WORKOUT | Natural Fitness Boost - MYST","description":"Provides a sense of energy, alertness and readiness before exercise, with a refreshing and invigorating taste. Designed for focus, vitality and athletic","robots":{"index":"index","follow":"follow","max-snippet":"max-snippet:-1","max-image-preview":"max-image-preview:large","max-video-preview":"max-video-preview:-1"},"canonical":"https:\/\/www.myst.gr\/sv\/produkt\/pre-workout\/","og_locale":"sv_SE","og_type":"article","og_title":"PRE-WORKOUT | Natural Fitness Boost - MYST","og_description":"Provides a sense of energy, alertness and readiness before exercise, with a refreshing and invigorating taste. Designed for focus, vitality and athletic","og_url":"https:\/\/www.myst.gr\/sv\/produkt\/pre-workout\/","og_site_name":"MYST","article_modified_time":"2026-03-26T06:56:39+00:00","og_image":[{"width":1000,"height":1000,"url":"https:\/\/www.myst.gr\/wp-content\/uploads\/2025\/12\/Preworkout-1.jpg","type":"image\/jpeg"}],"twitter_card":"summary_large_image","twitter_misc":{"Ber\u00e4knad l\u00e4stid":"1 minut"},"schema":{"@context":"https:\/\/schema.org","@graph":[{"@type":"WebPage","@id":"https:\/\/www.myst.gr\/product\/pre-workout\/","url":"https:\/\/www.myst.gr\/product\/pre-workout\/","name":"PRE-WORKOUT | Natural Fitness Boost - MYST","isPartOf":{"@id":"https:\/\/www.myst.gr\/#website"},"primaryImageOfPage":{"@id":"https:\/\/www.myst.gr\/product\/pre-workout\/#primaryimage"},"image":{"@id":"https:\/\/www.myst.gr\/product\/pre-workout\/#primaryimage"},"thumbnailUrl":"https:\/\/www.myst.gr\/wp-content\/uploads\/2025\/12\/Preworkout-1.jpg","datePublished":"2025-12-04T11:21:12+00:00","dateModified":"2026-03-26T06:56:39+00:00","description":"Provides a sense of energy, alertness and readiness before exercise, with a refreshing and invigorating taste. Designed for focus, vitality and athletic","breadcrumb":{"@id":"https:\/\/www.myst.gr\/product\/pre-workout\/#breadcrumb"},"inLanguage":"sv-SE","potentialAction":[{"@type":"ReadAction","target":["https:\/\/www.myst.gr\/product\/pre-workout\/"]}]},{"@type":"ImageObject","inLanguage":"sv-SE","@id":"https:\/\/www.myst.gr\/product\/pre-workout\/#primaryimage","url":"https:\/\/www.myst.gr\/wp-content\/uploads\/2025\/12\/Preworkout-1.jpg","contentUrl":"https:\/\/www.myst.gr\/wp-content\/uploads\/2025\/12\/Preworkout-1.jpg","width":1000,"height":1000},{"@type":"BreadcrumbList","@id":"https:\/\/www.myst.gr\/product\/pre-workout\/#breadcrumb","itemListElement":[{"@type":"ListItem","position":1,"name":"Home","item":"https:\/\/www.myst.gr\/"},{"@type":"ListItem","position":2,"name":"Shop","item":"https:\/\/www.myst.gr\/?page_id=628"},{"@type":"ListItem","position":3,"name":"PRE-WORKOUT | Natural Fitness Boost"}]},{"@type":"WebSite","@id":"https:\/\/www.myst.gr\/#website","url":"https:\/\/www.myst.gr\/","name":"MYST","description":"| Discover the Taste of Greece","publisher":{"@id":"https:\/\/www.myst.gr\/#organization"},"potentialAction":[{"@type":"SearchAction","target":{"@type":"EntryPoint","urlTemplate":"https:\/\/www.myst.gr\/?s={search_term_string}"},"query-input":{"@type":"PropertyValueSpecification","valueRequired":true,"valueName":"search_term_string"}}],"inLanguage":"sv-SE"},{"@type":"Organization","@id":"https:\/\/www.myst.gr\/#organization","name":"MYST","url":"https:\/\/www.myst.gr\/","logo":{"@type":"ImageObject","inLanguage":"sv-SE","@id":"https:\/\/www.myst.gr\/#\/schema\/logo\/image\/","url":"https:\/\/www.myst.gr\/wp-content\/uploads\/2023\/01\/cropped-logomini.png","contentUrl":"https:\/\/www.myst.gr\/wp-content\/uploads\/2023\/01\/cropped-logomini.png","width":780,"height":780,"caption":"MYST"},"image":{"@id":"https:\/\/www.myst.gr\/#\/schema\/logo\/image\/"}}]}},"_links":{"self":[{"href":"https:\/\/www.myst.gr\/sv\/wp-json\/wp\/v2\/product\/22033","targetHints":{"allow":["GET"]}}],"collection":[{"href":"https:\/\/www.myst.gr\/sv\/wp-json\/wp\/v2\/product"}],"about":[{"href":"https:\/\/www.myst.gr\/sv\/wp-json\/wp\/v2\/types\/product"}],"wp:featuredmedia":[{"embeddable":true,"href":"https:\/\/www.myst.gr\/sv\/wp-json\/wp\/v2\/media\/22041"}],"wp:attachment":[{"href":"https:\/\/www.myst.gr\/sv\/wp-json\/wp\/v2\/media?parent=22033"}],"wp:term":[{"taxonomy":"product_cat","embeddable":true,"href":"https:\/\/www.myst.gr\/sv\/wp-json\/wp\/v2\/product_cat?post=22033"},{"taxonomy":"product_tag","embeddable":true,"href":"https:\/\/www.myst.gr\/sv\/wp-json\/wp\/v2\/product_tag?post=22033"}],"curies":[{"name":"wp","href":"https:\/\/api.w.org\/{rel}","templated":true}]}}