{"id":21913,"date":"2025-12-03T14:37:11","date_gmt":"2025-12-03T14:37:11","guid":{"rendered":"https:\/\/www.myst.gr\/?post_type=product&#038;p=21913"},"modified":"2026-03-26T06:56:22","modified_gmt":"2026-03-26T06:56:22","slug":"immune-fire","status":"publish","type":"product","link":"https:\/\/www.myst.gr\/sv\/product\/immune-fire\/","title":{"rendered":"IMMUNE FIRE | Starkt Immunf\u00f6rsvar"},"content":{"rendered":"<p class=\"p1\"><span class=\"s1\"><b>IMMUNE FIRE<\/b><\/span> \u00e4r en intensiv \u00f6rt\u2013kryddshot med ingef\u00e4ra, gurkmeja och svartpeppar. Den \u00e4r utvecklad f\u00f6r naturligt f\u00f6rsvar och omedelbar aktivering, och ger en varm, kryddig kick som v\u00e4cker sinnena och st\u00f6djer en stark start p\u00e5 dagen. Den rena kompositionen g\u00f6r den perfekt f\u00f6r alla som s\u00f6ker en naturlig, snabb och effektiv boost.<\/p>\n<p><strong>F\u00f6rdelar:<\/strong><br \/>\n\u2022 Naturligt f\u00f6rsvar &amp; dagligt st\u00f6d<br \/>\n\u2022 Omedelbar, v\u00e4rmande aktivering<br \/>\n\u2022 Stark ingef\u00e4ra\u2013gurkmeja profil<br \/>\n\u2022 Inget socker \u2022 Inga tillsatser \u2022 100% naturlig<\/p>\n<p><strong>Smak:\u00a0<\/strong>Kryddig, varm, jordig, med fr\u00e4scha citrusnoter fr\u00e5n citronpulver.<\/p>\n<p><strong>Anv\u00e4ndning :\u00a0<\/strong>Blanda\u00a0<strong>5g<\/strong>\u00a0i\u00a0<strong>80ml<\/strong>\u00a0vatten, skaka v\u00e4l och drick direkt.<\/p>\n<p><strong>Komponenten :<\/strong>\u00a0Ingef\u00e4rspulver, Gurkmejapulver, Citronpulver, Svartpeppar, Rismj\u00f6l.<\/p>\n<p><strong><span class=\"s1\">Allergenuttalande<\/span><\/strong><\/p>\n<p><span class=\"s1\">Vi f\u00f6rst\u00e5r allvaret i livsmedelsallergier och k\u00e4nslighet och kommer alltid att ange dessa ingredienser p\u00e5 v\u00e5r etikett i ingrediensf\u00f6rklaringen - de kommer aldrig att d\u00f6ljas under orden \"kryddor\" eller \"naturliga smaker\":<\/span><\/p>\n<p><span class=\"s1\">F\u00f6r den senaste informationen om allergener och n\u00e4rings\u00e4mnen \u00e4r det viktigt att du l\u00e4ser ingrediensf\u00f6rklaringen p\u00e5 f\u00f6rpackningen vid k\u00f6ptillf\u00e4llet.<\/span><\/p>\n<p>&nbsp;<\/p>\n<p>&nbsp;<\/p>","protected":false},"excerpt":{"rendered":"<p>En naturlig blandning av ingef\u00e4ra, gurkmeja och citron med svartpeppar. St\u00f6djer immunf\u00f6rsvaret och \u00f6kar den naturliga vitaliteten. Inspirerad av den v\u00e4lk\u00e4nda \u201dginger shot\u201d, f\u00e5ngar denna kraftfulla blandning den varma, kryddiga intensiteten fr\u00e5n f\u00e4rska r\u00f6tter i ett rent och l\u00e4ttblandat format.<\/p>\n<p><strong>Nettovikt: e 90g \/ 18 portioner \u00e0 5g<\/strong><\/p>\n<p><a href=\"https:\/\/store.myst.gr\/en\/product\/immune-fire\/\" target=\"_blank\" rel=\"noopener\"><img decoding=\"async\" class=\"alignnone wp-image-11129 size-full\" src=\"https:\/\/www.myst.gr\/wp-content\/uploads\/2021\/08\/Untitled-2.svg\" alt=\"\" width=\"200\" height=\"70\" \/><\/a><a href=\"https:\/\/www.myst.gr\/sv\/wholesale-dashboard\/\"><img decoding=\"async\" class=\"alignnone wp-image-11130 size-full\" src=\"https:\/\/www.myst.gr\/wp-content\/uploads\/2021\/08\/Untitled-3.svg\" alt=\"\" width=\"200\" height=\"70\" \/><\/a><\/p>","protected":false},"featured_media":21919,"template":"","meta":[],"product_cat":[173,144],"product_tag":[],"class_list":{"0":"post-21913","1":"product","2":"type-product","3":"status-publish","4":"has-post-thumbnail","6":"product_cat-shots-drinks","7":"product_cat-saltsandspices","9":"first","10":"instock","11":"product-type-simple","swatches":"rey-swatches","show_selected":""},"yoast_head":"<!-- This site is optimized with the Yoast SEO plugin v27.4 - https:\/\/yoast.com\/product\/yoast-seo-wordpress\/ -->\n<title>IMMUNE FIRE | Powerful Immune Support - MYST<\/title>\n<meta name=\"description\" content=\"Inspired by the famous \u201cginger shot\u201d, this powerful blend captures the warm, spicy intensity of fresh roots in a clean, ready-to-mix formula.\" \/>\n<meta name=\"robots\" content=\"index, follow, max-snippet:-1, max-image-preview:large, max-video-preview:-1\" \/>\n<link rel=\"canonical\" href=\"https:\/\/www.myst.gr\/sv\/produkt\/immune-fire\/\" \/>\n<meta property=\"og:locale\" content=\"sv_SE\" \/>\n<meta property=\"og:type\" content=\"article\" \/>\n<meta property=\"og:title\" content=\"IMMUNE FIRE | Powerful Immune Support - MYST\" \/>\n<meta property=\"og:description\" content=\"Inspired by the famous \u201cginger shot\u201d, this powerful blend captures the warm, spicy intensity of fresh roots in a clean, ready-to-mix formula.\" \/>\n<meta property=\"og:url\" content=\"https:\/\/www.myst.gr\/sv\/produkt\/immune-fire\/\" \/>\n<meta property=\"og:site_name\" content=\"MYST\" \/>\n<meta property=\"article:modified_time\" content=\"2026-03-26T06:56:22+00:00\" \/>\n<meta property=\"og:image\" content=\"https:\/\/www.myst.gr\/wp-content\/uploads\/2025\/12\/Ginger-shot-1.jpg\" \/>\n\t<meta property=\"og:image:width\" content=\"1000\" \/>\n\t<meta property=\"og:image:height\" content=\"1000\" \/>\n\t<meta property=\"og:image:type\" content=\"image\/jpeg\" \/>\n<meta name=\"twitter:card\" content=\"summary_large_image\" \/>\n<meta name=\"twitter:label1\" content=\"Ber\u00e4knad l\u00e4stid\" \/>\n\t<meta name=\"twitter:data1\" content=\"1 minut\" \/>\n<script type=\"application\/ld+json\" class=\"yoast-schema-graph\">{\"@context\":\"https:\\\/\\\/schema.org\",\"@graph\":[{\"@type\":\"WebPage\",\"@id\":\"https:\\\/\\\/www.myst.gr\\\/product\\\/immune-fire\\\/\",\"url\":\"https:\\\/\\\/www.myst.gr\\\/product\\\/immune-fire\\\/\",\"name\":\"IMMUNE FIRE | Powerful Immune Support - MYST\",\"isPartOf\":{\"@id\":\"https:\\\/\\\/www.myst.gr\\\/#website\"},\"primaryImageOfPage\":{\"@id\":\"https:\\\/\\\/www.myst.gr\\\/product\\\/immune-fire\\\/#primaryimage\"},\"image\":{\"@id\":\"https:\\\/\\\/www.myst.gr\\\/product\\\/immune-fire\\\/#primaryimage\"},\"thumbnailUrl\":\"https:\\\/\\\/www.myst.gr\\\/wp-content\\\/uploads\\\/2025\\\/12\\\/Ginger-shot-1.jpg\",\"datePublished\":\"2025-12-03T14:37:11+00:00\",\"dateModified\":\"2026-03-26T06:56:22+00:00\",\"description\":\"Inspired by the famous \u201cginger shot\u201d, this powerful blend captures the warm, spicy intensity of fresh roots in a clean, ready-to-mix formula.\",\"breadcrumb\":{\"@id\":\"https:\\\/\\\/www.myst.gr\\\/product\\\/immune-fire\\\/#breadcrumb\"},\"inLanguage\":\"sv-SE\",\"potentialAction\":[{\"@type\":\"ReadAction\",\"target\":[\"https:\\\/\\\/www.myst.gr\\\/product\\\/immune-fire\\\/\"]}]},{\"@type\":\"ImageObject\",\"inLanguage\":\"sv-SE\",\"@id\":\"https:\\\/\\\/www.myst.gr\\\/product\\\/immune-fire\\\/#primaryimage\",\"url\":\"https:\\\/\\\/www.myst.gr\\\/wp-content\\\/uploads\\\/2025\\\/12\\\/Ginger-shot-1.jpg\",\"contentUrl\":\"https:\\\/\\\/www.myst.gr\\\/wp-content\\\/uploads\\\/2025\\\/12\\\/Ginger-shot-1.jpg\",\"width\":1000,\"height\":1000},{\"@type\":\"BreadcrumbList\",\"@id\":\"https:\\\/\\\/www.myst.gr\\\/product\\\/immune-fire\\\/#breadcrumb\",\"itemListElement\":[{\"@type\":\"ListItem\",\"position\":1,\"name\":\"Home\",\"item\":\"https:\\\/\\\/www.myst.gr\\\/\"},{\"@type\":\"ListItem\",\"position\":2,\"name\":\"Shop\",\"item\":\"https:\\\/\\\/www.myst.gr\\\/?page_id=628\"},{\"@type\":\"ListItem\",\"position\":3,\"name\":\"IMMUNE FIRE | Powerful Immune Support\"}]},{\"@type\":\"WebSite\",\"@id\":\"https:\\\/\\\/www.myst.gr\\\/#website\",\"url\":\"https:\\\/\\\/www.myst.gr\\\/\",\"name\":\"MYST\",\"description\":\"| Discover the Taste of Greece\",\"publisher\":{\"@id\":\"https:\\\/\\\/www.myst.gr\\\/#organization\"},\"potentialAction\":[{\"@type\":\"SearchAction\",\"target\":{\"@type\":\"EntryPoint\",\"urlTemplate\":\"https:\\\/\\\/www.myst.gr\\\/?s={search_term_string}\"},\"query-input\":{\"@type\":\"PropertyValueSpecification\",\"valueRequired\":true,\"valueName\":\"search_term_string\"}}],\"inLanguage\":\"sv-SE\"},{\"@type\":\"Organization\",\"@id\":\"https:\\\/\\\/www.myst.gr\\\/#organization\",\"name\":\"MYST\",\"url\":\"https:\\\/\\\/www.myst.gr\\\/\",\"logo\":{\"@type\":\"ImageObject\",\"inLanguage\":\"sv-SE\",\"@id\":\"https:\\\/\\\/www.myst.gr\\\/#\\\/schema\\\/logo\\\/image\\\/\",\"url\":\"https:\\\/\\\/www.myst.gr\\\/wp-content\\\/uploads\\\/2023\\\/01\\\/cropped-logomini.png\",\"contentUrl\":\"https:\\\/\\\/www.myst.gr\\\/wp-content\\\/uploads\\\/2023\\\/01\\\/cropped-logomini.png\",\"width\":780,\"height\":780,\"caption\":\"MYST\"},\"image\":{\"@id\":\"https:\\\/\\\/www.myst.gr\\\/#\\\/schema\\\/logo\\\/image\\\/\"}}]}<\/script>\n<!-- \/ Yoast SEO plugin. -->","yoast_head_json":{"title":"IMMUNE FIRE | Powerful Immune Support - MYST","description":"Inspired by the famous \u201cginger shot\u201d, this powerful blend captures the warm, spicy intensity of fresh roots in a clean, ready-to-mix formula.","robots":{"index":"index","follow":"follow","max-snippet":"max-snippet:-1","max-image-preview":"max-image-preview:large","max-video-preview":"max-video-preview:-1"},"canonical":"https:\/\/www.myst.gr\/sv\/produkt\/immune-fire\/","og_locale":"sv_SE","og_type":"article","og_title":"IMMUNE FIRE | Powerful Immune Support - MYST","og_description":"Inspired by the famous \u201cginger shot\u201d, this powerful blend captures the warm, spicy intensity of fresh roots in a clean, ready-to-mix formula.","og_url":"https:\/\/www.myst.gr\/sv\/produkt\/immune-fire\/","og_site_name":"MYST","article_modified_time":"2026-03-26T06:56:22+00:00","og_image":[{"width":1000,"height":1000,"url":"https:\/\/www.myst.gr\/wp-content\/uploads\/2025\/12\/Ginger-shot-1.jpg","type":"image\/jpeg"}],"twitter_card":"summary_large_image","twitter_misc":{"Ber\u00e4knad l\u00e4stid":"1 minut"},"schema":{"@context":"https:\/\/schema.org","@graph":[{"@type":"WebPage","@id":"https:\/\/www.myst.gr\/product\/immune-fire\/","url":"https:\/\/www.myst.gr\/product\/immune-fire\/","name":"IMMUNE FIRE | Powerful Immune Support - MYST","isPartOf":{"@id":"https:\/\/www.myst.gr\/#website"},"primaryImageOfPage":{"@id":"https:\/\/www.myst.gr\/product\/immune-fire\/#primaryimage"},"image":{"@id":"https:\/\/www.myst.gr\/product\/immune-fire\/#primaryimage"},"thumbnailUrl":"https:\/\/www.myst.gr\/wp-content\/uploads\/2025\/12\/Ginger-shot-1.jpg","datePublished":"2025-12-03T14:37:11+00:00","dateModified":"2026-03-26T06:56:22+00:00","description":"Inspired by the famous \u201cginger shot\u201d, this powerful blend captures the warm, spicy intensity of fresh roots in a clean, ready-to-mix formula.","breadcrumb":{"@id":"https:\/\/www.myst.gr\/product\/immune-fire\/#breadcrumb"},"inLanguage":"sv-SE","potentialAction":[{"@type":"ReadAction","target":["https:\/\/www.myst.gr\/product\/immune-fire\/"]}]},{"@type":"ImageObject","inLanguage":"sv-SE","@id":"https:\/\/www.myst.gr\/product\/immune-fire\/#primaryimage","url":"https:\/\/www.myst.gr\/wp-content\/uploads\/2025\/12\/Ginger-shot-1.jpg","contentUrl":"https:\/\/www.myst.gr\/wp-content\/uploads\/2025\/12\/Ginger-shot-1.jpg","width":1000,"height":1000},{"@type":"BreadcrumbList","@id":"https:\/\/www.myst.gr\/product\/immune-fire\/#breadcrumb","itemListElement":[{"@type":"ListItem","position":1,"name":"Home","item":"https:\/\/www.myst.gr\/"},{"@type":"ListItem","position":2,"name":"Shop","item":"https:\/\/www.myst.gr\/?page_id=628"},{"@type":"ListItem","position":3,"name":"IMMUNE FIRE | Powerful Immune Support"}]},{"@type":"WebSite","@id":"https:\/\/www.myst.gr\/#website","url":"https:\/\/www.myst.gr\/","name":"MYST","description":"| Discover the Taste of Greece","publisher":{"@id":"https:\/\/www.myst.gr\/#organization"},"potentialAction":[{"@type":"SearchAction","target":{"@type":"EntryPoint","urlTemplate":"https:\/\/www.myst.gr\/?s={search_term_string}"},"query-input":{"@type":"PropertyValueSpecification","valueRequired":true,"valueName":"search_term_string"}}],"inLanguage":"sv-SE"},{"@type":"Organization","@id":"https:\/\/www.myst.gr\/#organization","name":"MYST","url":"https:\/\/www.myst.gr\/","logo":{"@type":"ImageObject","inLanguage":"sv-SE","@id":"https:\/\/www.myst.gr\/#\/schema\/logo\/image\/","url":"https:\/\/www.myst.gr\/wp-content\/uploads\/2023\/01\/cropped-logomini.png","contentUrl":"https:\/\/www.myst.gr\/wp-content\/uploads\/2023\/01\/cropped-logomini.png","width":780,"height":780,"caption":"MYST"},"image":{"@id":"https:\/\/www.myst.gr\/#\/schema\/logo\/image\/"}}]}},"_links":{"self":[{"href":"https:\/\/www.myst.gr\/sv\/wp-json\/wp\/v2\/product\/21913","targetHints":{"allow":["GET"]}}],"collection":[{"href":"https:\/\/www.myst.gr\/sv\/wp-json\/wp\/v2\/product"}],"about":[{"href":"https:\/\/www.myst.gr\/sv\/wp-json\/wp\/v2\/types\/product"}],"wp:featuredmedia":[{"embeddable":true,"href":"https:\/\/www.myst.gr\/sv\/wp-json\/wp\/v2\/media\/21919"}],"wp:attachment":[{"href":"https:\/\/www.myst.gr\/sv\/wp-json\/wp\/v2\/media?parent=21913"}],"wp:term":[{"taxonomy":"product_cat","embeddable":true,"href":"https:\/\/www.myst.gr\/sv\/wp-json\/wp\/v2\/product_cat?post=21913"},{"taxonomy":"product_tag","embeddable":true,"href":"https:\/\/www.myst.gr\/sv\/wp-json\/wp\/v2\/product_tag?post=21913"}],"curies":[{"name":"wp","href":"https:\/\/api.w.org\/{rel}","templated":true}]}}