{"id":21319,"date":"2025-11-07T08:01:30","date_gmt":"2025-11-07T08:01:30","guid":{"rendered":"https:\/\/www.myst.gr\/?post_type=product&#038;p=21319"},"modified":"2026-03-25T06:51:17","modified_gmt":"2026-03-25T06:51:17","slug":"star-anise","status":"publish","type":"product","link":"https:\/\/www.myst.gr\/sv\/product\/star-anise\/","title":{"rendered":"Stj\u00e4rnanis"},"content":{"rendered":"<p>Hel Stj\u00e4rnanis \u00e4r en verkligt unik och aromatisk krydda, k\u00e4nd f\u00f6r sin vackra stj\u00e4rnform och djupbruna f\u00e4rg. Med en s\u00f6t, varm doft som p\u00e5minner om anis och ouzo ger den en mild men intensiv smak som lyfter b\u00e5de salta och s\u00f6ta r\u00e4tter.<\/p>\n<p>Sk\u00f6rdad fr\u00e5n tr\u00e4det Illicium verum, ursprungligen fr\u00e5n Vietnam, uppskattas stj\u00e4rnanis i b\u00e5de medelhavs- och asiatisk matlagning f\u00f6r sin exotiska arom och dekorativa form. Den passar utm\u00e4rkt i grytor, s\u00e5ser, soppor, risr\u00e4tter, baljv\u00e4xter, desserter och festliga drycker som gl\u00f6gg eller kryddte.<\/p>\n<h3>\ud83c\udf77 S\u00e5 anv\u00e4nder du stj\u00e4rnanis i matlagning<\/h3>\n<p>&nbsp;<\/p>\n<p>Stj\u00e4rnanis \u00e4r perfekt b\u00e5de som krydda och som elegant dekoration. Dess stj\u00e4rnform g\u00f6r den idealisk f\u00f6r juliga dukningar, medan doften ger v\u00e4rme och karakt\u00e4r \u00e5t dina r\u00e4tter.<\/p>\n<p>Tills\u00e4tt 1\u20132 stj\u00e4rnor i grytor, soppor, s\u00e5ser, marmelader, sirap eller risr\u00e4tter f\u00f6r en mild s\u00f6t-kryddig ton. Anv\u00e4nd den f\u00f6r att smaks\u00e4tta gl\u00f6gg, \u00f6rtte eller hemgjorda lik\u00f6rer, eller koka den med kanelst\u00e4nger och apelsinskal f\u00f6r en naturlig, varm doft i hemmet.<\/p>\n<p><strong>\ud83e\ude7a Obs:<\/strong><\/p>\n<p>Informationen \u00e4r endast avsedd f\u00f6r allm\u00e4nt informationsbruk och utg\u00f6r inte medicinsk r\u00e5dgivning.<br \/>\nKontakta alltid l\u00e4kare eller nutritionist vid h\u00e4lsorelaterade fr\u00e5gor.<\/p>","protected":false},"excerpt":{"rendered":"<div class=\"page\" title=\"Page 5\">\n<div class=\"section\">\n<div class=\"layoutArea\">\n<div class=\"column\">\n<div class=\"page\" title=\"Page 6\">\n<div class=\"section\">\n<div class=\"layoutArea\">\n<div class=\"column\">\n<div class=\"page\" title=\"Page 5\">\n<div class=\"section\">\n<div class=\"layoutArea\">\n<div class=\"column\">\n<div class=\"page\" title=\"Page 6\">\n<div class=\"section\">\n<div class=\"layoutArea\">\n<div class=\"column\">\n<div class=\"page\" title=\"Page 14\">\n<div class=\"layoutArea\">\n<div class=\"column\">\n<div class=\"page\" title=\"Page 14\">\n<div class=\"layoutArea\">\n<div class=\"column\">\n<div class=\"page\" title=\"Page 5\">\n<div class=\"section\">\n<div class=\"layoutArea\">\n<div class=\"column\">\n<div class=\"page\" title=\"Page 6\">\n<div class=\"section\">\n<div class=\"layoutArea\">\n<div class=\"column\">\n<div class=\"page\" title=\"Page 5\">\n<div class=\"section\">\n<div class=\"layoutArea\">\n<div class=\"column\">\n<div class=\"page\" title=\"Page 6\">\n<div class=\"section\">\n<div class=\"layoutArea\">\n<div class=\"column\">\n<div class=\"page\" title=\"Page 5\">\n<div class=\"section\">\n<div class=\"layoutArea\">\n<div class=\"column\">\n<div class=\"page\" title=\"Page 6\">\n<div class=\"section\">\n<div class=\"layoutArea\">\n<div class=\"column\">\n<p class=\"p1\">Stj\u00e4rnanis f\u00f6renar smak, sk\u00f6nhet och tradition och f\u00f6rvandlar varje r\u00e4tt till en f\u00f6rfinad upplevelse.<\/p>\n<p class=\"p1\">Utan konserveringsmedel eller tillsatser. 100% naturlig produkt.<\/p>\n<p><strong>Inneh\u00e5ll: e 40g<\/strong><\/p>\n<\/div>\n<\/div>\n<\/div>\n<\/div>\n<\/div>\n<\/div>\n<\/div>\n<\/div>\n<\/div>\n<\/div>\n<\/div>\n<\/div>\n<\/div>\n<\/div>\n<\/div>\n<\/div>\n<\/div>\n<\/div>\n<\/div>\n<\/div>\n<\/div>\n<\/div>\n<\/div>\n<\/div>\n<p><a href=\"https:\/\/store.myst.gr\/en\/product\/star-anise\/\" target=\"_blank\" rel=\"noopener\"><img decoding=\"async\" class=\"alignnone wp-image-11129 size-full\" src=\"https:\/\/www.myst.gr\/wp-content\/uploads\/2021\/08\/Untitled-2.svg\" alt=\"\" width=\"200\" height=\"70\" \/><\/a><a href=\"https:\/\/www.myst.gr\/sv\/wholesale-dashboard\/\"><img decoding=\"async\" class=\"alignnone wp-image-11130 size-full\" src=\"https:\/\/www.myst.gr\/wp-content\/uploads\/2021\/08\/Untitled-3.svg\" alt=\"\" width=\"200\" height=\"70\" \/><\/a><\/p>\n<\/div>\n<\/div>\n<\/div>\n<\/div>\n<\/div>\n<\/div>\n<\/div>\n<\/div>\n<\/div>\n<\/div>\n<\/div>\n<\/div>\n<\/div>\n<\/div>\n<\/div>\n<\/div>\n<\/div>\n<\/div>\n<\/div>\n<\/div>\n<\/div>\n<\/div>","protected":false},"featured_media":21274,"template":"","meta":[],"product_cat":[172,162,144],"product_tag":[],"class_list":{"0":"post-21319","1":"product","2":"type-product","3":"status-publish","4":"has-post-thumbnail","6":"product_cat-pastry-confectionery","7":"product_cat-spices","8":"product_cat-saltsandspices","10":"first","11":"instock","12":"product-type-simple","swatches":"rey-swatches","show_selected":""},"yoast_head":"<!-- This site is optimized with the Yoast SEO plugin v27.4 - https:\/\/yoast.com\/product\/yoast-seo-wordpress\/ -->\n<title>Star Anise Whole<\/title>\n<meta name=\"description\" content=\"Star Anise Whole is a truly distinctive and aromatic spice, known for its beautiful star-shaped form and rich dark brown color. With a sweet, warm fragrance\" \/>\n<meta name=\"robots\" content=\"index, follow, max-snippet:-1, max-image-preview:large, max-video-preview:-1\" \/>\n<link rel=\"canonical\" href=\"https:\/\/www.myst.gr\/sv\/produkt\/star-anise\/\" \/>\n<meta property=\"og:locale\" content=\"sv_SE\" \/>\n<meta property=\"og:type\" content=\"article\" \/>\n<meta property=\"og:title\" content=\"Star Anise Whole\" \/>\n<meta property=\"og:description\" content=\"Star Anise Whole is a truly distinctive and aromatic spice, known for its beautiful star-shaped form and rich dark brown color. With a sweet, warm fragrance\" \/>\n<meta property=\"og:url\" content=\"https:\/\/www.myst.gr\/sv\/produkt\/star-anise\/\" \/>\n<meta property=\"og:site_name\" content=\"MYST\" \/>\n<meta property=\"article:modified_time\" content=\"2026-03-25T06:51:17+00:00\" \/>\n<meta property=\"og:image\" content=\"https:\/\/www.myst.gr\/wp-content\/uploads\/2025\/11\/star-1.jpg\" \/>\n\t<meta property=\"og:image:width\" content=\"1000\" \/>\n\t<meta property=\"og:image:height\" content=\"1000\" \/>\n\t<meta property=\"og:image:type\" content=\"image\/jpeg\" \/>\n<meta name=\"twitter:card\" content=\"summary_large_image\" \/>\n<meta name=\"twitter:label1\" content=\"Ber\u00e4knad l\u00e4stid\" \/>\n\t<meta name=\"twitter:data1\" content=\"2 minuter\" \/>\n<script type=\"application\/ld+json\" class=\"yoast-schema-graph\">{\"@context\":\"https:\\\/\\\/schema.org\",\"@graph\":[{\"@type\":\"WebPage\",\"@id\":\"https:\\\/\\\/www.myst.gr\\\/product\\\/star-anise\\\/\",\"url\":\"https:\\\/\\\/www.myst.gr\\\/product\\\/star-anise\\\/\",\"name\":\"Star Anise Whole\",\"isPartOf\":{\"@id\":\"https:\\\/\\\/www.myst.gr\\\/#website\"},\"primaryImageOfPage\":{\"@id\":\"https:\\\/\\\/www.myst.gr\\\/product\\\/star-anise\\\/#primaryimage\"},\"image\":{\"@id\":\"https:\\\/\\\/www.myst.gr\\\/product\\\/star-anise\\\/#primaryimage\"},\"thumbnailUrl\":\"https:\\\/\\\/www.myst.gr\\\/wp-content\\\/uploads\\\/2025\\\/11\\\/star-1.jpg\",\"datePublished\":\"2025-11-07T08:01:30+00:00\",\"dateModified\":\"2026-03-25T06:51:17+00:00\",\"description\":\"Star Anise Whole is a truly distinctive and aromatic spice, known for its beautiful star-shaped form and rich dark brown color. With a sweet, warm fragrance\",\"breadcrumb\":{\"@id\":\"https:\\\/\\\/www.myst.gr\\\/product\\\/star-anise\\\/#breadcrumb\"},\"inLanguage\":\"sv-SE\",\"potentialAction\":[{\"@type\":\"ReadAction\",\"target\":[\"https:\\\/\\\/www.myst.gr\\\/product\\\/star-anise\\\/\"]}]},{\"@type\":\"ImageObject\",\"inLanguage\":\"sv-SE\",\"@id\":\"https:\\\/\\\/www.myst.gr\\\/product\\\/star-anise\\\/#primaryimage\",\"url\":\"https:\\\/\\\/www.myst.gr\\\/wp-content\\\/uploads\\\/2025\\\/11\\\/star-1.jpg\",\"contentUrl\":\"https:\\\/\\\/www.myst.gr\\\/wp-content\\\/uploads\\\/2025\\\/11\\\/star-1.jpg\",\"width\":1000,\"height\":1000},{\"@type\":\"BreadcrumbList\",\"@id\":\"https:\\\/\\\/www.myst.gr\\\/product\\\/star-anise\\\/#breadcrumb\",\"itemListElement\":[{\"@type\":\"ListItem\",\"position\":1,\"name\":\"Home\",\"item\":\"https:\\\/\\\/www.myst.gr\\\/\"},{\"@type\":\"ListItem\",\"position\":2,\"name\":\"Shop\",\"item\":\"https:\\\/\\\/www.myst.gr\\\/?page_id=628\"},{\"@type\":\"ListItem\",\"position\":3,\"name\":\"Star Anise Whole\"}]},{\"@type\":\"WebSite\",\"@id\":\"https:\\\/\\\/www.myst.gr\\\/#website\",\"url\":\"https:\\\/\\\/www.myst.gr\\\/\",\"name\":\"MYST\",\"description\":\"| Discover the Taste of Greece\",\"publisher\":{\"@id\":\"https:\\\/\\\/www.myst.gr\\\/#organization\"},\"potentialAction\":[{\"@type\":\"SearchAction\",\"target\":{\"@type\":\"EntryPoint\",\"urlTemplate\":\"https:\\\/\\\/www.myst.gr\\\/?s={search_term_string}\"},\"query-input\":{\"@type\":\"PropertyValueSpecification\",\"valueRequired\":true,\"valueName\":\"search_term_string\"}}],\"inLanguage\":\"sv-SE\"},{\"@type\":\"Organization\",\"@id\":\"https:\\\/\\\/www.myst.gr\\\/#organization\",\"name\":\"MYST\",\"url\":\"https:\\\/\\\/www.myst.gr\\\/\",\"logo\":{\"@type\":\"ImageObject\",\"inLanguage\":\"sv-SE\",\"@id\":\"https:\\\/\\\/www.myst.gr\\\/#\\\/schema\\\/logo\\\/image\\\/\",\"url\":\"https:\\\/\\\/www.myst.gr\\\/wp-content\\\/uploads\\\/2023\\\/01\\\/cropped-logomini.png\",\"contentUrl\":\"https:\\\/\\\/www.myst.gr\\\/wp-content\\\/uploads\\\/2023\\\/01\\\/cropped-logomini.png\",\"width\":780,\"height\":780,\"caption\":\"MYST\"},\"image\":{\"@id\":\"https:\\\/\\\/www.myst.gr\\\/#\\\/schema\\\/logo\\\/image\\\/\"}}]}<\/script>\n<!-- \/ Yoast SEO plugin. -->","yoast_head_json":{"title":"Stj\u00e4rnanis","description":"Star Anise Whole is a truly distinctive and aromatic spice, known for its beautiful star-shaped form and rich dark brown color. With a sweet, warm fragrance","robots":{"index":"index","follow":"follow","max-snippet":"max-snippet:-1","max-image-preview":"max-image-preview:large","max-video-preview":"max-video-preview:-1"},"canonical":"https:\/\/www.myst.gr\/sv\/produkt\/star-anise\/","og_locale":"sv_SE","og_type":"article","og_title":"Star Anise Whole","og_description":"Star Anise Whole is a truly distinctive and aromatic spice, known for its beautiful star-shaped form and rich dark brown color. With a sweet, warm fragrance","og_url":"https:\/\/www.myst.gr\/sv\/produkt\/star-anise\/","og_site_name":"MYST","article_modified_time":"2026-03-25T06:51:17+00:00","og_image":[{"width":1000,"height":1000,"url":"https:\/\/www.myst.gr\/wp-content\/uploads\/2025\/11\/star-1.jpg","type":"image\/jpeg"}],"twitter_card":"summary_large_image","twitter_misc":{"Ber\u00e4knad l\u00e4stid":"2 minuter"},"schema":{"@context":"https:\/\/schema.org","@graph":[{"@type":"WebPage","@id":"https:\/\/www.myst.gr\/product\/star-anise\/","url":"https:\/\/www.myst.gr\/product\/star-anise\/","name":"Stj\u00e4rnanis","isPartOf":{"@id":"https:\/\/www.myst.gr\/#website"},"primaryImageOfPage":{"@id":"https:\/\/www.myst.gr\/product\/star-anise\/#primaryimage"},"image":{"@id":"https:\/\/www.myst.gr\/product\/star-anise\/#primaryimage"},"thumbnailUrl":"https:\/\/www.myst.gr\/wp-content\/uploads\/2025\/11\/star-1.jpg","datePublished":"2025-11-07T08:01:30+00:00","dateModified":"2026-03-25T06:51:17+00:00","description":"Star Anise Whole is a truly distinctive and aromatic spice, known for its beautiful star-shaped form and rich dark brown color. With a sweet, warm fragrance","breadcrumb":{"@id":"https:\/\/www.myst.gr\/product\/star-anise\/#breadcrumb"},"inLanguage":"sv-SE","potentialAction":[{"@type":"ReadAction","target":["https:\/\/www.myst.gr\/product\/star-anise\/"]}]},{"@type":"ImageObject","inLanguage":"sv-SE","@id":"https:\/\/www.myst.gr\/product\/star-anise\/#primaryimage","url":"https:\/\/www.myst.gr\/wp-content\/uploads\/2025\/11\/star-1.jpg","contentUrl":"https:\/\/www.myst.gr\/wp-content\/uploads\/2025\/11\/star-1.jpg","width":1000,"height":1000},{"@type":"BreadcrumbList","@id":"https:\/\/www.myst.gr\/product\/star-anise\/#breadcrumb","itemListElement":[{"@type":"ListItem","position":1,"name":"Home","item":"https:\/\/www.myst.gr\/"},{"@type":"ListItem","position":2,"name":"Shop","item":"https:\/\/www.myst.gr\/?page_id=628"},{"@type":"ListItem","position":3,"name":"Star Anise Whole"}]},{"@type":"WebSite","@id":"https:\/\/www.myst.gr\/#website","url":"https:\/\/www.myst.gr\/","name":"MYST","description":"| Discover the Taste of Greece","publisher":{"@id":"https:\/\/www.myst.gr\/#organization"},"potentialAction":[{"@type":"SearchAction","target":{"@type":"EntryPoint","urlTemplate":"https:\/\/www.myst.gr\/?s={search_term_string}"},"query-input":{"@type":"PropertyValueSpecification","valueRequired":true,"valueName":"search_term_string"}}],"inLanguage":"sv-SE"},{"@type":"Organization","@id":"https:\/\/www.myst.gr\/#organization","name":"MYST","url":"https:\/\/www.myst.gr\/","logo":{"@type":"ImageObject","inLanguage":"sv-SE","@id":"https:\/\/www.myst.gr\/#\/schema\/logo\/image\/","url":"https:\/\/www.myst.gr\/wp-content\/uploads\/2023\/01\/cropped-logomini.png","contentUrl":"https:\/\/www.myst.gr\/wp-content\/uploads\/2023\/01\/cropped-logomini.png","width":780,"height":780,"caption":"MYST"},"image":{"@id":"https:\/\/www.myst.gr\/#\/schema\/logo\/image\/"}}]}},"_links":{"self":[{"href":"https:\/\/www.myst.gr\/sv\/wp-json\/wp\/v2\/product\/21319","targetHints":{"allow":["GET"]}}],"collection":[{"href":"https:\/\/www.myst.gr\/sv\/wp-json\/wp\/v2\/product"}],"about":[{"href":"https:\/\/www.myst.gr\/sv\/wp-json\/wp\/v2\/types\/product"}],"wp:featuredmedia":[{"embeddable":true,"href":"https:\/\/www.myst.gr\/sv\/wp-json\/wp\/v2\/media\/21274"}],"wp:attachment":[{"href":"https:\/\/www.myst.gr\/sv\/wp-json\/wp\/v2\/media?parent=21319"}],"wp:term":[{"taxonomy":"product_cat","embeddable":true,"href":"https:\/\/www.myst.gr\/sv\/wp-json\/wp\/v2\/product_cat?post=21319"},{"taxonomy":"product_tag","embeddable":true,"href":"https:\/\/www.myst.gr\/sv\/wp-json\/wp\/v2\/product_tag?post=21319"}],"curies":[{"name":"wp","href":"https:\/\/api.w.org\/{rel}","templated":true}]}}