{"id":20721,"date":"2025-05-22T09:13:21","date_gmt":"2025-05-22T09:13:21","guid":{"rendered":"https:\/\/www.myst.gr\/?post_type=product&#038;p=20721"},"modified":"2026-03-25T07:00:10","modified_gmt":"2026-03-25T07:00:10","slug":"black-pepper-grinder","status":"publish","type":"product","link":"https:\/\/www.myst.gr\/sv\/product\/black-pepper-grinder\/","title":{"rendered":"Svartpeppar i kvarn"},"content":{"rendered":"<p>F\u00e4rskmalen, kraftfull och aromatisk. Ett m\u00e5ste i varje k\u00f6k.<\/p>\n<p data-start=\"24\" data-end=\"473\">En svartpepparkvarn \u00e4r ett viktigt redskap i varje k\u00f6k och framh\u00e4ver den fulla aromen och smaken av nymalen svartpeppar. Hela svartpepparkorn beh\u00e5ller sina naturliga oljor och sin intensiva doft mycket l\u00e4ngre \u00e4n f\u00e4rdigmald peppar. N\u00e4r pepparn mals precis innan anv\u00e4ndning frig\u00f6rs dess kraftiga och kryddiga karakt\u00e4r, vilket ger extra smak till m\u00e5nga olika r\u00e4tter.<\/p>\n<p data-start=\"475\" data-end=\"836\">En bra pepparkvarn g\u00f6r det m\u00f6jligt att justera malningsgraden efter behov. Finmalen peppar passar perfekt i s\u00e5ser och marinader, medan gr\u00f6vre malning ger mer textur och en starkare aromatisk effekt. Nymalen svartpeppar f\u00f6rb\u00e4ttrar inte bara smaken utan lyfter hela matlagningsupplevelsen.<\/p>\n<p data-start=\"838\" data-end=\"1205\">Svartpeppar \u00e4r en av v\u00e4rldens mest anv\u00e4nda kryddor och har uppskattats i \u00e5rhundraden f\u00f6r sin unika smak och m\u00e5ngsidighet. N\u00e4r pepparkornen f\u00f6rvaras hela i en kvarn bevaras deras rika arom under l\u00e4ngre tid. Att mala pepparn precis f\u00f6re servering s\u00e4kerst\u00e4ller att varje r\u00e4tt f\u00e5r ta del av dess fr\u00e4scha, varma och l\u00e4tt tr\u00e4iga toner.<\/p>","protected":false},"excerpt":{"rendered":"<div class=\"page\" title=\"Page 5\">\n<div class=\"section\">\n<div class=\"layoutArea\">\n<div class=\"column\">\n<div class=\"page\" title=\"Page 6\">\n<div class=\"section\">\n<div class=\"layoutArea\">\n<div class=\"column\">\n<div class=\"page\" title=\"Page 5\">\n<div class=\"section\">\n<div class=\"layoutArea\">\n<div class=\"column\">\n<div class=\"page\" title=\"Page 6\">\n<div class=\"section\">\n<div class=\"layoutArea\">\n<div class=\"column\">\n<div class=\"page\" title=\"Page 14\">\n<div class=\"layoutArea\">\n<div class=\"column\">\n<div class=\"page\" title=\"Page 14\">\n<div class=\"layoutArea\">\n<div class=\"column\">\n<div class=\"page\" title=\"Page 5\">\n<div class=\"section\">\n<div class=\"layoutArea\">\n<div class=\"column\">\n<div class=\"page\" title=\"Page 6\">\n<div class=\"section\">\n<div class=\"layoutArea\">\n<div class=\"column\">\n<div class=\"page\" title=\"Page 5\">\n<div class=\"section\">\n<div class=\"layoutArea\">\n<div class=\"column\">\n<div class=\"page\" title=\"Page 6\">\n<div class=\"section\">\n<div class=\"layoutArea\">\n<div class=\"column\">\n<div class=\"page\" title=\"Page 5\">\n<div class=\"section\">\n<div class=\"layoutArea\">\n<div class=\"column\">\n<div class=\"page\" title=\"Page 6\">\n<div class=\"section\">\n<div class=\"layoutArea\">\n<div class=\"column\">\n<p data-start=\"303\" data-end=\"526\">Hela svarta pepparkorn av h\u00f6gsta kvalitet med kraftfull, rik arom. Mals f\u00e4rskt vid varje anv\u00e4ndning och ger djup och hetta till alla r\u00e4tter. Perfekt till k\u00f6tt, sallader, s\u00e5ser och pasta.<\/p>\n<\/div>\n<\/div>\n<\/div>\n<\/div>\n<\/div>\n<\/div>\n<\/div>\n<\/div>\n<\/div>\n<\/div>\n<\/div>\n<\/div>\n<\/div>\n<\/div>\n<\/div>\n<\/div>\n<\/div>\n<\/div>\n<\/div>\n<\/div>\n<\/div>\n<\/div>\n<\/div>\n<\/div>\n<div class=\"page\" title=\"Page 5\">\n<div class=\"section\">\n<div class=\"layoutArea\">\n<div class=\"column\">\n<p><strong>Burkkapacitet : e 50g<\/strong><\/p>\n<\/div>\n<\/div>\n<\/div>\n<\/div>\n<p><a href=\"https:\/\/store.myst.gr\/en\/product\/black-peppercorns\/\" target=\"_blank\" rel=\"noopener\"><img decoding=\"async\" class=\"alignnone wp-image-11129 size-full\" src=\"https:\/\/www.myst.gr\/wp-content\/uploads\/2021\/08\/Untitled-2.svg\" alt=\"\" width=\"200\" height=\"70\" \/><\/a><a href=\"https:\/\/www.myst.gr\/sv\/wholesale-dashboard\/\"><img decoding=\"async\" class=\"alignnone wp-image-11130 size-full\" src=\"https:\/\/www.myst.gr\/wp-content\/uploads\/2021\/08\/Untitled-3.svg\" alt=\"\" width=\"200\" height=\"70\" \/><\/a><\/p>\n<\/div>\n<\/div>\n<\/div>\n<\/div>\n<\/div>\n<\/div>\n<\/div>\n<\/div>\n<\/div>\n<\/div>\n<\/div>\n<\/div>\n<\/div>\n<\/div>\n<\/div>\n<\/div>\n<\/div>\n<\/div>\n<\/div>\n<\/div>\n<\/div>\n<\/div>","protected":false},"featured_media":20875,"template":"","meta":[],"product_cat":[164,162,144],"product_tag":[],"class_list":{"0":"post-20721","1":"product","2":"type-product","3":"status-publish","4":"has-post-thumbnail","6":"product_cat-grinders","7":"product_cat-spices","8":"product_cat-saltsandspices","10":"first","11":"instock","12":"product-type-simple","swatches":"rey-swatches","show_selected":""},"yoast_head":"<!-- This site is optimized with the Yoast SEO plugin v27.4 - https:\/\/yoast.com\/product\/yoast-seo-wordpress\/ -->\n<title>Black Pepper in Grinder - MYST<\/title>\n<meta name=\"description\" content=\"Whole black peppercorns of premium quality, with a bold, rich aroma. Freshly ground with every use, they bring intensity and depth to any dish. Perfect for\" \/>\n<meta name=\"robots\" content=\"index, follow, max-snippet:-1, max-image-preview:large, max-video-preview:-1\" \/>\n<link rel=\"canonical\" href=\"https:\/\/www.myst.gr\/sv\/produkt\/black-pepper-grinder\/\" \/>\n<meta property=\"og:locale\" content=\"sv_SE\" \/>\n<meta property=\"og:type\" content=\"article\" \/>\n<meta property=\"og:title\" content=\"Black Pepper in Grinder - MYST\" \/>\n<meta property=\"og:description\" content=\"Whole black peppercorns of premium quality, with a bold, rich aroma. Freshly ground with every use, they bring intensity and depth to any dish. Perfect for\" \/>\n<meta property=\"og:url\" content=\"https:\/\/www.myst.gr\/sv\/produkt\/black-pepper-grinder\/\" \/>\n<meta property=\"og:site_name\" content=\"MYST\" \/>\n<meta property=\"article:modified_time\" content=\"2026-03-25T07:00:10+00:00\" \/>\n<meta property=\"og:image\" content=\"https:\/\/www.myst.gr\/wp-content\/uploads\/2021\/12\/Black-pepper-grinder-1.jpg\" \/>\n\t<meta property=\"og:image:width\" content=\"1000\" \/>\n\t<meta property=\"og:image:height\" content=\"1000\" \/>\n\t<meta property=\"og:image:type\" content=\"image\/jpeg\" \/>\n<meta name=\"twitter:card\" content=\"summary_large_image\" \/>\n<meta name=\"twitter:label1\" content=\"Ber\u00e4knad l\u00e4stid\" \/>\n\t<meta name=\"twitter:data1\" content=\"2 minuter\" \/>\n<script type=\"application\/ld+json\" class=\"yoast-schema-graph\">{\"@context\":\"https:\\\/\\\/schema.org\",\"@graph\":[{\"@type\":\"WebPage\",\"@id\":\"https:\\\/\\\/www.myst.gr\\\/product\\\/black-pepper-grinder\\\/\",\"url\":\"https:\\\/\\\/www.myst.gr\\\/product\\\/black-pepper-grinder\\\/\",\"name\":\"Black Pepper in Grinder - MYST\",\"isPartOf\":{\"@id\":\"https:\\\/\\\/www.myst.gr\\\/#website\"},\"primaryImageOfPage\":{\"@id\":\"https:\\\/\\\/www.myst.gr\\\/product\\\/black-pepper-grinder\\\/#primaryimage\"},\"image\":{\"@id\":\"https:\\\/\\\/www.myst.gr\\\/product\\\/black-pepper-grinder\\\/#primaryimage\"},\"thumbnailUrl\":\"https:\\\/\\\/www.myst.gr\\\/wp-content\\\/uploads\\\/2021\\\/12\\\/Black-pepper-grinder-1.jpg\",\"datePublished\":\"2025-05-22T09:13:21+00:00\",\"dateModified\":\"2026-03-25T07:00:10+00:00\",\"description\":\"Whole black peppercorns of premium quality, with a bold, rich aroma. Freshly ground with every use, they bring intensity and depth to any dish. Perfect for\",\"breadcrumb\":{\"@id\":\"https:\\\/\\\/www.myst.gr\\\/product\\\/black-pepper-grinder\\\/#breadcrumb\"},\"inLanguage\":\"sv-SE\",\"potentialAction\":[{\"@type\":\"ReadAction\",\"target\":[\"https:\\\/\\\/www.myst.gr\\\/product\\\/black-pepper-grinder\\\/\"]}]},{\"@type\":\"ImageObject\",\"inLanguage\":\"sv-SE\",\"@id\":\"https:\\\/\\\/www.myst.gr\\\/product\\\/black-pepper-grinder\\\/#primaryimage\",\"url\":\"https:\\\/\\\/www.myst.gr\\\/wp-content\\\/uploads\\\/2021\\\/12\\\/Black-pepper-grinder-1.jpg\",\"contentUrl\":\"https:\\\/\\\/www.myst.gr\\\/wp-content\\\/uploads\\\/2021\\\/12\\\/Black-pepper-grinder-1.jpg\",\"width\":1000,\"height\":1000},{\"@type\":\"BreadcrumbList\",\"@id\":\"https:\\\/\\\/www.myst.gr\\\/product\\\/black-pepper-grinder\\\/#breadcrumb\",\"itemListElement\":[{\"@type\":\"ListItem\",\"position\":1,\"name\":\"Home\",\"item\":\"https:\\\/\\\/www.myst.gr\\\/\"},{\"@type\":\"ListItem\",\"position\":2,\"name\":\"Shop\",\"item\":\"https:\\\/\\\/www.myst.gr\\\/?page_id=628\"},{\"@type\":\"ListItem\",\"position\":3,\"name\":\"Black Pepper in Grinder\"}]},{\"@type\":\"WebSite\",\"@id\":\"https:\\\/\\\/www.myst.gr\\\/#website\",\"url\":\"https:\\\/\\\/www.myst.gr\\\/\",\"name\":\"MYST\",\"description\":\"| Discover the Taste of Greece\",\"publisher\":{\"@id\":\"https:\\\/\\\/www.myst.gr\\\/#organization\"},\"potentialAction\":[{\"@type\":\"SearchAction\",\"target\":{\"@type\":\"EntryPoint\",\"urlTemplate\":\"https:\\\/\\\/www.myst.gr\\\/?s={search_term_string}\"},\"query-input\":{\"@type\":\"PropertyValueSpecification\",\"valueRequired\":true,\"valueName\":\"search_term_string\"}}],\"inLanguage\":\"sv-SE\"},{\"@type\":\"Organization\",\"@id\":\"https:\\\/\\\/www.myst.gr\\\/#organization\",\"name\":\"MYST\",\"url\":\"https:\\\/\\\/www.myst.gr\\\/\",\"logo\":{\"@type\":\"ImageObject\",\"inLanguage\":\"sv-SE\",\"@id\":\"https:\\\/\\\/www.myst.gr\\\/#\\\/schema\\\/logo\\\/image\\\/\",\"url\":\"https:\\\/\\\/www.myst.gr\\\/wp-content\\\/uploads\\\/2023\\\/01\\\/cropped-logomini.png\",\"contentUrl\":\"https:\\\/\\\/www.myst.gr\\\/wp-content\\\/uploads\\\/2023\\\/01\\\/cropped-logomini.png\",\"width\":780,\"height\":780,\"caption\":\"MYST\"},\"image\":{\"@id\":\"https:\\\/\\\/www.myst.gr\\\/#\\\/schema\\\/logo\\\/image\\\/\"}}]}<\/script>\n<!-- \/ Yoast SEO plugin. -->","yoast_head_json":{"title":"Black Pepper in Grinder - MYST","description":"Whole black peppercorns of premium quality, with a bold, rich aroma. Freshly ground with every use, they bring intensity and depth to any dish. Perfect for","robots":{"index":"index","follow":"follow","max-snippet":"max-snippet:-1","max-image-preview":"max-image-preview:large","max-video-preview":"max-video-preview:-1"},"canonical":"https:\/\/www.myst.gr\/sv\/produkt\/black-pepper-grinder\/","og_locale":"sv_SE","og_type":"article","og_title":"Black Pepper in Grinder - MYST","og_description":"Whole black peppercorns of premium quality, with a bold, rich aroma. Freshly ground with every use, they bring intensity and depth to any dish. Perfect for","og_url":"https:\/\/www.myst.gr\/sv\/produkt\/black-pepper-grinder\/","og_site_name":"MYST","article_modified_time":"2026-03-25T07:00:10+00:00","og_image":[{"width":1000,"height":1000,"url":"https:\/\/www.myst.gr\/wp-content\/uploads\/2021\/12\/Black-pepper-grinder-1.jpg","type":"image\/jpeg"}],"twitter_card":"summary_large_image","twitter_misc":{"Ber\u00e4knad l\u00e4stid":"2 minuter"},"schema":{"@context":"https:\/\/schema.org","@graph":[{"@type":"WebPage","@id":"https:\/\/www.myst.gr\/product\/black-pepper-grinder\/","url":"https:\/\/www.myst.gr\/product\/black-pepper-grinder\/","name":"Black Pepper in Grinder - MYST","isPartOf":{"@id":"https:\/\/www.myst.gr\/#website"},"primaryImageOfPage":{"@id":"https:\/\/www.myst.gr\/product\/black-pepper-grinder\/#primaryimage"},"image":{"@id":"https:\/\/www.myst.gr\/product\/black-pepper-grinder\/#primaryimage"},"thumbnailUrl":"https:\/\/www.myst.gr\/wp-content\/uploads\/2021\/12\/Black-pepper-grinder-1.jpg","datePublished":"2025-05-22T09:13:21+00:00","dateModified":"2026-03-25T07:00:10+00:00","description":"Whole black peppercorns of premium quality, with a bold, rich aroma. Freshly ground with every use, they bring intensity and depth to any dish. Perfect for","breadcrumb":{"@id":"https:\/\/www.myst.gr\/product\/black-pepper-grinder\/#breadcrumb"},"inLanguage":"sv-SE","potentialAction":[{"@type":"ReadAction","target":["https:\/\/www.myst.gr\/product\/black-pepper-grinder\/"]}]},{"@type":"ImageObject","inLanguage":"sv-SE","@id":"https:\/\/www.myst.gr\/product\/black-pepper-grinder\/#primaryimage","url":"https:\/\/www.myst.gr\/wp-content\/uploads\/2021\/12\/Black-pepper-grinder-1.jpg","contentUrl":"https:\/\/www.myst.gr\/wp-content\/uploads\/2021\/12\/Black-pepper-grinder-1.jpg","width":1000,"height":1000},{"@type":"BreadcrumbList","@id":"https:\/\/www.myst.gr\/product\/black-pepper-grinder\/#breadcrumb","itemListElement":[{"@type":"ListItem","position":1,"name":"Home","item":"https:\/\/www.myst.gr\/"},{"@type":"ListItem","position":2,"name":"Shop","item":"https:\/\/www.myst.gr\/?page_id=628"},{"@type":"ListItem","position":3,"name":"Black Pepper in Grinder"}]},{"@type":"WebSite","@id":"https:\/\/www.myst.gr\/#website","url":"https:\/\/www.myst.gr\/","name":"MYST","description":"| Discover the Taste of Greece","publisher":{"@id":"https:\/\/www.myst.gr\/#organization"},"potentialAction":[{"@type":"SearchAction","target":{"@type":"EntryPoint","urlTemplate":"https:\/\/www.myst.gr\/?s={search_term_string}"},"query-input":{"@type":"PropertyValueSpecification","valueRequired":true,"valueName":"search_term_string"}}],"inLanguage":"sv-SE"},{"@type":"Organization","@id":"https:\/\/www.myst.gr\/#organization","name":"MYST","url":"https:\/\/www.myst.gr\/","logo":{"@type":"ImageObject","inLanguage":"sv-SE","@id":"https:\/\/www.myst.gr\/#\/schema\/logo\/image\/","url":"https:\/\/www.myst.gr\/wp-content\/uploads\/2023\/01\/cropped-logomini.png","contentUrl":"https:\/\/www.myst.gr\/wp-content\/uploads\/2023\/01\/cropped-logomini.png","width":780,"height":780,"caption":"MYST"},"image":{"@id":"https:\/\/www.myst.gr\/#\/schema\/logo\/image\/"}}]}},"_links":{"self":[{"href":"https:\/\/www.myst.gr\/sv\/wp-json\/wp\/v2\/product\/20721","targetHints":{"allow":["GET"]}}],"collection":[{"href":"https:\/\/www.myst.gr\/sv\/wp-json\/wp\/v2\/product"}],"about":[{"href":"https:\/\/www.myst.gr\/sv\/wp-json\/wp\/v2\/types\/product"}],"wp:featuredmedia":[{"embeddable":true,"href":"https:\/\/www.myst.gr\/sv\/wp-json\/wp\/v2\/media\/20875"}],"wp:attachment":[{"href":"https:\/\/www.myst.gr\/sv\/wp-json\/wp\/v2\/media?parent=20721"}],"wp:term":[{"taxonomy":"product_cat","embeddable":true,"href":"https:\/\/www.myst.gr\/sv\/wp-json\/wp\/v2\/product_cat?post=20721"},{"taxonomy":"product_tag","embeddable":true,"href":"https:\/\/www.myst.gr\/sv\/wp-json\/wp\/v2\/product_tag?post=20721"}],"curies":[{"name":"wp","href":"https:\/\/api.w.org\/{rel}","templated":true}]}}