{"id":18570,"date":"2024-10-22T06:57:24","date_gmt":"2024-10-22T06:57:24","guid":{"rendered":"https:\/\/www.myst.gr\/?post_type=product&#038;p=18570"},"modified":"2026-03-26T07:11:11","modified_gmt":"2026-03-26T07:11:11","slug":"pizza-sauce-spice","status":"publish","type":"product","link":"https:\/\/www.myst.gr\/sv\/product\/pizza-sauce-spice\/","title":{"rendered":"Kryddblandning f\u00f6r Pizzas\u00e5s"},"content":{"rendered":"<p>V\u00e5r huvudsakliga uppgift \u00e4r att skapa matlagningsbladningar av h\u00f6g kulinarisk och n\u00e4ringsv\u00e4rde.<\/p>\n<p><strong>Komponenten :<\/strong>\u00a0L\u00f6k, svartpeppar, vitl\u00f6k, basilika, oregano.<\/p>\n<p><img decoding=\"async\" class=\"alignnone wp-image-21193\" src=\"https:\/\/www.myst.gr\/wp-content\/uploads\/2025\/07\/onion-dried-300x300.jpg\" alt=\"\" width=\"100\" height=\"100\" srcset=\"https:\/\/www.myst.gr\/wp-content\/uploads\/2025\/07\/onion-dried-300x300.jpg 300w, https:\/\/www.myst.gr\/wp-content\/uploads\/2025\/07\/onion-dried-150x150.jpg 150w, https:\/\/www.myst.gr\/wp-content\/uploads\/2025\/07\/onion-dried-12x12.jpg 12w, https:\/\/www.myst.gr\/wp-content\/uploads\/2025\/07\/onion-dried-100x100.jpg 100w, https:\/\/www.myst.gr\/wp-content\/uploads\/2025\/07\/onion-dried.jpg 600w\" sizes=\"(max-width: 100px) 100vw, 100px\" \/> <img decoding=\"async\" class=\"alignnone wp-image-21188\" src=\"https:\/\/www.myst.gr\/wp-content\/uploads\/2025\/07\/peppercorns-300x300.jpg\" alt=\"\" width=\"100\" height=\"100\" srcset=\"https:\/\/www.myst.gr\/wp-content\/uploads\/2025\/07\/peppercorns-300x300.jpg 300w, https:\/\/www.myst.gr\/wp-content\/uploads\/2025\/07\/peppercorns-150x150.jpg 150w, https:\/\/www.myst.gr\/wp-content\/uploads\/2025\/07\/peppercorns-12x12.jpg 12w, https:\/\/www.myst.gr\/wp-content\/uploads\/2025\/07\/peppercorns-100x100.jpg 100w, https:\/\/www.myst.gr\/wp-content\/uploads\/2025\/07\/peppercorns.jpg 600w\" sizes=\"(max-width: 100px) 100vw, 100px\" \/><img decoding=\"async\" class=\"alignnone wp-image-21176\" src=\"https:\/\/www.myst.gr\/wp-content\/uploads\/2025\/07\/garlic-300x300.jpg\" alt=\"\" width=\"100\" height=\"100\" srcset=\"https:\/\/www.myst.gr\/wp-content\/uploads\/2025\/07\/garlic-300x300.jpg 300w, https:\/\/www.myst.gr\/wp-content\/uploads\/2025\/07\/garlic-150x150.jpg 150w, https:\/\/www.myst.gr\/wp-content\/uploads\/2025\/07\/garlic-12x12.jpg 12w, https:\/\/www.myst.gr\/wp-content\/uploads\/2025\/07\/garlic-100x100.jpg 100w, https:\/\/www.myst.gr\/wp-content\/uploads\/2025\/07\/garlic.jpg 600w\" sizes=\"(max-width: 100px) 100vw, 100px\" \/> <img loading=\"lazy\" decoding=\"async\" class=\"alignnone wp-image-21200\" src=\"https:\/\/www.myst.gr\/wp-content\/uploads\/2025\/07\/basil-300x300.jpg\" alt=\"\" width=\"100\" height=\"100\" srcset=\"https:\/\/www.myst.gr\/wp-content\/uploads\/2025\/07\/basil-300x300.jpg 300w, https:\/\/www.myst.gr\/wp-content\/uploads\/2025\/07\/basil-150x150.jpg 150w, https:\/\/www.myst.gr\/wp-content\/uploads\/2025\/07\/basil-12x12.jpg 12w, https:\/\/www.myst.gr\/wp-content\/uploads\/2025\/07\/basil-100x100.jpg 100w, https:\/\/www.myst.gr\/wp-content\/uploads\/2025\/07\/basil.jpg 600w\" sizes=\"(max-width: 100px) 100vw, 100px\" \/> <img loading=\"lazy\" decoding=\"async\" class=\"alignnone wp-image-21178\" src=\"https:\/\/www.myst.gr\/wp-content\/uploads\/2025\/07\/oregano-300x300.jpg\" alt=\"\" width=\"100\" height=\"100\" srcset=\"https:\/\/www.myst.gr\/wp-content\/uploads\/2025\/07\/oregano-300x300.jpg 300w, https:\/\/www.myst.gr\/wp-content\/uploads\/2025\/07\/oregano-150x150.jpg 150w, https:\/\/www.myst.gr\/wp-content\/uploads\/2025\/07\/oregano-12x12.jpg 12w, https:\/\/www.myst.gr\/wp-content\/uploads\/2025\/07\/oregano-100x100.jpg 100w, https:\/\/www.myst.gr\/wp-content\/uploads\/2025\/07\/oregano.jpg 600w\" sizes=\"(max-width: 100px) 100vw, 100px\" \/><\/p>\n<p><strong>Instruktioner:<\/strong>\u00a0Tills\u00e4tt tomatjuice, 2 matskedar olivolja och 1 matsked av kryddblandningen f\u00f6r pizza. Koka i en panna i 15 minuter f\u00f6r en s\u00e5s med fullt smak.<\/p>\n<p><strong><span class=\"s1\">Allergenuttalande<\/span><\/strong><\/p>\n<p>Vi f\u00f6rst\u00e5r allvaret i livsmedelsallergier och k\u00e4nslighet och kommer alltid att ange dessa ingredienser p\u00e5 v\u00e5r etikett i ingrediensf\u00f6rklaringen - de kommer aldrig att d\u00f6ljas under orden \"kryddor\" eller \"naturliga smaker\":<\/p>\n<p>F\u00f6r den senaste informationen om allergener och n\u00e4rings\u00e4mnen \u00e4r det viktigt att du l\u00e4ser ingrediensf\u00f6rklaringen p\u00e5 f\u00f6rpackningen vid k\u00f6ptillf\u00e4llet.<\/p>","protected":false},"excerpt":{"rendered":"<div class=\"page\" title=\"Page 5\">\n<div class=\"section\">\n<div class=\"layoutArea\">\n<div class=\"column\">\n<div class=\"page\" title=\"Page 6\">\n<div class=\"section\">\n<div class=\"layoutArea\">\n<div class=\"column\">\n<div class=\"page\" title=\"Page 5\">\n<div class=\"section\">\n<div class=\"layoutArea\">\n<div class=\"column\">\n<div class=\"page\" title=\"Page 6\">\n<div class=\"section\">\n<div class=\"layoutArea\">\n<div class=\"column\">\n<div class=\"page\" title=\"Page 5\">\n<div class=\"section\">\n<div class=\"layoutArea\">\n<div class=\"column\">\n<div class=\"page\" title=\"Page 6\">\n<div class=\"section\">\n<div class=\"layoutArea\">\n<div class=\"column\">\n<div class=\"page\" title=\"Page 5\">\n<div class=\"section\">\n<div class=\"layoutArea\">\n<div class=\"column\">\n<div class=\"page\" title=\"Page 6\">\n<div class=\"section\">\n<div class=\"layoutArea\">\n<div class=\"column\">\n<div class=\"page\" title=\"Page 5\">\n<div class=\"section\">\n<div class=\"layoutArea\">\n<div class=\"column\">\n<div class=\"page\" title=\"Page 6\">\n<div class=\"section\">\n<div class=\"layoutArea\">\n<div class=\"column\">\n<div class=\"page\" title=\"Page 5\">\n<div class=\"section\">\n<div class=\"layoutArea\">\n<div class=\"column\">\n<div class=\"page\" title=\"Page 6\">\n<div class=\"section\">\n<div class=\"layoutArea\">\n<div class=\"column\">\n<div class=\"page\" title=\"Page 5\">\n<div class=\"section\">\n<div class=\"layoutArea\">\n<div class=\"column\">\n<div class=\"page\" title=\"Page 6\">\n<div class=\"section\">\n<div class=\"layoutArea\">\n<div class=\"column\">\n<div class=\"page\" title=\"Page 5\">\n<div class=\"section\">\n<div class=\"layoutArea\">\n<div class=\"column\">\n<div class=\"page\" title=\"Page 6\">\n<div class=\"section\">\n<div class=\"layoutArea\">\n<div class=\"column\">\n<div class=\"page\" title=\"Page 5\">\n<div class=\"section\">\n<div class=\"layoutArea\">\n<div class=\"column\">\n<div class=\"page\" title=\"Page 6\">\n<div class=\"section\">\n<div class=\"layoutArea\">\n<div class=\"column\">\n<div class=\"page\" title=\"Page 5\">\n<div class=\"section\">\n<div class=\"layoutArea\">\n<div class=\"column\">\n<div class=\"page\" title=\"Page 6\">\n<div class=\"section\">\n<div class=\"layoutArea\">\n<div class=\"column\">\n<div class=\"page\" title=\"Page 5\">\n<div class=\"section\">\n<div class=\"layoutArea\">\n<div class=\"column\">\n<div class=\"page\" title=\"Page 6\">\n<div class=\"section\">\n<div class=\"layoutArea\">\n<div class=\"column\">\n<div class=\"page\" title=\"Page 5\">\n<div class=\"section\">\n<div class=\"layoutArea\">\n<div class=\"column\">\n<div class=\"page\" title=\"Page 6\">\n<div class=\"section\">\n<div class=\"layoutArea\">\n<div class=\"column\">\n<div class=\"page\" title=\"Page 5\">\n<div class=\"section\">\n<div class=\"layoutArea\">\n<div class=\"column\">\n<div class=\"page\" title=\"Page 6\">\n<div class=\"section\">\n<div class=\"layoutArea\">\n<div class=\"column\">\n<p>Skapa den perfekta pizzas\u00e5sen med MYST's kryddblandning, som kombinerar fina \u00f6rter och kryddor f\u00f6r en rik smak och o\u00f6vertr\u00e4ffad doft. Denna idealiska kombination kommer att lyfta din pizza och ge en autentisk medelhavssmak.<\/p>\n<\/div>\n<\/div>\n<\/div>\n<\/div>\n<\/div>\n<\/div>\n<\/div>\n<\/div>\n<\/div>\n<\/div>\n<\/div>\n<\/div>\n<\/div>\n<\/div>\n<\/div>\n<\/div>\n<\/div>\n<\/div>\n<\/div>\n<\/div>\n<\/div>\n<\/div>\n<\/div>\n<\/div>\n<\/div>\n<\/div>\n<\/div>\n<\/div>\n<\/div>\n<\/div>\n<\/div>\n<\/div>\n<\/div>\n<\/div>\n<\/div>\n<\/div>\n<\/div>\n<\/div>\n<\/div>\n<\/div>\n<\/div>\n<\/div>\n<\/div>\n<\/div>\n<\/div>\n<\/div>\n<\/div>\n<\/div>\n<\/div>\n<\/div>\n<\/div>\n<\/div>\n<\/div>\n<\/div>\n<\/div>\n<\/div>\n<\/div>\n<\/div>\n<\/div>\n<\/div>\n<\/div>\n<\/div>\n<\/div>\n<\/div>\n<\/div>\n<\/div>\n<\/div>\n<\/div>\n<\/div>\n<\/div>\n<\/div>\n<\/div>\n<\/div>\n<\/div>\n<\/div>\n<\/div>\n<\/div>\n<\/div>\n<\/div>\n<\/div>\n<\/div>\n<\/div>\n<\/div>\n<\/div>\n<\/div>\n<\/div>\n<\/div>\n<\/div>\n<\/div>\n<\/div>\n<\/div>\n<\/div>\n<\/div>\n<\/div>\n<\/div>\n<\/div>\n<\/div>\n<\/div>\n<\/div>\n<\/div>\n<\/div>\n<\/div>\n<\/div>\n<\/div>\n<div class=\"page\" title=\"Page 5\">\n<div class=\"section\">\n<div class=\"layoutArea\">\n<div class=\"column\">\n<p><strong>Burkkapacitet : e 50g<\/strong><\/p>\n<div class=\"column\">\n<p>Perfekt f\u00f6r att f\u00f6rh\u00f6ja pizza och andra italienska r\u00e4tter!<\/p>\n<\/div>\n<\/div>\n<\/div>\n<\/div>\n<\/div>\n<p><a href=\"https:\/\/store.myst.gr\/en\/product\/pizzasauce-spice\/\" target=\"_blank\" rel=\"noopener\"><img loading=\"lazy\" decoding=\"async\" class=\"alignnone wp-image-11129 size-full\" src=\"https:\/\/www.myst.gr\/wp-content\/uploads\/2021\/08\/Untitled-2.svg\" alt=\"\" width=\"200\" height=\"70\" \/><\/a><a href=\"https:\/\/www.myst.gr\/sv\/wholesale-dashboard\/\"><img loading=\"lazy\" decoding=\"async\" class=\"alignnone wp-image-11130 size-full\" src=\"https:\/\/www.myst.gr\/wp-content\/uploads\/2021\/08\/Untitled-3.svg\" alt=\"\" width=\"200\" height=\"70\" \/><\/a><\/p>","protected":false},"featured_media":20298,"template":"","meta":[],"product_cat":[149,144],"product_tag":[],"class_list":{"0":"post-18570","1":"product","2":"type-product","3":"status-publish","4":"has-post-thumbnail","6":"product_cat-spiceseasonings","7":"product_cat-saltsandspices","9":"first","10":"instock","11":"product-type-simple","swatches":"rey-swatches","show_selected":""},"yoast_head":"<!-- This site is optimized with the Yoast SEO plugin v27.4 - https:\/\/yoast.com\/product\/yoast-seo-wordpress\/ -->\n<title>Pizza Sauce Spice Blend - MYST<\/title>\n<meta name=\"description\" content=\"Create the perfect pizza sauce with MYST\u2019s spice blend, which combines fine herbs and spices for a rich flavor and unmatched aroma. This ideal combination\" \/>\n<meta name=\"robots\" content=\"index, follow, max-snippet:-1, max-image-preview:large, max-video-preview:-1\" \/>\n<link rel=\"canonical\" href=\"https:\/\/www.myst.gr\/sv\/produkt\/pizza-sauce-spice\/\" \/>\n<meta property=\"og:locale\" content=\"sv_SE\" \/>\n<meta property=\"og:type\" content=\"article\" \/>\n<meta property=\"og:title\" content=\"Pizza Sauce Spice Blend - MYST\" \/>\n<meta property=\"og:description\" content=\"Create the perfect pizza sauce with MYST\u2019s spice blend, which combines fine herbs and spices for a rich flavor and unmatched aroma. This ideal combination\" \/>\n<meta property=\"og:url\" content=\"https:\/\/www.myst.gr\/sv\/produkt\/pizza-sauce-spice\/\" \/>\n<meta property=\"og:site_name\" content=\"MYST\" \/>\n<meta property=\"article:modified_time\" content=\"2026-03-26T07:11:11+00:00\" \/>\n<meta property=\"og:image\" content=\"https:\/\/www.myst.gr\/wp-content\/uploads\/2025\/03\/Pizza-Sauce-spice-mix.webp\" \/>\n\t<meta property=\"og:image:width\" content=\"1000\" \/>\n\t<meta property=\"og:image:height\" content=\"1000\" \/>\n\t<meta property=\"og:image:type\" content=\"image\/webp\" \/>\n<meta name=\"twitter:card\" content=\"summary_large_image\" \/>\n<meta name=\"twitter:label1\" content=\"Ber\u00e4knad l\u00e4stid\" \/>\n\t<meta name=\"twitter:data1\" content=\"2 minuter\" \/>\n<script type=\"application\/ld+json\" class=\"yoast-schema-graph\">{\"@context\":\"https:\\\/\\\/schema.org\",\"@graph\":[{\"@type\":\"WebPage\",\"@id\":\"https:\\\/\\\/www.myst.gr\\\/product\\\/pizza-sauce-spice\\\/\",\"url\":\"https:\\\/\\\/www.myst.gr\\\/product\\\/pizza-sauce-spice\\\/\",\"name\":\"Pizza Sauce Spice Blend - MYST\",\"isPartOf\":{\"@id\":\"https:\\\/\\\/www.myst.gr\\\/#website\"},\"primaryImageOfPage\":{\"@id\":\"https:\\\/\\\/www.myst.gr\\\/product\\\/pizza-sauce-spice\\\/#primaryimage\"},\"image\":{\"@id\":\"https:\\\/\\\/www.myst.gr\\\/product\\\/pizza-sauce-spice\\\/#primaryimage\"},\"thumbnailUrl\":\"https:\\\/\\\/www.myst.gr\\\/wp-content\\\/uploads\\\/2025\\\/03\\\/Pizza-Sauce-spice-mix.webp\",\"datePublished\":\"2024-10-22T06:57:24+00:00\",\"dateModified\":\"2026-03-26T07:11:11+00:00\",\"description\":\"Create the perfect pizza sauce with MYST\u2019s spice blend, which combines fine herbs and spices for a rich flavor and unmatched aroma. This ideal combination\",\"breadcrumb\":{\"@id\":\"https:\\\/\\\/www.myst.gr\\\/product\\\/pizza-sauce-spice\\\/#breadcrumb\"},\"inLanguage\":\"sv-SE\",\"potentialAction\":[{\"@type\":\"ReadAction\",\"target\":[\"https:\\\/\\\/www.myst.gr\\\/product\\\/pizza-sauce-spice\\\/\"]}]},{\"@type\":\"ImageObject\",\"inLanguage\":\"sv-SE\",\"@id\":\"https:\\\/\\\/www.myst.gr\\\/product\\\/pizza-sauce-spice\\\/#primaryimage\",\"url\":\"https:\\\/\\\/www.myst.gr\\\/wp-content\\\/uploads\\\/2025\\\/03\\\/Pizza-Sauce-spice-mix.webp\",\"contentUrl\":\"https:\\\/\\\/www.myst.gr\\\/wp-content\\\/uploads\\\/2025\\\/03\\\/Pizza-Sauce-spice-mix.webp\",\"width\":1000,\"height\":1000},{\"@type\":\"BreadcrumbList\",\"@id\":\"https:\\\/\\\/www.myst.gr\\\/product\\\/pizza-sauce-spice\\\/#breadcrumb\",\"itemListElement\":[{\"@type\":\"ListItem\",\"position\":1,\"name\":\"Home\",\"item\":\"https:\\\/\\\/www.myst.gr\\\/\"},{\"@type\":\"ListItem\",\"position\":2,\"name\":\"Shop\",\"item\":\"https:\\\/\\\/www.myst.gr\\\/?page_id=628\"},{\"@type\":\"ListItem\",\"position\":3,\"name\":\"Pizza Sauce Spice Blend\"}]},{\"@type\":\"WebSite\",\"@id\":\"https:\\\/\\\/www.myst.gr\\\/#website\",\"url\":\"https:\\\/\\\/www.myst.gr\\\/\",\"name\":\"MYST\",\"description\":\"| Discover the Taste of Greece\",\"publisher\":{\"@id\":\"https:\\\/\\\/www.myst.gr\\\/#organization\"},\"potentialAction\":[{\"@type\":\"SearchAction\",\"target\":{\"@type\":\"EntryPoint\",\"urlTemplate\":\"https:\\\/\\\/www.myst.gr\\\/?s={search_term_string}\"},\"query-input\":{\"@type\":\"PropertyValueSpecification\",\"valueRequired\":true,\"valueName\":\"search_term_string\"}}],\"inLanguage\":\"sv-SE\"},{\"@type\":\"Organization\",\"@id\":\"https:\\\/\\\/www.myst.gr\\\/#organization\",\"name\":\"MYST\",\"url\":\"https:\\\/\\\/www.myst.gr\\\/\",\"logo\":{\"@type\":\"ImageObject\",\"inLanguage\":\"sv-SE\",\"@id\":\"https:\\\/\\\/www.myst.gr\\\/#\\\/schema\\\/logo\\\/image\\\/\",\"url\":\"https:\\\/\\\/www.myst.gr\\\/wp-content\\\/uploads\\\/2023\\\/01\\\/cropped-logomini.png\",\"contentUrl\":\"https:\\\/\\\/www.myst.gr\\\/wp-content\\\/uploads\\\/2023\\\/01\\\/cropped-logomini.png\",\"width\":780,\"height\":780,\"caption\":\"MYST\"},\"image\":{\"@id\":\"https:\\\/\\\/www.myst.gr\\\/#\\\/schema\\\/logo\\\/image\\\/\"}}]}<\/script>\n<!-- \/ Yoast SEO plugin. -->","yoast_head_json":{"title":"Pizza Sauce Spice Blend - MYST","description":"Create the perfect pizza sauce with MYST\u2019s spice blend, which combines fine herbs and spices for a rich flavor and unmatched aroma. This ideal combination","robots":{"index":"index","follow":"follow","max-snippet":"max-snippet:-1","max-image-preview":"max-image-preview:large","max-video-preview":"max-video-preview:-1"},"canonical":"https:\/\/www.myst.gr\/sv\/produkt\/pizza-sauce-spice\/","og_locale":"sv_SE","og_type":"article","og_title":"Pizza Sauce Spice Blend - MYST","og_description":"Create the perfect pizza sauce with MYST\u2019s spice blend, which combines fine herbs and spices for a rich flavor and unmatched aroma. This ideal combination","og_url":"https:\/\/www.myst.gr\/sv\/produkt\/pizza-sauce-spice\/","og_site_name":"MYST","article_modified_time":"2026-03-26T07:11:11+00:00","og_image":[{"width":1000,"height":1000,"url":"https:\/\/www.myst.gr\/wp-content\/uploads\/2025\/03\/Pizza-Sauce-spice-mix.webp","type":"image\/webp"}],"twitter_card":"summary_large_image","twitter_misc":{"Ber\u00e4knad l\u00e4stid":"2 minuter"},"schema":{"@context":"https:\/\/schema.org","@graph":[{"@type":"WebPage","@id":"https:\/\/www.myst.gr\/product\/pizza-sauce-spice\/","url":"https:\/\/www.myst.gr\/product\/pizza-sauce-spice\/","name":"Pizza Sauce Spice Blend - MYST","isPartOf":{"@id":"https:\/\/www.myst.gr\/#website"},"primaryImageOfPage":{"@id":"https:\/\/www.myst.gr\/product\/pizza-sauce-spice\/#primaryimage"},"image":{"@id":"https:\/\/www.myst.gr\/product\/pizza-sauce-spice\/#primaryimage"},"thumbnailUrl":"https:\/\/www.myst.gr\/wp-content\/uploads\/2025\/03\/Pizza-Sauce-spice-mix.webp","datePublished":"2024-10-22T06:57:24+00:00","dateModified":"2026-03-26T07:11:11+00:00","description":"Create the perfect pizza sauce with MYST\u2019s spice blend, which combines fine herbs and spices for a rich flavor and unmatched aroma. This ideal combination","breadcrumb":{"@id":"https:\/\/www.myst.gr\/product\/pizza-sauce-spice\/#breadcrumb"},"inLanguage":"sv-SE","potentialAction":[{"@type":"ReadAction","target":["https:\/\/www.myst.gr\/product\/pizza-sauce-spice\/"]}]},{"@type":"ImageObject","inLanguage":"sv-SE","@id":"https:\/\/www.myst.gr\/product\/pizza-sauce-spice\/#primaryimage","url":"https:\/\/www.myst.gr\/wp-content\/uploads\/2025\/03\/Pizza-Sauce-spice-mix.webp","contentUrl":"https:\/\/www.myst.gr\/wp-content\/uploads\/2025\/03\/Pizza-Sauce-spice-mix.webp","width":1000,"height":1000},{"@type":"BreadcrumbList","@id":"https:\/\/www.myst.gr\/product\/pizza-sauce-spice\/#breadcrumb","itemListElement":[{"@type":"ListItem","position":1,"name":"Home","item":"https:\/\/www.myst.gr\/"},{"@type":"ListItem","position":2,"name":"Shop","item":"https:\/\/www.myst.gr\/?page_id=628"},{"@type":"ListItem","position":3,"name":"Pizza Sauce Spice Blend"}]},{"@type":"WebSite","@id":"https:\/\/www.myst.gr\/#website","url":"https:\/\/www.myst.gr\/","name":"MYST","description":"| Discover the Taste of Greece","publisher":{"@id":"https:\/\/www.myst.gr\/#organization"},"potentialAction":[{"@type":"SearchAction","target":{"@type":"EntryPoint","urlTemplate":"https:\/\/www.myst.gr\/?s={search_term_string}"},"query-input":{"@type":"PropertyValueSpecification","valueRequired":true,"valueName":"search_term_string"}}],"inLanguage":"sv-SE"},{"@type":"Organization","@id":"https:\/\/www.myst.gr\/#organization","name":"MYST","url":"https:\/\/www.myst.gr\/","logo":{"@type":"ImageObject","inLanguage":"sv-SE","@id":"https:\/\/www.myst.gr\/#\/schema\/logo\/image\/","url":"https:\/\/www.myst.gr\/wp-content\/uploads\/2023\/01\/cropped-logomini.png","contentUrl":"https:\/\/www.myst.gr\/wp-content\/uploads\/2023\/01\/cropped-logomini.png","width":780,"height":780,"caption":"MYST"},"image":{"@id":"https:\/\/www.myst.gr\/#\/schema\/logo\/image\/"}}]}},"_links":{"self":[{"href":"https:\/\/www.myst.gr\/sv\/wp-json\/wp\/v2\/product\/18570","targetHints":{"allow":["GET"]}}],"collection":[{"href":"https:\/\/www.myst.gr\/sv\/wp-json\/wp\/v2\/product"}],"about":[{"href":"https:\/\/www.myst.gr\/sv\/wp-json\/wp\/v2\/types\/product"}],"wp:featuredmedia":[{"embeddable":true,"href":"https:\/\/www.myst.gr\/sv\/wp-json\/wp\/v2\/media\/20298"}],"wp:attachment":[{"href":"https:\/\/www.myst.gr\/sv\/wp-json\/wp\/v2\/media?parent=18570"}],"wp:term":[{"taxonomy":"product_cat","embeddable":true,"href":"https:\/\/www.myst.gr\/sv\/wp-json\/wp\/v2\/product_cat?post=18570"},{"taxonomy":"product_tag","embeddable":true,"href":"https:\/\/www.myst.gr\/sv\/wp-json\/wp\/v2\/product_tag?post=18570"}],"curies":[{"name":"wp","href":"https:\/\/api.w.org\/{rel}","templated":true}]}}