{"id":15401,"date":"2023-05-07T18:15:32","date_gmt":"2023-05-07T18:15:32","guid":{"rendered":"https:\/\/www.myst.gr\/?post_type=product&#038;p=15401"},"modified":"2026-02-25T14:29:49","modified_gmt":"2026-02-25T14:29:49","slug":"olympus-organic-herbal-infusion-tea-relax-bag","status":"publish","type":"product","link":"https:\/\/www.myst.gr\/sv\/product\/olympus-organic-herbal-infusion-tea-relax-bag\/","title":{"rendered":"Ekologisk blandning av Olympus \u00f6rter | RELAX BAG"},"content":{"rendered":"<p class=\"p1\"><span class=\"s1\">Det forntida namnet p\u00e5 bergste var \"Sideritis\" (j\u00e4rn\u00f6rt) p\u00e5 grund av dess h\u00f6ga halt av j\u00e4rn och man trodde att det hj\u00e4lpte till snabb l\u00e4kning av s\u00e5r.<\/span><\/p>\n<p class=\"p1\"><span class=\"s1\">Det ans\u00e5gs som en medicinalv\u00e4xt p\u00e5 grund av dess lindrande egenskaper mot f\u00f6rkylningar, och alla hush\u00e5ll har aldrig saknat den. Ny vetenskaplig forskning har visat att v\u00e4xten Sideritis hj\u00e4lper till att bek\u00e4mpa Alzheimers sjukdom.<\/span><\/p>\n<p class=\"p1\"><span class=\"s1\">Bergste \u00e4r den perfekta f\u00f6ljeslagaren f\u00f6r kalla vinterdagar. Serveras efter att ha h\u00e5llit sig i kokande vatten i 5-7 minuter. Honung eller citron kan tills\u00e4ttas enligt personliga preferenser.<\/span><\/p>\n<h3><b>BIO 100%<\/b><\/h3>\n<p>Organiskt \u00e4r det som definierar oss. Allt vi g\u00f6r, fr\u00e5n v\u00e5ra \u00e5krar till hyllan, \u00f6vervakas av organiska principer och f\u00f6ljer strikta riktlinjer.<\/p>\n<p><a href=\"https:\/\/www.myst.gr\/wp-content\/uploads\/2020\/01\/bio-1.png\">\u00a0\u00a0<\/a><img decoding=\"async\" class=\"alignnone wp-image-1584\" src=\"https:\/\/www.myst.gr\/wp-content\/uploads\/2020\/01\/Untitled-2-300x286.png\" alt=\"\" width=\"63\" height=\"60\" srcset=\"https:\/\/www.myst.gr\/wp-content\/uploads\/2020\/01\/Untitled-2-300x286.png 300w, https:\/\/www.myst.gr\/wp-content\/uploads\/2020\/01\/Untitled-2.png 325w\" sizes=\"(max-width: 63px) 100vw, 63px\" \/> <img decoding=\"async\" class=\"alignnone wp-image-8157\" src=\"https:\/\/www.myst.gr\/wp-content\/uploads\/2020\/11\/isoFoo-1.svg\" alt=\"\" width=\"66\" height=\"66\" \/><\/p>","protected":false},"excerpt":{"rendered":"<div class=\"page\" title=\"Page 5\">\n<div class=\"section\">\n<div class=\"layoutArea\">\n<div class=\"column\">\n<div class=\"page\" title=\"Page 6\">\n<div class=\"section\">\n<div class=\"layoutArea\">\n<div class=\"column\">\n<p class=\"p1\"><span class=\"s1\">Oavsett om du k\u00e4mpar med s\u00f6mnl\u00f6shet, lever med \u00e5ngest eller vill slappna av i din kropp, s\u00e5 har vi teet du beh\u00f6ver f\u00f6r att hj\u00e4lpa dig att m\u00e5 b\u00e4ttre. Uppt\u00e4ck Relax-blandningen \"ett te som v\u00e4rmer din sj\u00e4l\".<\/span><\/p>\n<p class=\"p1\"><span class=\"s1\"><strong>INGREDIENSER:<\/strong>Ekologisk siderit, \u0395kologisk citronmeliss, \u0395kologisk lavendel<\/span><\/p>\n<p class=\"p1\"><span class=\"s1\">Torkat te gjort av koffeinfria \u00f6rter. <\/span><span class=\"s1\">Frit fr\u00e5n konstgjorda f\u00e4rger, aromer och konserveringsmedel.<\/span><\/p>\n<\/div>\n<\/div>\n<\/div>\n<\/div>\n<\/div>\n<\/div>\n<\/div>\n<\/div>\n<div class=\"page\" title=\"Page 5\">\n<div class=\"section\">\n<div class=\"layoutArea\">\n<div class=\"column\">\n<p><strong>Bag capacity : e 20g<\/strong><\/p>\n<\/div>\n<\/div>\n<\/div>\n<\/div>\n<p><a href=\"https:\/\/store.myst.gr\/en\/product\/olympus-organic-tea-relax-bag\/\" target=\"_blank\" rel=\"noopener\"><img decoding=\"async\" class=\"alignnone wp-image-11129 size-full\" src=\"https:\/\/www.myst.gr\/wp-content\/uploads\/2021\/08\/Untitled-2.svg\" alt=\"\" width=\"200\" height=\"70\" \/><\/a><a href=\"https:\/\/www.myst.gr\/sv\/wholesale-dashboard\/\"><img loading=\"lazy\" decoding=\"async\" class=\"alignnone wp-image-11130 size-full\" src=\"https:\/\/www.myst.gr\/wp-content\/uploads\/2021\/08\/Untitled-3.svg\" alt=\"\" width=\"200\" height=\"70\" \/><\/a><\/p>\n<p><img loading=\"lazy\" decoding=\"async\" class=\"alignnone wp-image-14195\" style=\"color: var(--body-color); font-family: var(--body-font-family),sans-serif; font-size: 1.125rem; font-weight: var(--body-font-weight);\" src=\"https:\/\/www.myst.gr\/wp-content\/uploads\/2021\/12\/leaf2-Converted.svg\" alt=\"\" width=\"60\" height=\"60\" \/><img loading=\"lazy\" decoding=\"async\" class=\"alignnone wp-image-14191\" src=\"https:\/\/www.myst.gr\/wp-content\/uploads\/2021\/12\/BIO-2-Converted.svg\" alt=\"\" width=\"65\" height=\"150\" \/><img loading=\"lazy\" decoding=\"async\" class=\"alignnone wp-image-14194\" style=\"color: var(--body-color); font-family: var(--body-font-family),sans-serif; font-size: 1.125rem; font-weight: var(--body-font-weight);\" src=\"https:\/\/www.myst.gr\/wp-content\/uploads\/2021\/12\/united-states-department-of-agriculture-usda-organic-vector-logo.svg\" alt=\"\" width=\"65\" height=\"150\" \/><img decoding=\"async\" class=\"alignnone wp-image-14220\" src=\"https:\/\/www.myst.gr\/wp-content\/uploads\/2020\/01\/karv-2.svg\" alt=\"\" width=\"85\" \/><\/p>","protected":false},"featured_media":15339,"template":"","meta":[],"product_cat":[145,173],"product_tag":[],"class_list":{"0":"post-15401","1":"product","2":"type-product","3":"status-publish","4":"has-post-thumbnail","6":"product_cat-herbaltea","7":"product_cat-shots-drinks","9":"first","10":"instock","11":"product-type-simple","swatches":"rey-swatches","show_selected":""},"yoast_head":"<!-- This site is optimized with the Yoast SEO plugin v27.5 - https:\/\/yoast.com\/product\/yoast-seo-wordpress\/ -->\n<title>Olympus Organic Herbal Infusion Tea Bag| RELAX - MYST<\/title>\n<meta name=\"description\" content=\"Whether you struggle with insomnia, live with anxiety or you are looking to relax your body, we have the tea you need to help you feel your best.\" \/>\n<meta name=\"robots\" content=\"index, follow, max-snippet:-1, max-image-preview:large, max-video-preview:-1\" \/>\n<link rel=\"canonical\" href=\"https:\/\/www.myst.gr\/sv\/produkt\/olympus-organic-herbal-infusion-tea-relax-bag\/\" \/>\n<meta property=\"og:locale\" content=\"sv_SE\" \/>\n<meta property=\"og:type\" content=\"article\" \/>\n<meta property=\"og:title\" content=\"Olympus Organic Herbal Infusion Tea Bag| RELAX - MYST\" \/>\n<meta property=\"og:description\" content=\"Whether you struggle with insomnia, live with anxiety or you are looking to relax your body, we have the tea you need to help you feel your best.\" \/>\n<meta property=\"og:url\" content=\"https:\/\/www.myst.gr\/sv\/produkt\/olympus-organic-herbal-infusion-tea-relax-bag\/\" \/>\n<meta property=\"og:site_name\" content=\"MYST\" \/>\n<meta property=\"article:modified_time\" content=\"2026-02-25T14:29:49+00:00\" \/>\n<meta property=\"og:image\" content=\"https:\/\/www.myst.gr\/wp-content\/uploads\/2023\/05\/Relax-Bag-1-1.jpg\" \/>\n\t<meta property=\"og:image:width\" content=\"1000\" \/>\n\t<meta property=\"og:image:height\" content=\"1000\" \/>\n\t<meta property=\"og:image:type\" content=\"image\/jpeg\" \/>\n<meta name=\"twitter:card\" content=\"summary_large_image\" \/>\n<meta name=\"twitter:label1\" content=\"Ber\u00e4knad l\u00e4stid\" \/>\n\t<meta name=\"twitter:data1\" content=\"2 minuter\" \/>\n<script type=\"application\/ld+json\" class=\"yoast-schema-graph\">{\"@context\":\"https:\\\/\\\/schema.org\",\"@graph\":[{\"@type\":\"WebPage\",\"@id\":\"https:\\\/\\\/www.myst.gr\\\/product\\\/olympus-organic-herbal-infusion-tea-relax-bag\\\/\",\"url\":\"https:\\\/\\\/www.myst.gr\\\/product\\\/olympus-organic-herbal-infusion-tea-relax-bag\\\/\",\"name\":\"Olympus Organic Herbal Infusion Tea Bag| RELAX - MYST\",\"isPartOf\":{\"@id\":\"https:\\\/\\\/www.myst.gr\\\/#website\"},\"primaryImageOfPage\":{\"@id\":\"https:\\\/\\\/www.myst.gr\\\/product\\\/olympus-organic-herbal-infusion-tea-relax-bag\\\/#primaryimage\"},\"image\":{\"@id\":\"https:\\\/\\\/www.myst.gr\\\/product\\\/olympus-organic-herbal-infusion-tea-relax-bag\\\/#primaryimage\"},\"thumbnailUrl\":\"https:\\\/\\\/www.myst.gr\\\/wp-content\\\/uploads\\\/2023\\\/05\\\/Relax-Bag-1-1.jpg\",\"datePublished\":\"2023-05-07T18:15:32+00:00\",\"dateModified\":\"2026-02-25T14:29:49+00:00\",\"description\":\"Whether you struggle with insomnia, live with anxiety or you are looking to relax your body, we have the tea you need to help you feel your best.\",\"breadcrumb\":{\"@id\":\"https:\\\/\\\/www.myst.gr\\\/product\\\/olympus-organic-herbal-infusion-tea-relax-bag\\\/#breadcrumb\"},\"inLanguage\":\"sv-SE\",\"potentialAction\":[{\"@type\":\"ReadAction\",\"target\":[\"https:\\\/\\\/www.myst.gr\\\/product\\\/olympus-organic-herbal-infusion-tea-relax-bag\\\/\"]}]},{\"@type\":\"ImageObject\",\"inLanguage\":\"sv-SE\",\"@id\":\"https:\\\/\\\/www.myst.gr\\\/product\\\/olympus-organic-herbal-infusion-tea-relax-bag\\\/#primaryimage\",\"url\":\"https:\\\/\\\/www.myst.gr\\\/wp-content\\\/uploads\\\/2023\\\/05\\\/Relax-Bag-1-1.jpg\",\"contentUrl\":\"https:\\\/\\\/www.myst.gr\\\/wp-content\\\/uploads\\\/2023\\\/05\\\/Relax-Bag-1-1.jpg\",\"width\":1000,\"height\":1000},{\"@type\":\"BreadcrumbList\",\"@id\":\"https:\\\/\\\/www.myst.gr\\\/product\\\/olympus-organic-herbal-infusion-tea-relax-bag\\\/#breadcrumb\",\"itemListElement\":[{\"@type\":\"ListItem\",\"position\":1,\"name\":\"Home\",\"item\":\"https:\\\/\\\/www.myst.gr\\\/\"},{\"@type\":\"ListItem\",\"position\":2,\"name\":\"Shop\",\"item\":\"https:\\\/\\\/www.myst.gr\\\/?page_id=628\"},{\"@type\":\"ListItem\",\"position\":3,\"name\":\"Olympus Organic Herbal Infusion Tea Bag| RELAX\"}]},{\"@type\":\"WebSite\",\"@id\":\"https:\\\/\\\/www.myst.gr\\\/#website\",\"url\":\"https:\\\/\\\/www.myst.gr\\\/\",\"name\":\"MYST\",\"description\":\"| Discover the Taste of Greece\",\"publisher\":{\"@id\":\"https:\\\/\\\/www.myst.gr\\\/#organization\"},\"potentialAction\":[{\"@type\":\"SearchAction\",\"target\":{\"@type\":\"EntryPoint\",\"urlTemplate\":\"https:\\\/\\\/www.myst.gr\\\/?s={search_term_string}\"},\"query-input\":{\"@type\":\"PropertyValueSpecification\",\"valueRequired\":true,\"valueName\":\"search_term_string\"}}],\"inLanguage\":\"sv-SE\"},{\"@type\":\"Organization\",\"@id\":\"https:\\\/\\\/www.myst.gr\\\/#organization\",\"name\":\"MYST\",\"url\":\"https:\\\/\\\/www.myst.gr\\\/\",\"logo\":{\"@type\":\"ImageObject\",\"inLanguage\":\"sv-SE\",\"@id\":\"https:\\\/\\\/www.myst.gr\\\/#\\\/schema\\\/logo\\\/image\\\/\",\"url\":\"https:\\\/\\\/www.myst.gr\\\/wp-content\\\/uploads\\\/2023\\\/01\\\/cropped-logomini.png\",\"contentUrl\":\"https:\\\/\\\/www.myst.gr\\\/wp-content\\\/uploads\\\/2023\\\/01\\\/cropped-logomini.png\",\"width\":780,\"height\":780,\"caption\":\"MYST\"},\"image\":{\"@id\":\"https:\\\/\\\/www.myst.gr\\\/#\\\/schema\\\/logo\\\/image\\\/\"}}]}<\/script>\n<!-- \/ Yoast SEO plugin. -->","yoast_head_json":{"title":"Olympus Organic Herbal Infusion Tea Bag| RELAX - MYST","description":"Whether you struggle with insomnia, live with anxiety or you are looking to relax your body, we have the tea you need to help you feel your best.","robots":{"index":"index","follow":"follow","max-snippet":"max-snippet:-1","max-image-preview":"max-image-preview:large","max-video-preview":"max-video-preview:-1"},"canonical":"https:\/\/www.myst.gr\/sv\/produkt\/olympus-organic-herbal-infusion-tea-relax-bag\/","og_locale":"sv_SE","og_type":"article","og_title":"Olympus Organic Herbal Infusion Tea Bag| RELAX - MYST","og_description":"Whether you struggle with insomnia, live with anxiety or you are looking to relax your body, we have the tea you need to help you feel your best.","og_url":"https:\/\/www.myst.gr\/sv\/produkt\/olympus-organic-herbal-infusion-tea-relax-bag\/","og_site_name":"MYST","article_modified_time":"2026-02-25T14:29:49+00:00","og_image":[{"width":1000,"height":1000,"url":"https:\/\/www.myst.gr\/wp-content\/uploads\/2023\/05\/Relax-Bag-1-1.jpg","type":"image\/jpeg"}],"twitter_card":"summary_large_image","twitter_misc":{"Ber\u00e4knad l\u00e4stid":"2 minuter"},"schema":{"@context":"https:\/\/schema.org","@graph":[{"@type":"WebPage","@id":"https:\/\/www.myst.gr\/product\/olympus-organic-herbal-infusion-tea-relax-bag\/","url":"https:\/\/www.myst.gr\/product\/olympus-organic-herbal-infusion-tea-relax-bag\/","name":"Olympus Organic Herbal Infusion Tea Bag| RELAX - MYST","isPartOf":{"@id":"https:\/\/www.myst.gr\/#website"},"primaryImageOfPage":{"@id":"https:\/\/www.myst.gr\/product\/olympus-organic-herbal-infusion-tea-relax-bag\/#primaryimage"},"image":{"@id":"https:\/\/www.myst.gr\/product\/olympus-organic-herbal-infusion-tea-relax-bag\/#primaryimage"},"thumbnailUrl":"https:\/\/www.myst.gr\/wp-content\/uploads\/2023\/05\/Relax-Bag-1-1.jpg","datePublished":"2023-05-07T18:15:32+00:00","dateModified":"2026-02-25T14:29:49+00:00","description":"Whether you struggle with insomnia, live with anxiety or you are looking to relax your body, we have the tea you need to help you feel your best.","breadcrumb":{"@id":"https:\/\/www.myst.gr\/product\/olympus-organic-herbal-infusion-tea-relax-bag\/#breadcrumb"},"inLanguage":"sv-SE","potentialAction":[{"@type":"ReadAction","target":["https:\/\/www.myst.gr\/product\/olympus-organic-herbal-infusion-tea-relax-bag\/"]}]},{"@type":"ImageObject","inLanguage":"sv-SE","@id":"https:\/\/www.myst.gr\/product\/olympus-organic-herbal-infusion-tea-relax-bag\/#primaryimage","url":"https:\/\/www.myst.gr\/wp-content\/uploads\/2023\/05\/Relax-Bag-1-1.jpg","contentUrl":"https:\/\/www.myst.gr\/wp-content\/uploads\/2023\/05\/Relax-Bag-1-1.jpg","width":1000,"height":1000},{"@type":"BreadcrumbList","@id":"https:\/\/www.myst.gr\/product\/olympus-organic-herbal-infusion-tea-relax-bag\/#breadcrumb","itemListElement":[{"@type":"ListItem","position":1,"name":"Home","item":"https:\/\/www.myst.gr\/"},{"@type":"ListItem","position":2,"name":"Shop","item":"https:\/\/www.myst.gr\/?page_id=628"},{"@type":"ListItem","position":3,"name":"Olympus Organic Herbal Infusion Tea Bag| RELAX"}]},{"@type":"WebSite","@id":"https:\/\/www.myst.gr\/#website","url":"https:\/\/www.myst.gr\/","name":"MYST","description":"| Discover the Taste of Greece","publisher":{"@id":"https:\/\/www.myst.gr\/#organization"},"potentialAction":[{"@type":"SearchAction","target":{"@type":"EntryPoint","urlTemplate":"https:\/\/www.myst.gr\/?s={search_term_string}"},"query-input":{"@type":"PropertyValueSpecification","valueRequired":true,"valueName":"search_term_string"}}],"inLanguage":"sv-SE"},{"@type":"Organization","@id":"https:\/\/www.myst.gr\/#organization","name":"MYST","url":"https:\/\/www.myst.gr\/","logo":{"@type":"ImageObject","inLanguage":"sv-SE","@id":"https:\/\/www.myst.gr\/#\/schema\/logo\/image\/","url":"https:\/\/www.myst.gr\/wp-content\/uploads\/2023\/01\/cropped-logomini.png","contentUrl":"https:\/\/www.myst.gr\/wp-content\/uploads\/2023\/01\/cropped-logomini.png","width":780,"height":780,"caption":"MYST"},"image":{"@id":"https:\/\/www.myst.gr\/#\/schema\/logo\/image\/"}}]}},"_links":{"self":[{"href":"https:\/\/www.myst.gr\/sv\/wp-json\/wp\/v2\/product\/15401","targetHints":{"allow":["GET"]}}],"collection":[{"href":"https:\/\/www.myst.gr\/sv\/wp-json\/wp\/v2\/product"}],"about":[{"href":"https:\/\/www.myst.gr\/sv\/wp-json\/wp\/v2\/types\/product"}],"wp:featuredmedia":[{"embeddable":true,"href":"https:\/\/www.myst.gr\/sv\/wp-json\/wp\/v2\/media\/15339"}],"wp:attachment":[{"href":"https:\/\/www.myst.gr\/sv\/wp-json\/wp\/v2\/media?parent=15401"}],"wp:term":[{"taxonomy":"product_cat","embeddable":true,"href":"https:\/\/www.myst.gr\/sv\/wp-json\/wp\/v2\/product_cat?post=15401"},{"taxonomy":"product_tag","embeddable":true,"href":"https:\/\/www.myst.gr\/sv\/wp-json\/wp\/v2\/product_tag?post=15401"}],"curies":[{"name":"wp","href":"https:\/\/api.w.org\/{rel}","templated":true}]}}