{"id":15215,"date":"2023-03-05T06:55:37","date_gmt":"2023-03-05T06:55:37","guid":{"rendered":"https:\/\/www.myst.gr\/?post_type=product&#038;p=15215"},"modified":"2026-03-26T07:09:39","modified_gmt":"2026-03-26T07:09:39","slug":"tzatziki","status":"publish","type":"product","link":"https:\/\/www.myst.gr\/sv\/product\/tzatziki\/","title":{"rendered":"Blandning f\u00f6r tzatziki"},"content":{"rendered":"<p><span class=\"s1\">V\u00e5r huvudsakliga uppgift \u00e4r att skapa matlagningsbladningar av h\u00f6g kulinarisk och n\u00e4ringsv\u00e4rde.<\/span><\/p>\n<p><strong>Ingredienser:<\/strong> Vitl\u00f6k, gr\u00f6nmynta, dill, torr gurka, svartpeppar,<\/p>\n<p><img decoding=\"async\" class=\"alignnone wp-image-21176\" src=\"https:\/\/www.myst.gr\/wp-content\/uploads\/2025\/07\/garlic-300x300.jpg\" alt=\"\" width=\"100\" height=\"100\" srcset=\"https:\/\/www.myst.gr\/wp-content\/uploads\/2025\/07\/garlic-300x300.jpg 300w, https:\/\/www.myst.gr\/wp-content\/uploads\/2025\/07\/garlic-150x150.jpg 150w, https:\/\/www.myst.gr\/wp-content\/uploads\/2025\/07\/garlic-12x12.jpg 12w, https:\/\/www.myst.gr\/wp-content\/uploads\/2025\/07\/garlic-100x100.jpg 100w, https:\/\/www.myst.gr\/wp-content\/uploads\/2025\/07\/garlic.jpg 600w\" sizes=\"(max-width: 100px) 100vw, 100px\" \/> <img decoding=\"async\" class=\"alignnone wp-image-21203\" src=\"https:\/\/www.myst.gr\/wp-content\/uploads\/2025\/07\/spearmint-300x300.jpg\" alt=\"\" width=\"100\" height=\"100\" srcset=\"https:\/\/www.myst.gr\/wp-content\/uploads\/2025\/07\/spearmint-300x300.jpg 300w, https:\/\/www.myst.gr\/wp-content\/uploads\/2025\/07\/spearmint-150x150.jpg 150w, https:\/\/www.myst.gr\/wp-content\/uploads\/2025\/07\/spearmint-12x12.jpg 12w, https:\/\/www.myst.gr\/wp-content\/uploads\/2025\/07\/spearmint-100x100.jpg 100w, https:\/\/www.myst.gr\/wp-content\/uploads\/2025\/07\/spearmint.jpg 600w\" sizes=\"(max-width: 100px) 100vw, 100px\" \/><img decoding=\"async\" class=\"alignnone wp-image-21201\" src=\"https:\/\/www.myst.gr\/wp-content\/uploads\/2025\/07\/dill-herb-pinch-300x300.jpg\" alt=\"\" width=\"100\" height=\"100\" srcset=\"https:\/\/www.myst.gr\/wp-content\/uploads\/2025\/07\/dill-herb-pinch-300x300.jpg 300w, https:\/\/www.myst.gr\/wp-content\/uploads\/2025\/07\/dill-herb-pinch-150x150.jpg 150w, https:\/\/www.myst.gr\/wp-content\/uploads\/2025\/07\/dill-herb-pinch-12x12.jpg 12w, https:\/\/www.myst.gr\/wp-content\/uploads\/2025\/07\/dill-herb-pinch-100x100.jpg 100w, https:\/\/www.myst.gr\/wp-content\/uploads\/2025\/07\/dill-herb-pinch.jpg 600w\" sizes=\"(max-width: 100px) 100vw, 100px\" \/> <img loading=\"lazy\" decoding=\"async\" class=\"alignnone wp-image-21206\" src=\"https:\/\/www.myst.gr\/wp-content\/uploads\/2025\/07\/cucumber-300x300.jpg\" alt=\"\" width=\"100\" height=\"100\" srcset=\"https:\/\/www.myst.gr\/wp-content\/uploads\/2025\/07\/cucumber-300x300.jpg 300w, https:\/\/www.myst.gr\/wp-content\/uploads\/2025\/07\/cucumber-150x150.jpg 150w, https:\/\/www.myst.gr\/wp-content\/uploads\/2025\/07\/cucumber-12x12.jpg 12w, https:\/\/www.myst.gr\/wp-content\/uploads\/2025\/07\/cucumber-100x100.jpg 100w, https:\/\/www.myst.gr\/wp-content\/uploads\/2025\/07\/cucumber.jpg 600w\" sizes=\"(max-width: 100px) 100vw, 100px\" \/><img loading=\"lazy\" decoding=\"async\" class=\"alignnone wp-image-21188\" src=\"https:\/\/www.myst.gr\/wp-content\/uploads\/2025\/07\/peppercorns-300x300.jpg\" alt=\"\" width=\"100\" height=\"100\" srcset=\"https:\/\/www.myst.gr\/wp-content\/uploads\/2025\/07\/peppercorns-300x300.jpg 300w, https:\/\/www.myst.gr\/wp-content\/uploads\/2025\/07\/peppercorns-150x150.jpg 150w, https:\/\/www.myst.gr\/wp-content\/uploads\/2025\/07\/peppercorns-12x12.jpg 12w, https:\/\/www.myst.gr\/wp-content\/uploads\/2025\/07\/peppercorns-100x100.jpg 100w, https:\/\/www.myst.gr\/wp-content\/uploads\/2025\/07\/peppercorns.jpg 600w\" sizes=\"(max-width: 100px) 100vw, 100px\" \/><\/p>\n<p><strong>Instruktioner:<\/strong> I en silad yoghurt <strong>(200g)<\/strong> tills\u00e4tt en sked blandning, hackad dill, gurka, olivolja och vin\u00e4ger.<\/p>\n<p><strong><span class=\"s1\">Allergenuttalande<\/span><\/strong><\/p>\n<p><span class=\"s1\">Vi f\u00f6rst\u00e5r allvaret i livsmedelsallergier och k\u00e4nslighet och kommer alltid att ange dessa ingredienser p\u00e5 v\u00e5r etikett i ingrediensf\u00f6rklaringen - de kommer aldrig att d\u00f6ljas under orden \"kryddor\" eller \"naturliga smaker\":<\/span><\/p>\n<p><span class=\"s1\">F\u00f6r den senaste informationen om allergener och n\u00e4rings\u00e4mnen \u00e4r det viktigt att du l\u00e4ser ingrediensf\u00f6rklaringen p\u00e5 f\u00f6rpackningen vid k\u00f6ptillf\u00e4llet.<\/span><\/p>\n<p>&nbsp;<\/p>\n<p>&nbsp;<\/p>","protected":false},"excerpt":{"rendered":"<div class=\"page\" title=\"Page 5\">\n<div class=\"section\">\n<div class=\"layoutArea\">\n<div class=\"column\">\n<div class=\"page\" title=\"Page 6\">\n<div class=\"section\">\n<div class=\"layoutArea\">\n<div class=\"column\">\n<p class=\"p1\">Tzatziki serverad kall, denna matr\u00e4tt, gjord p\u00e5 grekisk yoghurt, \u00e4r en traditionell aptitretare som ofta serveras med grillat k\u00f6tt, grekiskt pitabr\u00f6d, bakad\/stekt potatis eller som ett uppfriskande dopp\/s\u00e5s f\u00f6r gr\u00f6nsaker.<\/p>\n<p><img loading=\"lazy\" decoding=\"async\" class=\"alignnone wp-image-15214\" src=\"https:\/\/www.myst.gr\/wp-content\/uploads\/2022\/08\/ddUntitled-1-300x196.png\" alt=\"\" width=\"101\" height=\"66\" srcset=\"https:\/\/www.myst.gr\/wp-content\/uploads\/2022\/08\/ddUntitled-1-300x196.png 300w, https:\/\/www.myst.gr\/wp-content\/uploads\/2022\/08\/ddUntitled-1-1024x669.png 1024w, https:\/\/www.myst.gr\/wp-content\/uploads\/2022\/08\/ddUntitled-1-768x502.png 768w, https:\/\/www.myst.gr\/wp-content\/uploads\/2022\/08\/ddUntitled-1-18x12.png 18w, https:\/\/www.myst.gr\/wp-content\/uploads\/2022\/08\/ddUntitled-1-800x523.png 800w, https:\/\/www.myst.gr\/wp-content\/uploads\/2022\/08\/ddUntitled-1.png 1218w\" sizes=\"(max-width: 101px) 100vw, 101px\" \/><\/p>\n<\/div>\n<\/div>\n<\/div>\n<\/div>\n<\/div>\n<\/div>\n<\/div>\n<\/div>\n<div class=\"page\" title=\"Page 5\">\n<div class=\"section\">\n<div class=\"layoutArea\">\n<div class=\"column\">\n<p><strong>Burkkapacitet : e 100g<\/strong><\/p>\n<\/div>\n<\/div>\n<\/div>\n<\/div>\n<p><a href=\"https:\/\/store.myst.gr\/en\/product\/tzatziki-spice-mix\/\" target=\"_blank\" rel=\"noopener\"><img loading=\"lazy\" decoding=\"async\" class=\"alignnone wp-image-11129 size-full\" src=\"https:\/\/www.myst.gr\/wp-content\/uploads\/2021\/08\/Untitled-2.svg\" alt=\"\" width=\"200\" height=\"70\" \/><\/a><a href=\"https:\/\/www.myst.gr\/sv\/wholesale-dashboard\/\"><img loading=\"lazy\" decoding=\"async\" class=\"alignnone wp-image-11130 size-full\" src=\"https:\/\/www.myst.gr\/wp-content\/uploads\/2021\/08\/Untitled-3.svg\" alt=\"\" width=\"200\" height=\"70\" \/><\/a><\/p>","protected":false},"featured_media":20826,"template":"","meta":[],"product_cat":[149,144],"product_tag":[],"class_list":{"0":"post-15215","1":"product","2":"type-product","3":"status-publish","4":"has-post-thumbnail","6":"product_cat-spiceseasonings","7":"product_cat-saltsandspices","9":"first","10":"instock","11":"product-type-simple","swatches":"rey-swatches","show_selected":""},"yoast_head":"<!-- This site is optimized with the Yoast SEO plugin v27.4 - https:\/\/yoast.com\/product\/yoast-seo-wordpress\/ -->\n<title>Tzatziki Mix - MYST<\/title>\n<meta name=\"description\" content=\"Tzatziki served cold, this dish, made with Greek yogurt, is a traditional appetizer often served with grilled meats, Greek pita bread, baked\/fried potatoes\" \/>\n<meta name=\"robots\" content=\"index, follow, max-snippet:-1, max-image-preview:large, max-video-preview:-1\" \/>\n<link rel=\"canonical\" href=\"https:\/\/www.myst.gr\/sv\/produkt\/tzatziki\/\" \/>\n<meta property=\"og:locale\" content=\"sv_SE\" \/>\n<meta property=\"og:type\" content=\"article\" \/>\n<meta property=\"og:title\" content=\"Tzatziki Mix - MYST\" \/>\n<meta property=\"og:description\" content=\"Tzatziki served cold, this dish, made with Greek yogurt, is a traditional appetizer often served with grilled meats, Greek pita bread, baked\/fried potatoes\" \/>\n<meta property=\"og:url\" content=\"https:\/\/www.myst.gr\/sv\/produkt\/tzatziki\/\" \/>\n<meta property=\"og:site_name\" content=\"MYST\" \/>\n<meta property=\"article:modified_time\" content=\"2026-03-26T07:09:39+00:00\" \/>\n<meta property=\"og:image\" content=\"https:\/\/www.myst.gr\/wp-content\/uploads\/2021\/12\/tzatziki-spice-mix.jpg\" \/>\n\t<meta property=\"og:image:width\" content=\"1000\" \/>\n\t<meta property=\"og:image:height\" content=\"1000\" \/>\n\t<meta property=\"og:image:type\" content=\"image\/jpeg\" \/>\n<meta name=\"twitter:card\" content=\"summary_large_image\" \/>\n<meta name=\"twitter:label1\" content=\"Ber\u00e4knad l\u00e4stid\" \/>\n\t<meta name=\"twitter:data1\" content=\"2 minuter\" \/>\n<script type=\"application\/ld+json\" class=\"yoast-schema-graph\">{\"@context\":\"https:\\\/\\\/schema.org\",\"@graph\":[{\"@type\":\"WebPage\",\"@id\":\"https:\\\/\\\/www.myst.gr\\\/product\\\/tzatziki\\\/\",\"url\":\"https:\\\/\\\/www.myst.gr\\\/product\\\/tzatziki\\\/\",\"name\":\"Tzatziki Mix - MYST\",\"isPartOf\":{\"@id\":\"https:\\\/\\\/www.myst.gr\\\/#website\"},\"primaryImageOfPage\":{\"@id\":\"https:\\\/\\\/www.myst.gr\\\/product\\\/tzatziki\\\/#primaryimage\"},\"image\":{\"@id\":\"https:\\\/\\\/www.myst.gr\\\/product\\\/tzatziki\\\/#primaryimage\"},\"thumbnailUrl\":\"https:\\\/\\\/www.myst.gr\\\/wp-content\\\/uploads\\\/2021\\\/12\\\/tzatziki-spice-mix.jpg\",\"datePublished\":\"2023-03-05T06:55:37+00:00\",\"dateModified\":\"2026-03-26T07:09:39+00:00\",\"description\":\"Tzatziki served cold, this dish, made with Greek yogurt, is a traditional appetizer often served with grilled meats, Greek pita bread, baked\\\/fried potatoes\",\"breadcrumb\":{\"@id\":\"https:\\\/\\\/www.myst.gr\\\/product\\\/tzatziki\\\/#breadcrumb\"},\"inLanguage\":\"sv-SE\",\"potentialAction\":[{\"@type\":\"ReadAction\",\"target\":[\"https:\\\/\\\/www.myst.gr\\\/product\\\/tzatziki\\\/\"]}]},{\"@type\":\"ImageObject\",\"inLanguage\":\"sv-SE\",\"@id\":\"https:\\\/\\\/www.myst.gr\\\/product\\\/tzatziki\\\/#primaryimage\",\"url\":\"https:\\\/\\\/www.myst.gr\\\/wp-content\\\/uploads\\\/2021\\\/12\\\/tzatziki-spice-mix.jpg\",\"contentUrl\":\"https:\\\/\\\/www.myst.gr\\\/wp-content\\\/uploads\\\/2021\\\/12\\\/tzatziki-spice-mix.jpg\",\"width\":1000,\"height\":1000},{\"@type\":\"BreadcrumbList\",\"@id\":\"https:\\\/\\\/www.myst.gr\\\/product\\\/tzatziki\\\/#breadcrumb\",\"itemListElement\":[{\"@type\":\"ListItem\",\"position\":1,\"name\":\"Home\",\"item\":\"https:\\\/\\\/www.myst.gr\\\/\"},{\"@type\":\"ListItem\",\"position\":2,\"name\":\"Shop\",\"item\":\"https:\\\/\\\/www.myst.gr\\\/?page_id=628\"},{\"@type\":\"ListItem\",\"position\":3,\"name\":\"Tzatziki Mix\"}]},{\"@type\":\"WebSite\",\"@id\":\"https:\\\/\\\/www.myst.gr\\\/#website\",\"url\":\"https:\\\/\\\/www.myst.gr\\\/\",\"name\":\"MYST\",\"description\":\"| Discover the Taste of Greece\",\"publisher\":{\"@id\":\"https:\\\/\\\/www.myst.gr\\\/#organization\"},\"potentialAction\":[{\"@type\":\"SearchAction\",\"target\":{\"@type\":\"EntryPoint\",\"urlTemplate\":\"https:\\\/\\\/www.myst.gr\\\/?s={search_term_string}\"},\"query-input\":{\"@type\":\"PropertyValueSpecification\",\"valueRequired\":true,\"valueName\":\"search_term_string\"}}],\"inLanguage\":\"sv-SE\"},{\"@type\":\"Organization\",\"@id\":\"https:\\\/\\\/www.myst.gr\\\/#organization\",\"name\":\"MYST\",\"url\":\"https:\\\/\\\/www.myst.gr\\\/\",\"logo\":{\"@type\":\"ImageObject\",\"inLanguage\":\"sv-SE\",\"@id\":\"https:\\\/\\\/www.myst.gr\\\/#\\\/schema\\\/logo\\\/image\\\/\",\"url\":\"https:\\\/\\\/www.myst.gr\\\/wp-content\\\/uploads\\\/2023\\\/01\\\/cropped-logomini.png\",\"contentUrl\":\"https:\\\/\\\/www.myst.gr\\\/wp-content\\\/uploads\\\/2023\\\/01\\\/cropped-logomini.png\",\"width\":780,\"height\":780,\"caption\":\"MYST\"},\"image\":{\"@id\":\"https:\\\/\\\/www.myst.gr\\\/#\\\/schema\\\/logo\\\/image\\\/\"}}]}<\/script>\n<!-- \/ Yoast SEO plugin. -->","yoast_head_json":{"title":"Tzatziki Mix - MYST","description":"Tzatziki served cold, this dish, made with Greek yogurt, is a traditional appetizer often served with grilled meats, Greek pita bread, baked\/fried potatoes","robots":{"index":"index","follow":"follow","max-snippet":"max-snippet:-1","max-image-preview":"max-image-preview:large","max-video-preview":"max-video-preview:-1"},"canonical":"https:\/\/www.myst.gr\/sv\/produkt\/tzatziki\/","og_locale":"sv_SE","og_type":"article","og_title":"Tzatziki Mix - MYST","og_description":"Tzatziki served cold, this dish, made with Greek yogurt, is a traditional appetizer often served with grilled meats, Greek pita bread, baked\/fried potatoes","og_url":"https:\/\/www.myst.gr\/sv\/produkt\/tzatziki\/","og_site_name":"MYST","article_modified_time":"2026-03-26T07:09:39+00:00","og_image":[{"width":1000,"height":1000,"url":"https:\/\/www.myst.gr\/wp-content\/uploads\/2021\/12\/tzatziki-spice-mix.jpg","type":"image\/jpeg"}],"twitter_card":"summary_large_image","twitter_misc":{"Ber\u00e4knad l\u00e4stid":"2 minuter"},"schema":{"@context":"https:\/\/schema.org","@graph":[{"@type":"WebPage","@id":"https:\/\/www.myst.gr\/product\/tzatziki\/","url":"https:\/\/www.myst.gr\/product\/tzatziki\/","name":"Tzatziki Mix - MYST","isPartOf":{"@id":"https:\/\/www.myst.gr\/#website"},"primaryImageOfPage":{"@id":"https:\/\/www.myst.gr\/product\/tzatziki\/#primaryimage"},"image":{"@id":"https:\/\/www.myst.gr\/product\/tzatziki\/#primaryimage"},"thumbnailUrl":"https:\/\/www.myst.gr\/wp-content\/uploads\/2021\/12\/tzatziki-spice-mix.jpg","datePublished":"2023-03-05T06:55:37+00:00","dateModified":"2026-03-26T07:09:39+00:00","description":"Tzatziki served cold, this dish, made with Greek yogurt, is a traditional appetizer often served with grilled meats, Greek pita bread, baked\/fried potatoes","breadcrumb":{"@id":"https:\/\/www.myst.gr\/product\/tzatziki\/#breadcrumb"},"inLanguage":"sv-SE","potentialAction":[{"@type":"ReadAction","target":["https:\/\/www.myst.gr\/product\/tzatziki\/"]}]},{"@type":"ImageObject","inLanguage":"sv-SE","@id":"https:\/\/www.myst.gr\/product\/tzatziki\/#primaryimage","url":"https:\/\/www.myst.gr\/wp-content\/uploads\/2021\/12\/tzatziki-spice-mix.jpg","contentUrl":"https:\/\/www.myst.gr\/wp-content\/uploads\/2021\/12\/tzatziki-spice-mix.jpg","width":1000,"height":1000},{"@type":"BreadcrumbList","@id":"https:\/\/www.myst.gr\/product\/tzatziki\/#breadcrumb","itemListElement":[{"@type":"ListItem","position":1,"name":"Home","item":"https:\/\/www.myst.gr\/"},{"@type":"ListItem","position":2,"name":"Shop","item":"https:\/\/www.myst.gr\/?page_id=628"},{"@type":"ListItem","position":3,"name":"Tzatziki Mix"}]},{"@type":"WebSite","@id":"https:\/\/www.myst.gr\/#website","url":"https:\/\/www.myst.gr\/","name":"MYST","description":"| Discover the Taste of Greece","publisher":{"@id":"https:\/\/www.myst.gr\/#organization"},"potentialAction":[{"@type":"SearchAction","target":{"@type":"EntryPoint","urlTemplate":"https:\/\/www.myst.gr\/?s={search_term_string}"},"query-input":{"@type":"PropertyValueSpecification","valueRequired":true,"valueName":"search_term_string"}}],"inLanguage":"sv-SE"},{"@type":"Organization","@id":"https:\/\/www.myst.gr\/#organization","name":"MYST","url":"https:\/\/www.myst.gr\/","logo":{"@type":"ImageObject","inLanguage":"sv-SE","@id":"https:\/\/www.myst.gr\/#\/schema\/logo\/image\/","url":"https:\/\/www.myst.gr\/wp-content\/uploads\/2023\/01\/cropped-logomini.png","contentUrl":"https:\/\/www.myst.gr\/wp-content\/uploads\/2023\/01\/cropped-logomini.png","width":780,"height":780,"caption":"MYST"},"image":{"@id":"https:\/\/www.myst.gr\/#\/schema\/logo\/image\/"}}]}},"_links":{"self":[{"href":"https:\/\/www.myst.gr\/sv\/wp-json\/wp\/v2\/product\/15215","targetHints":{"allow":["GET"]}}],"collection":[{"href":"https:\/\/www.myst.gr\/sv\/wp-json\/wp\/v2\/product"}],"about":[{"href":"https:\/\/www.myst.gr\/sv\/wp-json\/wp\/v2\/types\/product"}],"wp:featuredmedia":[{"embeddable":true,"href":"https:\/\/www.myst.gr\/sv\/wp-json\/wp\/v2\/media\/20826"}],"wp:attachment":[{"href":"https:\/\/www.myst.gr\/sv\/wp-json\/wp\/v2\/media?parent=15215"}],"wp:term":[{"taxonomy":"product_cat","embeddable":true,"href":"https:\/\/www.myst.gr\/sv\/wp-json\/wp\/v2\/product_cat?post=15215"},{"taxonomy":"product_tag","embeddable":true,"href":"https:\/\/www.myst.gr\/sv\/wp-json\/wp\/v2\/product_tag?post=15215"}],"curies":[{"name":"wp","href":"https:\/\/api.w.org\/{rel}","templated":true}]}}