{"id":14912,"date":"2023-03-02T16:32:55","date_gmt":"2023-03-02T16:32:55","guid":{"rendered":"https:\/\/www.myst.gr\/?post_type=product&#038;p=14912"},"modified":"2025-05-22T10:18:44","modified_gmt":"2025-05-22T10:18:44","slug":"greek-dry-rosemary","status":"publish","type":"product","link":"https:\/\/www.myst.gr\/sv\/product\/greek-dry-rosemary\/","title":{"rendered":"Grekisk Rosmarin"},"content":{"rendered":"<p>Rosmarin i antikens Grekland till\u00e4gnades gudinnan Afrodite, eftersom den lindades runt henne n\u00e4r hon kom upp ur havet. Rosmarin \u00e4r en av huvudingredienserna i det grekiska k\u00f6ket och medelhavsk\u00f6ket.<\/p>\n<p><a href=\"https:\/\/www.myst.gr\/wp-content\/uploads\/2020\/01\/bio-1.png\">\u00a0 <\/a>\u00a0<img decoding=\"async\" class=\"alignnone wp-image-8157\" src=\"https:\/\/www.myst.gr\/wp-content\/uploads\/2020\/11\/isoFoo-1.svg\" alt=\"\" width=\"66\" height=\"66\" \/><\/p>","protected":false},"excerpt":{"rendered":"<div class=\"page\" title=\"Page 5\">\n<div class=\"section\">\n<div class=\"layoutArea\">\n<div class=\"column\">\n<div class=\"page\" title=\"Page 6\">\n<div class=\"section\">\n<div class=\"layoutArea\">\n<div class=\"column\">\n<p class=\"p1\"><span class=\"s1\">Rosmarin \u00e4r en av huvudingredienserna i det grekiska k\u00f6ket och medelhavsk\u00f6ket. Den kan anv\u00e4ndas i en m\u00e4ngd olika r\u00e4tter d\u00e5 vi kan smaks\u00e4tta den med grillade r\u00e4tter, som fisk, lamm, fj\u00e4derf\u00e4, kaniner, fl\u00e4sk, n\u00f6tk\u00f6tt och potatis. P\u00e5 grund av sina n\u00e5lliknande blad b\u00f6r rosmarinen finhackas eller brytas med en mortel och mortelst\u00f6t, f\u00f6r att inte st\u00f6ra oss n\u00e4r vi \u00e4ter. Rosmarin b\u00f6r anv\u00e4ndas fr\u00e5n b\u00f6rjan av tillagningen, s\u00e4rskilt i grillade r\u00e4tter, s\u00e5 att den har tillr\u00e4ckligt med tid att sl\u00e4ppa sin arom.<\/span><\/p>\n<\/div>\n<\/div>\n<\/div>\n<\/div>\n<\/div>\n<\/div>\n<\/div>\n<\/div>\n<div class=\"page\" title=\"Page 5\">\n<div class=\"section\">\n<div class=\"layoutArea\">\n<div class=\"column\">\n<p><strong>Jar capacity : e 40g<\/strong><\/p>\n<\/div>\n<\/div>\n<\/div>\n<\/div>\n<p><a href=\"https:\/\/store.myst.gr\/en\/product\/greek-rosemary\/\" target=\"_blank\" rel=\"noopener\"><img decoding=\"async\" class=\"alignnone wp-image-11129 size-full\" src=\"https:\/\/www.myst.gr\/wp-content\/uploads\/2021\/08\/Untitled-2.svg\" alt=\"\" width=\"200\" height=\"70\" \/><\/a><a href=\"https:\/\/www.myst.gr\/sv\/wholesale-dashboard\/\"><img decoding=\"async\" class=\"alignnone wp-image-11130 size-full\" src=\"https:\/\/www.myst.gr\/wp-content\/uploads\/2021\/08\/Untitled-3.svg\" alt=\"\" width=\"200\" height=\"70\" \/><\/a><\/p>","protected":false},"featured_media":20272,"template":"","meta":[],"product_cat":[127],"product_tag":[],"class_list":{"0":"post-14912","1":"product","2":"type-product","3":"status-publish","4":"has-post-thumbnail","6":"product_cat-aromatic-herbs","8":"first","9":"instock","10":"product-type-simple","swatches":"rey-swatches","show_selected":""},"yoast_head":"<!-- This site is optimized with the Yoast SEO plugin v27.4 - https:\/\/yoast.com\/product\/yoast-seo-wordpress\/ -->\n<title>Greek Dry Rosemary - MYST<\/title>\n<meta name=\"description\" content=\"Rosemary is one of the basic ingredients of Greek and Mediterranean kitchen. It can be used in a wide variety of dishes since we can season with it roasts\" \/>\n<meta name=\"robots\" content=\"index, follow, max-snippet:-1, max-image-preview:large, max-video-preview:-1\" \/>\n<link rel=\"canonical\" href=\"https:\/\/www.myst.gr\/sv\/produkt\/greek-dry-rosemary\/\" \/>\n<meta property=\"og:locale\" content=\"sv_SE\" \/>\n<meta property=\"og:type\" content=\"article\" \/>\n<meta property=\"og:title\" content=\"Greek Dry Rosemary - MYST\" \/>\n<meta property=\"og:description\" content=\"Rosemary is one of the basic ingredients of Greek and Mediterranean kitchen. It can be used in a wide variety of dishes since we can season with it roasts\" \/>\n<meta property=\"og:url\" content=\"https:\/\/www.myst.gr\/sv\/produkt\/greek-dry-rosemary\/\" \/>\n<meta property=\"og:site_name\" content=\"MYST\" \/>\n<meta property=\"article:modified_time\" content=\"2025-05-22T10:18:44+00:00\" \/>\n<meta property=\"og:image\" content=\"https:\/\/www.myst.gr\/wp-content\/uploads\/2025\/03\/Greek-Rosemary.webp\" \/>\n\t<meta property=\"og:image:width\" content=\"1000\" \/>\n\t<meta property=\"og:image:height\" content=\"1000\" \/>\n\t<meta property=\"og:image:type\" content=\"image\/webp\" \/>\n<meta name=\"twitter:card\" content=\"summary_large_image\" \/>\n<meta name=\"twitter:label1\" content=\"Ber\u00e4knad l\u00e4stid\" \/>\n\t<meta name=\"twitter:data1\" content=\"1 minut\" \/>\n<script type=\"application\/ld+json\" class=\"yoast-schema-graph\">{\"@context\":\"https:\\\/\\\/schema.org\",\"@graph\":[{\"@type\":\"WebPage\",\"@id\":\"https:\\\/\\\/www.myst.gr\\\/product\\\/greek-dry-rosemary\\\/\",\"url\":\"https:\\\/\\\/www.myst.gr\\\/product\\\/greek-dry-rosemary\\\/\",\"name\":\"Greek Dry Rosemary - MYST\",\"isPartOf\":{\"@id\":\"https:\\\/\\\/www.myst.gr\\\/#website\"},\"primaryImageOfPage\":{\"@id\":\"https:\\\/\\\/www.myst.gr\\\/product\\\/greek-dry-rosemary\\\/#primaryimage\"},\"image\":{\"@id\":\"https:\\\/\\\/www.myst.gr\\\/product\\\/greek-dry-rosemary\\\/#primaryimage\"},\"thumbnailUrl\":\"https:\\\/\\\/www.myst.gr\\\/wp-content\\\/uploads\\\/2025\\\/03\\\/Greek-Rosemary.webp\",\"datePublished\":\"2023-03-02T16:32:55+00:00\",\"dateModified\":\"2025-05-22T10:18:44+00:00\",\"description\":\"Rosemary is one of the basic ingredients of Greek and Mediterranean kitchen. It can be used in a wide variety of dishes since we can season with it roasts\",\"breadcrumb\":{\"@id\":\"https:\\\/\\\/www.myst.gr\\\/product\\\/greek-dry-rosemary\\\/#breadcrumb\"},\"inLanguage\":\"sv-SE\",\"potentialAction\":[{\"@type\":\"ReadAction\",\"target\":[\"https:\\\/\\\/www.myst.gr\\\/product\\\/greek-dry-rosemary\\\/\"]}]},{\"@type\":\"ImageObject\",\"inLanguage\":\"sv-SE\",\"@id\":\"https:\\\/\\\/www.myst.gr\\\/product\\\/greek-dry-rosemary\\\/#primaryimage\",\"url\":\"https:\\\/\\\/www.myst.gr\\\/wp-content\\\/uploads\\\/2025\\\/03\\\/Greek-Rosemary.webp\",\"contentUrl\":\"https:\\\/\\\/www.myst.gr\\\/wp-content\\\/uploads\\\/2025\\\/03\\\/Greek-Rosemary.webp\",\"width\":1000,\"height\":1000},{\"@type\":\"BreadcrumbList\",\"@id\":\"https:\\\/\\\/www.myst.gr\\\/product\\\/greek-dry-rosemary\\\/#breadcrumb\",\"itemListElement\":[{\"@type\":\"ListItem\",\"position\":1,\"name\":\"Home\",\"item\":\"https:\\\/\\\/www.myst.gr\\\/\"},{\"@type\":\"ListItem\",\"position\":2,\"name\":\"Shop\",\"item\":\"https:\\\/\\\/www.myst.gr\\\/?page_id=628\"},{\"@type\":\"ListItem\",\"position\":3,\"name\":\"Greek Dry Rosemary\"}]},{\"@type\":\"WebSite\",\"@id\":\"https:\\\/\\\/www.myst.gr\\\/#website\",\"url\":\"https:\\\/\\\/www.myst.gr\\\/\",\"name\":\"MYST\",\"description\":\"| Discover the Taste of Greece\",\"publisher\":{\"@id\":\"https:\\\/\\\/www.myst.gr\\\/#organization\"},\"potentialAction\":[{\"@type\":\"SearchAction\",\"target\":{\"@type\":\"EntryPoint\",\"urlTemplate\":\"https:\\\/\\\/www.myst.gr\\\/?s={search_term_string}\"},\"query-input\":{\"@type\":\"PropertyValueSpecification\",\"valueRequired\":true,\"valueName\":\"search_term_string\"}}],\"inLanguage\":\"sv-SE\"},{\"@type\":\"Organization\",\"@id\":\"https:\\\/\\\/www.myst.gr\\\/#organization\",\"name\":\"MYST\",\"url\":\"https:\\\/\\\/www.myst.gr\\\/\",\"logo\":{\"@type\":\"ImageObject\",\"inLanguage\":\"sv-SE\",\"@id\":\"https:\\\/\\\/www.myst.gr\\\/#\\\/schema\\\/logo\\\/image\\\/\",\"url\":\"https:\\\/\\\/www.myst.gr\\\/wp-content\\\/uploads\\\/2023\\\/01\\\/cropped-logomini.png\",\"contentUrl\":\"https:\\\/\\\/www.myst.gr\\\/wp-content\\\/uploads\\\/2023\\\/01\\\/cropped-logomini.png\",\"width\":780,\"height\":780,\"caption\":\"MYST\"},\"image\":{\"@id\":\"https:\\\/\\\/www.myst.gr\\\/#\\\/schema\\\/logo\\\/image\\\/\"}}]}<\/script>\n<!-- \/ Yoast SEO plugin. -->","yoast_head_json":{"title":"Greek Dry Rosemary - MYST","description":"Rosemary is one of the basic ingredients of Greek and Mediterranean kitchen. It can be used in a wide variety of dishes since we can season with it roasts","robots":{"index":"index","follow":"follow","max-snippet":"max-snippet:-1","max-image-preview":"max-image-preview:large","max-video-preview":"max-video-preview:-1"},"canonical":"https:\/\/www.myst.gr\/sv\/produkt\/greek-dry-rosemary\/","og_locale":"sv_SE","og_type":"article","og_title":"Greek Dry Rosemary - MYST","og_description":"Rosemary is one of the basic ingredients of Greek and Mediterranean kitchen. It can be used in a wide variety of dishes since we can season with it roasts","og_url":"https:\/\/www.myst.gr\/sv\/produkt\/greek-dry-rosemary\/","og_site_name":"MYST","article_modified_time":"2025-05-22T10:18:44+00:00","og_image":[{"width":1000,"height":1000,"url":"https:\/\/www.myst.gr\/wp-content\/uploads\/2025\/03\/Greek-Rosemary.webp","type":"image\/webp"}],"twitter_card":"summary_large_image","twitter_misc":{"Ber\u00e4knad l\u00e4stid":"1 minut"},"schema":{"@context":"https:\/\/schema.org","@graph":[{"@type":"WebPage","@id":"https:\/\/www.myst.gr\/product\/greek-dry-rosemary\/","url":"https:\/\/www.myst.gr\/product\/greek-dry-rosemary\/","name":"Greek Dry Rosemary - MYST","isPartOf":{"@id":"https:\/\/www.myst.gr\/#website"},"primaryImageOfPage":{"@id":"https:\/\/www.myst.gr\/product\/greek-dry-rosemary\/#primaryimage"},"image":{"@id":"https:\/\/www.myst.gr\/product\/greek-dry-rosemary\/#primaryimage"},"thumbnailUrl":"https:\/\/www.myst.gr\/wp-content\/uploads\/2025\/03\/Greek-Rosemary.webp","datePublished":"2023-03-02T16:32:55+00:00","dateModified":"2025-05-22T10:18:44+00:00","description":"Rosemary is one of the basic ingredients of Greek and Mediterranean kitchen. It can be used in a wide variety of dishes since we can season with it roasts","breadcrumb":{"@id":"https:\/\/www.myst.gr\/product\/greek-dry-rosemary\/#breadcrumb"},"inLanguage":"sv-SE","potentialAction":[{"@type":"ReadAction","target":["https:\/\/www.myst.gr\/product\/greek-dry-rosemary\/"]}]},{"@type":"ImageObject","inLanguage":"sv-SE","@id":"https:\/\/www.myst.gr\/product\/greek-dry-rosemary\/#primaryimage","url":"https:\/\/www.myst.gr\/wp-content\/uploads\/2025\/03\/Greek-Rosemary.webp","contentUrl":"https:\/\/www.myst.gr\/wp-content\/uploads\/2025\/03\/Greek-Rosemary.webp","width":1000,"height":1000},{"@type":"BreadcrumbList","@id":"https:\/\/www.myst.gr\/product\/greek-dry-rosemary\/#breadcrumb","itemListElement":[{"@type":"ListItem","position":1,"name":"Home","item":"https:\/\/www.myst.gr\/"},{"@type":"ListItem","position":2,"name":"Shop","item":"https:\/\/www.myst.gr\/?page_id=628"},{"@type":"ListItem","position":3,"name":"Greek Dry Rosemary"}]},{"@type":"WebSite","@id":"https:\/\/www.myst.gr\/#website","url":"https:\/\/www.myst.gr\/","name":"MYST","description":"| Discover the Taste of Greece","publisher":{"@id":"https:\/\/www.myst.gr\/#organization"},"potentialAction":[{"@type":"SearchAction","target":{"@type":"EntryPoint","urlTemplate":"https:\/\/www.myst.gr\/?s={search_term_string}"},"query-input":{"@type":"PropertyValueSpecification","valueRequired":true,"valueName":"search_term_string"}}],"inLanguage":"sv-SE"},{"@type":"Organization","@id":"https:\/\/www.myst.gr\/#organization","name":"MYST","url":"https:\/\/www.myst.gr\/","logo":{"@type":"ImageObject","inLanguage":"sv-SE","@id":"https:\/\/www.myst.gr\/#\/schema\/logo\/image\/","url":"https:\/\/www.myst.gr\/wp-content\/uploads\/2023\/01\/cropped-logomini.png","contentUrl":"https:\/\/www.myst.gr\/wp-content\/uploads\/2023\/01\/cropped-logomini.png","width":780,"height":780,"caption":"MYST"},"image":{"@id":"https:\/\/www.myst.gr\/#\/schema\/logo\/image\/"}}]}},"_links":{"self":[{"href":"https:\/\/www.myst.gr\/sv\/wp-json\/wp\/v2\/product\/14912","targetHints":{"allow":["GET"]}}],"collection":[{"href":"https:\/\/www.myst.gr\/sv\/wp-json\/wp\/v2\/product"}],"about":[{"href":"https:\/\/www.myst.gr\/sv\/wp-json\/wp\/v2\/types\/product"}],"wp:featuredmedia":[{"embeddable":true,"href":"https:\/\/www.myst.gr\/sv\/wp-json\/wp\/v2\/media\/20272"}],"wp:attachment":[{"href":"https:\/\/www.myst.gr\/sv\/wp-json\/wp\/v2\/media?parent=14912"}],"wp:term":[{"taxonomy":"product_cat","embeddable":true,"href":"https:\/\/www.myst.gr\/sv\/wp-json\/wp\/v2\/product_cat?post=14912"},{"taxonomy":"product_tag","embeddable":true,"href":"https:\/\/www.myst.gr\/sv\/wp-json\/wp\/v2\/product_tag?post=14912"}],"curies":[{"name":"wp","href":"https:\/\/api.w.org\/{rel}","templated":true}]}}