{"id":13705,"date":"2022-08-25T07:41:54","date_gmt":"2022-08-25T07:41:54","guid":{"rendered":"https:\/\/www.myst.gr\/?post_type=product&#038;p=13705"},"modified":"2025-12-08T06:46:55","modified_gmt":"2025-12-08T06:46:55","slug":"sea-salt-with-peppers","status":"publish","type":"product","link":"https:\/\/www.myst.gr\/sv\/product\/sea-salt-with-peppers\/","title":{"rendered":"Havssalt kryddpeppar"},"content":{"rendered":"<p class=\"p1\"><span class=\"s1\"><strong>Beskrivning:<\/strong> \u00a0: Ren, naturlig salt, perfekt komplement f\u00f6r dina gastronomiska skapelser.<\/span><\/p>\n<p class=\"p1\"><strong><span class=\"s1\">Ingredienser:<\/span><\/strong><span class=\"s1\">\u00c4kta havssalt fr\u00e5n Olympus sluttningar och torkad stark florinis peppar, chilipeppar och svart peppar.\u00a0<\/span><\/p>\n<p><img decoding=\"async\" class=\"alignnone wp-image-21198\" src=\"https:\/\/www.myst.gr\/wp-content\/uploads\/2025\/07\/natural-salt-300x300.jpg\" alt=\"\" width=\"100\" height=\"100\" srcset=\"https:\/\/www.myst.gr\/wp-content\/uploads\/2025\/07\/natural-salt-300x300.jpg 300w, https:\/\/www.myst.gr\/wp-content\/uploads\/2025\/07\/natural-salt-150x150.jpg 150w, https:\/\/www.myst.gr\/wp-content\/uploads\/2025\/07\/natural-salt-12x12.jpg 12w, https:\/\/www.myst.gr\/wp-content\/uploads\/2025\/07\/natural-salt-100x100.jpg 100w, https:\/\/www.myst.gr\/wp-content\/uploads\/2025\/07\/natural-salt.jpg 600w\" sizes=\"(max-width: 100px) 100vw, 100px\" \/> <img decoding=\"async\" class=\"alignnone wp-image-21184\" src=\"https:\/\/www.myst.gr\/wp-content\/uploads\/2025\/07\/pepper-flakes-300x300.jpg\" alt=\"\" width=\"100\" height=\"100\" srcset=\"https:\/\/www.myst.gr\/wp-content\/uploads\/2025\/07\/pepper-flakes-300x300.jpg 300w, https:\/\/www.myst.gr\/wp-content\/uploads\/2025\/07\/pepper-flakes-150x150.jpg 150w, https:\/\/www.myst.gr\/wp-content\/uploads\/2025\/07\/pepper-flakes-12x12.jpg 12w, https:\/\/www.myst.gr\/wp-content\/uploads\/2025\/07\/pepper-flakes-100x100.jpg 100w, https:\/\/www.myst.gr\/wp-content\/uploads\/2025\/07\/pepper-flakes.jpg 600w\" sizes=\"(max-width: 100px) 100vw, 100px\" \/> <img decoding=\"async\" class=\"alignnone wp-image-21172\" src=\"https:\/\/www.myst.gr\/wp-content\/uploads\/2025\/07\/chili-spice-300x300.jpg\" alt=\"\" width=\"100\" height=\"100\" srcset=\"https:\/\/www.myst.gr\/wp-content\/uploads\/2025\/07\/chili-spice-300x300.jpg 300w, https:\/\/www.myst.gr\/wp-content\/uploads\/2025\/07\/chili-spice-150x150.jpg 150w, https:\/\/www.myst.gr\/wp-content\/uploads\/2025\/07\/chili-spice-12x12.jpg 12w, https:\/\/www.myst.gr\/wp-content\/uploads\/2025\/07\/chili-spice-100x100.jpg 100w, https:\/\/www.myst.gr\/wp-content\/uploads\/2025\/07\/chili-spice.jpg 600w\" sizes=\"(max-width: 100px) 100vw, 100px\" \/><img loading=\"lazy\" decoding=\"async\" class=\"alignnone wp-image-21188\" src=\"https:\/\/www.myst.gr\/wp-content\/uploads\/2025\/07\/peppercorns-300x300.jpg\" alt=\"\" width=\"100\" height=\"100\" srcset=\"https:\/\/www.myst.gr\/wp-content\/uploads\/2025\/07\/peppercorns-300x300.jpg 300w, https:\/\/www.myst.gr\/wp-content\/uploads\/2025\/07\/peppercorns-150x150.jpg 150w, https:\/\/www.myst.gr\/wp-content\/uploads\/2025\/07\/peppercorns-12x12.jpg 12w, https:\/\/www.myst.gr\/wp-content\/uploads\/2025\/07\/peppercorns-100x100.jpg 100w, https:\/\/www.myst.gr\/wp-content\/uploads\/2025\/07\/peppercorns.jpg 600w\" sizes=\"(max-width: 100px) 100vw, 100px\" \/><\/p>\n<p class=\"p1\"><strong><span class=\"s1\">Egenskaper: <\/span><\/strong><span class=\"s1\">Naturligt, utan tillsatta konstgjorda aromer, utan endast naturliga ingredienser<\/span><\/p>\n<p class=\"p1\"><strong><span class=\"s1\">Anv\u00e4ndning: <\/span><\/strong><span class=\"s1\">Str\u00f6 \u00f6ver k\u00f6tt, kyckling,\u00e4gg,potatispasta och grytor.<\/span><\/p>","protected":false},"excerpt":{"rendered":"<div class=\"page\" title=\"Page 5\">\n<div class=\"section\">\n<div class=\"layoutArea\">\n<div class=\"column\">\n<div class=\"page\" title=\"Page 6\">\n<div class=\"section\">\n<div class=\"layoutArea\">\n<div class=\"column\">\n<p class=\"p1\">\u00c4kta havssalt fr\u00e5n Olympus sluttningar och torkad stark florinis peppar, chilipeppar och svart peppar. Smakligt,aromatiskt och kryddigt!<\/p>\n<p class=\"p1\"><span class=\"s1\">Uppt\u00e4ck chefen i dig med de h\u00e4r balanserade havssalterna.<\/span><\/p>\n<\/div>\n<\/div>\n<\/div>\n<\/div>\n<\/div>\n<\/div>\n<\/div>\n<\/div>\n<div class=\"page\" title=\"Page 5\">\n<div class=\"section\">\n<div class=\"layoutArea\">\n<div class=\"column\">\n<p><strong>Burkkapacitet : e 200g<\/strong><\/p>\n<\/div>\n<\/div>\n<\/div>\n<\/div>\n<p><a href=\"https:\/\/store.myst.gr\/en\/product\/sea-salt-with-chilli\/\" target=\"_blank\" rel=\"noopener\"><img loading=\"lazy\" decoding=\"async\" class=\"alignnone wp-image-11129 size-full\" src=\"https:\/\/www.myst.gr\/wp-content\/uploads\/2021\/08\/Untitled-2.svg\" alt=\"\" width=\"200\" height=\"70\" \/><\/a><a href=\"https:\/\/www.myst.gr\/sv\/wholesale-dashboard\/\"><img loading=\"lazy\" decoding=\"async\" class=\"alignnone wp-image-11130 size-full\" src=\"https:\/\/www.myst.gr\/wp-content\/uploads\/2021\/08\/Untitled-3.svg\" alt=\"\" width=\"200\" height=\"70\" \/><\/a><\/p>","protected":false},"featured_media":20834,"template":"","meta":[],"product_cat":[160,148],"product_tag":[],"class_list":{"0":"post-13705","1":"product","2":"type-product","3":"status-publish","4":"has-post-thumbnail","6":"product_cat-salt","7":"product_cat-salts-blends","9":"first","10":"instock","11":"product-type-simple","swatches":"rey-swatches","show_selected":""},"yoast_head":"<!-- This site is optimized with the Yoast SEO plugin v27.4 - https:\/\/yoast.com\/product\/yoast-seo-wordpress\/ -->\n<title>Sea Salt Blend Spicy Peppers - MYST<\/title>\n<meta name=\"description\" content=\"Pure sea salt from the foot of Olympus spicy florinis pepper ,boukovo and black pepper. Tasty, aromatic and spicy! Discover your inner chef with these perfe\" \/>\n<meta name=\"robots\" content=\"index, follow, max-snippet:-1, max-image-preview:large, max-video-preview:-1\" \/>\n<link rel=\"canonical\" href=\"https:\/\/www.myst.gr\/sv\/produkt\/sea-salt-with-peppers\/\" \/>\n<meta property=\"og:locale\" content=\"sv_SE\" \/>\n<meta property=\"og:type\" content=\"article\" \/>\n<meta property=\"og:title\" content=\"Sea Salt Blend Spicy Peppers - MYST\" \/>\n<meta property=\"og:description\" content=\"Pure sea salt from the foot of Olympus spicy florinis pepper ,boukovo and black pepper. Tasty, aromatic and spicy! Discover your inner chef with these perfe\" \/>\n<meta property=\"og:url\" content=\"https:\/\/www.myst.gr\/sv\/produkt\/sea-salt-with-peppers\/\" \/>\n<meta property=\"og:site_name\" content=\"MYST\" \/>\n<meta property=\"article:modified_time\" content=\"2025-12-08T06:46:55+00:00\" \/>\n<meta property=\"og:image\" content=\"https:\/\/www.myst.gr\/wp-content\/uploads\/2021\/12\/Sea-Salt-Blend-Spicy-Peppers.jpg\" \/>\n\t<meta property=\"og:image:width\" content=\"1000\" \/>\n\t<meta property=\"og:image:height\" content=\"1000\" \/>\n\t<meta property=\"og:image:type\" content=\"image\/jpeg\" \/>\n<meta name=\"twitter:card\" content=\"summary_large_image\" \/>\n<meta name=\"twitter:label1\" content=\"Ber\u00e4knad l\u00e4stid\" \/>\n\t<meta name=\"twitter:data1\" content=\"2 minuter\" \/>\n<script type=\"application\/ld+json\" class=\"yoast-schema-graph\">{\"@context\":\"https:\\\/\\\/schema.org\",\"@graph\":[{\"@type\":\"WebPage\",\"@id\":\"https:\\\/\\\/www.myst.gr\\\/product\\\/sea-salt-with-peppers\\\/\",\"url\":\"https:\\\/\\\/www.myst.gr\\\/product\\\/sea-salt-with-peppers\\\/\",\"name\":\"Sea Salt Blend Spicy Peppers - MYST\",\"isPartOf\":{\"@id\":\"https:\\\/\\\/www.myst.gr\\\/#website\"},\"primaryImageOfPage\":{\"@id\":\"https:\\\/\\\/www.myst.gr\\\/product\\\/sea-salt-with-peppers\\\/#primaryimage\"},\"image\":{\"@id\":\"https:\\\/\\\/www.myst.gr\\\/product\\\/sea-salt-with-peppers\\\/#primaryimage\"},\"thumbnailUrl\":\"https:\\\/\\\/www.myst.gr\\\/wp-content\\\/uploads\\\/2021\\\/12\\\/Sea-Salt-Blend-Spicy-Peppers.jpg\",\"datePublished\":\"2022-08-25T07:41:54+00:00\",\"dateModified\":\"2025-12-08T06:46:55+00:00\",\"description\":\"Pure sea salt from the foot of Olympus spicy florinis pepper ,boukovo and black pepper. Tasty, aromatic and spicy! Discover your inner chef with these perfe\",\"breadcrumb\":{\"@id\":\"https:\\\/\\\/www.myst.gr\\\/product\\\/sea-salt-with-peppers\\\/#breadcrumb\"},\"inLanguage\":\"sv-SE\",\"potentialAction\":[{\"@type\":\"ReadAction\",\"target\":[\"https:\\\/\\\/www.myst.gr\\\/product\\\/sea-salt-with-peppers\\\/\"]}]},{\"@type\":\"ImageObject\",\"inLanguage\":\"sv-SE\",\"@id\":\"https:\\\/\\\/www.myst.gr\\\/product\\\/sea-salt-with-peppers\\\/#primaryimage\",\"url\":\"https:\\\/\\\/www.myst.gr\\\/wp-content\\\/uploads\\\/2021\\\/12\\\/Sea-Salt-Blend-Spicy-Peppers.jpg\",\"contentUrl\":\"https:\\\/\\\/www.myst.gr\\\/wp-content\\\/uploads\\\/2021\\\/12\\\/Sea-Salt-Blend-Spicy-Peppers.jpg\",\"width\":1000,\"height\":1000},{\"@type\":\"BreadcrumbList\",\"@id\":\"https:\\\/\\\/www.myst.gr\\\/product\\\/sea-salt-with-peppers\\\/#breadcrumb\",\"itemListElement\":[{\"@type\":\"ListItem\",\"position\":1,\"name\":\"Home\",\"item\":\"https:\\\/\\\/www.myst.gr\\\/\"},{\"@type\":\"ListItem\",\"position\":2,\"name\":\"Shop\",\"item\":\"https:\\\/\\\/www.myst.gr\\\/?page_id=628\"},{\"@type\":\"ListItem\",\"position\":3,\"name\":\"Sea Salt Blend Spicy Peppers\"}]},{\"@type\":\"WebSite\",\"@id\":\"https:\\\/\\\/www.myst.gr\\\/#website\",\"url\":\"https:\\\/\\\/www.myst.gr\\\/\",\"name\":\"MYST\",\"description\":\"| Discover the Taste of Greece\",\"publisher\":{\"@id\":\"https:\\\/\\\/www.myst.gr\\\/#organization\"},\"potentialAction\":[{\"@type\":\"SearchAction\",\"target\":{\"@type\":\"EntryPoint\",\"urlTemplate\":\"https:\\\/\\\/www.myst.gr\\\/?s={search_term_string}\"},\"query-input\":{\"@type\":\"PropertyValueSpecification\",\"valueRequired\":true,\"valueName\":\"search_term_string\"}}],\"inLanguage\":\"sv-SE\"},{\"@type\":\"Organization\",\"@id\":\"https:\\\/\\\/www.myst.gr\\\/#organization\",\"name\":\"MYST\",\"url\":\"https:\\\/\\\/www.myst.gr\\\/\",\"logo\":{\"@type\":\"ImageObject\",\"inLanguage\":\"sv-SE\",\"@id\":\"https:\\\/\\\/www.myst.gr\\\/#\\\/schema\\\/logo\\\/image\\\/\",\"url\":\"https:\\\/\\\/www.myst.gr\\\/wp-content\\\/uploads\\\/2023\\\/01\\\/cropped-logomini.png\",\"contentUrl\":\"https:\\\/\\\/www.myst.gr\\\/wp-content\\\/uploads\\\/2023\\\/01\\\/cropped-logomini.png\",\"width\":780,\"height\":780,\"caption\":\"MYST\"},\"image\":{\"@id\":\"https:\\\/\\\/www.myst.gr\\\/#\\\/schema\\\/logo\\\/image\\\/\"}}]}<\/script>\n<!-- \/ Yoast SEO plugin. -->","yoast_head_json":{"title":"Sea Salt Blend Spicy Peppers - MYST","description":"Pure sea salt from the foot of Olympus spicy florinis pepper ,boukovo and black pepper. Tasty, aromatic and spicy! Discover your inner chef with these perfe","robots":{"index":"index","follow":"follow","max-snippet":"max-snippet:-1","max-image-preview":"max-image-preview:large","max-video-preview":"max-video-preview:-1"},"canonical":"https:\/\/www.myst.gr\/sv\/produkt\/sea-salt-with-peppers\/","og_locale":"sv_SE","og_type":"article","og_title":"Sea Salt Blend Spicy Peppers - MYST","og_description":"Pure sea salt from the foot of Olympus spicy florinis pepper ,boukovo and black pepper. Tasty, aromatic and spicy! Discover your inner chef with these perfe","og_url":"https:\/\/www.myst.gr\/sv\/produkt\/sea-salt-with-peppers\/","og_site_name":"MYST","article_modified_time":"2025-12-08T06:46:55+00:00","og_image":[{"width":1000,"height":1000,"url":"https:\/\/www.myst.gr\/wp-content\/uploads\/2021\/12\/Sea-Salt-Blend-Spicy-Peppers.jpg","type":"image\/jpeg"}],"twitter_card":"summary_large_image","twitter_misc":{"Ber\u00e4knad l\u00e4stid":"2 minuter"},"schema":{"@context":"https:\/\/schema.org","@graph":[{"@type":"WebPage","@id":"https:\/\/www.myst.gr\/product\/sea-salt-with-peppers\/","url":"https:\/\/www.myst.gr\/product\/sea-salt-with-peppers\/","name":"Sea Salt Blend Spicy Peppers - MYST","isPartOf":{"@id":"https:\/\/www.myst.gr\/#website"},"primaryImageOfPage":{"@id":"https:\/\/www.myst.gr\/product\/sea-salt-with-peppers\/#primaryimage"},"image":{"@id":"https:\/\/www.myst.gr\/product\/sea-salt-with-peppers\/#primaryimage"},"thumbnailUrl":"https:\/\/www.myst.gr\/wp-content\/uploads\/2021\/12\/Sea-Salt-Blend-Spicy-Peppers.jpg","datePublished":"2022-08-25T07:41:54+00:00","dateModified":"2025-12-08T06:46:55+00:00","description":"Pure sea salt from the foot of Olympus spicy florinis pepper ,boukovo and black pepper. Tasty, aromatic and spicy! Discover your inner chef with these perfe","breadcrumb":{"@id":"https:\/\/www.myst.gr\/product\/sea-salt-with-peppers\/#breadcrumb"},"inLanguage":"sv-SE","potentialAction":[{"@type":"ReadAction","target":["https:\/\/www.myst.gr\/product\/sea-salt-with-peppers\/"]}]},{"@type":"ImageObject","inLanguage":"sv-SE","@id":"https:\/\/www.myst.gr\/product\/sea-salt-with-peppers\/#primaryimage","url":"https:\/\/www.myst.gr\/wp-content\/uploads\/2021\/12\/Sea-Salt-Blend-Spicy-Peppers.jpg","contentUrl":"https:\/\/www.myst.gr\/wp-content\/uploads\/2021\/12\/Sea-Salt-Blend-Spicy-Peppers.jpg","width":1000,"height":1000},{"@type":"BreadcrumbList","@id":"https:\/\/www.myst.gr\/product\/sea-salt-with-peppers\/#breadcrumb","itemListElement":[{"@type":"ListItem","position":1,"name":"Home","item":"https:\/\/www.myst.gr\/"},{"@type":"ListItem","position":2,"name":"Shop","item":"https:\/\/www.myst.gr\/?page_id=628"},{"@type":"ListItem","position":3,"name":"Sea Salt Blend Spicy Peppers"}]},{"@type":"WebSite","@id":"https:\/\/www.myst.gr\/#website","url":"https:\/\/www.myst.gr\/","name":"MYST","description":"| Discover the Taste of Greece","publisher":{"@id":"https:\/\/www.myst.gr\/#organization"},"potentialAction":[{"@type":"SearchAction","target":{"@type":"EntryPoint","urlTemplate":"https:\/\/www.myst.gr\/?s={search_term_string}"},"query-input":{"@type":"PropertyValueSpecification","valueRequired":true,"valueName":"search_term_string"}}],"inLanguage":"sv-SE"},{"@type":"Organization","@id":"https:\/\/www.myst.gr\/#organization","name":"MYST","url":"https:\/\/www.myst.gr\/","logo":{"@type":"ImageObject","inLanguage":"sv-SE","@id":"https:\/\/www.myst.gr\/#\/schema\/logo\/image\/","url":"https:\/\/www.myst.gr\/wp-content\/uploads\/2023\/01\/cropped-logomini.png","contentUrl":"https:\/\/www.myst.gr\/wp-content\/uploads\/2023\/01\/cropped-logomini.png","width":780,"height":780,"caption":"MYST"},"image":{"@id":"https:\/\/www.myst.gr\/#\/schema\/logo\/image\/"}}]}},"_links":{"self":[{"href":"https:\/\/www.myst.gr\/sv\/wp-json\/wp\/v2\/product\/13705","targetHints":{"allow":["GET"]}}],"collection":[{"href":"https:\/\/www.myst.gr\/sv\/wp-json\/wp\/v2\/product"}],"about":[{"href":"https:\/\/www.myst.gr\/sv\/wp-json\/wp\/v2\/types\/product"}],"wp:featuredmedia":[{"embeddable":true,"href":"https:\/\/www.myst.gr\/sv\/wp-json\/wp\/v2\/media\/20834"}],"wp:attachment":[{"href":"https:\/\/www.myst.gr\/sv\/wp-json\/wp\/v2\/media?parent=13705"}],"wp:term":[{"taxonomy":"product_cat","embeddable":true,"href":"https:\/\/www.myst.gr\/sv\/wp-json\/wp\/v2\/product_cat?post=13705"},{"taxonomy":"product_tag","embeddable":true,"href":"https:\/\/www.myst.gr\/sv\/wp-json\/wp\/v2\/product_tag?post=13705"}],"curies":[{"name":"wp","href":"https:\/\/api.w.org\/{rel}","templated":true}]}}