{"id":16413,"date":"2024-01-25T14:30:28","date_gmt":"2024-01-25T14:30:28","guid":{"rendered":"https:\/\/www.myst.gr\/?page_id=16413"},"modified":"2024-01-27T09:24:40","modified_gmt":"2024-01-27T09:24:40","slug":"the-stand","status":"publish","type":"page","link":"https:\/\/www.myst.gr\/sv\/the-stand\/","title":{"rendered":"The Stand"},"content":{"rendered":"<div data-elementor-type=\"wp-page\" data-elementor-id=\"16413\" class=\"elementor elementor-16413\">\n\t\t\t\t\t\t<section class=\"elementor-section elementor-top-section elementor-element elementor-element-220ebf6e rey-flexWrap elementor-section-boxed elementor-section-height-default elementor-section-height-default\" data-id=\"220ebf6e\" data-element_type=\"section\" data-e-type=\"section\">\n\t\t\t\t\t\t<div class=\"elementor-container elementor-column-gap-default\">\n\t\t\t\t\t<div class=\"elementor-column elementor-col-33 elementor-top-column elementor-element elementor-element-75fb3206\" data-id=\"75fb3206\" data-element_type=\"column\" data-e-type=\"column\">\n\t\t\t<div class=\"elementor-column-wrap--75fb3206 elementor-widget-wrap elementor-element-populated\">\n\t\t\t\t\t\t<div class=\"elementor-element elementor-element-97734f7 elementor-widget elementor-widget-spacer\" data-id=\"97734f7\" data-element_type=\"widget\" data-e-type=\"widget\" data-widget_type=\"spacer.default\">\n\t\t\t\t<div class=\"elementor-widget-container\">\n\t\t\t\t\t\t\t<div class=\"elementor-spacer\">\n\t\t\t<div class=\"elementor-spacer-inner\"><\/div>\n\t\t<\/div>\n\t\t\t\t\t\t<\/div>\n\t\t\t\t<\/div>\n\t\t\t\t<div class=\"elementor-element elementor-element-5659185 elementor-widget elementor-widget-image\" data-id=\"5659185\" data-element_type=\"widget\" data-e-type=\"widget\" data-widget_type=\"image.default\">\n\t\t\t\t<div class=\"elementor-widget-container\">\n\t\t\t\t\t\t\t\t\t\t\t\t\t\t\t<img fetchpriority=\"high\" decoding=\"async\" width=\"800\" height=\"800\" src=\"https:\/\/www.myst.gr\/wp-content\/uploads\/2024\/01\/likgf.jpg\" class=\"attachment-large size-large wp-image-16429\" alt=\"\" srcset=\"https:\/\/www.myst.gr\/wp-content\/uploads\/2024\/01\/likgf.jpg 800w, https:\/\/www.myst.gr\/wp-content\/uploads\/2024\/01\/likgf-300x300.jpg 300w, https:\/\/www.myst.gr\/wp-content\/uploads\/2024\/01\/likgf-150x150.jpg 150w, https:\/\/www.myst.gr\/wp-content\/uploads\/2024\/01\/likgf-768x768.jpg 768w, https:\/\/www.myst.gr\/wp-content\/uploads\/2024\/01\/likgf-12x12.jpg 12w, https:\/\/www.myst.gr\/wp-content\/uploads\/2024\/01\/likgf-600x600.jpg 600w, https:\/\/www.myst.gr\/wp-content\/uploads\/2024\/01\/likgf-100x100.jpg 100w\" sizes=\"(max-width: 800px) 100vw, 800px\" \/>\t\t\t\t\t\t\t\t\t\t\t\t\t\t\t<\/div>\n\t\t\t\t<\/div>\n\t\t\t\t<div class=\"elementor-element elementor-element-3b9a1665 elementor-widget elementor-widget-heading\" data-id=\"3b9a1665\" data-element_type=\"widget\" data-e-type=\"widget\" data-widget_type=\"heading.default\">\n\t\t\t\t<div class=\"elementor-widget-container\">\n\t\t\t\t\t<h2 class=\"elementor-heading-title elementor-size-default\">Nytt St\u00e5nd<\/h2>\t\t\t\t<\/div>\n\t\t\t\t<\/div>\n\t\t\t\t<div class=\"elementor-element elementor-element-6fa2dc8d elementor-widget__width-initial elementor-widget elementor-widget-heading\" data-id=\"6fa2dc8d\" data-element_type=\"widget\" data-e-type=\"widget\" data-widget_type=\"heading.default\">\n\t\t\t\t<div class=\"elementor-widget-container\">\n\t\t\t\t\t<h2 class=\"elementor-heading-title elementor-size-default\">Ny Era<\/h2>\t\t\t\t<\/div>\n\t\t\t\t<\/div>\n\t\t\t\t<div class=\"elementor-element elementor-element-2c934723 elementor-widget__width-initial elementor-widget-mobile__width-inherit elementor-widget elementor-widget-text-editor\" data-id=\"2c934723\" data-element_type=\"widget\" data-e-type=\"widget\" data-widget_type=\"text-editor.default\">\n\t\t\t\t<div class=\"elementor-widget-container\">\n\t\t\t\t\t\t\t\t\t<p>Vi \u00e4r mycket stolta \u00f6ver att erbjuda en unik service till v\u00e5ra uppskattade kunder. H\u00e4r introducerar vi v\u00e5rt fullst\u00e4ndigt anpassade Myst-st\u00e4ll, en f\u00f6rening av elegans och funktionalitet.<\/p>\t\t\t\t\t\t\t\t<\/div>\n\t\t\t\t<\/div>\n\t\t\t\t<div class=\"elementor-element elementor-element-5a1e5459 elementor-button-underline elementor-mobile-align-center elementor-widget elementor-widget-button\" data-id=\"5a1e5459\" data-element_type=\"widget\" data-e-type=\"widget\" data-widget_type=\"button.default\">\n\t\t\t\t<div class=\"elementor-widget-container\">\n\t\t\t\t\t\t\t\t\t<div class=\"elementor-button-wrapper\">\n\t\t\t\t\t<a class=\"elementor-button elementor-button-link elementor-size-sm\" href=\"https:\/\/www.myst.gr\/sv\/contact\/\">\n\t\t\t\t\t\t<span class=\"elementor-button-content-wrapper\">\n\t\t\t\t\t\t\t\t\t<span class=\"elementor-button-text\">\u00a0Kontakta Oss<\/span>\n\t\t\t\t\t<\/span>\n\t\t\t\t\t<\/a>\n\t\t\t\t<\/div>\n\t\t\t\t\t\t\t\t<\/div>\n\t\t\t\t<\/div>\n\t\t\t\t\t<\/div>\n\t\t<\/div>\n\t\t\t\t<div class=\"elementor-column elementor-col-33 elementor-top-column elementor-element elementor-element-75efcc69\" data-id=\"75efcc69\" data-element_type=\"column\" data-e-type=\"column\">\n\t\t\t<div class=\"elementor-column-wrap--75efcc69 elementor-widget-wrap elementor-element-populated\">\n\t\t\t\t\t\t<div class=\"elementor-element elementor-element-bb9e867 elementor-widget elementor-widget-spacer\" data-id=\"bb9e867\" data-element_type=\"widget\" data-e-type=\"widget\" data-widget_type=\"spacer.default\">\n\t\t\t\t<div class=\"elementor-widget-container\">\n\t\t\t\t\t\t\t<div class=\"elementor-spacer\">\n\t\t\t<div class=\"elementor-spacer-inner\"><\/div>\n\t\t<\/div>\n\t\t\t\t\t\t<\/div>\n\t\t\t\t<\/div>\n\t\t\t\t<div class=\"elementor-element elementor-element-390a85bd elementor-widget elementor-widget-image\" data-id=\"390a85bd\" data-element_type=\"widget\" data-e-type=\"widget\" data-widget_type=\"image.default\">\n\t\t\t\t<div class=\"elementor-widget-container\">\n\t\t\t\t\t\t\t\t\t\t\t\t\t\t\t<img decoding=\"async\" width=\"667\" height=\"1000\" src=\"https:\/\/www.myst.gr\/wp-content\/uploads\/2024\/01\/hgbfhjkj.jpg\" class=\"attachment-large size-large wp-image-16434\" alt=\"\" srcset=\"https:\/\/www.myst.gr\/wp-content\/uploads\/2024\/01\/hgbfhjkj.jpg 667w, https:\/\/www.myst.gr\/wp-content\/uploads\/2024\/01\/hgbfhjkj-200x300.jpg 200w, https:\/\/www.myst.gr\/wp-content\/uploads\/2024\/01\/hgbfhjkj-8x12.jpg 8w\" sizes=\"(max-width: 667px) 100vw, 667px\" \/>\t\t\t\t\t\t\t\t\t\t\t\t\t\t\t<\/div>\n\t\t\t\t<\/div>\n\t\t\t\t\t<\/div>\n\t\t<\/div>\n\t\t\t\t<div class=\"elementor-column elementor-col-33 elementor-top-column elementor-element elementor-element-52bc30ba\" data-id=\"52bc30ba\" data-element_type=\"column\" data-e-type=\"column\">\n\t\t\t<div class=\"elementor-column-wrap--52bc30ba elementor-widget-wrap elementor-element-populated\">\n\t\t\t\t\t\t<div class=\"elementor-element elementor-element-25543e17 elementor-widget elementor-widget-image\" data-id=\"25543e17\" data-element_type=\"widget\" data-e-type=\"widget\" data-widget_type=\"image.default\">\n\t\t\t\t<div class=\"elementor-widget-container\">\n\t\t\t\t\t\t\t\t\t\t\t\t\t\t\t<img decoding=\"async\" width=\"1000\" height=\"1000\" src=\"https:\/\/www.myst.gr\/wp-content\/uploads\/2024\/01\/fdjkj.jpg\" class=\"attachment-large size-large wp-image-16430\" alt=\"\" srcset=\"https:\/\/www.myst.gr\/wp-content\/uploads\/2024\/01\/fdjkj.jpg 1000w, https:\/\/www.myst.gr\/wp-content\/uploads\/2024\/01\/fdjkj-300x300.jpg 300w, https:\/\/www.myst.gr\/wp-content\/uploads\/2024\/01\/fdjkj-150x150.jpg 150w, https:\/\/www.myst.gr\/wp-content\/uploads\/2024\/01\/fdjkj-768x768.jpg 768w, https:\/\/www.myst.gr\/wp-content\/uploads\/2024\/01\/fdjkj-12x12.jpg 12w, https:\/\/www.myst.gr\/wp-content\/uploads\/2024\/01\/fdjkj-600x600.jpg 600w, https:\/\/www.myst.gr\/wp-content\/uploads\/2024\/01\/fdjkj-800x800.jpg 800w, https:\/\/www.myst.gr\/wp-content\/uploads\/2024\/01\/fdjkj-100x100.jpg 100w\" sizes=\"(max-width: 1000px) 100vw, 1000px\" \/>\t\t\t\t\t\t\t\t\t\t\t\t\t\t\t<\/div>\n\t\t\t\t<\/div>\n\t\t\t\t\t<\/div>\n\t\t<\/div>\n\t\t\t\t\t<\/div>\n\t\t<\/section>\n\t\t\t\t<section class=\"elementor-section elementor-top-section elementor-element elementor-element-2d4da405 elementor-section-full_width rey-flexWrap elementor-section-height-default elementor-section-height-default\" data-id=\"2d4da405\" data-element_type=\"section\" data-e-type=\"section\">\n\t\t\t\t\t\t<div class=\"elementor-container elementor-column-gap-extended\">\n\t\t\t\t\t<div class=\"elementor-column elementor-col-25 elementor-top-column elementor-element elementor-element-2af2fbd5 rey-colbg--classic\" data-id=\"2af2fbd5\" data-element_type=\"column\" data-e-type=\"column\" data-settings=\"{&quot;background_background&quot;:&quot;classic&quot;}\">\n\t\t\t<div class=\"elementor-column-wrap--2af2fbd5 elementor-widget-wrap elementor-element-populated\">\n\t\t\t\t\t\t<div class=\"elementor-element elementor-element-35446055 elementor-widget elementor-widget-heading\" data-id=\"35446055\" data-element_type=\"widget\" data-e-type=\"widget\" data-widget_type=\"heading.default\">\n\t\t\t\t<div class=\"elementor-widget-container\">\n\t\t\t\t\t<h3 class=\"elementor-heading-title elementor-size-default\">The Stand<\/h3>\t\t\t\t<\/div>\n\t\t\t\t<\/div>\n\t\t\t\t<div class=\"elementor-element elementor-element-dec44dd elementor-widget elementor-widget-image\" data-id=\"dec44dd\" data-element_type=\"widget\" data-e-type=\"widget\" data-widget_type=\"image.default\">\n\t\t\t\t<div class=\"elementor-widget-container\">\n\t\t\t\t\t\t\t\t\t\t\t\t\t\t\t<img loading=\"lazy\" decoding=\"async\" width=\"683\" height=\"1024\" src=\"https:\/\/www.myst.gr\/wp-content\/uploads\/2024\/01\/IMG_7554-683x1024.jpg\" class=\"attachment-large size-large wp-image-16471\" alt=\"\" srcset=\"https:\/\/www.myst.gr\/wp-content\/uploads\/2024\/01\/IMG_7554-683x1024.jpg 683w, https:\/\/www.myst.gr\/wp-content\/uploads\/2024\/01\/IMG_7554-200x300.jpg 200w, https:\/\/www.myst.gr\/wp-content\/uploads\/2024\/01\/IMG_7554-768x1152.jpg 768w, https:\/\/www.myst.gr\/wp-content\/uploads\/2024\/01\/IMG_7554-8x12.jpg 8w, https:\/\/www.myst.gr\/wp-content\/uploads\/2024\/01\/IMG_7554.jpg 800w\" sizes=\"(max-width: 683px) 100vw, 683px\" \/>\t\t\t\t\t\t\t\t\t\t\t\t\t\t\t<\/div>\n\t\t\t\t<\/div>\n\t\t\t\t\t<\/div>\n\t\t<\/div>\n\t\t\t\t<div class=\"elementor-column elementor-col-25 elementor-top-column elementor-element elementor-element-1d7c250c rey-colbg--gradient\" data-id=\"1d7c250c\" data-element_type=\"column\" data-e-type=\"column\" data-settings=\"{&quot;background_background&quot;:&quot;gradient&quot;}\">\n\t\t\t<div class=\"elementor-column-wrap--1d7c250c elementor-widget-wrap elementor-element-populated\">\n\t\t\t\t\t\t<div class=\"elementor-element elementor-element-20bba1ea elementor-widget elementor-widget-heading\" data-id=\"20bba1ea\" data-element_type=\"widget\" data-e-type=\"widget\" data-widget_type=\"heading.default\">\n\t\t\t\t<div class=\"elementor-widget-container\">\n\t\t\t\t\t<h2 class=\"elementor-heading-title elementor-size-default\">Detta st\u00e4ll placeras hos v\u00e5ra \u00e4lskade partners inom delikatess, k\u00f6ttaff\u00e4r och turistbutiker. <br><br>V\u00e5rt st\u00e5nd \u00e4r utformat f\u00f6r att s\u00f6ml\u00f6st integreras med din plats och v\u00e5ra produkter syftar till att f\u00f6rb\u00e4ttra inte bara den estetiska lockelsen i din butik utan ocks\u00e5 den \u00f6vergripande shoppingupplevelsen f\u00f6r dina kunder. <br><br>Vi tror att du kommer att m\u00e4rka en betydande \u00f6kning i f\u00f6rs\u00e4ljning och vinster.<br><br>Vi \u00e4r engagerade i att st\u00f6dja din framg\u00e5ng och ser fram emot att ytterligare h\u00f6ja din verksamhet med v\u00e5ra samarbetsinsatser.<\/h2>\t\t\t\t<\/div>\n\t\t\t\t<\/div>\n\t\t\t\t\t<\/div>\n\t\t<\/div>\n\t\t\t\t<div class=\"elementor-column elementor-col-25 elementor-top-column elementor-element elementor-element-cd3aea3 rey-colbg--classic\" data-id=\"cd3aea3\" data-element_type=\"column\" data-e-type=\"column\" data-settings=\"{&quot;background_background&quot;:&quot;classic&quot;}\">\n\t\t\t<div class=\"elementor-column-wrap--cd3aea3 elementor-widget-wrap elementor-element-populated\">\n\t\t\t\t\t\t<div class=\"elementor-element elementor-element-3ae954a4 elementor-widget elementor-widget-heading\" data-id=\"3ae954a4\" data-element_type=\"widget\" data-e-type=\"widget\" data-widget_type=\"heading.default\">\n\t\t\t\t<div class=\"elementor-widget-container\">\n\t\t\t\t\t<h3 class=\"elementor-heading-title elementor-size-default\">Detaljer<\/h3>\t\t\t\t<\/div>\n\t\t\t\t<\/div>\n\t\t\t\t<div class=\"elementor-element elementor-element-66299cce elementor-widget elementor-widget-image\" data-id=\"66299cce\" data-element_type=\"widget\" data-e-type=\"widget\" data-widget_type=\"image.default\">\n\t\t\t\t<div class=\"elementor-widget-container\">\n\t\t\t\t\t\t\t\t\t\t\t\t\t\t\t<img loading=\"lazy\" decoding=\"async\" width=\"667\" height=\"1000\" src=\"https:\/\/www.myst.gr\/wp-content\/uploads\/2024\/01\/IMG_7553.jpg\" class=\"attachment-large size-large wp-image-16472\" alt=\"\" srcset=\"https:\/\/www.myst.gr\/wp-content\/uploads\/2024\/01\/IMG_7553.jpg 667w, https:\/\/www.myst.gr\/wp-content\/uploads\/2024\/01\/IMG_7553-200x300.jpg 200w, https:\/\/www.myst.gr\/wp-content\/uploads\/2024\/01\/IMG_7553-8x12.jpg 8w\" sizes=\"(max-width: 667px) 100vw, 667px\" \/>\t\t\t\t\t\t\t\t\t\t\t\t\t\t\t<\/div>\n\t\t\t\t<\/div>\n\t\t\t\t\t<\/div>\n\t\t<\/div>\n\t\t\t\t<div class=\"elementor-column elementor-col-25 elementor-top-column elementor-element elementor-element-75fbdc95 rey-colbg--classic\" data-id=\"75fbdc95\" data-element_type=\"column\" data-e-type=\"column\" data-settings=\"{&quot;background_background&quot;:&quot;classic&quot;}\">\n\t\t\t<div class=\"elementor-column-wrap--75fbdc95 elementor-widget-wrap elementor-element-populated\">\n\t\t\t\t\t\t<div class=\"elementor-element elementor-element-4a2706af elementor-widget elementor-widget-heading\" data-id=\"4a2706af\" data-element_type=\"widget\" data-e-type=\"widget\" data-widget_type=\"heading.default\">\n\t\t\t\t<div class=\"elementor-widget-container\">\n\t\t\t\t\t<h3 class=\"elementor-heading-title elementor-size-default\">Customised...<\/h3>\t\t\t\t<\/div>\n\t\t\t\t<\/div>\n\t\t\t\t<div class=\"elementor-element elementor-element-3acd6fd1 elementor-widget elementor-widget-image\" data-id=\"3acd6fd1\" data-element_type=\"widget\" data-e-type=\"widget\" data-widget_type=\"image.default\">\n\t\t\t\t<div class=\"elementor-widget-container\">\n\t\t\t\t\t\t\t\t\t\t\t\t\t\t\t<img loading=\"lazy\" decoding=\"async\" width=\"320\" height=\"480\" src=\"https:\/\/www.myst.gr\/wp-content\/uploads\/2024\/01\/copy_170494F7-60A0-47D3-8BDC-59880E443813.gif\" class=\"attachment-large size-large wp-image-16423\" alt=\"\" \/>\t\t\t\t\t\t\t\t\t\t\t\t\t\t\t<\/div>\n\t\t\t\t<\/div>\n\t\t\t\t\t<\/div>\n\t\t<\/div>\n\t\t\t\t\t<\/div>\n\t\t<\/section>\n\t\t\t\t<section class=\"elementor-section elementor-top-section elementor-element elementor-element-46021b0f rey-flexWrap elementor-section-boxed elementor-section-height-default elementor-section-height-default\" data-id=\"46021b0f\" data-element_type=\"section\" data-e-type=\"section\">\n\t\t\t\t\t\t<div class=\"elementor-container elementor-column-gap-extended\">\n\t\t\t\t\t<div class=\"elementor-column elementor-col-100 elementor-top-column elementor-element elementor-element-70bdc45c\" data-id=\"70bdc45c\" data-element_type=\"column\" data-e-type=\"column\">\n\t\t\t<div class=\"elementor-column-wrap--70bdc45c elementor-widget-wrap elementor-element-populated\">\n\t\t\t\t\t\t<div class=\"elementor-element elementor-element-f8c166d elementor-widget elementor-widget-heading\" data-id=\"f8c166d\" data-element_type=\"widget\" data-e-type=\"widget\" data-widget_type=\"heading.default\">\n\t\t\t\t<div class=\"elementor-widget-container\">\n\t\t\t\t\t<h2 class=\"elementor-heading-title elementor-size-default\">Nytt St\u00e5nd<\/h2>\t\t\t\t<\/div>\n\t\t\t\t<\/div>\n\t\t\t\t<div class=\"elementor-element elementor-element-422451d elementor-widget elementor-widget-heading\" data-id=\"422451d\" data-element_type=\"widget\" data-e-type=\"widget\" data-widget_type=\"heading.default\">\n\t\t\t\t<div class=\"elementor-widget-container\">\n\t\t\t\t\t<h2 class=\"elementor-heading-title elementor-size-default\">Ny Era<\/h2>\t\t\t\t<\/div>\n\t\t\t\t<\/div>\n\t\t\t\t<div class=\"elementor-element elementor-element-40080ba elementor-button-underline elementor-mobile-align-left elementor-widget elementor-widget-button\" data-id=\"40080ba\" data-element_type=\"widget\" data-e-type=\"widget\" data-widget_type=\"button.default\">\n\t\t\t\t<div class=\"elementor-widget-container\">\n\t\t\t\t\t\t\t\t\t<div class=\"elementor-button-wrapper\">\n\t\t\t\t\t<a class=\"elementor-button elementor-button-link elementor-size-sm\" href=\"https:\/\/www.myst.gr\/sv\/contact\/\">\n\t\t\t\t\t\t<span class=\"elementor-button-content-wrapper\">\n\t\t\t\t\t\t\t\t\t<span class=\"elementor-button-text\">\u00a0Kontakta Oss<\/span>\n\t\t\t\t\t<\/span>\n\t\t\t\t\t<\/a>\n\t\t\t\t<\/div>\n\t\t\t\t\t\t\t\t<\/div>\n\t\t\t\t<\/div>\n\t\t\t\t\t<\/div>\n\t\t<\/div>\n\t\t\t\t\t<\/div>\n\t\t<\/section>\n\t\t\t\t<\/div>","protected":false},"excerpt":{"rendered":"<p>New stand. New Era. We take great pride in offering a unique service to our valued customers. Introducing our fully customized Myst stand, an embodiment of elegance and functionality. Contact Us The Stand This stand is placed to our cherished partners in delicatessen, butcher shop and tourist shops. Our stand is designed to seamlessly integrate [&hellip;]<\/p>\n","protected":false},"author":3,"featured_media":0,"parent":0,"menu_order":0,"comment_status":"closed","ping_status":"closed","template":"template-builder.php","meta":{"footnotes":""},"class_list":["post-16413","page","type-page","status-publish","hentry"],"yoast_head":"<!-- This site is optimized with the Yoast SEO plugin v27.4 - https:\/\/yoast.com\/product\/yoast-seo-wordpress\/ -->\n<title>The Stand - MYST<\/title>\n<meta name=\"robots\" content=\"index, follow, max-snippet:-1, max-image-preview:large, max-video-preview:-1\" \/>\n<link rel=\"canonical\" href=\"https:\/\/www.myst.gr\/sv\/the-stand\/\" \/>\n<meta property=\"og:locale\" content=\"sv_SE\" \/>\n<meta property=\"og:type\" content=\"article\" \/>\n<meta property=\"og:title\" content=\"The Stand - MYST\" \/>\n<meta property=\"og:description\" content=\"New stand. New Era. We take great pride in offering a unique service to our valued customers. Introducing our fully customized Myst stand, an embodiment of elegance and functionality. Contact Us The Stand This stand is placed to our cherished partners in delicatessen, butcher shop and tourist shops. Our stand is designed to seamlessly integrate [&hellip;]\" \/>\n<meta property=\"og:url\" content=\"https:\/\/www.myst.gr\/sv\/the-stand\/\" \/>\n<meta property=\"og:site_name\" content=\"MYST\" \/>\n<meta property=\"article:modified_time\" content=\"2024-01-27T09:24:40+00:00\" \/>\n<meta property=\"og:image\" content=\"https:\/\/www.myst.gr\/wp-content\/uploads\/2024\/01\/likgf.jpg\" \/>\n<meta name=\"twitter:card\" content=\"summary_large_image\" \/>\n<meta name=\"twitter:label1\" content=\"Ber\u00e4knad l\u00e4stid\" \/>\n\t<meta name=\"twitter:data1\" content=\"2 minuter\" \/>\n<script type=\"application\/ld+json\" class=\"yoast-schema-graph\">{\"@context\":\"https:\\\/\\\/schema.org\",\"@graph\":[{\"@type\":\"WebPage\",\"@id\":\"https:\\\/\\\/www.myst.gr\\\/the-stand\\\/\",\"url\":\"https:\\\/\\\/www.myst.gr\\\/the-stand\\\/\",\"name\":\"The Stand - MYST\",\"isPartOf\":{\"@id\":\"https:\\\/\\\/www.myst.gr\\\/#website\"},\"primaryImageOfPage\":{\"@id\":\"https:\\\/\\\/www.myst.gr\\\/the-stand\\\/#primaryimage\"},\"image\":{\"@id\":\"https:\\\/\\\/www.myst.gr\\\/the-stand\\\/#primaryimage\"},\"thumbnailUrl\":\"https:\\\/\\\/www.myst.gr\\\/wp-content\\\/uploads\\\/2024\\\/01\\\/likgf.jpg\",\"datePublished\":\"2024-01-25T14:30:28+00:00\",\"dateModified\":\"2024-01-27T09:24:40+00:00\",\"breadcrumb\":{\"@id\":\"https:\\\/\\\/www.myst.gr\\\/the-stand\\\/#breadcrumb\"},\"inLanguage\":\"sv-SE\",\"potentialAction\":[{\"@type\":\"ReadAction\",\"target\":[\"https:\\\/\\\/www.myst.gr\\\/the-stand\\\/\"]}]},{\"@type\":\"ImageObject\",\"inLanguage\":\"sv-SE\",\"@id\":\"https:\\\/\\\/www.myst.gr\\\/the-stand\\\/#primaryimage\",\"url\":\"https:\\\/\\\/www.myst.gr\\\/wp-content\\\/uploads\\\/2024\\\/01\\\/likgf.jpg\",\"contentUrl\":\"https:\\\/\\\/www.myst.gr\\\/wp-content\\\/uploads\\\/2024\\\/01\\\/likgf.jpg\"},{\"@type\":\"BreadcrumbList\",\"@id\":\"https:\\\/\\\/www.myst.gr\\\/the-stand\\\/#breadcrumb\",\"itemListElement\":[{\"@type\":\"ListItem\",\"position\":1,\"name\":\"Home\",\"item\":\"https:\\\/\\\/www.myst.gr\\\/\"},{\"@type\":\"ListItem\",\"position\":2,\"name\":\"The Stand\"}]},{\"@type\":\"WebSite\",\"@id\":\"https:\\\/\\\/www.myst.gr\\\/#website\",\"url\":\"https:\\\/\\\/www.myst.gr\\\/\",\"name\":\"MYST\",\"description\":\"| Discover the Taste of Greece\",\"publisher\":{\"@id\":\"https:\\\/\\\/www.myst.gr\\\/#organization\"},\"potentialAction\":[{\"@type\":\"SearchAction\",\"target\":{\"@type\":\"EntryPoint\",\"urlTemplate\":\"https:\\\/\\\/www.myst.gr\\\/?s={search_term_string}\"},\"query-input\":{\"@type\":\"PropertyValueSpecification\",\"valueRequired\":true,\"valueName\":\"search_term_string\"}}],\"inLanguage\":\"sv-SE\"},{\"@type\":\"Organization\",\"@id\":\"https:\\\/\\\/www.myst.gr\\\/#organization\",\"name\":\"MYST\",\"url\":\"https:\\\/\\\/www.myst.gr\\\/\",\"logo\":{\"@type\":\"ImageObject\",\"inLanguage\":\"sv-SE\",\"@id\":\"https:\\\/\\\/www.myst.gr\\\/#\\\/schema\\\/logo\\\/image\\\/\",\"url\":\"https:\\\/\\\/www.myst.gr\\\/wp-content\\\/uploads\\\/2023\\\/01\\\/cropped-logomini.png\",\"contentUrl\":\"https:\\\/\\\/www.myst.gr\\\/wp-content\\\/uploads\\\/2023\\\/01\\\/cropped-logomini.png\",\"width\":780,\"height\":780,\"caption\":\"MYST\"},\"image\":{\"@id\":\"https:\\\/\\\/www.myst.gr\\\/#\\\/schema\\\/logo\\\/image\\\/\"}}]}<\/script>\n<!-- \/ Yoast SEO plugin. -->","yoast_head_json":{"title":"The Stand - MYST","robots":{"index":"index","follow":"follow","max-snippet":"max-snippet:-1","max-image-preview":"max-image-preview:large","max-video-preview":"max-video-preview:-1"},"canonical":"https:\/\/www.myst.gr\/sv\/the-stand\/","og_locale":"sv_SE","og_type":"article","og_title":"The Stand - MYST","og_description":"New stand. New Era. We take great pride in offering a unique service to our valued customers. Introducing our fully customized Myst stand, an embodiment of elegance and functionality. Contact Us The Stand This stand is placed to our cherished partners in delicatessen, butcher shop and tourist shops. Our stand is designed to seamlessly integrate [&hellip;]","og_url":"https:\/\/www.myst.gr\/sv\/the-stand\/","og_site_name":"MYST","article_modified_time":"2024-01-27T09:24:40+00:00","og_image":[{"url":"https:\/\/www.myst.gr\/wp-content\/uploads\/2024\/01\/likgf.jpg","type":"","width":"","height":""}],"twitter_card":"summary_large_image","twitter_misc":{"Ber\u00e4knad l\u00e4stid":"2 minuter"},"schema":{"@context":"https:\/\/schema.org","@graph":[{"@type":"WebPage","@id":"https:\/\/www.myst.gr\/the-stand\/","url":"https:\/\/www.myst.gr\/the-stand\/","name":"The Stand - MYST","isPartOf":{"@id":"https:\/\/www.myst.gr\/#website"},"primaryImageOfPage":{"@id":"https:\/\/www.myst.gr\/the-stand\/#primaryimage"},"image":{"@id":"https:\/\/www.myst.gr\/the-stand\/#primaryimage"},"thumbnailUrl":"https:\/\/www.myst.gr\/wp-content\/uploads\/2024\/01\/likgf.jpg","datePublished":"2024-01-25T14:30:28+00:00","dateModified":"2024-01-27T09:24:40+00:00","breadcrumb":{"@id":"https:\/\/www.myst.gr\/the-stand\/#breadcrumb"},"inLanguage":"sv-SE","potentialAction":[{"@type":"ReadAction","target":["https:\/\/www.myst.gr\/the-stand\/"]}]},{"@type":"ImageObject","inLanguage":"sv-SE","@id":"https:\/\/www.myst.gr\/the-stand\/#primaryimage","url":"https:\/\/www.myst.gr\/wp-content\/uploads\/2024\/01\/likgf.jpg","contentUrl":"https:\/\/www.myst.gr\/wp-content\/uploads\/2024\/01\/likgf.jpg"},{"@type":"BreadcrumbList","@id":"https:\/\/www.myst.gr\/the-stand\/#breadcrumb","itemListElement":[{"@type":"ListItem","position":1,"name":"Home","item":"https:\/\/www.myst.gr\/"},{"@type":"ListItem","position":2,"name":"The Stand"}]},{"@type":"WebSite","@id":"https:\/\/www.myst.gr\/#website","url":"https:\/\/www.myst.gr\/","name":"MYST","description":"| Discover the Taste of Greece","publisher":{"@id":"https:\/\/www.myst.gr\/#organization"},"potentialAction":[{"@type":"SearchAction","target":{"@type":"EntryPoint","urlTemplate":"https:\/\/www.myst.gr\/?s={search_term_string}"},"query-input":{"@type":"PropertyValueSpecification","valueRequired":true,"valueName":"search_term_string"}}],"inLanguage":"sv-SE"},{"@type":"Organization","@id":"https:\/\/www.myst.gr\/#organization","name":"MYST","url":"https:\/\/www.myst.gr\/","logo":{"@type":"ImageObject","inLanguage":"sv-SE","@id":"https:\/\/www.myst.gr\/#\/schema\/logo\/image\/","url":"https:\/\/www.myst.gr\/wp-content\/uploads\/2023\/01\/cropped-logomini.png","contentUrl":"https:\/\/www.myst.gr\/wp-content\/uploads\/2023\/01\/cropped-logomini.png","width":780,"height":780,"caption":"MYST"},"image":{"@id":"https:\/\/www.myst.gr\/#\/schema\/logo\/image\/"}}]}},"_links":{"self":[{"href":"https:\/\/www.myst.gr\/sv\/wp-json\/wp\/v2\/pages\/16413","targetHints":{"allow":["GET"]}}],"collection":[{"href":"https:\/\/www.myst.gr\/sv\/wp-json\/wp\/v2\/pages"}],"about":[{"href":"https:\/\/www.myst.gr\/sv\/wp-json\/wp\/v2\/types\/page"}],"author":[{"embeddable":true,"href":"https:\/\/www.myst.gr\/sv\/wp-json\/wp\/v2\/users\/3"}],"replies":[{"embeddable":true,"href":"https:\/\/www.myst.gr\/sv\/wp-json\/wp\/v2\/comments?post=16413"}],"version-history":[{"count":56,"href":"https:\/\/www.myst.gr\/sv\/wp-json\/wp\/v2\/pages\/16413\/revisions"}],"predecessor-version":[{"id":16523,"href":"https:\/\/www.myst.gr\/sv\/wp-json\/wp\/v2\/pages\/16413\/revisions\/16523"}],"wp:attachment":[{"href":"https:\/\/www.myst.gr\/sv\/wp-json\/wp\/v2\/media?parent=16413"}],"curies":[{"name":"wp","href":"https:\/\/api.w.org\/{rel}","templated":true}]}}