{"id":24731,"date":"2026-03-25T14:50:54","date_gmt":"2026-03-25T14:50:54","guid":{"rendered":"https:\/\/www.myst.gr\/?post_type=product&#038;p=24731"},"modified":"2026-04-14T10:49:26","modified_gmt":"2026-04-14T10:49:26","slug":"black-pepper-grounded","status":"publish","type":"product","link":"https:\/\/www.myst.gr\/de\/product\/black-pepper-grounded\/","title":{"rendered":"Gemahlener Schwarzer Pfeffer"},"content":{"rendered":"<p>Frisch gemahlen, kr\u00e4ftig und aromatisch. Ein Muss in jeder K\u00fcche.<\/p>\n<p>Frisch gemahlener schwarzer Pfeffer ist ein essentielles Gew\u00fcrz in jeder K\u00fcche und verleiht jedem Gericht ein intensives Aroma und einen kr\u00e4ftigen Geschmack. Sorgf\u00e4ltig ausgew\u00e4hlte schwarze Pfefferk\u00f6rner von hoher Qualit\u00e4t werden schonend gemahlen, um ihre nat\u00fcrlichen \u00d6le zu bewahren und einen w\u00fcrzigen, aromatischen Charakter zu entfalten.<\/p>\n<p>Gebrauchsfertig l\u00e4sst sich dieser fein gemahlene Pfeffer m\u00fchelos in Saucen, Marinaden und Dressings einarbeiten und verleiht Fleisch, Gem\u00fcse, Pasta, Suppen und Salaten eine besondere Tiefe und W\u00e4rme. Seine praktische Form spart Zeit, ohne Kompromisse bei Qualit\u00e4t oder Geschmack einzugehen.<\/p>\n<p>Schwarzer Pfeffer z\u00e4hlt zu den weltweit meistverwendeten Gew\u00fcrzen und wird seit Jahrhunderten f\u00fcr seine Vielseitigkeit gesch\u00e4tzt. In einem Glas aufbewahrt, beh\u00e4lt er sein intensives Aroma und seinen vollen Geschmack \u00fcber einen l\u00e4ngeren Zeitraum.<\/p>","protected":false},"excerpt":{"rendered":"<div class=\"page\" title=\"Page 5\">\n<div class=\"section\">\n<div class=\"layoutArea\">\n<div class=\"column\">\n<div class=\"page\" title=\"Page 6\">\n<div class=\"section\">\n<div class=\"layoutArea\">\n<div class=\"column\">\n<div class=\"page\" title=\"Page 5\">\n<div class=\"section\">\n<div class=\"layoutArea\">\n<div class=\"column\">\n<div class=\"page\" title=\"Page 6\">\n<div class=\"section\">\n<div class=\"layoutArea\">\n<div class=\"column\">\n<div class=\"page\" title=\"Page 14\">\n<div class=\"layoutArea\">\n<div class=\"column\">\n<div class=\"page\" title=\"Page 14\">\n<div class=\"layoutArea\">\n<div class=\"column\">\n<div class=\"page\" title=\"Page 5\">\n<div class=\"section\">\n<div class=\"layoutArea\">\n<div class=\"column\">\n<div class=\"page\" title=\"Page 6\">\n<div class=\"section\">\n<div class=\"layoutArea\">\n<div class=\"column\">\n<div class=\"page\" title=\"Page 5\">\n<div class=\"section\">\n<div class=\"layoutArea\">\n<div class=\"column\">\n<div class=\"page\" title=\"Page 6\">\n<div class=\"section\">\n<div class=\"layoutArea\">\n<div class=\"column\">\n<div class=\"page\" title=\"Page 5\">\n<div class=\"section\">\n<div class=\"layoutArea\">\n<div class=\"column\">\n<div class=\"page\" title=\"Page 6\">\n<div class=\"section\">\n<div class=\"layoutArea\">\n<div class=\"column\">\n<p data-start=\"303\" data-end=\"526\">Frisch gemahlener schwarzer Pfeffer von h\u00f6chster Qualit\u00e4t mit intensivem, aromatischem Duft. Sofort gebrauchsfertig verleiht er jedem Gericht Tiefe und Charakter. Perfekt f\u00fcr Fleisch, Salate, Saucen und Pasta.<\/p>\n<\/div>\n<\/div>\n<\/div>\n<\/div>\n<\/div>\n<\/div>\n<\/div>\n<\/div>\n<\/div>\n<\/div>\n<\/div>\n<\/div>\n<\/div>\n<\/div>\n<\/div>\n<\/div>\n<\/div>\n<\/div>\n<\/div>\n<\/div>\n<\/div>\n<\/div>\n<\/div>\n<\/div>\n<div class=\"page\" title=\"Page 5\">\n<div class=\"section\">\n<div class=\"layoutArea\">\n<div class=\"column\">\n<p><strong>inhalt : e 100g<\/strong><\/p>\n<\/div>\n<\/div>\n<\/div>\n<\/div>\n<p><a href=\"https:\/\/store.myst.gr\/de\/product\/black-pepper-grounded-jar\/\" target=\"_blank\" rel=\"noopener\"><img decoding=\"async\" class=\"alignnone wp-image-11129 size-full\" src=\"https:\/\/www.myst.gr\/wp-content\/uploads\/2021\/08\/Untitled-2.svg\" alt=\"\" width=\"200\" height=\"70\" \/><\/a><a href=\"https:\/\/www.myst.gr\/de\/wholesale-dashboard\/\"><img decoding=\"async\" class=\"alignnone wp-image-11130 size-full\" src=\"https:\/\/www.myst.gr\/wp-content\/uploads\/2021\/08\/Untitled-3.svg\" alt=\"\" width=\"200\" height=\"70\" \/><\/a><\/p>\n<\/div>\n<\/div>\n<\/div>\n<\/div>\n<\/div>\n<\/div>\n<\/div>\n<\/div>\n<\/div>\n<\/div>\n<\/div>\n<\/div>\n<\/div>\n<\/div>\n<\/div>\n<\/div>\n<\/div>\n<\/div>\n<\/div>\n<\/div>\n<\/div>\n<\/div>","protected":false},"featured_media":24829,"template":"","meta":[],"product_cat":[162,144],"product_tag":[],"class_list":{"0":"post-24731","1":"product","2":"type-product","3":"status-publish","4":"has-post-thumbnail","6":"product_cat-spices","7":"product_cat-saltsandspices","9":"first","10":"instock","11":"product-type-simple","swatches":"rey-swatches","show_selected":""},"yoast_head":"<!-- This site is optimized with the Yoast SEO plugin v27.4 - https:\/\/yoast.com\/product\/yoast-seo-wordpress\/ -->\n<title>Black Pepper Grounded<\/title>\n<meta name=\"description\" content=\"Whole black peppercorns of premium quality, with a bold, rich aroma. Freshly ground with every use, they bring intensity and depth to any dish. Perfect for\" \/>\n<meta name=\"robots\" content=\"index, follow, max-snippet:-1, max-image-preview:large, max-video-preview:-1\" \/>\n<link rel=\"canonical\" href=\"https:\/\/www.myst.gr\/de\/produkt\/black-pepper-grounded\/\" \/>\n<meta property=\"og:locale\" content=\"de_DE\" \/>\n<meta property=\"og:type\" content=\"article\" \/>\n<meta property=\"og:title\" content=\"Black Pepper Grounded\" \/>\n<meta property=\"og:description\" content=\"Whole black peppercorns of premium quality, with a bold, rich aroma. Freshly ground with every use, they bring intensity and depth to any dish. Perfect for\" \/>\n<meta property=\"og:url\" content=\"https:\/\/www.myst.gr\/de\/produkt\/black-pepper-grounded\/\" \/>\n<meta property=\"og:site_name\" content=\"MYST\" \/>\n<meta property=\"article:modified_time\" content=\"2026-04-14T10:49:26+00:00\" \/>\n<meta property=\"og:image\" content=\"https:\/\/www.myst.gr\/wp-content\/uploads\/2026\/03\/Black-Pepper-1.jpg\" \/>\n\t<meta property=\"og:image:width\" content=\"800\" \/>\n\t<meta property=\"og:image:height\" content=\"800\" \/>\n\t<meta property=\"og:image:type\" content=\"image\/jpeg\" \/>\n<meta name=\"twitter:card\" content=\"summary_large_image\" \/>\n<meta name=\"twitter:label1\" content=\"Gesch\u00e4tzte Lesezeit\" \/>\n\t<meta name=\"twitter:data1\" content=\"1\u00a0Minute\" \/>\n<script type=\"application\/ld+json\" class=\"yoast-schema-graph\">{\"@context\":\"https:\\\/\\\/schema.org\",\"@graph\":[{\"@type\":\"WebPage\",\"@id\":\"https:\\\/\\\/www.myst.gr\\\/product\\\/black-pepper-grounded\\\/\",\"url\":\"https:\\\/\\\/www.myst.gr\\\/product\\\/black-pepper-grounded\\\/\",\"name\":\"Black Pepper Grounded\",\"isPartOf\":{\"@id\":\"https:\\\/\\\/www.myst.gr\\\/#website\"},\"primaryImageOfPage\":{\"@id\":\"https:\\\/\\\/www.myst.gr\\\/product\\\/black-pepper-grounded\\\/#primaryimage\"},\"image\":{\"@id\":\"https:\\\/\\\/www.myst.gr\\\/product\\\/black-pepper-grounded\\\/#primaryimage\"},\"thumbnailUrl\":\"https:\\\/\\\/www.myst.gr\\\/wp-content\\\/uploads\\\/2026\\\/03\\\/Black-Pepper-1.jpg\",\"datePublished\":\"2026-03-25T14:50:54+00:00\",\"dateModified\":\"2026-04-14T10:49:26+00:00\",\"description\":\"Whole black peppercorns of premium quality, with a bold, rich aroma. Freshly ground with every use, they bring intensity and depth to any dish. Perfect for\",\"breadcrumb\":{\"@id\":\"https:\\\/\\\/www.myst.gr\\\/product\\\/black-pepper-grounded\\\/#breadcrumb\"},\"inLanguage\":\"de\",\"potentialAction\":[{\"@type\":\"ReadAction\",\"target\":[\"https:\\\/\\\/www.myst.gr\\\/product\\\/black-pepper-grounded\\\/\"]}]},{\"@type\":\"ImageObject\",\"inLanguage\":\"de\",\"@id\":\"https:\\\/\\\/www.myst.gr\\\/product\\\/black-pepper-grounded\\\/#primaryimage\",\"url\":\"https:\\\/\\\/www.myst.gr\\\/wp-content\\\/uploads\\\/2026\\\/03\\\/Black-Pepper-1.jpg\",\"contentUrl\":\"https:\\\/\\\/www.myst.gr\\\/wp-content\\\/uploads\\\/2026\\\/03\\\/Black-Pepper-1.jpg\",\"width\":800,\"height\":800},{\"@type\":\"BreadcrumbList\",\"@id\":\"https:\\\/\\\/www.myst.gr\\\/product\\\/black-pepper-grounded\\\/#breadcrumb\",\"itemListElement\":[{\"@type\":\"ListItem\",\"position\":1,\"name\":\"Home\",\"item\":\"https:\\\/\\\/www.myst.gr\\\/\"},{\"@type\":\"ListItem\",\"position\":2,\"name\":\"Shop\",\"item\":\"https:\\\/\\\/www.myst.gr\\\/?page_id=628\"},{\"@type\":\"ListItem\",\"position\":3,\"name\":\"Black Pepper Grounded\"}]},{\"@type\":\"WebSite\",\"@id\":\"https:\\\/\\\/www.myst.gr\\\/#website\",\"url\":\"https:\\\/\\\/www.myst.gr\\\/\",\"name\":\"MYST\",\"description\":\"| Discover the Taste of Greece\",\"publisher\":{\"@id\":\"https:\\\/\\\/www.myst.gr\\\/#organization\"},\"potentialAction\":[{\"@type\":\"SearchAction\",\"target\":{\"@type\":\"EntryPoint\",\"urlTemplate\":\"https:\\\/\\\/www.myst.gr\\\/?s={search_term_string}\"},\"query-input\":{\"@type\":\"PropertyValueSpecification\",\"valueRequired\":true,\"valueName\":\"search_term_string\"}}],\"inLanguage\":\"de\"},{\"@type\":\"Organization\",\"@id\":\"https:\\\/\\\/www.myst.gr\\\/#organization\",\"name\":\"MYST\",\"url\":\"https:\\\/\\\/www.myst.gr\\\/\",\"logo\":{\"@type\":\"ImageObject\",\"inLanguage\":\"de\",\"@id\":\"https:\\\/\\\/www.myst.gr\\\/#\\\/schema\\\/logo\\\/image\\\/\",\"url\":\"https:\\\/\\\/www.myst.gr\\\/wp-content\\\/uploads\\\/2023\\\/01\\\/cropped-logomini.png\",\"contentUrl\":\"https:\\\/\\\/www.myst.gr\\\/wp-content\\\/uploads\\\/2023\\\/01\\\/cropped-logomini.png\",\"width\":780,\"height\":780,\"caption\":\"MYST\"},\"image\":{\"@id\":\"https:\\\/\\\/www.myst.gr\\\/#\\\/schema\\\/logo\\\/image\\\/\"}}]}<\/script>\n<!-- \/ Yoast SEO plugin. -->","yoast_head_json":{"title":"Gemahlener Schwarzer Pfeffer","description":"Whole black peppercorns of premium quality, with a bold, rich aroma. Freshly ground with every use, they bring intensity and depth to any dish. Perfect for","robots":{"index":"index","follow":"follow","max-snippet":"max-snippet:-1","max-image-preview":"max-image-preview:large","max-video-preview":"max-video-preview:-1"},"canonical":"https:\/\/www.myst.gr\/de\/produkt\/black-pepper-grounded\/","og_locale":"de_DE","og_type":"article","og_title":"Black Pepper Grounded","og_description":"Whole black peppercorns of premium quality, with a bold, rich aroma. Freshly ground with every use, they bring intensity and depth to any dish. Perfect for","og_url":"https:\/\/www.myst.gr\/de\/produkt\/black-pepper-grounded\/","og_site_name":"MYST","article_modified_time":"2026-04-14T10:49:26+00:00","og_image":[{"width":800,"height":800,"url":"https:\/\/www.myst.gr\/wp-content\/uploads\/2026\/03\/Black-Pepper-1.jpg","type":"image\/jpeg"}],"twitter_card":"summary_large_image","twitter_misc":{"Gesch\u00e4tzte Lesezeit":"1\u00a0Minute"},"schema":{"@context":"https:\/\/schema.org","@graph":[{"@type":"WebPage","@id":"https:\/\/www.myst.gr\/product\/black-pepper-grounded\/","url":"https:\/\/www.myst.gr\/product\/black-pepper-grounded\/","name":"Gemahlener Schwarzer Pfeffer","isPartOf":{"@id":"https:\/\/www.myst.gr\/#website"},"primaryImageOfPage":{"@id":"https:\/\/www.myst.gr\/product\/black-pepper-grounded\/#primaryimage"},"image":{"@id":"https:\/\/www.myst.gr\/product\/black-pepper-grounded\/#primaryimage"},"thumbnailUrl":"https:\/\/www.myst.gr\/wp-content\/uploads\/2026\/03\/Black-Pepper-1.jpg","datePublished":"2026-03-25T14:50:54+00:00","dateModified":"2026-04-14T10:49:26+00:00","description":"Whole black peppercorns of premium quality, with a bold, rich aroma. Freshly ground with every use, they bring intensity and depth to any dish. Perfect for","breadcrumb":{"@id":"https:\/\/www.myst.gr\/product\/black-pepper-grounded\/#breadcrumb"},"inLanguage":"de","potentialAction":[{"@type":"ReadAction","target":["https:\/\/www.myst.gr\/product\/black-pepper-grounded\/"]}]},{"@type":"ImageObject","inLanguage":"de","@id":"https:\/\/www.myst.gr\/product\/black-pepper-grounded\/#primaryimage","url":"https:\/\/www.myst.gr\/wp-content\/uploads\/2026\/03\/Black-Pepper-1.jpg","contentUrl":"https:\/\/www.myst.gr\/wp-content\/uploads\/2026\/03\/Black-Pepper-1.jpg","width":800,"height":800},{"@type":"BreadcrumbList","@id":"https:\/\/www.myst.gr\/product\/black-pepper-grounded\/#breadcrumb","itemListElement":[{"@type":"ListItem","position":1,"name":"Home","item":"https:\/\/www.myst.gr\/"},{"@type":"ListItem","position":2,"name":"Shop","item":"https:\/\/www.myst.gr\/?page_id=628"},{"@type":"ListItem","position":3,"name":"Black Pepper Grounded"}]},{"@type":"WebSite","@id":"https:\/\/www.myst.gr\/#website","url":"https:\/\/www.myst.gr\/","name":"MYST","description":"| Discover the Taste of Greece","publisher":{"@id":"https:\/\/www.myst.gr\/#organization"},"potentialAction":[{"@type":"SearchAction","target":{"@type":"EntryPoint","urlTemplate":"https:\/\/www.myst.gr\/?s={search_term_string}"},"query-input":{"@type":"PropertyValueSpecification","valueRequired":true,"valueName":"search_term_string"}}],"inLanguage":"de"},{"@type":"Organization","@id":"https:\/\/www.myst.gr\/#organization","name":"MYST","url":"https:\/\/www.myst.gr\/","logo":{"@type":"ImageObject","inLanguage":"de","@id":"https:\/\/www.myst.gr\/#\/schema\/logo\/image\/","url":"https:\/\/www.myst.gr\/wp-content\/uploads\/2023\/01\/cropped-logomini.png","contentUrl":"https:\/\/www.myst.gr\/wp-content\/uploads\/2023\/01\/cropped-logomini.png","width":780,"height":780,"caption":"MYST"},"image":{"@id":"https:\/\/www.myst.gr\/#\/schema\/logo\/image\/"}}]}},"_links":{"self":[{"href":"https:\/\/www.myst.gr\/de\/wp-json\/wp\/v2\/product\/24731","targetHints":{"allow":["GET"]}}],"collection":[{"href":"https:\/\/www.myst.gr\/de\/wp-json\/wp\/v2\/product"}],"about":[{"href":"https:\/\/www.myst.gr\/de\/wp-json\/wp\/v2\/types\/product"}],"wp:featuredmedia":[{"embeddable":true,"href":"https:\/\/www.myst.gr\/de\/wp-json\/wp\/v2\/media\/24829"}],"wp:attachment":[{"href":"https:\/\/www.myst.gr\/de\/wp-json\/wp\/v2\/media?parent=24731"}],"wp:term":[{"taxonomy":"product_cat","embeddable":true,"href":"https:\/\/www.myst.gr\/de\/wp-json\/wp\/v2\/product_cat?post=24731"},{"taxonomy":"product_tag","embeddable":true,"href":"https:\/\/www.myst.gr\/de\/wp-json\/wp\/v2\/product_tag?post=24731"}],"curies":[{"name":"wp","href":"https:\/\/api.w.org\/{rel}","templated":true}]}}