{"id":24322,"date":"2026-03-04T13:30:33","date_gmt":"2026-03-04T13:30:33","guid":{"rendered":"https:\/\/www.myst.gr\/?post_type=product&#038;p=24322"},"modified":"2026-04-14T10:48:42","modified_gmt":"2026-04-14T10:48:42","slug":"chives","status":"publish","type":"product","link":"https:\/\/www.myst.gr\/de\/product\/chives\/","title":{"rendered":"Getrockneter Schnittlauch"},"content":{"rendered":"<p>Getrockneter Schnittlauch wird aus frischem, sorgf\u00e4ltig ausgew\u00e4hltem Schnittlauch hergestellt, der schonend geschnitten und nat\u00fcrlich getrocknet wird, um sein charakteristisches Aroma und seinen frischen, milden zwiebelartigen Geschmack zu bewahren.<\/p>\n<p>Der Trocknungsprozess konzentriert das Aroma und bietet gleichzeitig Komfort und gleichbleibende Qualit\u00e4t \u2013 ohne Reinigen oder Schneiden. Eine ideale Wahl sowohl f\u00fcr professionelle K\u00fcchen als auch f\u00fcr die allt\u00e4gliche K\u00fcche, in der ein feines Aroma und ein ausgewogener Geschmack gefragt sind.<\/p>\n<p>\ud83c\udf73 Verwendung von getrocknetem Schnittlauch<\/p>\n<p>Perfekt f\u00fcr Salate, Dressings, Saucen, Joghurtgerichte, Frischk\u00e4se, aromatisierte Butter, Kartoffeln, Eier, Omeletts, Fisch, Meeresfr\u00fcchte und Gem\u00fcse. Er verleiht Frische und Aroma, ohne andere Zutaten zu \u00fcberdecken.<\/p>\n<p>Er wird h\u00e4ufig als Finish-Kraut verwendet und eignet sich ideal f\u00fcr Kr\u00e4utermischungen und Gourmet-Pr\u00e4sentationen, da er Farbe, Aroma und eine subtile Geschmacksnote hinzuf\u00fcgt.<\/p>\n<p><strong>\ud83e\ude7a Hinweis:<\/strong><\/p>\n<p>Die bereitgestellten Informationen dienen ausschlie\u00dflich Informationszwecken und stellen keine medizinische Beratung dar.<br \/>\nBei gesundheitlichen Fragen wenden Sie sich bitte an Ihren Arzt oder Ern\u00e4hrungsberater.<\/p>","protected":false},"excerpt":{"rendered":"<div class=\"page\" title=\"Page 5\">\n<div class=\"section\">\n<div class=\"layoutArea\">\n<div class=\"column\">\n<div class=\"page\" title=\"Page 6\">\n<div class=\"section\">\n<div class=\"layoutArea\">\n<div class=\"column\">\n<div class=\"page\" title=\"Page 5\">\n<div class=\"section\">\n<div class=\"layoutArea\">\n<div class=\"column\">\n<div class=\"page\" title=\"Page 6\">\n<div class=\"section\">\n<div class=\"layoutArea\">\n<div class=\"column\">\n<div class=\"page\" title=\"Page 14\">\n<div class=\"layoutArea\">\n<div class=\"column\">\n<div class=\"page\" title=\"Page 14\">\n<div class=\"layoutArea\">\n<div class=\"column\">\n<div class=\"page\" title=\"Page 5\">\n<div class=\"section\">\n<div class=\"layoutArea\">\n<div class=\"column\">\n<div class=\"page\" title=\"Page 6\">\n<div class=\"section\">\n<div class=\"layoutArea\">\n<div class=\"column\">\n<div class=\"page\" title=\"Page 5\">\n<div class=\"section\">\n<div class=\"layoutArea\">\n<div class=\"column\">\n<div class=\"page\" title=\"Page 6\">\n<div class=\"section\">\n<div class=\"layoutArea\">\n<div class=\"column\">\n<div class=\"page\" title=\"Page 5\">\n<div class=\"section\">\n<div class=\"layoutArea\">\n<div class=\"column\">\n<div class=\"page\" title=\"Page 6\">\n<div class=\"section\">\n<div class=\"layoutArea\">\n<div class=\"column\">\n<p data-start=\"1042\" data-end=\"1189\">Genie\u00dfen Sie die nat\u00fcrliche Frische und den eleganten Charakter von getrocknetem Schnittlauch und verfeinern Sie Ihre Rezepte mit Pr\u00e4zision und ausgewogenem Geschmack.<\/p>\n<p class=\"p1\">Ohne Konservierungsstoffe oder Zusatzstoffe. 100% nat\u00fcrliches Produkt.<\/p>\n<p><strong>Kapazit\u00e4t : e 25g<\/strong><\/p>\n<\/div>\n<\/div>\n<\/div>\n<\/div>\n<\/div>\n<\/div>\n<\/div>\n<\/div>\n<\/div>\n<\/div>\n<\/div>\n<\/div>\n<\/div>\n<\/div>\n<\/div>\n<\/div>\n<\/div>\n<\/div>\n<\/div>\n<\/div>\n<\/div>\n<\/div>\n<\/div>\n<\/div>\n<p><a href=\"https:\/\/store.myst.gr\/de\/product\/chives-jar\/\" target=\"_blank\" rel=\"noopener\"><img decoding=\"async\" class=\"alignnone wp-image-11129 size-full\" src=\"https:\/\/www.myst.gr\/wp-content\/uploads\/2021\/08\/Untitled-2.svg\" alt=\"\" width=\"200\" height=\"70\" \/><\/a><a href=\"https:\/\/www.myst.gr\/de\/wholesale-dashboard\/\"><img decoding=\"async\" class=\"alignnone wp-image-11130 size-full\" src=\"https:\/\/www.myst.gr\/wp-content\/uploads\/2021\/08\/Untitled-3.svg\" alt=\"\" width=\"200\" height=\"70\" \/><\/a><\/p>\n<\/div>\n<\/div>\n<\/div>\n<\/div>\n<\/div>\n<\/div>\n<\/div>\n<\/div>\n<\/div>\n<\/div>\n<\/div>\n<\/div>\n<\/div>\n<\/div>\n<\/div>\n<\/div>\n<\/div>\n<\/div>\n<\/div>\n<\/div>\n<\/div>\n<\/div>","protected":false},"featured_media":24157,"template":"","meta":[],"product_cat":[162,144],"product_tag":[],"class_list":{"0":"post-24322","1":"product","2":"type-product","3":"status-publish","4":"has-post-thumbnail","6":"product_cat-spices","7":"product_cat-saltsandspices","9":"first","10":"instock","11":"product-type-simple","swatches":"rey-swatches","show_selected":""},"yoast_head":"<!-- This site is optimized with the Yoast SEO plugin v27.4 - https:\/\/yoast.com\/product\/yoast-seo-wordpress\/ -->\n<title>Dried Chives<\/title>\n<meta name=\"description\" content=\"Enjoy the natural freshness and elegant character of dried chives and enhance your recipes with precision and balance. Perfect for salads, sauces,\" \/>\n<meta name=\"robots\" content=\"index, follow, max-snippet:-1, max-image-preview:large, max-video-preview:-1\" \/>\n<link rel=\"canonical\" href=\"https:\/\/www.myst.gr\/de\/produkt\/chives\/\" \/>\n<meta property=\"og:locale\" content=\"de_DE\" \/>\n<meta property=\"og:type\" content=\"article\" \/>\n<meta property=\"og:title\" content=\"Dried Chives\" \/>\n<meta property=\"og:description\" content=\"Enjoy the natural freshness and elegant character of dried chives and enhance your recipes with precision and balance. Perfect for salads, sauces,\" \/>\n<meta property=\"og:url\" content=\"https:\/\/www.myst.gr\/de\/produkt\/chives\/\" \/>\n<meta property=\"og:site_name\" content=\"MYST\" \/>\n<meta property=\"article:modified_time\" content=\"2026-04-14T10:48:42+00:00\" \/>\n<meta property=\"og:image\" content=\"https:\/\/www.myst.gr\/wp-content\/uploads\/2026\/03\/Chives-dried-1.jpg\" \/>\n\t<meta property=\"og:image:width\" content=\"1000\" \/>\n\t<meta property=\"og:image:height\" content=\"1000\" \/>\n\t<meta property=\"og:image:type\" content=\"image\/jpeg\" \/>\n<meta name=\"twitter:card\" content=\"summary_large_image\" \/>\n<meta name=\"twitter:label1\" content=\"Gesch\u00e4tzte Lesezeit\" \/>\n\t<meta name=\"twitter:data1\" content=\"1\u00a0Minute\" \/>\n<script type=\"application\/ld+json\" class=\"yoast-schema-graph\">{\"@context\":\"https:\\\/\\\/schema.org\",\"@graph\":[{\"@type\":\"WebPage\",\"@id\":\"https:\\\/\\\/www.myst.gr\\\/product\\\/chives\\\/\",\"url\":\"https:\\\/\\\/www.myst.gr\\\/product\\\/chives\\\/\",\"name\":\"Dried Chives\",\"isPartOf\":{\"@id\":\"https:\\\/\\\/www.myst.gr\\\/#website\"},\"primaryImageOfPage\":{\"@id\":\"https:\\\/\\\/www.myst.gr\\\/product\\\/chives\\\/#primaryimage\"},\"image\":{\"@id\":\"https:\\\/\\\/www.myst.gr\\\/product\\\/chives\\\/#primaryimage\"},\"thumbnailUrl\":\"https:\\\/\\\/www.myst.gr\\\/wp-content\\\/uploads\\\/2026\\\/03\\\/Chives-dried-1.jpg\",\"datePublished\":\"2026-03-04T13:30:33+00:00\",\"dateModified\":\"2026-04-14T10:48:42+00:00\",\"description\":\"Enjoy the natural freshness and elegant character of dried chives and enhance your recipes with precision and balance. Perfect for salads, sauces,\",\"breadcrumb\":{\"@id\":\"https:\\\/\\\/www.myst.gr\\\/product\\\/chives\\\/#breadcrumb\"},\"inLanguage\":\"de\",\"potentialAction\":[{\"@type\":\"ReadAction\",\"target\":[\"https:\\\/\\\/www.myst.gr\\\/product\\\/chives\\\/\"]}]},{\"@type\":\"ImageObject\",\"inLanguage\":\"de\",\"@id\":\"https:\\\/\\\/www.myst.gr\\\/product\\\/chives\\\/#primaryimage\",\"url\":\"https:\\\/\\\/www.myst.gr\\\/wp-content\\\/uploads\\\/2026\\\/03\\\/Chives-dried-1.jpg\",\"contentUrl\":\"https:\\\/\\\/www.myst.gr\\\/wp-content\\\/uploads\\\/2026\\\/03\\\/Chives-dried-1.jpg\",\"width\":1000,\"height\":1000},{\"@type\":\"BreadcrumbList\",\"@id\":\"https:\\\/\\\/www.myst.gr\\\/product\\\/chives\\\/#breadcrumb\",\"itemListElement\":[{\"@type\":\"ListItem\",\"position\":1,\"name\":\"Home\",\"item\":\"https:\\\/\\\/www.myst.gr\\\/\"},{\"@type\":\"ListItem\",\"position\":2,\"name\":\"Shop\",\"item\":\"https:\\\/\\\/www.myst.gr\\\/?page_id=628\"},{\"@type\":\"ListItem\",\"position\":3,\"name\":\"Dried Chives\"}]},{\"@type\":\"WebSite\",\"@id\":\"https:\\\/\\\/www.myst.gr\\\/#website\",\"url\":\"https:\\\/\\\/www.myst.gr\\\/\",\"name\":\"MYST\",\"description\":\"| Discover the Taste of Greece\",\"publisher\":{\"@id\":\"https:\\\/\\\/www.myst.gr\\\/#organization\"},\"potentialAction\":[{\"@type\":\"SearchAction\",\"target\":{\"@type\":\"EntryPoint\",\"urlTemplate\":\"https:\\\/\\\/www.myst.gr\\\/?s={search_term_string}\"},\"query-input\":{\"@type\":\"PropertyValueSpecification\",\"valueRequired\":true,\"valueName\":\"search_term_string\"}}],\"inLanguage\":\"de\"},{\"@type\":\"Organization\",\"@id\":\"https:\\\/\\\/www.myst.gr\\\/#organization\",\"name\":\"MYST\",\"url\":\"https:\\\/\\\/www.myst.gr\\\/\",\"logo\":{\"@type\":\"ImageObject\",\"inLanguage\":\"de\",\"@id\":\"https:\\\/\\\/www.myst.gr\\\/#\\\/schema\\\/logo\\\/image\\\/\",\"url\":\"https:\\\/\\\/www.myst.gr\\\/wp-content\\\/uploads\\\/2023\\\/01\\\/cropped-logomini.png\",\"contentUrl\":\"https:\\\/\\\/www.myst.gr\\\/wp-content\\\/uploads\\\/2023\\\/01\\\/cropped-logomini.png\",\"width\":780,\"height\":780,\"caption\":\"MYST\"},\"image\":{\"@id\":\"https:\\\/\\\/www.myst.gr\\\/#\\\/schema\\\/logo\\\/image\\\/\"}}]}<\/script>\n<!-- \/ Yoast SEO plugin. -->","yoast_head_json":{"title":"Getrockneter Schnittlauch","description":"Enjoy the natural freshness and elegant character of dried chives and enhance your recipes with precision and balance. Perfect for salads, sauces,","robots":{"index":"index","follow":"follow","max-snippet":"max-snippet:-1","max-image-preview":"max-image-preview:large","max-video-preview":"max-video-preview:-1"},"canonical":"https:\/\/www.myst.gr\/de\/produkt\/chives\/","og_locale":"de_DE","og_type":"article","og_title":"Dried Chives","og_description":"Enjoy the natural freshness and elegant character of dried chives and enhance your recipes with precision and balance. Perfect for salads, sauces,","og_url":"https:\/\/www.myst.gr\/de\/produkt\/chives\/","og_site_name":"MYST","article_modified_time":"2026-04-14T10:48:42+00:00","og_image":[{"width":1000,"height":1000,"url":"https:\/\/www.myst.gr\/wp-content\/uploads\/2026\/03\/Chives-dried-1.jpg","type":"image\/jpeg"}],"twitter_card":"summary_large_image","twitter_misc":{"Gesch\u00e4tzte Lesezeit":"1\u00a0Minute"},"schema":{"@context":"https:\/\/schema.org","@graph":[{"@type":"WebPage","@id":"https:\/\/www.myst.gr\/product\/chives\/","url":"https:\/\/www.myst.gr\/product\/chives\/","name":"Getrockneter Schnittlauch","isPartOf":{"@id":"https:\/\/www.myst.gr\/#website"},"primaryImageOfPage":{"@id":"https:\/\/www.myst.gr\/product\/chives\/#primaryimage"},"image":{"@id":"https:\/\/www.myst.gr\/product\/chives\/#primaryimage"},"thumbnailUrl":"https:\/\/www.myst.gr\/wp-content\/uploads\/2026\/03\/Chives-dried-1.jpg","datePublished":"2026-03-04T13:30:33+00:00","dateModified":"2026-04-14T10:48:42+00:00","description":"Enjoy the natural freshness and elegant character of dried chives and enhance your recipes with precision and balance. Perfect for salads, sauces,","breadcrumb":{"@id":"https:\/\/www.myst.gr\/product\/chives\/#breadcrumb"},"inLanguage":"de","potentialAction":[{"@type":"ReadAction","target":["https:\/\/www.myst.gr\/product\/chives\/"]}]},{"@type":"ImageObject","inLanguage":"de","@id":"https:\/\/www.myst.gr\/product\/chives\/#primaryimage","url":"https:\/\/www.myst.gr\/wp-content\/uploads\/2026\/03\/Chives-dried-1.jpg","contentUrl":"https:\/\/www.myst.gr\/wp-content\/uploads\/2026\/03\/Chives-dried-1.jpg","width":1000,"height":1000},{"@type":"BreadcrumbList","@id":"https:\/\/www.myst.gr\/product\/chives\/#breadcrumb","itemListElement":[{"@type":"ListItem","position":1,"name":"Home","item":"https:\/\/www.myst.gr\/"},{"@type":"ListItem","position":2,"name":"Shop","item":"https:\/\/www.myst.gr\/?page_id=628"},{"@type":"ListItem","position":3,"name":"Dried Chives"}]},{"@type":"WebSite","@id":"https:\/\/www.myst.gr\/#website","url":"https:\/\/www.myst.gr\/","name":"MYST","description":"| Discover the Taste of Greece","publisher":{"@id":"https:\/\/www.myst.gr\/#organization"},"potentialAction":[{"@type":"SearchAction","target":{"@type":"EntryPoint","urlTemplate":"https:\/\/www.myst.gr\/?s={search_term_string}"},"query-input":{"@type":"PropertyValueSpecification","valueRequired":true,"valueName":"search_term_string"}}],"inLanguage":"de"},{"@type":"Organization","@id":"https:\/\/www.myst.gr\/#organization","name":"MYST","url":"https:\/\/www.myst.gr\/","logo":{"@type":"ImageObject","inLanguage":"de","@id":"https:\/\/www.myst.gr\/#\/schema\/logo\/image\/","url":"https:\/\/www.myst.gr\/wp-content\/uploads\/2023\/01\/cropped-logomini.png","contentUrl":"https:\/\/www.myst.gr\/wp-content\/uploads\/2023\/01\/cropped-logomini.png","width":780,"height":780,"caption":"MYST"},"image":{"@id":"https:\/\/www.myst.gr\/#\/schema\/logo\/image\/"}}]}},"_links":{"self":[{"href":"https:\/\/www.myst.gr\/de\/wp-json\/wp\/v2\/product\/24322","targetHints":{"allow":["GET"]}}],"collection":[{"href":"https:\/\/www.myst.gr\/de\/wp-json\/wp\/v2\/product"}],"about":[{"href":"https:\/\/www.myst.gr\/de\/wp-json\/wp\/v2\/types\/product"}],"wp:featuredmedia":[{"embeddable":true,"href":"https:\/\/www.myst.gr\/de\/wp-json\/wp\/v2\/media\/24157"}],"wp:attachment":[{"href":"https:\/\/www.myst.gr\/de\/wp-json\/wp\/v2\/media?parent=24322"}],"wp:term":[{"taxonomy":"product_cat","embeddable":true,"href":"https:\/\/www.myst.gr\/de\/wp-json\/wp\/v2\/product_cat?post=24322"},{"taxonomy":"product_tag","embeddable":true,"href":"https:\/\/www.myst.gr\/de\/wp-json\/wp\/v2\/product_tag?post=24322"}],"curies":[{"name":"wp","href":"https:\/\/api.w.org\/{rel}","templated":true}]}}