{"id":23529,"date":"2026-02-17T07:14:06","date_gmt":"2026-02-17T07:14:06","guid":{"rendered":"https:\/\/www.myst.gr\/?post_type=product&#038;p=23529"},"modified":"2026-02-25T07:58:19","modified_gmt":"2026-02-25T07:58:19","slug":"paprika-pyramid-sea-salt-flakes","status":"publish","type":"product","link":"https:\/\/www.myst.gr\/de\/product\/paprika-pyramid-sea-salt-flakes\/","title":{"rendered":"Rote pyramidenf\u00f6rmige Meersalzflocken (Paprika)"},"content":{"rendered":"<p data-start=\"234\" data-end=\"480\">Rote Meersalzflocken mit Paprika verbinden die Reinheit des Meersalzes mit den s\u00fc\u00dfen, warmen und leicht pfeffrigen Noten nat\u00fcrlicher Paprika. Ihre lebendige Farbe verleiht den Gerichten eine ansprechende Optik, w\u00e4hrend die milde W\u00e4rme den Geschmack unterstreicht, ohne ihn zu dominieren.<\/p>\n<p data-start=\"482\" data-end=\"581\">Die knusprige Textur und die ausgewogene Intensit\u00e4t machen sie sowohl zum Kochen als auch zum finalen Abschmecken ideal.<\/p>\n<p><strong>Ideal f\u00fcr: <\/strong>gegrilltes Fleisch, H\u00e4hnchen, Eier und ger\u00f6stetes Gem\u00fcse.<\/p>\n<p><strong>\ud83e\ude7a Hinweis:<\/strong><\/p>\n<p>Die bereitgestellten Informationen dienen ausschlie\u00dflich Informationszwecken und stellen keine medizinische Beratung dar.<br \/>\nBei gesundheitlichen Fragen wenden Sie sich bitte an Ihren Arzt oder Ern\u00e4hrungsberater.<\/p>","protected":false},"excerpt":{"rendered":"<div class=\"page\" title=\"Page 5\">\n<div class=\"section\">\n<div class=\"layoutArea\">\n<div class=\"column\">\n<div class=\"page\" title=\"Page 6\">\n<div class=\"section\">\n<div class=\"layoutArea\">\n<div class=\"column\">\n<div class=\"page\" title=\"Page 5\">\n<div class=\"section\">\n<div class=\"layoutArea\">\n<div class=\"column\">\n<div class=\"page\" title=\"Page 6\">\n<div class=\"section\">\n<div class=\"layoutArea\">\n<div class=\"column\">\n<div class=\"page\" title=\"Page 14\">\n<div class=\"layoutArea\">\n<div class=\"column\">\n<div class=\"page\" title=\"Page 14\">\n<div class=\"layoutArea\">\n<div class=\"column\">\n<div class=\"page\" title=\"Page 5\">\n<div class=\"section\">\n<div class=\"layoutArea\">\n<div class=\"column\">\n<div class=\"page\" title=\"Page 6\">\n<div class=\"section\">\n<div class=\"layoutArea\">\n<div class=\"column\">\n<div class=\"page\" title=\"Page 5\">\n<div class=\"section\">\n<div class=\"layoutArea\">\n<div class=\"column\">\n<div class=\"page\" title=\"Page 6\">\n<div class=\"section\">\n<div class=\"layoutArea\">\n<div class=\"column\">\n<div class=\"page\" title=\"Page 5\">\n<div class=\"section\">\n<div class=\"layoutArea\">\n<div class=\"column\">\n<div class=\"page\" title=\"Page 6\">\n<div class=\"section\">\n<div class=\"layoutArea\">\n<div class=\"column\">\n<p data-start=\"174\" data-end=\"232\"><strong data-start=\"174\" data-end=\"232\">Warme aromatische Intensit\u00e4t mit nat\u00fcrlicher Farbe und Balance<\/strong><\/p>\n<p class=\"p1\">Ohne Konservierungsstoffe oder Zusatzstoffe. 100% nat\u00fcrliches Produkt.<\/p>\n<p><strong>inhalt : e 100g<\/strong><\/p>\n<\/div>\n<\/div>\n<\/div>\n<\/div>\n<\/div>\n<\/div>\n<\/div>\n<\/div>\n<\/div>\n<\/div>\n<\/div>\n<\/div>\n<\/div>\n<\/div>\n<\/div>\n<\/div>\n<\/div>\n<\/div>\n<\/div>\n<\/div>\n<\/div>\n<\/div>\n<\/div>\n<\/div>\n<p><a href=\"https:\/\/store.myst.gr\/de\/product\/paprika-flake-salt-100g\/\" target=\"_blank\" rel=\"noopener\"><img decoding=\"async\" class=\"alignnone wp-image-11129 size-full\" src=\"https:\/\/www.myst.gr\/wp-content\/uploads\/2021\/08\/Untitled-2.svg\" alt=\"\" width=\"200\" height=\"70\" \/><\/a><a href=\"https:\/\/www.myst.gr\/de\/wholesale-dashboard\/\"><img decoding=\"async\" class=\"alignnone wp-image-11130 size-full\" src=\"https:\/\/www.myst.gr\/wp-content\/uploads\/2021\/08\/Untitled-3.svg\" alt=\"\" width=\"200\" height=\"70\" \/><\/a><\/p>\n<\/div>\n<\/div>\n<\/div>\n<\/div>\n<\/div>\n<\/div>\n<\/div>\n<\/div>\n<\/div>\n<\/div>\n<\/div>\n<\/div>\n<\/div>\n<\/div>\n<\/div>\n<\/div>\n<\/div>\n<\/div>\n<\/div>\n<\/div>\n<\/div>\n<\/div>","protected":false},"featured_media":23482,"template":"","meta":[],"product_cat":[177,160],"product_tag":[],"class_list":{"0":"post-23529","1":"product","2":"type-product","3":"status-publish","4":"has-post-thumbnail","6":"product_cat-flake-salt","7":"product_cat-salt","9":"first","10":"instock","11":"product-type-simple","swatches":"rey-swatches","show_selected":""},"yoast_head":"<!-- This site is optimized with the Yoast SEO plugin v27.4 - https:\/\/yoast.com\/product\/yoast-seo-wordpress\/ -->\n<title>Red Pyramid Sea Salt Flakes \u2013 Paprika<\/title>\n<meta name=\"description\" content=\"Red sea salt flakes with paprika combine the purity of sea salt with the sweet, warm and mildly peppery notes of natural paprika. Their vibrant color adds\" \/>\n<meta name=\"robots\" content=\"index, follow, max-snippet:-1, max-image-preview:large, max-video-preview:-1\" \/>\n<link rel=\"canonical\" href=\"https:\/\/www.myst.gr\/de\/produkt\/paprika-pyramid-sea-salt-flakes\/\" \/>\n<meta property=\"og:locale\" content=\"de_DE\" \/>\n<meta property=\"og:type\" content=\"article\" \/>\n<meta property=\"og:title\" content=\"Red Pyramid Sea Salt Flakes \u2013 Paprika\" \/>\n<meta property=\"og:description\" content=\"Red sea salt flakes with paprika combine the purity of sea salt with the sweet, warm and mildly peppery notes of natural paprika. Their vibrant color adds\" \/>\n<meta property=\"og:url\" content=\"https:\/\/www.myst.gr\/de\/produkt\/paprika-pyramid-sea-salt-flakes\/\" \/>\n<meta property=\"og:site_name\" content=\"MYST\" \/>\n<meta property=\"article:modified_time\" content=\"2026-02-25T07:58:19+00:00\" \/>\n<meta property=\"og:image\" content=\"https:\/\/www.myst.gr\/wp-content\/uploads\/2026\/02\/SeaSalt-Flakes-Paprika-1.jpg\" \/>\n\t<meta property=\"og:image:width\" content=\"1000\" \/>\n\t<meta property=\"og:image:height\" content=\"1000\" \/>\n\t<meta property=\"og:image:type\" content=\"image\/jpeg\" \/>\n<meta name=\"twitter:card\" content=\"summary_large_image\" \/>\n<meta name=\"twitter:label1\" content=\"Gesch\u00e4tzte Lesezeit\" \/>\n\t<meta name=\"twitter:data1\" content=\"1\u00a0Minute\" \/>\n<script type=\"application\/ld+json\" class=\"yoast-schema-graph\">{\"@context\":\"https:\\\/\\\/schema.org\",\"@graph\":[{\"@type\":\"WebPage\",\"@id\":\"https:\\\/\\\/www.myst.gr\\\/product\\\/paprika-pyramid-sea-salt-flakes\\\/\",\"url\":\"https:\\\/\\\/www.myst.gr\\\/product\\\/paprika-pyramid-sea-salt-flakes\\\/\",\"name\":\"Red Pyramid Sea Salt Flakes \u2013 Paprika\",\"isPartOf\":{\"@id\":\"https:\\\/\\\/www.myst.gr\\\/#website\"},\"primaryImageOfPage\":{\"@id\":\"https:\\\/\\\/www.myst.gr\\\/product\\\/paprika-pyramid-sea-salt-flakes\\\/#primaryimage\"},\"image\":{\"@id\":\"https:\\\/\\\/www.myst.gr\\\/product\\\/paprika-pyramid-sea-salt-flakes\\\/#primaryimage\"},\"thumbnailUrl\":\"https:\\\/\\\/www.myst.gr\\\/wp-content\\\/uploads\\\/2026\\\/02\\\/SeaSalt-Flakes-Paprika-1.jpg\",\"datePublished\":\"2026-02-17T07:14:06+00:00\",\"dateModified\":\"2026-02-25T07:58:19+00:00\",\"description\":\"Red sea salt flakes with paprika combine the purity of sea salt with the sweet, warm and mildly peppery notes of natural paprika. Their vibrant color adds\",\"breadcrumb\":{\"@id\":\"https:\\\/\\\/www.myst.gr\\\/product\\\/paprika-pyramid-sea-salt-flakes\\\/#breadcrumb\"},\"inLanguage\":\"de\",\"potentialAction\":[{\"@type\":\"ReadAction\",\"target\":[\"https:\\\/\\\/www.myst.gr\\\/product\\\/paprika-pyramid-sea-salt-flakes\\\/\"]}]},{\"@type\":\"ImageObject\",\"inLanguage\":\"de\",\"@id\":\"https:\\\/\\\/www.myst.gr\\\/product\\\/paprika-pyramid-sea-salt-flakes\\\/#primaryimage\",\"url\":\"https:\\\/\\\/www.myst.gr\\\/wp-content\\\/uploads\\\/2026\\\/02\\\/SeaSalt-Flakes-Paprika-1.jpg\",\"contentUrl\":\"https:\\\/\\\/www.myst.gr\\\/wp-content\\\/uploads\\\/2026\\\/02\\\/SeaSalt-Flakes-Paprika-1.jpg\",\"width\":1000,\"height\":1000},{\"@type\":\"BreadcrumbList\",\"@id\":\"https:\\\/\\\/www.myst.gr\\\/product\\\/paprika-pyramid-sea-salt-flakes\\\/#breadcrumb\",\"itemListElement\":[{\"@type\":\"ListItem\",\"position\":1,\"name\":\"Home\",\"item\":\"https:\\\/\\\/www.myst.gr\\\/\"},{\"@type\":\"ListItem\",\"position\":2,\"name\":\"Shop\",\"item\":\"https:\\\/\\\/www.myst.gr\\\/?page_id=628\"},{\"@type\":\"ListItem\",\"position\":3,\"name\":\"Red Pyramid Sea Salt Flakes \u2013 Paprika\"}]},{\"@type\":\"WebSite\",\"@id\":\"https:\\\/\\\/www.myst.gr\\\/#website\",\"url\":\"https:\\\/\\\/www.myst.gr\\\/\",\"name\":\"MYST\",\"description\":\"| Discover the Taste of Greece\",\"publisher\":{\"@id\":\"https:\\\/\\\/www.myst.gr\\\/#organization\"},\"potentialAction\":[{\"@type\":\"SearchAction\",\"target\":{\"@type\":\"EntryPoint\",\"urlTemplate\":\"https:\\\/\\\/www.myst.gr\\\/?s={search_term_string}\"},\"query-input\":{\"@type\":\"PropertyValueSpecification\",\"valueRequired\":true,\"valueName\":\"search_term_string\"}}],\"inLanguage\":\"de\"},{\"@type\":\"Organization\",\"@id\":\"https:\\\/\\\/www.myst.gr\\\/#organization\",\"name\":\"MYST\",\"url\":\"https:\\\/\\\/www.myst.gr\\\/\",\"logo\":{\"@type\":\"ImageObject\",\"inLanguage\":\"de\",\"@id\":\"https:\\\/\\\/www.myst.gr\\\/#\\\/schema\\\/logo\\\/image\\\/\",\"url\":\"https:\\\/\\\/www.myst.gr\\\/wp-content\\\/uploads\\\/2023\\\/01\\\/cropped-logomini.png\",\"contentUrl\":\"https:\\\/\\\/www.myst.gr\\\/wp-content\\\/uploads\\\/2023\\\/01\\\/cropped-logomini.png\",\"width\":780,\"height\":780,\"caption\":\"MYST\"},\"image\":{\"@id\":\"https:\\\/\\\/www.myst.gr\\\/#\\\/schema\\\/logo\\\/image\\\/\"}}]}<\/script>\n<!-- \/ Yoast SEO plugin. -->","yoast_head_json":{"title":"Rote pyramidenf\u00f6rmige Meersalzflocken (Paprika)","description":"Red sea salt flakes with paprika combine the purity of sea salt with the sweet, warm and mildly peppery notes of natural paprika. Their vibrant color adds","robots":{"index":"index","follow":"follow","max-snippet":"max-snippet:-1","max-image-preview":"max-image-preview:large","max-video-preview":"max-video-preview:-1"},"canonical":"https:\/\/www.myst.gr\/de\/produkt\/paprika-pyramid-sea-salt-flakes\/","og_locale":"de_DE","og_type":"article","og_title":"Red Pyramid Sea Salt Flakes \u2013 Paprika","og_description":"Red sea salt flakes with paprika combine the purity of sea salt with the sweet, warm and mildly peppery notes of natural paprika. Their vibrant color adds","og_url":"https:\/\/www.myst.gr\/de\/produkt\/paprika-pyramid-sea-salt-flakes\/","og_site_name":"MYST","article_modified_time":"2026-02-25T07:58:19+00:00","og_image":[{"width":1000,"height":1000,"url":"https:\/\/www.myst.gr\/wp-content\/uploads\/2026\/02\/SeaSalt-Flakes-Paprika-1.jpg","type":"image\/jpeg"}],"twitter_card":"summary_large_image","twitter_misc":{"Gesch\u00e4tzte Lesezeit":"1\u00a0Minute"},"schema":{"@context":"https:\/\/schema.org","@graph":[{"@type":"WebPage","@id":"https:\/\/www.myst.gr\/product\/paprika-pyramid-sea-salt-flakes\/","url":"https:\/\/www.myst.gr\/product\/paprika-pyramid-sea-salt-flakes\/","name":"Rote pyramidenf\u00f6rmige Meersalzflocken (Paprika)","isPartOf":{"@id":"https:\/\/www.myst.gr\/#website"},"primaryImageOfPage":{"@id":"https:\/\/www.myst.gr\/product\/paprika-pyramid-sea-salt-flakes\/#primaryimage"},"image":{"@id":"https:\/\/www.myst.gr\/product\/paprika-pyramid-sea-salt-flakes\/#primaryimage"},"thumbnailUrl":"https:\/\/www.myst.gr\/wp-content\/uploads\/2026\/02\/SeaSalt-Flakes-Paprika-1.jpg","datePublished":"2026-02-17T07:14:06+00:00","dateModified":"2026-02-25T07:58:19+00:00","description":"Red sea salt flakes with paprika combine the purity of sea salt with the sweet, warm and mildly peppery notes of natural paprika. Their vibrant color adds","breadcrumb":{"@id":"https:\/\/www.myst.gr\/product\/paprika-pyramid-sea-salt-flakes\/#breadcrumb"},"inLanguage":"de","potentialAction":[{"@type":"ReadAction","target":["https:\/\/www.myst.gr\/product\/paprika-pyramid-sea-salt-flakes\/"]}]},{"@type":"ImageObject","inLanguage":"de","@id":"https:\/\/www.myst.gr\/product\/paprika-pyramid-sea-salt-flakes\/#primaryimage","url":"https:\/\/www.myst.gr\/wp-content\/uploads\/2026\/02\/SeaSalt-Flakes-Paprika-1.jpg","contentUrl":"https:\/\/www.myst.gr\/wp-content\/uploads\/2026\/02\/SeaSalt-Flakes-Paprika-1.jpg","width":1000,"height":1000},{"@type":"BreadcrumbList","@id":"https:\/\/www.myst.gr\/product\/paprika-pyramid-sea-salt-flakes\/#breadcrumb","itemListElement":[{"@type":"ListItem","position":1,"name":"Home","item":"https:\/\/www.myst.gr\/"},{"@type":"ListItem","position":2,"name":"Shop","item":"https:\/\/www.myst.gr\/?page_id=628"},{"@type":"ListItem","position":3,"name":"Red Pyramid Sea Salt Flakes \u2013 Paprika"}]},{"@type":"WebSite","@id":"https:\/\/www.myst.gr\/#website","url":"https:\/\/www.myst.gr\/","name":"MYST","description":"| Discover the Taste of Greece","publisher":{"@id":"https:\/\/www.myst.gr\/#organization"},"potentialAction":[{"@type":"SearchAction","target":{"@type":"EntryPoint","urlTemplate":"https:\/\/www.myst.gr\/?s={search_term_string}"},"query-input":{"@type":"PropertyValueSpecification","valueRequired":true,"valueName":"search_term_string"}}],"inLanguage":"de"},{"@type":"Organization","@id":"https:\/\/www.myst.gr\/#organization","name":"MYST","url":"https:\/\/www.myst.gr\/","logo":{"@type":"ImageObject","inLanguage":"de","@id":"https:\/\/www.myst.gr\/#\/schema\/logo\/image\/","url":"https:\/\/www.myst.gr\/wp-content\/uploads\/2023\/01\/cropped-logomini.png","contentUrl":"https:\/\/www.myst.gr\/wp-content\/uploads\/2023\/01\/cropped-logomini.png","width":780,"height":780,"caption":"MYST"},"image":{"@id":"https:\/\/www.myst.gr\/#\/schema\/logo\/image\/"}}]}},"_links":{"self":[{"href":"https:\/\/www.myst.gr\/de\/wp-json\/wp\/v2\/product\/23529","targetHints":{"allow":["GET"]}}],"collection":[{"href":"https:\/\/www.myst.gr\/de\/wp-json\/wp\/v2\/product"}],"about":[{"href":"https:\/\/www.myst.gr\/de\/wp-json\/wp\/v2\/types\/product"}],"wp:featuredmedia":[{"embeddable":true,"href":"https:\/\/www.myst.gr\/de\/wp-json\/wp\/v2\/media\/23482"}],"wp:attachment":[{"href":"https:\/\/www.myst.gr\/de\/wp-json\/wp\/v2\/media?parent=23529"}],"wp:term":[{"taxonomy":"product_cat","embeddable":true,"href":"https:\/\/www.myst.gr\/de\/wp-json\/wp\/v2\/product_cat?post=23529"},{"taxonomy":"product_tag","embeddable":true,"href":"https:\/\/www.myst.gr\/de\/wp-json\/wp\/v2\/product_tag?post=23529"}],"curies":[{"name":"wp","href":"https:\/\/api.w.org\/{rel}","templated":true}]}}