{"id":23527,"date":"2026-02-17T06:55:12","date_gmt":"2026-02-17T06:55:12","guid":{"rendered":"https:\/\/www.myst.gr\/?post_type=product&#038;p=23527"},"modified":"2026-02-25T07:56:43","modified_gmt":"2026-02-25T07:56:43","slug":"smoked-pyramid-sea-salt-flakes-oak","status":"publish","type":"product","link":"https:\/\/www.myst.gr\/de\/product\/smoked-pyramid-sea-salt-flakes-oak\/","title":{"rendered":"Ger\u00e4ucherte pyramidenf\u00f6rmige Meersalzflocken (Eichenholz)"},"content":{"rendered":"<p data-start=\"245\" data-end=\"533\">Ger\u00e4ucherte Meersalzflocken werden langsam \u00fcber nat\u00fcrlichem Eichenholz ger\u00e4uchert und entwickeln dabei ein warmes, tiefes und klares Raucharoma. Der Prozess wird sorgf\u00e4ltig kontrolliert, um die knusprige Textur und die charakteristische pyramidenf\u00f6rmige Struktur der Flocken zu bewahren, die das Aroma einf\u00e4ngt und intensive Noten ohne Bitterkeit liefert.<\/p>\n<p data-start=\"535\" data-end=\"649\">Es handelt sich um ein feines R\u00e4uchersalz, das Gerichten Tiefe und Komplexit\u00e4t verleiht, ohne ihre nat\u00fcrlichen Aromen zu \u00fcberdecken.<\/p>\n<p><strong>Ideal f\u00fcr:<\/strong> gegrilltes Fleisch, Kartoffeln, ger\u00f6stetes Gem\u00fcse sowie vegane oder pflanzenbasierte Gerichte.<\/p>\n<p><strong>\ud83e\ude7a Hinweis:<\/strong><\/p>\n<p>Die bereitgestellten Informationen dienen ausschlie\u00dflich Informationszwecken und stellen keine medizinische Beratung dar.<br \/>\nBei gesundheitlichen Fragen wenden Sie sich bitte an Ihren Arzt oder Ern\u00e4hrungsberater.<\/p>","protected":false},"excerpt":{"rendered":"<div class=\"page\" title=\"Page 5\">\n<div class=\"section\">\n<div class=\"layoutArea\">\n<div class=\"column\">\n<div class=\"page\" title=\"Page 6\">\n<div class=\"section\">\n<div class=\"layoutArea\">\n<div class=\"column\">\n<div class=\"page\" title=\"Page 5\">\n<div class=\"section\">\n<div class=\"layoutArea\">\n<div class=\"column\">\n<div class=\"page\" title=\"Page 6\">\n<div class=\"section\">\n<div class=\"layoutArea\">\n<div class=\"column\">\n<div class=\"page\" title=\"Page 14\">\n<div class=\"layoutArea\">\n<div class=\"column\">\n<div class=\"page\" title=\"Page 14\">\n<div class=\"layoutArea\">\n<div class=\"column\">\n<div class=\"page\" title=\"Page 5\">\n<div class=\"section\">\n<div class=\"layoutArea\">\n<div class=\"column\">\n<div class=\"page\" title=\"Page 6\">\n<div class=\"section\">\n<div class=\"layoutArea\">\n<div class=\"column\">\n<div class=\"page\" title=\"Page 5\">\n<div class=\"section\">\n<div class=\"layoutArea\">\n<div class=\"column\">\n<div class=\"page\" title=\"Page 6\">\n<div class=\"section\">\n<div class=\"layoutArea\">\n<div class=\"column\">\n<div class=\"page\" title=\"Page 5\">\n<div class=\"section\">\n<div class=\"layoutArea\">\n<div class=\"column\">\n<div class=\"page\" title=\"Page 6\">\n<div class=\"section\">\n<div class=\"layoutArea\">\n<div class=\"column\">\n<p data-start=\"189\" data-end=\"243\"><strong data-start=\"189\" data-end=\"243\">Tiefes Raucharoma mit nat\u00fcrlichem, elegantem Charakter<\/strong><\/p>\n<p class=\"p1\">Ohne Konservierungsstoffe oder Zusatzstoffe. 100% nat\u00fcrliches Produkt.<\/p>\n<p><strong>inhalt : e 100g<\/strong><\/p>\n<\/div>\n<\/div>\n<\/div>\n<\/div>\n<\/div>\n<\/div>\n<\/div>\n<\/div>\n<\/div>\n<\/div>\n<\/div>\n<\/div>\n<\/div>\n<\/div>\n<\/div>\n<\/div>\n<\/div>\n<\/div>\n<\/div>\n<\/div>\n<\/div>\n<\/div>\n<\/div>\n<\/div>\n<p><a href=\"https:\/\/store.myst.gr\/de\/product\/smoked-flakes-100g\/\" target=\"_blank\" rel=\"noopener\"><img decoding=\"async\" class=\"alignnone wp-image-11129 size-full\" src=\"https:\/\/www.myst.gr\/wp-content\/uploads\/2021\/08\/Untitled-2.svg\" alt=\"\" width=\"200\" height=\"70\" \/><\/a><a href=\"https:\/\/www.myst.gr\/de\/wholesale-dashboard\/\"><img decoding=\"async\" class=\"alignnone wp-image-11130 size-full\" src=\"https:\/\/www.myst.gr\/wp-content\/uploads\/2021\/08\/Untitled-3.svg\" alt=\"\" width=\"200\" height=\"70\" \/><\/a><\/p>\n<\/div>\n<\/div>\n<\/div>\n<\/div>\n<\/div>\n<\/div>\n<\/div>\n<\/div>\n<\/div>\n<\/div>\n<\/div>\n<\/div>\n<\/div>\n<\/div>\n<\/div>\n<\/div>\n<\/div>\n<\/div>\n<\/div>\n<\/div>\n<\/div>\n<\/div>","protected":false},"featured_media":23476,"template":"","meta":[],"product_cat":[177,160],"product_tag":[],"class_list":{"0":"post-23527","1":"product","2":"type-product","3":"status-publish","4":"has-post-thumbnail","6":"product_cat-flake-salt","7":"product_cat-salt","9":"first","10":"instock","11":"product-type-simple","swatches":"rey-swatches","show_selected":""},"yoast_head":"<!-- This site is optimized with the Yoast SEO plugin v27.4 - https:\/\/yoast.com\/product\/yoast-seo-wordpress\/ -->\n<title>Smoked Pyramid Sea Salt Flakes \u2013 Oak Wood<\/title>\n<meta name=\"description\" content=\"Smoked sea salt flakes are slowly smoked over natural oak wood, developing a warm, deep and clean smoky aroma. The process is carefully controlled to\" \/>\n<meta name=\"robots\" content=\"index, follow, max-snippet:-1, max-image-preview:large, max-video-preview:-1\" \/>\n<link rel=\"canonical\" href=\"https:\/\/www.myst.gr\/de\/produkt\/smoked-pyramid-sea-salt-flakes-oak\/\" \/>\n<meta property=\"og:locale\" content=\"de_DE\" \/>\n<meta property=\"og:type\" content=\"article\" \/>\n<meta property=\"og:title\" content=\"Smoked Pyramid Sea Salt Flakes \u2013 Oak Wood\" \/>\n<meta property=\"og:description\" content=\"Smoked sea salt flakes are slowly smoked over natural oak wood, developing a warm, deep and clean smoky aroma. The process is carefully controlled to\" \/>\n<meta property=\"og:url\" content=\"https:\/\/www.myst.gr\/de\/produkt\/smoked-pyramid-sea-salt-flakes-oak\/\" \/>\n<meta property=\"og:site_name\" content=\"MYST\" \/>\n<meta property=\"article:modified_time\" content=\"2026-02-25T07:56:43+00:00\" \/>\n<meta property=\"og:image\" content=\"https:\/\/www.myst.gr\/wp-content\/uploads\/2026\/02\/SeaSalt-Flakes-oak-smoked-2.jpg\" \/>\n\t<meta property=\"og:image:width\" content=\"1000\" \/>\n\t<meta property=\"og:image:height\" content=\"1000\" \/>\n\t<meta property=\"og:image:type\" content=\"image\/jpeg\" \/>\n<meta name=\"twitter:card\" content=\"summary_large_image\" \/>\n<meta name=\"twitter:label1\" content=\"Gesch\u00e4tzte Lesezeit\" \/>\n\t<meta name=\"twitter:data1\" content=\"1\u00a0Minute\" \/>\n<script type=\"application\/ld+json\" class=\"yoast-schema-graph\">{\"@context\":\"https:\\\/\\\/schema.org\",\"@graph\":[{\"@type\":\"WebPage\",\"@id\":\"https:\\\/\\\/www.myst.gr\\\/product\\\/smoked-pyramid-sea-salt-flakes-oak\\\/\",\"url\":\"https:\\\/\\\/www.myst.gr\\\/product\\\/smoked-pyramid-sea-salt-flakes-oak\\\/\",\"name\":\"Smoked Pyramid Sea Salt Flakes \u2013 Oak Wood\",\"isPartOf\":{\"@id\":\"https:\\\/\\\/www.myst.gr\\\/#website\"},\"primaryImageOfPage\":{\"@id\":\"https:\\\/\\\/www.myst.gr\\\/product\\\/smoked-pyramid-sea-salt-flakes-oak\\\/#primaryimage\"},\"image\":{\"@id\":\"https:\\\/\\\/www.myst.gr\\\/product\\\/smoked-pyramid-sea-salt-flakes-oak\\\/#primaryimage\"},\"thumbnailUrl\":\"https:\\\/\\\/www.myst.gr\\\/wp-content\\\/uploads\\\/2026\\\/02\\\/SeaSalt-Flakes-oak-smoked-2.jpg\",\"datePublished\":\"2026-02-17T06:55:12+00:00\",\"dateModified\":\"2026-02-25T07:56:43+00:00\",\"description\":\"Smoked sea salt flakes are slowly smoked over natural oak wood, developing a warm, deep and clean smoky aroma. The process is carefully controlled to\",\"breadcrumb\":{\"@id\":\"https:\\\/\\\/www.myst.gr\\\/product\\\/smoked-pyramid-sea-salt-flakes-oak\\\/#breadcrumb\"},\"inLanguage\":\"de\",\"potentialAction\":[{\"@type\":\"ReadAction\",\"target\":[\"https:\\\/\\\/www.myst.gr\\\/product\\\/smoked-pyramid-sea-salt-flakes-oak\\\/\"]}]},{\"@type\":\"ImageObject\",\"inLanguage\":\"de\",\"@id\":\"https:\\\/\\\/www.myst.gr\\\/product\\\/smoked-pyramid-sea-salt-flakes-oak\\\/#primaryimage\",\"url\":\"https:\\\/\\\/www.myst.gr\\\/wp-content\\\/uploads\\\/2026\\\/02\\\/SeaSalt-Flakes-oak-smoked-2.jpg\",\"contentUrl\":\"https:\\\/\\\/www.myst.gr\\\/wp-content\\\/uploads\\\/2026\\\/02\\\/SeaSalt-Flakes-oak-smoked-2.jpg\",\"width\":1000,\"height\":1000},{\"@type\":\"BreadcrumbList\",\"@id\":\"https:\\\/\\\/www.myst.gr\\\/product\\\/smoked-pyramid-sea-salt-flakes-oak\\\/#breadcrumb\",\"itemListElement\":[{\"@type\":\"ListItem\",\"position\":1,\"name\":\"Home\",\"item\":\"https:\\\/\\\/www.myst.gr\\\/\"},{\"@type\":\"ListItem\",\"position\":2,\"name\":\"Shop\",\"item\":\"https:\\\/\\\/www.myst.gr\\\/?page_id=628\"},{\"@type\":\"ListItem\",\"position\":3,\"name\":\"Smoked Pyramid Sea Salt Flakes \u2013 Oak Wood\"}]},{\"@type\":\"WebSite\",\"@id\":\"https:\\\/\\\/www.myst.gr\\\/#website\",\"url\":\"https:\\\/\\\/www.myst.gr\\\/\",\"name\":\"MYST\",\"description\":\"| Discover the Taste of Greece\",\"publisher\":{\"@id\":\"https:\\\/\\\/www.myst.gr\\\/#organization\"},\"potentialAction\":[{\"@type\":\"SearchAction\",\"target\":{\"@type\":\"EntryPoint\",\"urlTemplate\":\"https:\\\/\\\/www.myst.gr\\\/?s={search_term_string}\"},\"query-input\":{\"@type\":\"PropertyValueSpecification\",\"valueRequired\":true,\"valueName\":\"search_term_string\"}}],\"inLanguage\":\"de\"},{\"@type\":\"Organization\",\"@id\":\"https:\\\/\\\/www.myst.gr\\\/#organization\",\"name\":\"MYST\",\"url\":\"https:\\\/\\\/www.myst.gr\\\/\",\"logo\":{\"@type\":\"ImageObject\",\"inLanguage\":\"de\",\"@id\":\"https:\\\/\\\/www.myst.gr\\\/#\\\/schema\\\/logo\\\/image\\\/\",\"url\":\"https:\\\/\\\/www.myst.gr\\\/wp-content\\\/uploads\\\/2023\\\/01\\\/cropped-logomini.png\",\"contentUrl\":\"https:\\\/\\\/www.myst.gr\\\/wp-content\\\/uploads\\\/2023\\\/01\\\/cropped-logomini.png\",\"width\":780,\"height\":780,\"caption\":\"MYST\"},\"image\":{\"@id\":\"https:\\\/\\\/www.myst.gr\\\/#\\\/schema\\\/logo\\\/image\\\/\"}}]}<\/script>\n<!-- \/ Yoast SEO plugin. -->","yoast_head_json":{"title":"Ger\u00e4ucherte pyramidenf\u00f6rmige Meersalzflocken (Eichenholz)","description":"Smoked sea salt flakes are slowly smoked over natural oak wood, developing a warm, deep and clean smoky aroma. The process is carefully controlled to","robots":{"index":"index","follow":"follow","max-snippet":"max-snippet:-1","max-image-preview":"max-image-preview:large","max-video-preview":"max-video-preview:-1"},"canonical":"https:\/\/www.myst.gr\/de\/produkt\/smoked-pyramid-sea-salt-flakes-oak\/","og_locale":"de_DE","og_type":"article","og_title":"Smoked Pyramid Sea Salt Flakes \u2013 Oak Wood","og_description":"Smoked sea salt flakes are slowly smoked over natural oak wood, developing a warm, deep and clean smoky aroma. The process is carefully controlled to","og_url":"https:\/\/www.myst.gr\/de\/produkt\/smoked-pyramid-sea-salt-flakes-oak\/","og_site_name":"MYST","article_modified_time":"2026-02-25T07:56:43+00:00","og_image":[{"width":1000,"height":1000,"url":"https:\/\/www.myst.gr\/wp-content\/uploads\/2026\/02\/SeaSalt-Flakes-oak-smoked-2.jpg","type":"image\/jpeg"}],"twitter_card":"summary_large_image","twitter_misc":{"Gesch\u00e4tzte Lesezeit":"1\u00a0Minute"},"schema":{"@context":"https:\/\/schema.org","@graph":[{"@type":"WebPage","@id":"https:\/\/www.myst.gr\/product\/smoked-pyramid-sea-salt-flakes-oak\/","url":"https:\/\/www.myst.gr\/product\/smoked-pyramid-sea-salt-flakes-oak\/","name":"Ger\u00e4ucherte pyramidenf\u00f6rmige Meersalzflocken (Eichenholz)","isPartOf":{"@id":"https:\/\/www.myst.gr\/#website"},"primaryImageOfPage":{"@id":"https:\/\/www.myst.gr\/product\/smoked-pyramid-sea-salt-flakes-oak\/#primaryimage"},"image":{"@id":"https:\/\/www.myst.gr\/product\/smoked-pyramid-sea-salt-flakes-oak\/#primaryimage"},"thumbnailUrl":"https:\/\/www.myst.gr\/wp-content\/uploads\/2026\/02\/SeaSalt-Flakes-oak-smoked-2.jpg","datePublished":"2026-02-17T06:55:12+00:00","dateModified":"2026-02-25T07:56:43+00:00","description":"Smoked sea salt flakes are slowly smoked over natural oak wood, developing a warm, deep and clean smoky aroma. The process is carefully controlled to","breadcrumb":{"@id":"https:\/\/www.myst.gr\/product\/smoked-pyramid-sea-salt-flakes-oak\/#breadcrumb"},"inLanguage":"de","potentialAction":[{"@type":"ReadAction","target":["https:\/\/www.myst.gr\/product\/smoked-pyramid-sea-salt-flakes-oak\/"]}]},{"@type":"ImageObject","inLanguage":"de","@id":"https:\/\/www.myst.gr\/product\/smoked-pyramid-sea-salt-flakes-oak\/#primaryimage","url":"https:\/\/www.myst.gr\/wp-content\/uploads\/2026\/02\/SeaSalt-Flakes-oak-smoked-2.jpg","contentUrl":"https:\/\/www.myst.gr\/wp-content\/uploads\/2026\/02\/SeaSalt-Flakes-oak-smoked-2.jpg","width":1000,"height":1000},{"@type":"BreadcrumbList","@id":"https:\/\/www.myst.gr\/product\/smoked-pyramid-sea-salt-flakes-oak\/#breadcrumb","itemListElement":[{"@type":"ListItem","position":1,"name":"Home","item":"https:\/\/www.myst.gr\/"},{"@type":"ListItem","position":2,"name":"Shop","item":"https:\/\/www.myst.gr\/?page_id=628"},{"@type":"ListItem","position":3,"name":"Smoked Pyramid Sea Salt Flakes \u2013 Oak Wood"}]},{"@type":"WebSite","@id":"https:\/\/www.myst.gr\/#website","url":"https:\/\/www.myst.gr\/","name":"MYST","description":"| Discover the Taste of Greece","publisher":{"@id":"https:\/\/www.myst.gr\/#organization"},"potentialAction":[{"@type":"SearchAction","target":{"@type":"EntryPoint","urlTemplate":"https:\/\/www.myst.gr\/?s={search_term_string}"},"query-input":{"@type":"PropertyValueSpecification","valueRequired":true,"valueName":"search_term_string"}}],"inLanguage":"de"},{"@type":"Organization","@id":"https:\/\/www.myst.gr\/#organization","name":"MYST","url":"https:\/\/www.myst.gr\/","logo":{"@type":"ImageObject","inLanguage":"de","@id":"https:\/\/www.myst.gr\/#\/schema\/logo\/image\/","url":"https:\/\/www.myst.gr\/wp-content\/uploads\/2023\/01\/cropped-logomini.png","contentUrl":"https:\/\/www.myst.gr\/wp-content\/uploads\/2023\/01\/cropped-logomini.png","width":780,"height":780,"caption":"MYST"},"image":{"@id":"https:\/\/www.myst.gr\/#\/schema\/logo\/image\/"}}]}},"_links":{"self":[{"href":"https:\/\/www.myst.gr\/de\/wp-json\/wp\/v2\/product\/23527","targetHints":{"allow":["GET"]}}],"collection":[{"href":"https:\/\/www.myst.gr\/de\/wp-json\/wp\/v2\/product"}],"about":[{"href":"https:\/\/www.myst.gr\/de\/wp-json\/wp\/v2\/types\/product"}],"wp:featuredmedia":[{"embeddable":true,"href":"https:\/\/www.myst.gr\/de\/wp-json\/wp\/v2\/media\/23476"}],"wp:attachment":[{"href":"https:\/\/www.myst.gr\/de\/wp-json\/wp\/v2\/media?parent=23527"}],"wp:term":[{"taxonomy":"product_cat","embeddable":true,"href":"https:\/\/www.myst.gr\/de\/wp-json\/wp\/v2\/product_cat?post=23527"},{"taxonomy":"product_tag","embeddable":true,"href":"https:\/\/www.myst.gr\/de\/wp-json\/wp\/v2\/product_tag?post=23527"}],"curies":[{"name":"wp","href":"https:\/\/api.w.org\/{rel}","templated":true}]}}