{"id":22033,"date":"2025-12-04T11:21:12","date_gmt":"2025-12-04T11:21:12","guid":{"rendered":"https:\/\/www.myst.gr\/?post_type=product&#038;p=22033"},"modified":"2026-03-26T06:56:39","modified_gmt":"2026-03-26T06:56:39","slug":"pre-workout","status":"publish","type":"product","link":"https:\/\/www.myst.gr\/de\/product\/pre-workout\/","title":{"rendered":"PRE-WORKOUT | Nat\u00fcrlicher Fitness-Boost"},"content":{"rendered":"<p><b>PRE-WORKOUT ENERGY\u00a0<\/b>ist eine saubere, pflanzliche Pre-Workout-Formel aus Orange, Hibiskus, Ingwer und Minze. Sie bietet eine frische, nat\u00fcrliche Aktivierung ohne Koffein \u2013 ideal f\u00fcr alle, die vor dem Training leichte, klare und belebende Energie w\u00fcnschen. Entwickelt f\u00fcr Fokus, Vitalit\u00e4t und sportliche Klarheit.<\/p>\n<p><strong>Wesentliche Vorteile:<\/strong><\/p>\n<p class=\"p1\">\u2022 Nat\u00fcrliche Pre-Workout-Aktivierung<br \/>\n\u2022 Unterst\u00fctzt Energie &amp; Wachheit<br \/>\n\u2022 Ohne Koffein \u2022 Ohne Zucker<br \/>\n\u2022 Geeignet f\u00fcr das t\u00e4gliche Training<\/p>\n<p><strong>Geschmacksprofil :<\/strong><\/p>\n<p class=\"p1\">Erfrischende Zitrusnoten mit fruchtigem Hibiskus und einem minzigen Finish.<\/p>\n<p><strong>Anwendung :\u00a0<\/strong>Mischen Sie\u00a0<span class=\"s1\"><b>5g<\/b><\/span>\u00a0in\u00a0<span class=\"s1\"><b>80ml Wasser<\/b><\/span>mischen, gut sch\u00fctteln und vor dem Training trinken.<\/p>\n<p><strong>Komponenten :<\/strong>\u00a0Orangenpulver, Hibiskuspulver, Ingwerpulver, Minzpulver, Reismehl.<\/p>\n<p><strong><span class=\"s1\">Deklaration von Allergenen<\/span><\/strong><\/p>\n<p><span class=\"s1\">Wir verstehen die Bedeutung von Nahrungsmittelallergien und Nahrungs-empfindlichkeiten und werden diese Zutaten immer auf unserem Etikett in den Angaben aller Zutaten bekanntgeben - sie werden niemals unter den Worten \"Gew\u00fcrze\" oder \"nat\u00fcrliche Aromen\" versteckt:<\/span><\/p>\n<p><span class=\"s1\">F\u00fcr die aktuellsten Informationen zu Allergenen und N\u00e4hrstoffen ist es wichtig, beim Kauf die Inhaltsstoffangabe auf der Verpackung zu lesen.<\/span><\/p>\n<p>&nbsp;<\/p>\n<p>&nbsp;<\/p>","protected":false},"excerpt":{"rendered":"<p>Vermittelt ein Gef\u00fchl von Energie, Wachsamkeit und Bereitschaft vor dem Training, mit einem erfrischenden und uppiggenden Geschmack. Entwickelt f\u00fcr Fokus, Vitalit\u00e4t und sportliche Klarheit.<\/p>\n<p><strong>Menge: e 90g \/ 18 Portionen \u00e0 5g<\/strong><\/p>\n<p><a href=\"https:\/\/store.myst.gr\/de\/product\/preworkout\/\" target=\"_blank\" rel=\"noopener\"><img decoding=\"async\" class=\"alignnone wp-image-11129 size-full\" src=\"https:\/\/www.myst.gr\/wp-content\/uploads\/2021\/08\/Untitled-2.svg\" alt=\"\" width=\"200\" height=\"70\" \/><\/a><a href=\"https:\/\/www.myst.gr\/de\/wholesale-dashboard\/\"><img decoding=\"async\" class=\"alignnone wp-image-11130 size-full\" src=\"https:\/\/www.myst.gr\/wp-content\/uploads\/2021\/08\/Untitled-3.svg\" alt=\"\" width=\"200\" height=\"70\" \/><\/a><\/p>","protected":false},"featured_media":22041,"template":"","meta":[],"product_cat":[173,144],"product_tag":[],"class_list":{"0":"post-22033","1":"product","2":"type-product","3":"status-publish","4":"has-post-thumbnail","6":"product_cat-shots-drinks","7":"product_cat-saltsandspices","9":"first","10":"instock","11":"product-type-simple","swatches":"rey-swatches","show_selected":""},"yoast_head":"<!-- This site is optimized with the Yoast SEO plugin v27.4 - https:\/\/yoast.com\/product\/yoast-seo-wordpress\/ -->\n<title>PRE-WORKOUT | Natural Fitness Boost - MYST<\/title>\n<meta name=\"description\" content=\"Provides a sense of energy, alertness and readiness before exercise, with a refreshing and invigorating taste. Designed for focus, vitality and athletic\" \/>\n<meta name=\"robots\" content=\"index, follow, max-snippet:-1, max-image-preview:large, max-video-preview:-1\" \/>\n<link rel=\"canonical\" href=\"https:\/\/www.myst.gr\/de\/produkt\/pre-workout\/\" \/>\n<meta property=\"og:locale\" content=\"de_DE\" \/>\n<meta property=\"og:type\" content=\"article\" \/>\n<meta property=\"og:title\" content=\"PRE-WORKOUT | Natural Fitness Boost - MYST\" \/>\n<meta property=\"og:description\" content=\"Provides a sense of energy, alertness and readiness before exercise, with a refreshing and invigorating taste. Designed for focus, vitality and athletic\" \/>\n<meta property=\"og:url\" content=\"https:\/\/www.myst.gr\/de\/produkt\/pre-workout\/\" \/>\n<meta property=\"og:site_name\" content=\"MYST\" \/>\n<meta property=\"article:modified_time\" content=\"2026-03-26T06:56:39+00:00\" \/>\n<meta property=\"og:image\" content=\"https:\/\/www.myst.gr\/wp-content\/uploads\/2025\/12\/Preworkout-1.jpg\" \/>\n\t<meta property=\"og:image:width\" content=\"1000\" \/>\n\t<meta property=\"og:image:height\" content=\"1000\" \/>\n\t<meta property=\"og:image:type\" content=\"image\/jpeg\" \/>\n<meta name=\"twitter:card\" content=\"summary_large_image\" \/>\n<meta name=\"twitter:label1\" content=\"Gesch\u00e4tzte Lesezeit\" \/>\n\t<meta name=\"twitter:data1\" content=\"1\u00a0Minute\" \/>\n<script type=\"application\/ld+json\" class=\"yoast-schema-graph\">{\"@context\":\"https:\\\/\\\/schema.org\",\"@graph\":[{\"@type\":\"WebPage\",\"@id\":\"https:\\\/\\\/www.myst.gr\\\/product\\\/pre-workout\\\/\",\"url\":\"https:\\\/\\\/www.myst.gr\\\/product\\\/pre-workout\\\/\",\"name\":\"PRE-WORKOUT | Natural Fitness Boost - MYST\",\"isPartOf\":{\"@id\":\"https:\\\/\\\/www.myst.gr\\\/#website\"},\"primaryImageOfPage\":{\"@id\":\"https:\\\/\\\/www.myst.gr\\\/product\\\/pre-workout\\\/#primaryimage\"},\"image\":{\"@id\":\"https:\\\/\\\/www.myst.gr\\\/product\\\/pre-workout\\\/#primaryimage\"},\"thumbnailUrl\":\"https:\\\/\\\/www.myst.gr\\\/wp-content\\\/uploads\\\/2025\\\/12\\\/Preworkout-1.jpg\",\"datePublished\":\"2025-12-04T11:21:12+00:00\",\"dateModified\":\"2026-03-26T06:56:39+00:00\",\"description\":\"Provides a sense of energy, alertness and readiness before exercise, with a refreshing and invigorating taste. Designed for focus, vitality and athletic\",\"breadcrumb\":{\"@id\":\"https:\\\/\\\/www.myst.gr\\\/product\\\/pre-workout\\\/#breadcrumb\"},\"inLanguage\":\"de\",\"potentialAction\":[{\"@type\":\"ReadAction\",\"target\":[\"https:\\\/\\\/www.myst.gr\\\/product\\\/pre-workout\\\/\"]}]},{\"@type\":\"ImageObject\",\"inLanguage\":\"de\",\"@id\":\"https:\\\/\\\/www.myst.gr\\\/product\\\/pre-workout\\\/#primaryimage\",\"url\":\"https:\\\/\\\/www.myst.gr\\\/wp-content\\\/uploads\\\/2025\\\/12\\\/Preworkout-1.jpg\",\"contentUrl\":\"https:\\\/\\\/www.myst.gr\\\/wp-content\\\/uploads\\\/2025\\\/12\\\/Preworkout-1.jpg\",\"width\":1000,\"height\":1000},{\"@type\":\"BreadcrumbList\",\"@id\":\"https:\\\/\\\/www.myst.gr\\\/product\\\/pre-workout\\\/#breadcrumb\",\"itemListElement\":[{\"@type\":\"ListItem\",\"position\":1,\"name\":\"Home\",\"item\":\"https:\\\/\\\/www.myst.gr\\\/\"},{\"@type\":\"ListItem\",\"position\":2,\"name\":\"Shop\",\"item\":\"https:\\\/\\\/www.myst.gr\\\/?page_id=628\"},{\"@type\":\"ListItem\",\"position\":3,\"name\":\"PRE-WORKOUT | Natural Fitness Boost\"}]},{\"@type\":\"WebSite\",\"@id\":\"https:\\\/\\\/www.myst.gr\\\/#website\",\"url\":\"https:\\\/\\\/www.myst.gr\\\/\",\"name\":\"MYST\",\"description\":\"| Discover the Taste of Greece\",\"publisher\":{\"@id\":\"https:\\\/\\\/www.myst.gr\\\/#organization\"},\"potentialAction\":[{\"@type\":\"SearchAction\",\"target\":{\"@type\":\"EntryPoint\",\"urlTemplate\":\"https:\\\/\\\/www.myst.gr\\\/?s={search_term_string}\"},\"query-input\":{\"@type\":\"PropertyValueSpecification\",\"valueRequired\":true,\"valueName\":\"search_term_string\"}}],\"inLanguage\":\"de\"},{\"@type\":\"Organization\",\"@id\":\"https:\\\/\\\/www.myst.gr\\\/#organization\",\"name\":\"MYST\",\"url\":\"https:\\\/\\\/www.myst.gr\\\/\",\"logo\":{\"@type\":\"ImageObject\",\"inLanguage\":\"de\",\"@id\":\"https:\\\/\\\/www.myst.gr\\\/#\\\/schema\\\/logo\\\/image\\\/\",\"url\":\"https:\\\/\\\/www.myst.gr\\\/wp-content\\\/uploads\\\/2023\\\/01\\\/cropped-logomini.png\",\"contentUrl\":\"https:\\\/\\\/www.myst.gr\\\/wp-content\\\/uploads\\\/2023\\\/01\\\/cropped-logomini.png\",\"width\":780,\"height\":780,\"caption\":\"MYST\"},\"image\":{\"@id\":\"https:\\\/\\\/www.myst.gr\\\/#\\\/schema\\\/logo\\\/image\\\/\"}}]}<\/script>\n<!-- \/ Yoast SEO plugin. -->","yoast_head_json":{"title":"PRE-WORKOUT | Natural Fitness Boost - MYST","description":"Provides a sense of energy, alertness and readiness before exercise, with a refreshing and invigorating taste. Designed for focus, vitality and athletic","robots":{"index":"index","follow":"follow","max-snippet":"max-snippet:-1","max-image-preview":"max-image-preview:large","max-video-preview":"max-video-preview:-1"},"canonical":"https:\/\/www.myst.gr\/de\/produkt\/pre-workout\/","og_locale":"de_DE","og_type":"article","og_title":"PRE-WORKOUT | Natural Fitness Boost - MYST","og_description":"Provides a sense of energy, alertness and readiness before exercise, with a refreshing and invigorating taste. Designed for focus, vitality and athletic","og_url":"https:\/\/www.myst.gr\/de\/produkt\/pre-workout\/","og_site_name":"MYST","article_modified_time":"2026-03-26T06:56:39+00:00","og_image":[{"width":1000,"height":1000,"url":"https:\/\/www.myst.gr\/wp-content\/uploads\/2025\/12\/Preworkout-1.jpg","type":"image\/jpeg"}],"twitter_card":"summary_large_image","twitter_misc":{"Gesch\u00e4tzte Lesezeit":"1\u00a0Minute"},"schema":{"@context":"https:\/\/schema.org","@graph":[{"@type":"WebPage","@id":"https:\/\/www.myst.gr\/product\/pre-workout\/","url":"https:\/\/www.myst.gr\/product\/pre-workout\/","name":"PRE-WORKOUT | Natural Fitness Boost - MYST","isPartOf":{"@id":"https:\/\/www.myst.gr\/#website"},"primaryImageOfPage":{"@id":"https:\/\/www.myst.gr\/product\/pre-workout\/#primaryimage"},"image":{"@id":"https:\/\/www.myst.gr\/product\/pre-workout\/#primaryimage"},"thumbnailUrl":"https:\/\/www.myst.gr\/wp-content\/uploads\/2025\/12\/Preworkout-1.jpg","datePublished":"2025-12-04T11:21:12+00:00","dateModified":"2026-03-26T06:56:39+00:00","description":"Provides a sense of energy, alertness and readiness before exercise, with a refreshing and invigorating taste. Designed for focus, vitality and athletic","breadcrumb":{"@id":"https:\/\/www.myst.gr\/product\/pre-workout\/#breadcrumb"},"inLanguage":"de","potentialAction":[{"@type":"ReadAction","target":["https:\/\/www.myst.gr\/product\/pre-workout\/"]}]},{"@type":"ImageObject","inLanguage":"de","@id":"https:\/\/www.myst.gr\/product\/pre-workout\/#primaryimage","url":"https:\/\/www.myst.gr\/wp-content\/uploads\/2025\/12\/Preworkout-1.jpg","contentUrl":"https:\/\/www.myst.gr\/wp-content\/uploads\/2025\/12\/Preworkout-1.jpg","width":1000,"height":1000},{"@type":"BreadcrumbList","@id":"https:\/\/www.myst.gr\/product\/pre-workout\/#breadcrumb","itemListElement":[{"@type":"ListItem","position":1,"name":"Home","item":"https:\/\/www.myst.gr\/"},{"@type":"ListItem","position":2,"name":"Shop","item":"https:\/\/www.myst.gr\/?page_id=628"},{"@type":"ListItem","position":3,"name":"PRE-WORKOUT | Natural Fitness Boost"}]},{"@type":"WebSite","@id":"https:\/\/www.myst.gr\/#website","url":"https:\/\/www.myst.gr\/","name":"MYST","description":"| Discover the Taste of Greece","publisher":{"@id":"https:\/\/www.myst.gr\/#organization"},"potentialAction":[{"@type":"SearchAction","target":{"@type":"EntryPoint","urlTemplate":"https:\/\/www.myst.gr\/?s={search_term_string}"},"query-input":{"@type":"PropertyValueSpecification","valueRequired":true,"valueName":"search_term_string"}}],"inLanguage":"de"},{"@type":"Organization","@id":"https:\/\/www.myst.gr\/#organization","name":"MYST","url":"https:\/\/www.myst.gr\/","logo":{"@type":"ImageObject","inLanguage":"de","@id":"https:\/\/www.myst.gr\/#\/schema\/logo\/image\/","url":"https:\/\/www.myst.gr\/wp-content\/uploads\/2023\/01\/cropped-logomini.png","contentUrl":"https:\/\/www.myst.gr\/wp-content\/uploads\/2023\/01\/cropped-logomini.png","width":780,"height":780,"caption":"MYST"},"image":{"@id":"https:\/\/www.myst.gr\/#\/schema\/logo\/image\/"}}]}},"_links":{"self":[{"href":"https:\/\/www.myst.gr\/de\/wp-json\/wp\/v2\/product\/22033","targetHints":{"allow":["GET"]}}],"collection":[{"href":"https:\/\/www.myst.gr\/de\/wp-json\/wp\/v2\/product"}],"about":[{"href":"https:\/\/www.myst.gr\/de\/wp-json\/wp\/v2\/types\/product"}],"wp:featuredmedia":[{"embeddable":true,"href":"https:\/\/www.myst.gr\/de\/wp-json\/wp\/v2\/media\/22041"}],"wp:attachment":[{"href":"https:\/\/www.myst.gr\/de\/wp-json\/wp\/v2\/media?parent=22033"}],"wp:term":[{"taxonomy":"product_cat","embeddable":true,"href":"https:\/\/www.myst.gr\/de\/wp-json\/wp\/v2\/product_cat?post=22033"},{"taxonomy":"product_tag","embeddable":true,"href":"https:\/\/www.myst.gr\/de\/wp-json\/wp\/v2\/product_tag?post=22033"}],"curies":[{"name":"wp","href":"https:\/\/api.w.org\/{rel}","templated":true}]}}