{"id":21913,"date":"2025-12-03T14:37:11","date_gmt":"2025-12-03T14:37:11","guid":{"rendered":"https:\/\/www.myst.gr\/?post_type=product&#038;p=21913"},"modified":"2026-03-26T06:56:22","modified_gmt":"2026-03-26T06:56:22","slug":"immune-fire","status":"publish","type":"product","link":"https:\/\/www.myst.gr\/de\/product\/immune-fire\/","title":{"rendered":"IMMUNE FIRE | Starkes Immunsystem"},"content":{"rendered":"<p class=\"p1\"><span class=\"s1\"><b>IMMUNE FIRE<\/b><\/span> ist ein intensiver Kr\u00e4uter\u2013Gew\u00fcrzshot mit Ingwer, Kurkuma und schwarzem Pfeffer. Entwickelt f\u00fcr nat\u00fcrliche Abwehrkraft und sofortige Aktivierung, bietet er einen warmen, w\u00fcrzigen Kick, der die Sinne weckt und einen starken Start in den Tag unterst\u00fctzt. Dank seiner reinen Zusammensetzung eignet er sich ideal f\u00fcr alle, die einen nat\u00fcrlichen, schnellen und effektiven Energie-Boost suchen.<\/p>\n<p><strong>Wesentliche Vorteile:<\/strong><br \/>\n\u2022 Nat\u00fcrliche Abwehr &amp; t\u00e4gliche Unterst\u00fctzung<br \/>\n\u2022 Sofortige, w\u00e4rmende Aktivierung<br \/>\n\u2022 Starkes Ingwer\u2013Kurkuma-Profil<br \/>\n\u2022 Kein Zucker \u2022 Keine Zusatzstoffe \u2022 100% nat\u00fcrlich<\/p>\n<p><strong>Geschmack :\u00a0<\/strong>W\u00fcrzig, warm, erdig, mit zitrusfrischen Noten aus Zitronenpulver.<\/p>\n<p><strong>Anwendung :\u00a0<\/strong>Mischen Sie\u00a0<strong>5g<\/strong>\u00a0in\u00a0<strong>80ml<\/strong>\u00a0Wasser mischen, gut sch\u00fctteln und sofort trinken.<\/p>\n<p><strong>Komponenten :<\/strong>\u00a0Ingwerpulver, Kurkumapulver, Zitronenpulver, Schwarzer Pfeffer, Reismehl.<\/p>\n<p><strong><span class=\"s1\">Deklaration von Allergenen<\/span><\/strong><\/p>\n<p><span class=\"s1\">Wir verstehen die Bedeutung von Nahrungsmittelallergien und Nahrungs-empfindlichkeiten und werden diese Zutaten immer auf unserem Etikett in den Angaben aller Zutaten bekanntgeben - sie werden niemals unter den Worten \"Gew\u00fcrze\" oder \"nat\u00fcrliche Aromen\" versteckt:<\/span><\/p>\n<p><span class=\"s1\">F\u00fcr die aktuellsten Informationen zu Allergenen und N\u00e4hrstoffen ist es wichtig, beim Kauf die Inhaltsstoffangabe auf der Verpackung zu lesen.<\/span><\/p>\n<p>&nbsp;<\/p>\n<p>&nbsp;<\/p>","protected":false},"excerpt":{"rendered":"<p>Nat\u00fcrliche Mischung aus Ingwer, Kurkuma und Zitrone mit schwarzem Pfeffer. Unterst\u00fctzt das Immunsystem und st\u00e4rkt die nat\u00fcrliche Vitalit\u00e4t. Inspiriert vom bekannten \u201eGinger Shot\u201c vereint diese kraftvolle Mischung die warme, w\u00fcrzige Intensit\u00e4t frischer Wurzeln in einer sauberen, leicht anzur\u00fchrenden Form.<\/p>\n<p><strong>Menge: e 90g \/ 18 Portionen \u00e0 5g<\/strong><\/p>\n<p><a href=\"https:\/\/store.myst.gr\/de\/product\/immune-fire\/\" target=\"_blank\" rel=\"noopener\"><img decoding=\"async\" class=\"alignnone wp-image-11129 size-full\" src=\"https:\/\/www.myst.gr\/wp-content\/uploads\/2021\/08\/Untitled-2.svg\" alt=\"\" width=\"200\" height=\"70\" \/><\/a><a href=\"https:\/\/www.myst.gr\/de\/wholesale-dashboard\/\"><img decoding=\"async\" class=\"alignnone wp-image-11130 size-full\" src=\"https:\/\/www.myst.gr\/wp-content\/uploads\/2021\/08\/Untitled-3.svg\" alt=\"\" width=\"200\" height=\"70\" \/><\/a><\/p>","protected":false},"featured_media":21919,"template":"","meta":[],"product_cat":[173,144],"product_tag":[],"class_list":{"0":"post-21913","1":"product","2":"type-product","3":"status-publish","4":"has-post-thumbnail","6":"product_cat-shots-drinks","7":"product_cat-saltsandspices","9":"first","10":"instock","11":"product-type-simple","swatches":"rey-swatches","show_selected":""},"yoast_head":"<!-- This site is optimized with the Yoast SEO plugin v27.4 - https:\/\/yoast.com\/product\/yoast-seo-wordpress\/ -->\n<title>IMMUNE FIRE | Powerful Immune Support - MYST<\/title>\n<meta name=\"description\" content=\"Inspired by the famous \u201cginger shot\u201d, this powerful blend captures the warm, spicy intensity of fresh roots in a clean, ready-to-mix formula.\" \/>\n<meta name=\"robots\" content=\"index, follow, max-snippet:-1, max-image-preview:large, max-video-preview:-1\" \/>\n<link rel=\"canonical\" href=\"https:\/\/www.myst.gr\/de\/produkt\/immune-fire\/\" \/>\n<meta property=\"og:locale\" content=\"de_DE\" \/>\n<meta property=\"og:type\" content=\"article\" \/>\n<meta property=\"og:title\" content=\"IMMUNE FIRE | Powerful Immune Support - MYST\" \/>\n<meta property=\"og:description\" content=\"Inspired by the famous \u201cginger shot\u201d, this powerful blend captures the warm, spicy intensity of fresh roots in a clean, ready-to-mix formula.\" \/>\n<meta property=\"og:url\" content=\"https:\/\/www.myst.gr\/de\/produkt\/immune-fire\/\" \/>\n<meta property=\"og:site_name\" content=\"MYST\" \/>\n<meta property=\"article:modified_time\" content=\"2026-03-26T06:56:22+00:00\" \/>\n<meta property=\"og:image\" content=\"https:\/\/www.myst.gr\/wp-content\/uploads\/2025\/12\/Ginger-shot-1.jpg\" \/>\n\t<meta property=\"og:image:width\" content=\"1000\" \/>\n\t<meta property=\"og:image:height\" content=\"1000\" \/>\n\t<meta property=\"og:image:type\" content=\"image\/jpeg\" \/>\n<meta name=\"twitter:card\" content=\"summary_large_image\" \/>\n<meta name=\"twitter:label1\" content=\"Gesch\u00e4tzte Lesezeit\" \/>\n\t<meta name=\"twitter:data1\" content=\"1\u00a0Minute\" \/>\n<script type=\"application\/ld+json\" class=\"yoast-schema-graph\">{\"@context\":\"https:\\\/\\\/schema.org\",\"@graph\":[{\"@type\":\"WebPage\",\"@id\":\"https:\\\/\\\/www.myst.gr\\\/product\\\/immune-fire\\\/\",\"url\":\"https:\\\/\\\/www.myst.gr\\\/product\\\/immune-fire\\\/\",\"name\":\"IMMUNE FIRE | Powerful Immune Support - MYST\",\"isPartOf\":{\"@id\":\"https:\\\/\\\/www.myst.gr\\\/#website\"},\"primaryImageOfPage\":{\"@id\":\"https:\\\/\\\/www.myst.gr\\\/product\\\/immune-fire\\\/#primaryimage\"},\"image\":{\"@id\":\"https:\\\/\\\/www.myst.gr\\\/product\\\/immune-fire\\\/#primaryimage\"},\"thumbnailUrl\":\"https:\\\/\\\/www.myst.gr\\\/wp-content\\\/uploads\\\/2025\\\/12\\\/Ginger-shot-1.jpg\",\"datePublished\":\"2025-12-03T14:37:11+00:00\",\"dateModified\":\"2026-03-26T06:56:22+00:00\",\"description\":\"Inspired by the famous \u201cginger shot\u201d, this powerful blend captures the warm, spicy intensity of fresh roots in a clean, ready-to-mix formula.\",\"breadcrumb\":{\"@id\":\"https:\\\/\\\/www.myst.gr\\\/product\\\/immune-fire\\\/#breadcrumb\"},\"inLanguage\":\"de\",\"potentialAction\":[{\"@type\":\"ReadAction\",\"target\":[\"https:\\\/\\\/www.myst.gr\\\/product\\\/immune-fire\\\/\"]}]},{\"@type\":\"ImageObject\",\"inLanguage\":\"de\",\"@id\":\"https:\\\/\\\/www.myst.gr\\\/product\\\/immune-fire\\\/#primaryimage\",\"url\":\"https:\\\/\\\/www.myst.gr\\\/wp-content\\\/uploads\\\/2025\\\/12\\\/Ginger-shot-1.jpg\",\"contentUrl\":\"https:\\\/\\\/www.myst.gr\\\/wp-content\\\/uploads\\\/2025\\\/12\\\/Ginger-shot-1.jpg\",\"width\":1000,\"height\":1000},{\"@type\":\"BreadcrumbList\",\"@id\":\"https:\\\/\\\/www.myst.gr\\\/product\\\/immune-fire\\\/#breadcrumb\",\"itemListElement\":[{\"@type\":\"ListItem\",\"position\":1,\"name\":\"Home\",\"item\":\"https:\\\/\\\/www.myst.gr\\\/\"},{\"@type\":\"ListItem\",\"position\":2,\"name\":\"Shop\",\"item\":\"https:\\\/\\\/www.myst.gr\\\/?page_id=628\"},{\"@type\":\"ListItem\",\"position\":3,\"name\":\"IMMUNE FIRE | Powerful Immune Support\"}]},{\"@type\":\"WebSite\",\"@id\":\"https:\\\/\\\/www.myst.gr\\\/#website\",\"url\":\"https:\\\/\\\/www.myst.gr\\\/\",\"name\":\"MYST\",\"description\":\"| Discover the Taste of Greece\",\"publisher\":{\"@id\":\"https:\\\/\\\/www.myst.gr\\\/#organization\"},\"potentialAction\":[{\"@type\":\"SearchAction\",\"target\":{\"@type\":\"EntryPoint\",\"urlTemplate\":\"https:\\\/\\\/www.myst.gr\\\/?s={search_term_string}\"},\"query-input\":{\"@type\":\"PropertyValueSpecification\",\"valueRequired\":true,\"valueName\":\"search_term_string\"}}],\"inLanguage\":\"de\"},{\"@type\":\"Organization\",\"@id\":\"https:\\\/\\\/www.myst.gr\\\/#organization\",\"name\":\"MYST\",\"url\":\"https:\\\/\\\/www.myst.gr\\\/\",\"logo\":{\"@type\":\"ImageObject\",\"inLanguage\":\"de\",\"@id\":\"https:\\\/\\\/www.myst.gr\\\/#\\\/schema\\\/logo\\\/image\\\/\",\"url\":\"https:\\\/\\\/www.myst.gr\\\/wp-content\\\/uploads\\\/2023\\\/01\\\/cropped-logomini.png\",\"contentUrl\":\"https:\\\/\\\/www.myst.gr\\\/wp-content\\\/uploads\\\/2023\\\/01\\\/cropped-logomini.png\",\"width\":780,\"height\":780,\"caption\":\"MYST\"},\"image\":{\"@id\":\"https:\\\/\\\/www.myst.gr\\\/#\\\/schema\\\/logo\\\/image\\\/\"}}]}<\/script>\n<!-- \/ Yoast SEO plugin. -->","yoast_head_json":{"title":"IMMUNE FIRE | Powerful Immune Support - MYST","description":"Inspired by the famous \u201cginger shot\u201d, this powerful blend captures the warm, spicy intensity of fresh roots in a clean, ready-to-mix formula.","robots":{"index":"index","follow":"follow","max-snippet":"max-snippet:-1","max-image-preview":"max-image-preview:large","max-video-preview":"max-video-preview:-1"},"canonical":"https:\/\/www.myst.gr\/de\/produkt\/immune-fire\/","og_locale":"de_DE","og_type":"article","og_title":"IMMUNE FIRE | Powerful Immune Support - MYST","og_description":"Inspired by the famous \u201cginger shot\u201d, this powerful blend captures the warm, spicy intensity of fresh roots in a clean, ready-to-mix formula.","og_url":"https:\/\/www.myst.gr\/de\/produkt\/immune-fire\/","og_site_name":"MYST","article_modified_time":"2026-03-26T06:56:22+00:00","og_image":[{"width":1000,"height":1000,"url":"https:\/\/www.myst.gr\/wp-content\/uploads\/2025\/12\/Ginger-shot-1.jpg","type":"image\/jpeg"}],"twitter_card":"summary_large_image","twitter_misc":{"Gesch\u00e4tzte Lesezeit":"1\u00a0Minute"},"schema":{"@context":"https:\/\/schema.org","@graph":[{"@type":"WebPage","@id":"https:\/\/www.myst.gr\/product\/immune-fire\/","url":"https:\/\/www.myst.gr\/product\/immune-fire\/","name":"IMMUNE FIRE | Powerful Immune Support - MYST","isPartOf":{"@id":"https:\/\/www.myst.gr\/#website"},"primaryImageOfPage":{"@id":"https:\/\/www.myst.gr\/product\/immune-fire\/#primaryimage"},"image":{"@id":"https:\/\/www.myst.gr\/product\/immune-fire\/#primaryimage"},"thumbnailUrl":"https:\/\/www.myst.gr\/wp-content\/uploads\/2025\/12\/Ginger-shot-1.jpg","datePublished":"2025-12-03T14:37:11+00:00","dateModified":"2026-03-26T06:56:22+00:00","description":"Inspired by the famous \u201cginger shot\u201d, this powerful blend captures the warm, spicy intensity of fresh roots in a clean, ready-to-mix formula.","breadcrumb":{"@id":"https:\/\/www.myst.gr\/product\/immune-fire\/#breadcrumb"},"inLanguage":"de","potentialAction":[{"@type":"ReadAction","target":["https:\/\/www.myst.gr\/product\/immune-fire\/"]}]},{"@type":"ImageObject","inLanguage":"de","@id":"https:\/\/www.myst.gr\/product\/immune-fire\/#primaryimage","url":"https:\/\/www.myst.gr\/wp-content\/uploads\/2025\/12\/Ginger-shot-1.jpg","contentUrl":"https:\/\/www.myst.gr\/wp-content\/uploads\/2025\/12\/Ginger-shot-1.jpg","width":1000,"height":1000},{"@type":"BreadcrumbList","@id":"https:\/\/www.myst.gr\/product\/immune-fire\/#breadcrumb","itemListElement":[{"@type":"ListItem","position":1,"name":"Home","item":"https:\/\/www.myst.gr\/"},{"@type":"ListItem","position":2,"name":"Shop","item":"https:\/\/www.myst.gr\/?page_id=628"},{"@type":"ListItem","position":3,"name":"IMMUNE FIRE | Powerful Immune Support"}]},{"@type":"WebSite","@id":"https:\/\/www.myst.gr\/#website","url":"https:\/\/www.myst.gr\/","name":"MYST","description":"| Discover the Taste of Greece","publisher":{"@id":"https:\/\/www.myst.gr\/#organization"},"potentialAction":[{"@type":"SearchAction","target":{"@type":"EntryPoint","urlTemplate":"https:\/\/www.myst.gr\/?s={search_term_string}"},"query-input":{"@type":"PropertyValueSpecification","valueRequired":true,"valueName":"search_term_string"}}],"inLanguage":"de"},{"@type":"Organization","@id":"https:\/\/www.myst.gr\/#organization","name":"MYST","url":"https:\/\/www.myst.gr\/","logo":{"@type":"ImageObject","inLanguage":"de","@id":"https:\/\/www.myst.gr\/#\/schema\/logo\/image\/","url":"https:\/\/www.myst.gr\/wp-content\/uploads\/2023\/01\/cropped-logomini.png","contentUrl":"https:\/\/www.myst.gr\/wp-content\/uploads\/2023\/01\/cropped-logomini.png","width":780,"height":780,"caption":"MYST"},"image":{"@id":"https:\/\/www.myst.gr\/#\/schema\/logo\/image\/"}}]}},"_links":{"self":[{"href":"https:\/\/www.myst.gr\/de\/wp-json\/wp\/v2\/product\/21913","targetHints":{"allow":["GET"]}}],"collection":[{"href":"https:\/\/www.myst.gr\/de\/wp-json\/wp\/v2\/product"}],"about":[{"href":"https:\/\/www.myst.gr\/de\/wp-json\/wp\/v2\/types\/product"}],"wp:featuredmedia":[{"embeddable":true,"href":"https:\/\/www.myst.gr\/de\/wp-json\/wp\/v2\/media\/21919"}],"wp:attachment":[{"href":"https:\/\/www.myst.gr\/de\/wp-json\/wp\/v2\/media?parent=21913"}],"wp:term":[{"taxonomy":"product_cat","embeddable":true,"href":"https:\/\/www.myst.gr\/de\/wp-json\/wp\/v2\/product_cat?post=21913"},{"taxonomy":"product_tag","embeddable":true,"href":"https:\/\/www.myst.gr\/de\/wp-json\/wp\/v2\/product_tag?post=21913"}],"curies":[{"name":"wp","href":"https:\/\/api.w.org\/{rel}","templated":true}]}}