{"id":21423,"date":"2025-11-11T12:11:39","date_gmt":"2025-11-11T12:11:39","guid":{"rendered":"https:\/\/www.myst.gr\/?post_type=product&#038;p=21423"},"modified":"2026-03-25T07:03:20","modified_gmt":"2026-03-25T07:03:20","slug":"hot-paprika","status":"publish","type":"product","link":"https:\/\/www.myst.gr\/de\/product\/hot-paprika\/","title":{"rendered":"Scharfes Paprikapulver (Bukovo \/ Chiliflocken)"},"content":{"rendered":"<p>Scharfe Chiliflocken werden aus sorgf\u00e4ltig ausgew\u00e4hlten roten Chilischoten hergestellt, die nat\u00fcrlich getrocknet und schonend zerkleinert werden, um ihre Sch\u00e4rfe, Farbe und ihr volles Aroma zu bewahren.<\/p>\n<p>Sie verleihen jedem Gericht eine w\u00fcrzige Sch\u00e4rfe und ein warmes, rauchiges Aroma \u2013 von Eint\u00f6pfen, Fleisch und Pasta bis hin zu Suppen, Pizzen und H\u00fclsenfr\u00fcchten.<\/p>\n<h3><b>\ud83c\udf73 Anwendung<\/b><\/h3>\n<p>Scharfe Chiliflocken verleihen jedem Gericht kr\u00e4ftigen Geschmack und Charakter.\nVerwenden Sie sie in H\u00fclsenfr\u00fcchten, Gem\u00fcsegerichten, Suppen, Bratkartoffeln, Trachanas, gegrilltem Gem\u00fcse, Pasta, Fleisch, Gefl\u00fcgel oder Meeresfr\u00fcchten, um eine nat\u00fcrlich scharfe und aromatische Note zu erzeugen.<\/p>\n<p>Ideal auch f\u00fcr So\u00dfen, Pizzen, Dressings, Marinaden und Omeletts \u2013 oder als Basis f\u00fcr eigene Gew\u00fcrzmischungen. Sie k\u00f6nnen sie auch verwenden, um Oliven\u00f6l zu aromatisieren und pikante Dips oder Marinaden mit mediterranem Flair zu kreieren.<\/p>\n<p>Genie\u00dfen Sie ihre nat\u00fcrliche Sch\u00e4rfe in Ma\u00dfen und verleihen Sie Ihren Gerichten authentischen mediterranen Geschmack.<\/p>\n<p><strong>\ud83e\ude7a Hinweis:<\/strong><\/p>\n<p>Die bereitgestellten Informationen dienen ausschlie\u00dflich Informationszwecken und stellen keine medizinische Beratung dar.<br \/>\nBei gesundheitlichen Fragen wenden Sie sich bitte an Ihren Arzt oder Ern\u00e4hrungsberater.<\/p>","protected":false},"excerpt":{"rendered":"<div class=\"page\" title=\"Page 5\">\n<div class=\"section\">\n<div class=\"layoutArea\">\n<div class=\"column\">\n<div class=\"page\" title=\"Page 6\">\n<div class=\"section\">\n<div class=\"layoutArea\">\n<div class=\"column\">\n<div class=\"page\" title=\"Page 5\">\n<div class=\"section\">\n<div class=\"layoutArea\">\n<div class=\"column\">\n<div class=\"page\" title=\"Page 6\">\n<div class=\"section\">\n<div class=\"layoutArea\">\n<div class=\"column\">\n<div class=\"page\" title=\"Page 14\">\n<div class=\"layoutArea\">\n<div class=\"column\">\n<div class=\"page\" title=\"Page 14\">\n<div class=\"layoutArea\">\n<div class=\"column\">\n<div class=\"page\" title=\"Page 5\">\n<div class=\"section\">\n<div class=\"layoutArea\">\n<div class=\"column\">\n<div class=\"page\" title=\"Page 6\">\n<div class=\"section\">\n<div class=\"layoutArea\">\n<div class=\"column\">\n<div class=\"page\" title=\"Page 5\">\n<div class=\"section\">\n<div class=\"layoutArea\">\n<div class=\"column\">\n<div class=\"page\" title=\"Page 6\">\n<div class=\"section\">\n<div class=\"layoutArea\">\n<div class=\"column\">\n<div class=\"page\" title=\"Page 5\">\n<div class=\"section\">\n<div class=\"layoutArea\">\n<div class=\"column\">\n<div class=\"page\" title=\"Page 6\">\n<div class=\"section\">\n<div class=\"layoutArea\">\n<div class=\"column\">\n<p class=\"p1\">Perfekt f\u00fcr alle, die intensive mediterrane Aromen lieben!<\/p>\n<p class=\"p1\">Ohne Konservierungsstoffe oder Zusatzstoffe. 100% nat\u00fcrliches Produkt.<\/p>\n<p><strong>inhalt : e 60g<\/strong><\/p>\n<\/div>\n<\/div>\n<\/div>\n<\/div>\n<\/div>\n<\/div>\n<\/div>\n<\/div>\n<\/div>\n<\/div>\n<\/div>\n<\/div>\n<\/div>\n<\/div>\n<\/div>\n<\/div>\n<\/div>\n<\/div>\n<\/div>\n<\/div>\n<\/div>\n<\/div>\n<\/div>\n<\/div>\n<p><a href=\"https:\/\/store.myst.gr\/de\/product\/chilli-flakes\/\" target=\"_blank\" rel=\"noopener\"><img decoding=\"async\" class=\"alignnone wp-image-11129 size-full\" src=\"https:\/\/www.myst.gr\/wp-content\/uploads\/2021\/08\/Untitled-2.svg\" alt=\"\" width=\"200\" height=\"70\" \/><\/a><a href=\"https:\/\/www.myst.gr\/de\/wholesale-dashboard\/\"><img decoding=\"async\" class=\"alignnone wp-image-11130 size-full\" src=\"https:\/\/www.myst.gr\/wp-content\/uploads\/2021\/08\/Untitled-3.svg\" alt=\"\" width=\"200\" height=\"70\" \/><\/a><\/p>\n<\/div>\n<\/div>\n<\/div>\n<\/div>\n<\/div>\n<\/div>\n<\/div>\n<\/div>\n<\/div>\n<\/div>\n<\/div>\n<\/div>\n<\/div>\n<\/div>\n<\/div>\n<\/div>\n<\/div>\n<\/div>\n<\/div>\n<\/div>\n<\/div>\n<\/div>","protected":false},"featured_media":21292,"template":"","meta":[],"product_cat":[162,144],"product_tag":[],"class_list":{"0":"post-21423","1":"product","2":"type-product","3":"status-publish","4":"has-post-thumbnail","6":"product_cat-spices","7":"product_cat-saltsandspices","9":"first","10":"instock","11":"product-type-simple","swatches":"rey-swatches","show_selected":""},"yoast_head":"<!-- This site is optimized with the Yoast SEO plugin v27.4 - https:\/\/yoast.com\/product\/yoast-seo-wordpress\/ -->\n<title>Hot Paprika (Bukovo) - MYST<\/title>\n<meta name=\"description\" content=\"Hot Chili Flakes are made from carefully selected red chili peppers, naturally dried and gently crushed to preserve their full heat, color, and aroma.\" \/>\n<meta name=\"robots\" content=\"index, follow, max-snippet:-1, max-image-preview:large, max-video-preview:-1\" \/>\n<link rel=\"canonical\" href=\"https:\/\/www.myst.gr\/de\/produkt\/hot-paprika\/\" \/>\n<meta property=\"og:locale\" content=\"de_DE\" \/>\n<meta property=\"og:type\" content=\"article\" \/>\n<meta property=\"og:title\" content=\"Hot Paprika (Bukovo) - MYST\" \/>\n<meta property=\"og:description\" content=\"Hot Chili Flakes are made from carefully selected red chili peppers, naturally dried and gently crushed to preserve their full heat, color, and aroma.\" \/>\n<meta property=\"og:url\" content=\"https:\/\/www.myst.gr\/de\/produkt\/hot-paprika\/\" \/>\n<meta property=\"og:site_name\" content=\"MYST\" \/>\n<meta property=\"article:modified_time\" content=\"2026-03-25T07:03:20+00:00\" \/>\n<meta property=\"og:image\" content=\"https:\/\/www.myst.gr\/wp-content\/uploads\/2025\/11\/boukovo-1.jpg\" \/>\n\t<meta property=\"og:image:width\" content=\"1000\" \/>\n\t<meta property=\"og:image:height\" content=\"1000\" \/>\n\t<meta property=\"og:image:type\" content=\"image\/jpeg\" \/>\n<meta name=\"twitter:card\" content=\"summary_large_image\" \/>\n<meta name=\"twitter:label1\" content=\"Gesch\u00e4tzte Lesezeit\" \/>\n\t<meta name=\"twitter:data1\" content=\"1\u00a0Minute\" \/>\n<script type=\"application\/ld+json\" class=\"yoast-schema-graph\">{\"@context\":\"https:\\\/\\\/schema.org\",\"@graph\":[{\"@type\":\"WebPage\",\"@id\":\"https:\\\/\\\/www.myst.gr\\\/product\\\/hot-paprika\\\/\",\"url\":\"https:\\\/\\\/www.myst.gr\\\/product\\\/hot-paprika\\\/\",\"name\":\"Hot Paprika (Bukovo) - MYST\",\"isPartOf\":{\"@id\":\"https:\\\/\\\/www.myst.gr\\\/#website\"},\"primaryImageOfPage\":{\"@id\":\"https:\\\/\\\/www.myst.gr\\\/product\\\/hot-paprika\\\/#primaryimage\"},\"image\":{\"@id\":\"https:\\\/\\\/www.myst.gr\\\/product\\\/hot-paprika\\\/#primaryimage\"},\"thumbnailUrl\":\"https:\\\/\\\/www.myst.gr\\\/wp-content\\\/uploads\\\/2025\\\/11\\\/boukovo-1.jpg\",\"datePublished\":\"2025-11-11T12:11:39+00:00\",\"dateModified\":\"2026-03-25T07:03:20+00:00\",\"description\":\"Hot Chili Flakes are made from carefully selected red chili peppers, naturally dried and gently crushed to preserve their full heat, color, and aroma.\",\"breadcrumb\":{\"@id\":\"https:\\\/\\\/www.myst.gr\\\/product\\\/hot-paprika\\\/#breadcrumb\"},\"inLanguage\":\"de\",\"potentialAction\":[{\"@type\":\"ReadAction\",\"target\":[\"https:\\\/\\\/www.myst.gr\\\/product\\\/hot-paprika\\\/\"]}]},{\"@type\":\"ImageObject\",\"inLanguage\":\"de\",\"@id\":\"https:\\\/\\\/www.myst.gr\\\/product\\\/hot-paprika\\\/#primaryimage\",\"url\":\"https:\\\/\\\/www.myst.gr\\\/wp-content\\\/uploads\\\/2025\\\/11\\\/boukovo-1.jpg\",\"contentUrl\":\"https:\\\/\\\/www.myst.gr\\\/wp-content\\\/uploads\\\/2025\\\/11\\\/boukovo-1.jpg\",\"width\":1000,\"height\":1000},{\"@type\":\"BreadcrumbList\",\"@id\":\"https:\\\/\\\/www.myst.gr\\\/product\\\/hot-paprika\\\/#breadcrumb\",\"itemListElement\":[{\"@type\":\"ListItem\",\"position\":1,\"name\":\"Home\",\"item\":\"https:\\\/\\\/www.myst.gr\\\/\"},{\"@type\":\"ListItem\",\"position\":2,\"name\":\"Shop\",\"item\":\"https:\\\/\\\/www.myst.gr\\\/?page_id=628\"},{\"@type\":\"ListItem\",\"position\":3,\"name\":\"Hot Paprika (Bukovo)\"}]},{\"@type\":\"WebSite\",\"@id\":\"https:\\\/\\\/www.myst.gr\\\/#website\",\"url\":\"https:\\\/\\\/www.myst.gr\\\/\",\"name\":\"MYST\",\"description\":\"| Discover the Taste of Greece\",\"publisher\":{\"@id\":\"https:\\\/\\\/www.myst.gr\\\/#organization\"},\"potentialAction\":[{\"@type\":\"SearchAction\",\"target\":{\"@type\":\"EntryPoint\",\"urlTemplate\":\"https:\\\/\\\/www.myst.gr\\\/?s={search_term_string}\"},\"query-input\":{\"@type\":\"PropertyValueSpecification\",\"valueRequired\":true,\"valueName\":\"search_term_string\"}}],\"inLanguage\":\"de\"},{\"@type\":\"Organization\",\"@id\":\"https:\\\/\\\/www.myst.gr\\\/#organization\",\"name\":\"MYST\",\"url\":\"https:\\\/\\\/www.myst.gr\\\/\",\"logo\":{\"@type\":\"ImageObject\",\"inLanguage\":\"de\",\"@id\":\"https:\\\/\\\/www.myst.gr\\\/#\\\/schema\\\/logo\\\/image\\\/\",\"url\":\"https:\\\/\\\/www.myst.gr\\\/wp-content\\\/uploads\\\/2023\\\/01\\\/cropped-logomini.png\",\"contentUrl\":\"https:\\\/\\\/www.myst.gr\\\/wp-content\\\/uploads\\\/2023\\\/01\\\/cropped-logomini.png\",\"width\":780,\"height\":780,\"caption\":\"MYST\"},\"image\":{\"@id\":\"https:\\\/\\\/www.myst.gr\\\/#\\\/schema\\\/logo\\\/image\\\/\"}}]}<\/script>\n<!-- \/ Yoast SEO plugin. -->","yoast_head_json":{"title":"Hot Paprika (Bukovo) - MYST","description":"Scharfe Chiliflocken werden aus sorgf\u00e4ltig ausgew\u00e4hlten roten Chilischoten hergestellt, die nat\u00fcrlich getrocknet und schonend zerkleinert werden, um ihre Sch\u00e4rfe, Farbe und ihr volles Aroma zu bewahren.","robots":{"index":"index","follow":"follow","max-snippet":"max-snippet:-1","max-image-preview":"max-image-preview:large","max-video-preview":"max-video-preview:-1"},"canonical":"https:\/\/www.myst.gr\/de\/produkt\/hot-paprika\/","og_locale":"de_DE","og_type":"article","og_title":"Hot Paprika (Bukovo) - MYST","og_description":"Hot Chili Flakes are made from carefully selected red chili peppers, naturally dried and gently crushed to preserve their full heat, color, and aroma.","og_url":"https:\/\/www.myst.gr\/de\/produkt\/hot-paprika\/","og_site_name":"MYST","article_modified_time":"2026-03-25T07:03:20+00:00","og_image":[{"width":1000,"height":1000,"url":"https:\/\/www.myst.gr\/wp-content\/uploads\/2025\/11\/boukovo-1.jpg","type":"image\/jpeg"}],"twitter_card":"summary_large_image","twitter_misc":{"Gesch\u00e4tzte Lesezeit":"1\u00a0Minute"},"schema":{"@context":"https:\/\/schema.org","@graph":[{"@type":"WebPage","@id":"https:\/\/www.myst.gr\/product\/hot-paprika\/","url":"https:\/\/www.myst.gr\/product\/hot-paprika\/","name":"Hot Paprika (Bukovo) - MYST","isPartOf":{"@id":"https:\/\/www.myst.gr\/#website"},"primaryImageOfPage":{"@id":"https:\/\/www.myst.gr\/product\/hot-paprika\/#primaryimage"},"image":{"@id":"https:\/\/www.myst.gr\/product\/hot-paprika\/#primaryimage"},"thumbnailUrl":"https:\/\/www.myst.gr\/wp-content\/uploads\/2025\/11\/boukovo-1.jpg","datePublished":"2025-11-11T12:11:39+00:00","dateModified":"2026-03-25T07:03:20+00:00","description":"Scharfe Chiliflocken werden aus sorgf\u00e4ltig ausgew\u00e4hlten roten Chilischoten hergestellt, die nat\u00fcrlich getrocknet und schonend zerkleinert werden, um ihre Sch\u00e4rfe, Farbe und ihr volles Aroma zu bewahren.","breadcrumb":{"@id":"https:\/\/www.myst.gr\/product\/hot-paprika\/#breadcrumb"},"inLanguage":"de","potentialAction":[{"@type":"ReadAction","target":["https:\/\/www.myst.gr\/product\/hot-paprika\/"]}]},{"@type":"ImageObject","inLanguage":"de","@id":"https:\/\/www.myst.gr\/product\/hot-paprika\/#primaryimage","url":"https:\/\/www.myst.gr\/wp-content\/uploads\/2025\/11\/boukovo-1.jpg","contentUrl":"https:\/\/www.myst.gr\/wp-content\/uploads\/2025\/11\/boukovo-1.jpg","width":1000,"height":1000},{"@type":"BreadcrumbList","@id":"https:\/\/www.myst.gr\/product\/hot-paprika\/#breadcrumb","itemListElement":[{"@type":"ListItem","position":1,"name":"Home","item":"https:\/\/www.myst.gr\/"},{"@type":"ListItem","position":2,"name":"Shop","item":"https:\/\/www.myst.gr\/?page_id=628"},{"@type":"ListItem","position":3,"name":"Hot Paprika (Bukovo)"}]},{"@type":"WebSite","@id":"https:\/\/www.myst.gr\/#website","url":"https:\/\/www.myst.gr\/","name":"MYST","description":"| Discover the Taste of Greece","publisher":{"@id":"https:\/\/www.myst.gr\/#organization"},"potentialAction":[{"@type":"SearchAction","target":{"@type":"EntryPoint","urlTemplate":"https:\/\/www.myst.gr\/?s={search_term_string}"},"query-input":{"@type":"PropertyValueSpecification","valueRequired":true,"valueName":"search_term_string"}}],"inLanguage":"de"},{"@type":"Organization","@id":"https:\/\/www.myst.gr\/#organization","name":"MYST","url":"https:\/\/www.myst.gr\/","logo":{"@type":"ImageObject","inLanguage":"de","@id":"https:\/\/www.myst.gr\/#\/schema\/logo\/image\/","url":"https:\/\/www.myst.gr\/wp-content\/uploads\/2023\/01\/cropped-logomini.png","contentUrl":"https:\/\/www.myst.gr\/wp-content\/uploads\/2023\/01\/cropped-logomini.png","width":780,"height":780,"caption":"MYST"},"image":{"@id":"https:\/\/www.myst.gr\/#\/schema\/logo\/image\/"}}]}},"_links":{"self":[{"href":"https:\/\/www.myst.gr\/de\/wp-json\/wp\/v2\/product\/21423","targetHints":{"allow":["GET"]}}],"collection":[{"href":"https:\/\/www.myst.gr\/de\/wp-json\/wp\/v2\/product"}],"about":[{"href":"https:\/\/www.myst.gr\/de\/wp-json\/wp\/v2\/types\/product"}],"wp:featuredmedia":[{"embeddable":true,"href":"https:\/\/www.myst.gr\/de\/wp-json\/wp\/v2\/media\/21292"}],"wp:attachment":[{"href":"https:\/\/www.myst.gr\/de\/wp-json\/wp\/v2\/media?parent=21423"}],"wp:term":[{"taxonomy":"product_cat","embeddable":true,"href":"https:\/\/www.myst.gr\/de\/wp-json\/wp\/v2\/product_cat?post=21423"},{"taxonomy":"product_tag","embeddable":true,"href":"https:\/\/www.myst.gr\/de\/wp-json\/wp\/v2\/product_tag?post=21423"}],"curies":[{"name":"wp","href":"https:\/\/api.w.org\/{rel}","templated":true}]}}