{"id":20595,"date":"2025-05-16T07:23:22","date_gmt":"2025-05-16T07:23:22","guid":{"rendered":"https:\/\/www.myst.gr\/?post_type=product&#038;p=20595"},"modified":"2025-10-16T09:02:43","modified_gmt":"2025-10-16T09:02:43","slug":"sea-salt-blend-tomato-basil","status":"publish","type":"product","link":"https:\/\/www.myst.gr\/de\/product\/sea-salt-blend-tomato-basil\/","title":{"rendered":"Meersalzmischung Tomate &amp; Basilikum"},"content":{"rendered":"<p class=\"p1\"><span class=\"s1\"><strong>Beschreibung:<\/strong>\u00a0\u00a0: Rein, nat\u00fcrliches<\/span><\/p>\n<p class=\"p1\"><strong><span class=\"s1\">Komponenten :\u00a0<\/span><\/strong><span class=\"s1\">Reines Meersalz aus den Ausl\u00e4ufern des Olymps mit getrockneter Tomate und aromatischem Basilikum.<\/span><\/p>\n<p><img decoding=\"async\" class=\"alignnone wp-image-21198\" src=\"https:\/\/www.myst.gr\/wp-content\/uploads\/2025\/07\/natural-salt-300x300.jpg\" alt=\"\" width=\"100\" height=\"100\" srcset=\"https:\/\/www.myst.gr\/wp-content\/uploads\/2025\/07\/natural-salt-300x300.jpg 300w, https:\/\/www.myst.gr\/wp-content\/uploads\/2025\/07\/natural-salt-150x150.jpg 150w, https:\/\/www.myst.gr\/wp-content\/uploads\/2025\/07\/natural-salt-12x12.jpg 12w, https:\/\/www.myst.gr\/wp-content\/uploads\/2025\/07\/natural-salt-100x100.jpg 100w, https:\/\/www.myst.gr\/wp-content\/uploads\/2025\/07\/natural-salt.jpg 600w\" sizes=\"(max-width: 100px) 100vw, 100px\" \/> <img decoding=\"async\" class=\"alignnone wp-image-21183\" src=\"https:\/\/www.myst.gr\/wp-content\/uploads\/2025\/07\/tomato-300x300.jpg\" alt=\"\" width=\"100\" height=\"100\" srcset=\"https:\/\/www.myst.gr\/wp-content\/uploads\/2025\/07\/tomato-300x300.jpg 300w, https:\/\/www.myst.gr\/wp-content\/uploads\/2025\/07\/tomato-150x150.jpg 150w, https:\/\/www.myst.gr\/wp-content\/uploads\/2025\/07\/tomato-12x12.jpg 12w, https:\/\/www.myst.gr\/wp-content\/uploads\/2025\/07\/tomato-100x100.jpg 100w, https:\/\/www.myst.gr\/wp-content\/uploads\/2025\/07\/tomato.jpg 600w\" sizes=\"(max-width: 100px) 100vw, 100px\" \/> <img decoding=\"async\" class=\"alignnone wp-image-21200\" src=\"https:\/\/www.myst.gr\/wp-content\/uploads\/2025\/07\/basil-300x300.jpg\" alt=\"\" width=\"100\" height=\"100\" srcset=\"https:\/\/www.myst.gr\/wp-content\/uploads\/2025\/07\/basil-300x300.jpg 300w, https:\/\/www.myst.gr\/wp-content\/uploads\/2025\/07\/basil-150x150.jpg 150w, https:\/\/www.myst.gr\/wp-content\/uploads\/2025\/07\/basil-12x12.jpg 12w, https:\/\/www.myst.gr\/wp-content\/uploads\/2025\/07\/basil-100x100.jpg 100w, https:\/\/www.myst.gr\/wp-content\/uploads\/2025\/07\/basil.jpg 600w\" sizes=\"(max-width: 100px) 100vw, 100px\" \/><\/p>\n<p class=\"p1\"><span class=\"s1\"><strong>Eigenschaften:<\/strong>\u00a0Nat\u00fcrlich, ohne k\u00fcnstliche Duftstoffe, nur nat\u00fcrliche Inhaltsstoffe<\/span><\/p>\n<p class=\"p1\"><span class=\"s1\"><strong>Anwendung:<\/strong>\u00a0F\u00fcr Fleisch, Fisch, H\u00e4hnchen, Nudeln, Gem\u00fcse und Salat<\/span><\/p>\n<p data-start=\"195\" data-end=\"595\">Erleben Sie die Kraft der Natur mit dieser einzigartigen Mischung von MYST: reines Meersalz, veredelt mit sonnengetrockneten Tomaten und aromatischem Basilikum. Dieses zu 100 % nat\u00fcrliche Produkt enth\u00e4lt keine k\u00fcnstlichen Zusatzstoffe oder Aromen und wird sorgf\u00e4ltig am Fu\u00dfe des Olymps \u2013 dem Berg der G\u00f6tter \u2013 geerntet. Das Salz wird auf nat\u00fcrliche Weise an der Sonne getrocknet, sodass alle wertvollen Mineralien und der authentische Geschmack Griechenlands erhalten bleiben.<\/p>\n<p data-start=\"597\" data-end=\"978\">Die sonnengetrocknete Tomate verleiht dem Salz eine angenehm s\u00fc\u00dfliche Note, die perfekt mit dem w\u00fcrzigen Charakter des Basilikums harmoniert. Dieses aromatische Meersalz eignet sich hervorragend zum Verfeinern von gegrilltem Fleisch, frischem Fisch, saftigem H\u00e4hnchen oder Pasta mit Tomatensauce. Es passt auch ideal zu ger\u00f6stetem Gem\u00fcse, frischen Salaten oder einfach auf Brot mit Oliven\u00f6l \u2013 f\u00fcr ein echtes mediterranes Geschmackserlebnis.<\/p>\n<p data-start=\"980\" data-end=\"1240\">Dank seiner nat\u00fcrlichen Zusammensetzung und seinem ausgewogenen Geschmack ist dieses Tomaten-Basilikum-Salz vom Olymp die perfekte Wahl f\u00fcr alle, die Wert auf gesunde, geschmackvolle und hochwertige Zutaten legen. Es ist vegan, glutenfrei und nachhaltig verpackt.<\/p>\n<p data-start=\"1242\" data-end=\"1334\"><strong data-start=\"1242\" data-end=\"1334\">Probieren Sie es aus und erleben Sie, wie eine Prise Ihre Speisen veredeln kann.<\/strong><\/p>","protected":false},"excerpt":{"rendered":"<div class=\"page\" title=\"Page 5\">\n<div class=\"section\">\n<div class=\"layoutArea\">\n<div class=\"column\">\n<div class=\"page\" title=\"Page 6\">\n<div class=\"section\">\n<div class=\"layoutArea\">\n<div class=\"column\">\n<p>Reines Meersalz aus den Ausl\u00e4ufern des Olymps, kombiniert mit nat\u00fcrlich getrockneter Tomate und aromatischem Basilikum. Eine Mischung mit ausgepr\u00e4gtem mediterranem Charakter, die s\u00fc\u00dfliche S\u00e4ure der Tomate mit der frischen, kr\u00e4uterigen Note des Basilikums vereint. Ideal f\u00fcr Pasta, Salate, Saucen und mediterrane Gerichte.<\/p>\n<p><span class=\"s1\">Entdecken Sie mit diesen perfekt ausgewogenen Meersalzen den Koch in sich.<\/span><\/p>\n<\/div>\n<\/div>\n<\/div>\n<\/div>\n<\/div>\n<\/div>\n<\/div>\n<\/div>\n<div class=\"page\" title=\"Page 5\">\n<div class=\"section\">\n<div class=\"layoutArea\">\n<div class=\"column\">\n<p><strong>Inhalt : e 200g<\/strong><\/p>\n<\/div>\n<\/div>\n<\/div>\n<\/div>\n<p><a href=\"https:\/\/store.myst.gr\/de\/product\/seasalt-blend-tomato-basil\/\" target=\"_blank\" rel=\"noopener\"><img loading=\"lazy\" decoding=\"async\" class=\"alignnone wp-image-11129 size-full\" src=\"https:\/\/www.myst.gr\/wp-content\/uploads\/2021\/08\/Untitled-2.svg\" alt=\"\" width=\"200\" height=\"70\" \/><\/a><a href=\"https:\/\/www.myst.gr\/de\/wholesale-dashboard\/\"><img loading=\"lazy\" decoding=\"async\" class=\"alignnone wp-image-11130 size-full\" src=\"https:\/\/www.myst.gr\/wp-content\/uploads\/2021\/08\/Untitled-3.svg\" alt=\"\" width=\"200\" height=\"70\" \/><\/a><\/p>","protected":false},"featured_media":20845,"template":"","meta":[],"product_cat":[160,148],"product_tag":[],"class_list":{"0":"post-20595","1":"product","2":"type-product","3":"status-publish","4":"has-post-thumbnail","6":"product_cat-salt","7":"product_cat-salts-blends","9":"first","10":"instock","11":"product-type-simple","swatches":"rey-swatches","show_selected":""},"yoast_head":"<!-- This site is optimized with the Yoast SEO plugin v27.4 - https:\/\/yoast.com\/product\/yoast-seo-wordpress\/ -->\n<title>Sea Salt Blend Tomato &amp; Basil - MYST<\/title>\n<meta name=\"description\" content=\"Pure sea salt from the foothills of Mount Olympus, combined with naturally dried tomato and aromatic basil. A blend with a strong Mediterranean character\" \/>\n<meta name=\"robots\" content=\"index, follow, max-snippet:-1, max-image-preview:large, max-video-preview:-1\" \/>\n<link rel=\"canonical\" href=\"https:\/\/www.myst.gr\/de\/produkt\/sea-salt-blend-tomato-basil\/\" \/>\n<meta property=\"og:locale\" content=\"de_DE\" \/>\n<meta property=\"og:type\" content=\"article\" \/>\n<meta property=\"og:title\" content=\"Sea Salt Blend Tomato &amp; Basil - MYST\" \/>\n<meta property=\"og:description\" content=\"Pure sea salt from the foothills of Mount Olympus, combined with naturally dried tomato and aromatic basil. A blend with a strong Mediterranean character\" \/>\n<meta property=\"og:url\" content=\"https:\/\/www.myst.gr\/de\/produkt\/sea-salt-blend-tomato-basil\/\" \/>\n<meta property=\"og:site_name\" content=\"MYST\" \/>\n<meta property=\"article:modified_time\" content=\"2025-10-16T09:02:43+00:00\" \/>\n<meta property=\"og:image\" content=\"https:\/\/www.myst.gr\/wp-content\/uploads\/2021\/12\/Sea-Salt-Blend-Basil-tomato-1-1.jpg\" \/>\n\t<meta property=\"og:image:width\" content=\"1000\" \/>\n\t<meta property=\"og:image:height\" content=\"1000\" \/>\n\t<meta property=\"og:image:type\" content=\"image\/jpeg\" \/>\n<meta name=\"twitter:card\" content=\"summary_large_image\" \/>\n<meta name=\"twitter:label1\" content=\"Gesch\u00e4tzte Lesezeit\" \/>\n\t<meta name=\"twitter:data1\" content=\"2\u00a0Minuten\" \/>\n<script type=\"application\/ld+json\" class=\"yoast-schema-graph\">{\"@context\":\"https:\\\/\\\/schema.org\",\"@graph\":[{\"@type\":\"WebPage\",\"@id\":\"https:\\\/\\\/www.myst.gr\\\/product\\\/sea-salt-blend-tomato-basil\\\/\",\"url\":\"https:\\\/\\\/www.myst.gr\\\/product\\\/sea-salt-blend-tomato-basil\\\/\",\"name\":\"Sea Salt Blend Tomato & Basil - MYST\",\"isPartOf\":{\"@id\":\"https:\\\/\\\/www.myst.gr\\\/#website\"},\"primaryImageOfPage\":{\"@id\":\"https:\\\/\\\/www.myst.gr\\\/product\\\/sea-salt-blend-tomato-basil\\\/#primaryimage\"},\"image\":{\"@id\":\"https:\\\/\\\/www.myst.gr\\\/product\\\/sea-salt-blend-tomato-basil\\\/#primaryimage\"},\"thumbnailUrl\":\"https:\\\/\\\/www.myst.gr\\\/wp-content\\\/uploads\\\/2021\\\/12\\\/Sea-Salt-Blend-Basil-tomato-1-1.jpg\",\"datePublished\":\"2025-05-16T07:23:22+00:00\",\"dateModified\":\"2025-10-16T09:02:43+00:00\",\"description\":\"Pure sea salt from the foothills of Mount Olympus, combined with naturally dried tomato and aromatic basil. A blend with a strong Mediterranean character\",\"breadcrumb\":{\"@id\":\"https:\\\/\\\/www.myst.gr\\\/product\\\/sea-salt-blend-tomato-basil\\\/#breadcrumb\"},\"inLanguage\":\"de\",\"potentialAction\":[{\"@type\":\"ReadAction\",\"target\":[\"https:\\\/\\\/www.myst.gr\\\/product\\\/sea-salt-blend-tomato-basil\\\/\"]}]},{\"@type\":\"ImageObject\",\"inLanguage\":\"de\",\"@id\":\"https:\\\/\\\/www.myst.gr\\\/product\\\/sea-salt-blend-tomato-basil\\\/#primaryimage\",\"url\":\"https:\\\/\\\/www.myst.gr\\\/wp-content\\\/uploads\\\/2021\\\/12\\\/Sea-Salt-Blend-Basil-tomato-1-1.jpg\",\"contentUrl\":\"https:\\\/\\\/www.myst.gr\\\/wp-content\\\/uploads\\\/2021\\\/12\\\/Sea-Salt-Blend-Basil-tomato-1-1.jpg\",\"width\":1000,\"height\":1000},{\"@type\":\"BreadcrumbList\",\"@id\":\"https:\\\/\\\/www.myst.gr\\\/product\\\/sea-salt-blend-tomato-basil\\\/#breadcrumb\",\"itemListElement\":[{\"@type\":\"ListItem\",\"position\":1,\"name\":\"Home\",\"item\":\"https:\\\/\\\/www.myst.gr\\\/\"},{\"@type\":\"ListItem\",\"position\":2,\"name\":\"Shop\",\"item\":\"https:\\\/\\\/www.myst.gr\\\/?page_id=628\"},{\"@type\":\"ListItem\",\"position\":3,\"name\":\"Sea Salt Blend Tomato &#038; Basil\"}]},{\"@type\":\"WebSite\",\"@id\":\"https:\\\/\\\/www.myst.gr\\\/#website\",\"url\":\"https:\\\/\\\/www.myst.gr\\\/\",\"name\":\"MYST\",\"description\":\"| Discover the Taste of Greece\",\"publisher\":{\"@id\":\"https:\\\/\\\/www.myst.gr\\\/#organization\"},\"potentialAction\":[{\"@type\":\"SearchAction\",\"target\":{\"@type\":\"EntryPoint\",\"urlTemplate\":\"https:\\\/\\\/www.myst.gr\\\/?s={search_term_string}\"},\"query-input\":{\"@type\":\"PropertyValueSpecification\",\"valueRequired\":true,\"valueName\":\"search_term_string\"}}],\"inLanguage\":\"de\"},{\"@type\":\"Organization\",\"@id\":\"https:\\\/\\\/www.myst.gr\\\/#organization\",\"name\":\"MYST\",\"url\":\"https:\\\/\\\/www.myst.gr\\\/\",\"logo\":{\"@type\":\"ImageObject\",\"inLanguage\":\"de\",\"@id\":\"https:\\\/\\\/www.myst.gr\\\/#\\\/schema\\\/logo\\\/image\\\/\",\"url\":\"https:\\\/\\\/www.myst.gr\\\/wp-content\\\/uploads\\\/2023\\\/01\\\/cropped-logomini.png\",\"contentUrl\":\"https:\\\/\\\/www.myst.gr\\\/wp-content\\\/uploads\\\/2023\\\/01\\\/cropped-logomini.png\",\"width\":780,\"height\":780,\"caption\":\"MYST\"},\"image\":{\"@id\":\"https:\\\/\\\/www.myst.gr\\\/#\\\/schema\\\/logo\\\/image\\\/\"}}]}<\/script>\n<!-- \/ Yoast SEO plugin. -->","yoast_head_json":{"title":"Sea Salt Blend Tomato & Basil - MYST","description":"Pure sea salt from the foothills of Mount Olympus, combined with naturally dried tomato and aromatic basil. A blend with a strong Mediterranean character","robots":{"index":"index","follow":"follow","max-snippet":"max-snippet:-1","max-image-preview":"max-image-preview:large","max-video-preview":"max-video-preview:-1"},"canonical":"https:\/\/www.myst.gr\/de\/produkt\/sea-salt-blend-tomato-basil\/","og_locale":"de_DE","og_type":"article","og_title":"Sea Salt Blend Tomato & Basil - MYST","og_description":"Pure sea salt from the foothills of Mount Olympus, combined with naturally dried tomato and aromatic basil. A blend with a strong Mediterranean character","og_url":"https:\/\/www.myst.gr\/de\/produkt\/sea-salt-blend-tomato-basil\/","og_site_name":"MYST","article_modified_time":"2025-10-16T09:02:43+00:00","og_image":[{"width":1000,"height":1000,"url":"https:\/\/www.myst.gr\/wp-content\/uploads\/2021\/12\/Sea-Salt-Blend-Basil-tomato-1-1.jpg","type":"image\/jpeg"}],"twitter_card":"summary_large_image","twitter_misc":{"Gesch\u00e4tzte Lesezeit":"2\u00a0Minuten"},"schema":{"@context":"https:\/\/schema.org","@graph":[{"@type":"WebPage","@id":"https:\/\/www.myst.gr\/product\/sea-salt-blend-tomato-basil\/","url":"https:\/\/www.myst.gr\/product\/sea-salt-blend-tomato-basil\/","name":"Sea Salt Blend Tomato & Basil - MYST","isPartOf":{"@id":"https:\/\/www.myst.gr\/#website"},"primaryImageOfPage":{"@id":"https:\/\/www.myst.gr\/product\/sea-salt-blend-tomato-basil\/#primaryimage"},"image":{"@id":"https:\/\/www.myst.gr\/product\/sea-salt-blend-tomato-basil\/#primaryimage"},"thumbnailUrl":"https:\/\/www.myst.gr\/wp-content\/uploads\/2021\/12\/Sea-Salt-Blend-Basil-tomato-1-1.jpg","datePublished":"2025-05-16T07:23:22+00:00","dateModified":"2025-10-16T09:02:43+00:00","description":"Pure sea salt from the foothills of Mount Olympus, combined with naturally dried tomato and aromatic basil. A blend with a strong Mediterranean character","breadcrumb":{"@id":"https:\/\/www.myst.gr\/product\/sea-salt-blend-tomato-basil\/#breadcrumb"},"inLanguage":"de","potentialAction":[{"@type":"ReadAction","target":["https:\/\/www.myst.gr\/product\/sea-salt-blend-tomato-basil\/"]}]},{"@type":"ImageObject","inLanguage":"de","@id":"https:\/\/www.myst.gr\/product\/sea-salt-blend-tomato-basil\/#primaryimage","url":"https:\/\/www.myst.gr\/wp-content\/uploads\/2021\/12\/Sea-Salt-Blend-Basil-tomato-1-1.jpg","contentUrl":"https:\/\/www.myst.gr\/wp-content\/uploads\/2021\/12\/Sea-Salt-Blend-Basil-tomato-1-1.jpg","width":1000,"height":1000},{"@type":"BreadcrumbList","@id":"https:\/\/www.myst.gr\/product\/sea-salt-blend-tomato-basil\/#breadcrumb","itemListElement":[{"@type":"ListItem","position":1,"name":"Home","item":"https:\/\/www.myst.gr\/"},{"@type":"ListItem","position":2,"name":"Shop","item":"https:\/\/www.myst.gr\/?page_id=628"},{"@type":"ListItem","position":3,"name":"Sea Salt Blend Tomato &#038; Basil"}]},{"@type":"WebSite","@id":"https:\/\/www.myst.gr\/#website","url":"https:\/\/www.myst.gr\/","name":"MYST","description":"| Discover the Taste of Greece","publisher":{"@id":"https:\/\/www.myst.gr\/#organization"},"potentialAction":[{"@type":"SearchAction","target":{"@type":"EntryPoint","urlTemplate":"https:\/\/www.myst.gr\/?s={search_term_string}"},"query-input":{"@type":"PropertyValueSpecification","valueRequired":true,"valueName":"search_term_string"}}],"inLanguage":"de"},{"@type":"Organization","@id":"https:\/\/www.myst.gr\/#organization","name":"MYST","url":"https:\/\/www.myst.gr\/","logo":{"@type":"ImageObject","inLanguage":"de","@id":"https:\/\/www.myst.gr\/#\/schema\/logo\/image\/","url":"https:\/\/www.myst.gr\/wp-content\/uploads\/2023\/01\/cropped-logomini.png","contentUrl":"https:\/\/www.myst.gr\/wp-content\/uploads\/2023\/01\/cropped-logomini.png","width":780,"height":780,"caption":"MYST"},"image":{"@id":"https:\/\/www.myst.gr\/#\/schema\/logo\/image\/"}}]}},"_links":{"self":[{"href":"https:\/\/www.myst.gr\/de\/wp-json\/wp\/v2\/product\/20595","targetHints":{"allow":["GET"]}}],"collection":[{"href":"https:\/\/www.myst.gr\/de\/wp-json\/wp\/v2\/product"}],"about":[{"href":"https:\/\/www.myst.gr\/de\/wp-json\/wp\/v2\/types\/product"}],"wp:featuredmedia":[{"embeddable":true,"href":"https:\/\/www.myst.gr\/de\/wp-json\/wp\/v2\/media\/20845"}],"wp:attachment":[{"href":"https:\/\/www.myst.gr\/de\/wp-json\/wp\/v2\/media?parent=20595"}],"wp:term":[{"taxonomy":"product_cat","embeddable":true,"href":"https:\/\/www.myst.gr\/de\/wp-json\/wp\/v2\/product_cat?post=20595"},{"taxonomy":"product_tag","embeddable":true,"href":"https:\/\/www.myst.gr\/de\/wp-json\/wp\/v2\/product_tag?post=20595"}],"curies":[{"name":"wp","href":"https:\/\/api.w.org\/{rel}","templated":true}]}}