{"id":14925,"date":"2023-03-03T08:06:08","date_gmt":"2023-03-03T08:06:08","guid":{"rendered":"https:\/\/www.myst.gr\/?post_type=product&#038;p=14925"},"modified":"2025-05-22T10:18:32","modified_gmt":"2025-05-22T10:18:32","slug":"greek-dry-thyme","status":"publish","type":"product","link":"https:\/\/www.myst.gr\/de\/product\/greek-dry-thyme\/","title":{"rendered":"Griechischer Thymian"},"content":{"rendered":"<p>Thymian ist eine w\u00fcrzige Kr\u00e4uterpflanze, eine aromatische, mehrj\u00e4hrige immergr\u00fcne Pflanze mit medizinischen, kulinarischen und die Ern\u00e4hrung betreffenden Vorteilen. Thymian wird ebenfalls als Zierstrauch verwendet, da er einen nat\u00fcrlichen, beruhigenden Duft verstr\u00f6mt. Sein botanischer Name ist Thymus Vulgaris und er geh\u00f6rt zur Thymus-Familie, einer Unterart der Minz-Familie (Lamiaceae). Er ist auch mit dem Oregano, einem weiteren Vertreter der Minz- Familie, verwandt.<\/p>\n<p><img decoding=\"async\" class=\"alignnone wp-image-8157\" src=\"https:\/\/www.myst.gr\/wp-content\/uploads\/2020\/11\/isoFoo-1.svg\" alt=\"\" width=\"66\" height=\"66\" \/><\/p>","protected":false},"excerpt":{"rendered":"<div class=\"page\" title=\"Page 5\">\n<div class=\"section\">\n<div class=\"layoutArea\">\n<div class=\"column\">\n<div class=\"page\" title=\"Page 6\">\n<div class=\"section\">\n<div class=\"layoutArea\">\n<div class=\"column\">\n<p>Thymian hat einen starken, leicht w\u00fcrzigen Geschmack, daher m\u00fcssen wir bei der Verwendung vorsichtig sein. Er kann Fleisch, Gefl\u00fcgel, Fisch, Saucen, H\u00fclsenfr\u00fcchte und K\u00e4se begleiten. Es ist ein Kraut, das zu Beginn des Kochens verwendet werden muss, damit es Zeit hat, sein Aroma freizusetzen. Es eignet sich auch sehr gut zum Marinieren und kann besonders zu gegrillten Gerichten und gegrilltem Fleisch mit Basilikum und Rosmarin kombiniert werden.<\/p>\n<p>In der griechischen Antike verwendete Hippocrates (460-370), der Vater der Medizin, Kr\u00e4uter aus der griechischen Natur, welche die Grundlage der Medizinwissenschaft bildeten. Die exzellente Qualit\u00e4t der griechischen Kr\u00e4uter und Gew\u00fcrze steht in direktem Zusammenhang mit der intensiven Sonneneinwirkung, der sie ausgesetzt sind.<span class=\"Apple-converted-space\">\u00a0<\/span><\/p>\n<p><strong>inhalt : e 30g<\/strong><\/p>\n<p><a href=\"https:\/\/store.myst.gr\/de\/product\/greek-thyme\/\" target=\"_blank\" rel=\"noopener\"><img decoding=\"async\" class=\"alignnone wp-image-11129 size-full\" src=\"https:\/\/www.myst.gr\/wp-content\/uploads\/2021\/08\/Untitled-2.svg\" alt=\"\" width=\"200\" height=\"70\" \/><\/a><a href=\"https:\/\/www.myst.gr\/de\/wholesale-dashboard\/\"><img decoding=\"async\" class=\"alignnone wp-image-11130 size-full\" src=\"https:\/\/www.myst.gr\/wp-content\/uploads\/2021\/08\/Untitled-3.svg\" alt=\"\" width=\"200\" height=\"70\" \/><\/a><\/p>\n<\/div>\n<\/div>\n<\/div>\n<\/div>\n<\/div>\n<\/div>\n<\/div>\n<\/div>","protected":false},"featured_media":20276,"template":"","meta":[],"product_cat":[127],"product_tag":[],"class_list":{"0":"post-14925","1":"product","2":"type-product","3":"status-publish","4":"has-post-thumbnail","6":"product_cat-aromatic-herbs","8":"first","9":"instock","10":"product-type-simple","swatches":"rey-swatches","show_selected":""},"yoast_head":"<!-- This site is optimized with the Yoast SEO plugin v27.4 - https:\/\/yoast.com\/product\/yoast-seo-wordpress\/ -->\n<title>Greek Dry Thyme - MYST<\/title>\n<meta name=\"description\" content=\"Thyme has a strong slightly spicy taste so we must be careful in its use. It can accompany meats, poultry, fish, sauces, legumes and cheeses. It is an herb\" \/>\n<meta name=\"robots\" content=\"index, follow, max-snippet:-1, max-image-preview:large, max-video-preview:-1\" \/>\n<link rel=\"canonical\" href=\"https:\/\/www.myst.gr\/de\/produkt\/greek-dry-thyme\/\" \/>\n<meta property=\"og:locale\" content=\"de_DE\" \/>\n<meta property=\"og:type\" content=\"article\" \/>\n<meta property=\"og:title\" content=\"Greek Dry Thyme - MYST\" \/>\n<meta property=\"og:description\" content=\"Thyme has a strong slightly spicy taste so we must be careful in its use. It can accompany meats, poultry, fish, sauces, legumes and cheeses. It is an herb\" \/>\n<meta property=\"og:url\" content=\"https:\/\/www.myst.gr\/de\/produkt\/greek-dry-thyme\/\" \/>\n<meta property=\"og:site_name\" content=\"MYST\" \/>\n<meta property=\"article:modified_time\" content=\"2025-05-22T10:18:32+00:00\" \/>\n<meta property=\"og:image\" content=\"https:\/\/www.myst.gr\/wp-content\/uploads\/2025\/03\/Greek-Thyme.webp\" \/>\n\t<meta property=\"og:image:width\" content=\"1000\" \/>\n\t<meta property=\"og:image:height\" content=\"1000\" \/>\n\t<meta property=\"og:image:type\" content=\"image\/webp\" \/>\n<meta name=\"twitter:card\" content=\"summary_large_image\" \/>\n<meta name=\"twitter:label1\" content=\"Gesch\u00e4tzte Lesezeit\" \/>\n\t<meta name=\"twitter:data1\" content=\"1\u00a0Minute\" \/>\n<script type=\"application\/ld+json\" class=\"yoast-schema-graph\">{\"@context\":\"https:\\\/\\\/schema.org\",\"@graph\":[{\"@type\":\"WebPage\",\"@id\":\"https:\\\/\\\/www.myst.gr\\\/product\\\/greek-dry-thyme\\\/\",\"url\":\"https:\\\/\\\/www.myst.gr\\\/product\\\/greek-dry-thyme\\\/\",\"name\":\"Greek Dry Thyme - MYST\",\"isPartOf\":{\"@id\":\"https:\\\/\\\/www.myst.gr\\\/#website\"},\"primaryImageOfPage\":{\"@id\":\"https:\\\/\\\/www.myst.gr\\\/product\\\/greek-dry-thyme\\\/#primaryimage\"},\"image\":{\"@id\":\"https:\\\/\\\/www.myst.gr\\\/product\\\/greek-dry-thyme\\\/#primaryimage\"},\"thumbnailUrl\":\"https:\\\/\\\/www.myst.gr\\\/wp-content\\\/uploads\\\/2025\\\/03\\\/Greek-Thyme.webp\",\"datePublished\":\"2023-03-03T08:06:08+00:00\",\"dateModified\":\"2025-05-22T10:18:32+00:00\",\"description\":\"Thyme has a strong slightly spicy taste so we must be careful in its use. It can accompany meats, poultry, fish, sauces, legumes and cheeses. It is an herb\",\"breadcrumb\":{\"@id\":\"https:\\\/\\\/www.myst.gr\\\/product\\\/greek-dry-thyme\\\/#breadcrumb\"},\"inLanguage\":\"de\",\"potentialAction\":[{\"@type\":\"ReadAction\",\"target\":[\"https:\\\/\\\/www.myst.gr\\\/product\\\/greek-dry-thyme\\\/\"]}]},{\"@type\":\"ImageObject\",\"inLanguage\":\"de\",\"@id\":\"https:\\\/\\\/www.myst.gr\\\/product\\\/greek-dry-thyme\\\/#primaryimage\",\"url\":\"https:\\\/\\\/www.myst.gr\\\/wp-content\\\/uploads\\\/2025\\\/03\\\/Greek-Thyme.webp\",\"contentUrl\":\"https:\\\/\\\/www.myst.gr\\\/wp-content\\\/uploads\\\/2025\\\/03\\\/Greek-Thyme.webp\",\"width\":1000,\"height\":1000},{\"@type\":\"BreadcrumbList\",\"@id\":\"https:\\\/\\\/www.myst.gr\\\/product\\\/greek-dry-thyme\\\/#breadcrumb\",\"itemListElement\":[{\"@type\":\"ListItem\",\"position\":1,\"name\":\"Home\",\"item\":\"https:\\\/\\\/www.myst.gr\\\/\"},{\"@type\":\"ListItem\",\"position\":2,\"name\":\"Shop\",\"item\":\"https:\\\/\\\/www.myst.gr\\\/?page_id=628\"},{\"@type\":\"ListItem\",\"position\":3,\"name\":\"Greek Dry Thyme\"}]},{\"@type\":\"WebSite\",\"@id\":\"https:\\\/\\\/www.myst.gr\\\/#website\",\"url\":\"https:\\\/\\\/www.myst.gr\\\/\",\"name\":\"MYST\",\"description\":\"| Discover the Taste of Greece\",\"publisher\":{\"@id\":\"https:\\\/\\\/www.myst.gr\\\/#organization\"},\"potentialAction\":[{\"@type\":\"SearchAction\",\"target\":{\"@type\":\"EntryPoint\",\"urlTemplate\":\"https:\\\/\\\/www.myst.gr\\\/?s={search_term_string}\"},\"query-input\":{\"@type\":\"PropertyValueSpecification\",\"valueRequired\":true,\"valueName\":\"search_term_string\"}}],\"inLanguage\":\"de\"},{\"@type\":\"Organization\",\"@id\":\"https:\\\/\\\/www.myst.gr\\\/#organization\",\"name\":\"MYST\",\"url\":\"https:\\\/\\\/www.myst.gr\\\/\",\"logo\":{\"@type\":\"ImageObject\",\"inLanguage\":\"de\",\"@id\":\"https:\\\/\\\/www.myst.gr\\\/#\\\/schema\\\/logo\\\/image\\\/\",\"url\":\"https:\\\/\\\/www.myst.gr\\\/wp-content\\\/uploads\\\/2023\\\/01\\\/cropped-logomini.png\",\"contentUrl\":\"https:\\\/\\\/www.myst.gr\\\/wp-content\\\/uploads\\\/2023\\\/01\\\/cropped-logomini.png\",\"width\":780,\"height\":780,\"caption\":\"MYST\"},\"image\":{\"@id\":\"https:\\\/\\\/www.myst.gr\\\/#\\\/schema\\\/logo\\\/image\\\/\"}}]}<\/script>\n<!-- \/ Yoast SEO plugin. -->","yoast_head_json":{"title":"Greek Dry Thyme - MYST","description":"Thyme has a strong slightly spicy taste so we must be careful in its use. It can accompany meats, poultry, fish, sauces, legumes and cheeses. It is an herb","robots":{"index":"index","follow":"follow","max-snippet":"max-snippet:-1","max-image-preview":"max-image-preview:large","max-video-preview":"max-video-preview:-1"},"canonical":"https:\/\/www.myst.gr\/de\/produkt\/greek-dry-thyme\/","og_locale":"de_DE","og_type":"article","og_title":"Greek Dry Thyme - MYST","og_description":"Thyme has a strong slightly spicy taste so we must be careful in its use. It can accompany meats, poultry, fish, sauces, legumes and cheeses. It is an herb","og_url":"https:\/\/www.myst.gr\/de\/produkt\/greek-dry-thyme\/","og_site_name":"MYST","article_modified_time":"2025-05-22T10:18:32+00:00","og_image":[{"width":1000,"height":1000,"url":"https:\/\/www.myst.gr\/wp-content\/uploads\/2025\/03\/Greek-Thyme.webp","type":"image\/webp"}],"twitter_card":"summary_large_image","twitter_misc":{"Gesch\u00e4tzte Lesezeit":"1\u00a0Minute"},"schema":{"@context":"https:\/\/schema.org","@graph":[{"@type":"WebPage","@id":"https:\/\/www.myst.gr\/product\/greek-dry-thyme\/","url":"https:\/\/www.myst.gr\/product\/greek-dry-thyme\/","name":"Greek Dry Thyme - MYST","isPartOf":{"@id":"https:\/\/www.myst.gr\/#website"},"primaryImageOfPage":{"@id":"https:\/\/www.myst.gr\/product\/greek-dry-thyme\/#primaryimage"},"image":{"@id":"https:\/\/www.myst.gr\/product\/greek-dry-thyme\/#primaryimage"},"thumbnailUrl":"https:\/\/www.myst.gr\/wp-content\/uploads\/2025\/03\/Greek-Thyme.webp","datePublished":"2023-03-03T08:06:08+00:00","dateModified":"2025-05-22T10:18:32+00:00","description":"Thyme has a strong slightly spicy taste so we must be careful in its use. It can accompany meats, poultry, fish, sauces, legumes and cheeses. It is an herb","breadcrumb":{"@id":"https:\/\/www.myst.gr\/product\/greek-dry-thyme\/#breadcrumb"},"inLanguage":"de","potentialAction":[{"@type":"ReadAction","target":["https:\/\/www.myst.gr\/product\/greek-dry-thyme\/"]}]},{"@type":"ImageObject","inLanguage":"de","@id":"https:\/\/www.myst.gr\/product\/greek-dry-thyme\/#primaryimage","url":"https:\/\/www.myst.gr\/wp-content\/uploads\/2025\/03\/Greek-Thyme.webp","contentUrl":"https:\/\/www.myst.gr\/wp-content\/uploads\/2025\/03\/Greek-Thyme.webp","width":1000,"height":1000},{"@type":"BreadcrumbList","@id":"https:\/\/www.myst.gr\/product\/greek-dry-thyme\/#breadcrumb","itemListElement":[{"@type":"ListItem","position":1,"name":"Home","item":"https:\/\/www.myst.gr\/"},{"@type":"ListItem","position":2,"name":"Shop","item":"https:\/\/www.myst.gr\/?page_id=628"},{"@type":"ListItem","position":3,"name":"Greek Dry Thyme"}]},{"@type":"WebSite","@id":"https:\/\/www.myst.gr\/#website","url":"https:\/\/www.myst.gr\/","name":"MYST","description":"| Discover the Taste of Greece","publisher":{"@id":"https:\/\/www.myst.gr\/#organization"},"potentialAction":[{"@type":"SearchAction","target":{"@type":"EntryPoint","urlTemplate":"https:\/\/www.myst.gr\/?s={search_term_string}"},"query-input":{"@type":"PropertyValueSpecification","valueRequired":true,"valueName":"search_term_string"}}],"inLanguage":"de"},{"@type":"Organization","@id":"https:\/\/www.myst.gr\/#organization","name":"MYST","url":"https:\/\/www.myst.gr\/","logo":{"@type":"ImageObject","inLanguage":"de","@id":"https:\/\/www.myst.gr\/#\/schema\/logo\/image\/","url":"https:\/\/www.myst.gr\/wp-content\/uploads\/2023\/01\/cropped-logomini.png","contentUrl":"https:\/\/www.myst.gr\/wp-content\/uploads\/2023\/01\/cropped-logomini.png","width":780,"height":780,"caption":"MYST"},"image":{"@id":"https:\/\/www.myst.gr\/#\/schema\/logo\/image\/"}}]}},"_links":{"self":[{"href":"https:\/\/www.myst.gr\/de\/wp-json\/wp\/v2\/product\/14925","targetHints":{"allow":["GET"]}}],"collection":[{"href":"https:\/\/www.myst.gr\/de\/wp-json\/wp\/v2\/product"}],"about":[{"href":"https:\/\/www.myst.gr\/de\/wp-json\/wp\/v2\/types\/product"}],"wp:featuredmedia":[{"embeddable":true,"href":"https:\/\/www.myst.gr\/de\/wp-json\/wp\/v2\/media\/20276"}],"wp:attachment":[{"href":"https:\/\/www.myst.gr\/de\/wp-json\/wp\/v2\/media?parent=14925"}],"wp:term":[{"taxonomy":"product_cat","embeddable":true,"href":"https:\/\/www.myst.gr\/de\/wp-json\/wp\/v2\/product_cat?post=14925"},{"taxonomy":"product_tag","embeddable":true,"href":"https:\/\/www.myst.gr\/de\/wp-json\/wp\/v2\/product_tag?post=14925"}],"curies":[{"name":"wp","href":"https:\/\/api.w.org\/{rel}","templated":true}]}}