{"id":11405,"date":"2021-12-03T16:36:26","date_gmt":"2021-12-03T16:36:26","guid":{"rendered":"https:\/\/www.myst.gr\/?post_type=product&#038;p=11405"},"modified":"2026-02-25T14:19:19","modified_gmt":"2026-02-25T14:19:19","slug":"olympus-organic-herbal-infusion-recover","status":"publish","type":"product","link":"https:\/\/www.myst.gr\/de\/product\/olympus-organic-herbal-infusion-recover\/","title":{"rendered":"Bio Teemischung aus Kr\u00e4utern vom Olymp | RECOVER"},"content":{"rendered":"<p class=\"p1\"><span class=\"s1\">Der antike Name des Bergtees war aufgrund seines hohen Eisengehalts \"Siderite\" (Eisenkraut) und man glaubte, dass er bei der schnellen Heilung von Wunden half.<\/span><\/p>\n<p class=\"p1\"><span class=\"s1\">Alle Haushalte nutzen diese Heilpflanze wegen seiner lindernden Eigenschaften gegen Erk\u00e4ltungen. Neue wissenschaftliche Untersuchungen haben gezeigt, dass die Pflanze Sidertis bei der Bek\u00e4mpfung der Alzheimer-Krankheit hilft.<\/span><\/p>\n<p class=\"p1\"><span class=\"s1\">Der Bergtee ist der ideale Begleiter f\u00fcr kalte Wintertage. 5-7 Minuten in kochendem Wasser ziehen lassen und servieren. Honig oder Zitrone k\u00f6nnen nach Geschmack hinzugef\u00fcgt werden.<\/span><\/p>\n<h3><b>BIO 100%<\/b><\/h3>\n<p>\u201eBiologisch\u201c ist das Wort, das uns definiert. Alles, was wir tun, angefangen bei den Feldern bis hin zum Regal, wird nach biologischen Prinzipien \u00fcberwacht und unterliegt strengen Richtlinien.<\/p>\n<p><a href=\"https:\/\/www.myst.gr\/wp-content\/uploads\/2020\/01\/bio-1.png\">\u00a0\u00a0<\/a><img decoding=\"async\" class=\"alignnone wp-image-1584\" src=\"https:\/\/www.myst.gr\/wp-content\/uploads\/2020\/01\/Untitled-2-300x286.png\" alt=\"\" width=\"63\" height=\"60\" srcset=\"https:\/\/www.myst.gr\/wp-content\/uploads\/2020\/01\/Untitled-2-300x286.png 300w, https:\/\/www.myst.gr\/wp-content\/uploads\/2020\/01\/Untitled-2.png 325w\" sizes=\"(max-width: 63px) 100vw, 63px\" \/> <img decoding=\"async\" class=\"alignnone wp-image-8157\" src=\"https:\/\/www.myst.gr\/wp-content\/uploads\/2020\/11\/isoFoo-1.svg\" alt=\"\" width=\"66\" height=\"66\" \/><\/p>","protected":false},"excerpt":{"rendered":"<div class=\"page\" title=\"Page 5\">\n<div class=\"section\">\n<div class=\"layoutArea\">\n<div class=\"column\">\n<div class=\"page\" title=\"Page 6\">\n<div class=\"section\">\n<div class=\"layoutArea\">\n<div class=\"column\">\n<p class=\"p1\"><span class=\"s1\">Sich um seinen K\u00f6rper zu k\u00fcmmern sollte einfach sein. Mit gesunden und kraftvollen Kr\u00e4utern und Adaptogenen wie Salbei und Ysop wird unsere Recover-Mischung Ihre Gesundheit verbessern und Ihnen den Start in den Alltag erheblich erleichtern.<\/span><\/p>\n<p class=\"p1\"><span class=\"s1\"><strong>ZUTATEN:<\/strong>:<span class=\"Apple-converted-space\">\u00a0 <\/span>Bio-Siderit, Bio-Salbei,<span class=\"Apple-converted-space\">\u00a0 <\/span>Bio-Althea, Bio-Ysop<\/span><\/p>\n<p class=\"p1\"><span class=\"s1\">Getrockneter Kr\u00e4utertee ohne Koffein. <\/span><span class=\"s1\">Frei von k\u00fcnstlichen Farb-, Duft- und Konservierungsstoffen.<\/span><\/p>\n<\/div>\n<\/div>\n<\/div>\n<\/div>\n<\/div>\n<\/div>\n<\/div>\n<\/div>\n<div class=\"page\" title=\"Page 5\">\n<div class=\"section\">\n<div class=\"layoutArea\">\n<div class=\"column\">\n<p><strong>Inhalt : e 20g<\/strong><\/p>\n<\/div>\n<\/div>\n<\/div>\n<\/div>\n<p><a href=\"https:\/\/store.myst.gr\/de\/product\/olympus-organic-herbal-infusion-recover\/\" target=\"_blank\" rel=\"noopener\"><img decoding=\"async\" class=\"alignnone wp-image-11129 size-full\" src=\"https:\/\/www.myst.gr\/wp-content\/uploads\/2021\/08\/Untitled-2.svg\" alt=\"\" width=\"200\" height=\"70\" \/><\/a><a href=\"https:\/\/www.myst.gr\/de\/wholesale-dashboard\/\"><img loading=\"lazy\" decoding=\"async\" class=\"alignnone wp-image-11130 size-full\" src=\"https:\/\/www.myst.gr\/wp-content\/uploads\/2021\/08\/Untitled-3.svg\" alt=\"\" width=\"200\" height=\"70\" \/><\/a><\/p>\n<p><img loading=\"lazy\" decoding=\"async\" class=\"alignnone wp-image-14195\" style=\"color: var(--body-color); font-family: var(--body-font-family),sans-serif; font-size: 1.125rem; font-weight: var(--body-font-weight);\" src=\"https:\/\/www.myst.gr\/wp-content\/uploads\/2021\/12\/leaf2-Converted.svg\" alt=\"\" width=\"60\" height=\"60\" \/><img loading=\"lazy\" decoding=\"async\" class=\"alignnone wp-image-14191\" src=\"https:\/\/www.myst.gr\/wp-content\/uploads\/2021\/12\/BIO-2-Converted.svg\" alt=\"\" width=\"65\" height=\"150\" \/><img loading=\"lazy\" decoding=\"async\" class=\"alignnone wp-image-14194\" style=\"color: var(--body-color); font-family: var(--body-font-family),sans-serif; font-size: 1.125rem; font-weight: var(--body-font-weight);\" src=\"https:\/\/www.myst.gr\/wp-content\/uploads\/2021\/12\/united-states-department-of-agriculture-usda-organic-vector-logo.svg\" alt=\"\" width=\"65\" height=\"150\" \/><img decoding=\"async\" class=\"alignnone wp-image-14220\" src=\"https:\/\/www.myst.gr\/wp-content\/uploads\/2020\/01\/karv-2.svg\" alt=\"\" width=\"85\" \/><\/p>","protected":false},"featured_media":20344,"template":"","meta":[],"product_cat":[145,173],"product_tag":[],"class_list":{"0":"post-11405","1":"product","2":"type-product","3":"status-publish","4":"has-post-thumbnail","6":"product_cat-herbaltea","7":"product_cat-shots-drinks","9":"first","10":"instock","11":"product-type-simple","swatches":"rey-swatches","show_selected":""},"yoast_head":"<!-- This site is optimized with the Yoast SEO plugin v27.4 - https:\/\/yoast.com\/product\/yoast-seo-wordpress\/ -->\n<title>Olympus Organic Herbal Infusion Tea | RECOVER - MYST<\/title>\n<meta name=\"description\" content=\"Minding your body should be both simple and delicious. Using wholesome and powerful herbs and adaptogens like sage and hyssop, our Recover Infusion\" \/>\n<meta name=\"robots\" content=\"index, follow, max-snippet:-1, max-image-preview:large, max-video-preview:-1\" \/>\n<link rel=\"canonical\" href=\"https:\/\/www.myst.gr\/de\/produkt\/olympus-organic-herbal-infusion-recover\/\" \/>\n<meta property=\"og:locale\" content=\"de_DE\" \/>\n<meta property=\"og:type\" content=\"article\" \/>\n<meta property=\"og:title\" content=\"Olympus Organic Herbal Infusion Tea | RECOVER - MYST\" \/>\n<meta property=\"og:description\" content=\"Minding your body should be both simple and delicious. Using wholesome and powerful herbs and adaptogens like sage and hyssop, our Recover Infusion\" \/>\n<meta property=\"og:url\" content=\"https:\/\/www.myst.gr\/de\/produkt\/olympus-organic-herbal-infusion-recover\/\" \/>\n<meta property=\"og:site_name\" content=\"MYST\" \/>\n<meta property=\"article:modified_time\" content=\"2026-02-25T14:19:19+00:00\" \/>\n<meta property=\"og:image\" content=\"https:\/\/www.myst.gr\/wp-content\/uploads\/2021\/12\/Recover-tea-01-1.jpg\" \/>\n\t<meta property=\"og:image:width\" content=\"1000\" \/>\n\t<meta property=\"og:image:height\" content=\"1000\" \/>\n\t<meta property=\"og:image:type\" content=\"image\/jpeg\" \/>\n<meta name=\"twitter:card\" content=\"summary_large_image\" \/>\n<meta name=\"twitter:label1\" content=\"Gesch\u00e4tzte Lesezeit\" \/>\n\t<meta name=\"twitter:data1\" content=\"2\u00a0Minuten\" \/>\n<script type=\"application\/ld+json\" class=\"yoast-schema-graph\">{\"@context\":\"https:\\\/\\\/schema.org\",\"@graph\":[{\"@type\":\"WebPage\",\"@id\":\"https:\\\/\\\/www.myst.gr\\\/product\\\/olympus-organic-herbal-infusion-recover\\\/\",\"url\":\"https:\\\/\\\/www.myst.gr\\\/product\\\/olympus-organic-herbal-infusion-recover\\\/\",\"name\":\"Olympus Organic Herbal Infusion Tea | RECOVER - MYST\",\"isPartOf\":{\"@id\":\"https:\\\/\\\/www.myst.gr\\\/#website\"},\"primaryImageOfPage\":{\"@id\":\"https:\\\/\\\/www.myst.gr\\\/product\\\/olympus-organic-herbal-infusion-recover\\\/#primaryimage\"},\"image\":{\"@id\":\"https:\\\/\\\/www.myst.gr\\\/product\\\/olympus-organic-herbal-infusion-recover\\\/#primaryimage\"},\"thumbnailUrl\":\"https:\\\/\\\/www.myst.gr\\\/wp-content\\\/uploads\\\/2021\\\/12\\\/Recover-tea-01-1.jpg\",\"datePublished\":\"2021-12-03T16:36:26+00:00\",\"dateModified\":\"2026-02-25T14:19:19+00:00\",\"description\":\"Minding your body should be both simple and delicious. Using wholesome and powerful herbs and adaptogens like sage and hyssop, our Recover Infusion\",\"breadcrumb\":{\"@id\":\"https:\\\/\\\/www.myst.gr\\\/product\\\/olympus-organic-herbal-infusion-recover\\\/#breadcrumb\"},\"inLanguage\":\"de\",\"potentialAction\":[{\"@type\":\"ReadAction\",\"target\":[\"https:\\\/\\\/www.myst.gr\\\/product\\\/olympus-organic-herbal-infusion-recover\\\/\"]}]},{\"@type\":\"ImageObject\",\"inLanguage\":\"de\",\"@id\":\"https:\\\/\\\/www.myst.gr\\\/product\\\/olympus-organic-herbal-infusion-recover\\\/#primaryimage\",\"url\":\"https:\\\/\\\/www.myst.gr\\\/wp-content\\\/uploads\\\/2021\\\/12\\\/Recover-tea-01-1.jpg\",\"contentUrl\":\"https:\\\/\\\/www.myst.gr\\\/wp-content\\\/uploads\\\/2021\\\/12\\\/Recover-tea-01-1.jpg\",\"width\":1000,\"height\":1000},{\"@type\":\"BreadcrumbList\",\"@id\":\"https:\\\/\\\/www.myst.gr\\\/product\\\/olympus-organic-herbal-infusion-recover\\\/#breadcrumb\",\"itemListElement\":[{\"@type\":\"ListItem\",\"position\":1,\"name\":\"Home\",\"item\":\"https:\\\/\\\/www.myst.gr\\\/\"},{\"@type\":\"ListItem\",\"position\":2,\"name\":\"Shop\",\"item\":\"https:\\\/\\\/www.myst.gr\\\/?page_id=628\"},{\"@type\":\"ListItem\",\"position\":3,\"name\":\"Olympus Organic Herbal Infusion Tea | RECOVER\"}]},{\"@type\":\"WebSite\",\"@id\":\"https:\\\/\\\/www.myst.gr\\\/#website\",\"url\":\"https:\\\/\\\/www.myst.gr\\\/\",\"name\":\"MYST\",\"description\":\"| Discover the Taste of Greece\",\"publisher\":{\"@id\":\"https:\\\/\\\/www.myst.gr\\\/#organization\"},\"potentialAction\":[{\"@type\":\"SearchAction\",\"target\":{\"@type\":\"EntryPoint\",\"urlTemplate\":\"https:\\\/\\\/www.myst.gr\\\/?s={search_term_string}\"},\"query-input\":{\"@type\":\"PropertyValueSpecification\",\"valueRequired\":true,\"valueName\":\"search_term_string\"}}],\"inLanguage\":\"de\"},{\"@type\":\"Organization\",\"@id\":\"https:\\\/\\\/www.myst.gr\\\/#organization\",\"name\":\"MYST\",\"url\":\"https:\\\/\\\/www.myst.gr\\\/\",\"logo\":{\"@type\":\"ImageObject\",\"inLanguage\":\"de\",\"@id\":\"https:\\\/\\\/www.myst.gr\\\/#\\\/schema\\\/logo\\\/image\\\/\",\"url\":\"https:\\\/\\\/www.myst.gr\\\/wp-content\\\/uploads\\\/2023\\\/01\\\/cropped-logomini.png\",\"contentUrl\":\"https:\\\/\\\/www.myst.gr\\\/wp-content\\\/uploads\\\/2023\\\/01\\\/cropped-logomini.png\",\"width\":780,\"height\":780,\"caption\":\"MYST\"},\"image\":{\"@id\":\"https:\\\/\\\/www.myst.gr\\\/#\\\/schema\\\/logo\\\/image\\\/\"}}]}<\/script>\n<!-- \/ Yoast SEO plugin. -->","yoast_head_json":{"title":"Olympus Organic Herbal Infusion Tea | RECOVER - MYST","description":"Minding your body should be both simple and delicious. Using wholesome and powerful herbs and adaptogens like sage and hyssop, our Recover Infusion","robots":{"index":"index","follow":"follow","max-snippet":"max-snippet:-1","max-image-preview":"max-image-preview:large","max-video-preview":"max-video-preview:-1"},"canonical":"https:\/\/www.myst.gr\/de\/produkt\/olympus-organic-herbal-infusion-recover\/","og_locale":"de_DE","og_type":"article","og_title":"Olympus Organic Herbal Infusion Tea | RECOVER - MYST","og_description":"Minding your body should be both simple and delicious. Using wholesome and powerful herbs and adaptogens like sage and hyssop, our Recover Infusion","og_url":"https:\/\/www.myst.gr\/de\/produkt\/olympus-organic-herbal-infusion-recover\/","og_site_name":"MYST","article_modified_time":"2026-02-25T14:19:19+00:00","og_image":[{"width":1000,"height":1000,"url":"https:\/\/www.myst.gr\/wp-content\/uploads\/2021\/12\/Recover-tea-01-1.jpg","type":"image\/jpeg"}],"twitter_card":"summary_large_image","twitter_misc":{"Gesch\u00e4tzte Lesezeit":"2\u00a0Minuten"},"schema":{"@context":"https:\/\/schema.org","@graph":[{"@type":"WebPage","@id":"https:\/\/www.myst.gr\/product\/olympus-organic-herbal-infusion-recover\/","url":"https:\/\/www.myst.gr\/product\/olympus-organic-herbal-infusion-recover\/","name":"Olympus Organic Herbal Infusion Tea | RECOVER - MYST","isPartOf":{"@id":"https:\/\/www.myst.gr\/#website"},"primaryImageOfPage":{"@id":"https:\/\/www.myst.gr\/product\/olympus-organic-herbal-infusion-recover\/#primaryimage"},"image":{"@id":"https:\/\/www.myst.gr\/product\/olympus-organic-herbal-infusion-recover\/#primaryimage"},"thumbnailUrl":"https:\/\/www.myst.gr\/wp-content\/uploads\/2021\/12\/Recover-tea-01-1.jpg","datePublished":"2021-12-03T16:36:26+00:00","dateModified":"2026-02-25T14:19:19+00:00","description":"Minding your body should be both simple and delicious. Using wholesome and powerful herbs and adaptogens like sage and hyssop, our Recover Infusion","breadcrumb":{"@id":"https:\/\/www.myst.gr\/product\/olympus-organic-herbal-infusion-recover\/#breadcrumb"},"inLanguage":"de","potentialAction":[{"@type":"ReadAction","target":["https:\/\/www.myst.gr\/product\/olympus-organic-herbal-infusion-recover\/"]}]},{"@type":"ImageObject","inLanguage":"de","@id":"https:\/\/www.myst.gr\/product\/olympus-organic-herbal-infusion-recover\/#primaryimage","url":"https:\/\/www.myst.gr\/wp-content\/uploads\/2021\/12\/Recover-tea-01-1.jpg","contentUrl":"https:\/\/www.myst.gr\/wp-content\/uploads\/2021\/12\/Recover-tea-01-1.jpg","width":1000,"height":1000},{"@type":"BreadcrumbList","@id":"https:\/\/www.myst.gr\/product\/olympus-organic-herbal-infusion-recover\/#breadcrumb","itemListElement":[{"@type":"ListItem","position":1,"name":"Home","item":"https:\/\/www.myst.gr\/"},{"@type":"ListItem","position":2,"name":"Shop","item":"https:\/\/www.myst.gr\/?page_id=628"},{"@type":"ListItem","position":3,"name":"Olympus Organic Herbal Infusion Tea | RECOVER"}]},{"@type":"WebSite","@id":"https:\/\/www.myst.gr\/#website","url":"https:\/\/www.myst.gr\/","name":"MYST","description":"| Discover the Taste of Greece","publisher":{"@id":"https:\/\/www.myst.gr\/#organization"},"potentialAction":[{"@type":"SearchAction","target":{"@type":"EntryPoint","urlTemplate":"https:\/\/www.myst.gr\/?s={search_term_string}"},"query-input":{"@type":"PropertyValueSpecification","valueRequired":true,"valueName":"search_term_string"}}],"inLanguage":"de"},{"@type":"Organization","@id":"https:\/\/www.myst.gr\/#organization","name":"MYST","url":"https:\/\/www.myst.gr\/","logo":{"@type":"ImageObject","inLanguage":"de","@id":"https:\/\/www.myst.gr\/#\/schema\/logo\/image\/","url":"https:\/\/www.myst.gr\/wp-content\/uploads\/2023\/01\/cropped-logomini.png","contentUrl":"https:\/\/www.myst.gr\/wp-content\/uploads\/2023\/01\/cropped-logomini.png","width":780,"height":780,"caption":"MYST"},"image":{"@id":"https:\/\/www.myst.gr\/#\/schema\/logo\/image\/"}}]}},"_links":{"self":[{"href":"https:\/\/www.myst.gr\/de\/wp-json\/wp\/v2\/product\/11405","targetHints":{"allow":["GET"]}}],"collection":[{"href":"https:\/\/www.myst.gr\/de\/wp-json\/wp\/v2\/product"}],"about":[{"href":"https:\/\/www.myst.gr\/de\/wp-json\/wp\/v2\/types\/product"}],"wp:featuredmedia":[{"embeddable":true,"href":"https:\/\/www.myst.gr\/de\/wp-json\/wp\/v2\/media\/20344"}],"wp:attachment":[{"href":"https:\/\/www.myst.gr\/de\/wp-json\/wp\/v2\/media?parent=11405"}],"wp:term":[{"taxonomy":"product_cat","embeddable":true,"href":"https:\/\/www.myst.gr\/de\/wp-json\/wp\/v2\/product_cat?post=11405"},{"taxonomy":"product_tag","embeddable":true,"href":"https:\/\/www.myst.gr\/de\/wp-json\/wp\/v2\/product_tag?post=11405"}],"curies":[{"name":"wp","href":"https:\/\/api.w.org\/{rel}","templated":true}]}}